{"id":10053974,"date":"2020-09-21T23:43:26","date_gmt":"2020-09-21T23:43:26","guid":{"rendered":"https:\/\/casinoalto.com\/ar\/?page_id=10053974"},"modified":"2026-01-24T15:38:16","modified_gmt":"2026-01-24T15:38:16","slug":"codigo-promocional-1xbet","status":"publish","type":"page","link":"https:\/\/staging.casinoalto.com\/ar\/codigos\/codigo-promocional-1xbet\/","title":{"rendered":"C\u00f3digo Promocional 1XBET"},"content":{"rendered":"<p>El gran cat\u00e1logo de juegos con el que cuenta <a href=\"\/ar\/casinos-online\/1xbet\/\">un casino confiable como 1xbet<\/a> es una de las mejores opciones en el mercado para todos los amantes de los juegos de apuestas, pero lo es sobre todo para aquellos nuevos usuarios de estos sitios y que quieren incursionar en el mundo de los juegos de azar con mayor frecuencia.<\/p>\n<p>Este <a href=\"\/ar\/casinos-online\/\">casino en l\u00ednea seguro para jugar<\/a> tiene su sede en Rusia y tiene presencia a nivel mundial gracias a la gran capacidad de personalizaci\u00f3n, el sitio web puede traducirse hasta a 43 idiomas. La oferta de 1xbet incluye apuestas deportivas y casino, adem\u00e1s de que cuenta con los m\u00e9todos de pago m\u00e1s sencillos y frecuentes como el mercado.<\/p>\n<p>1xbet cuenta con un dise\u00f1o sencillo, por lo que su uso es f\u00e1cil para todos aquellos que reci\u00e9n comienzan en los juegos de azar. Este sitio web cuenta con una licencia otorgada en Cura\u00e7ao, por lo que es un hecho que los datos personales y bancarios, as\u00ed como tu dinero estar\u00e1n seguros en este sitio web; otra cosa a destacar es que cuentan con aplicaci\u00f3n para smartphones, los links de descarga para Android y iOS puedes encontrarlos en la p\u00e1gina.<\/p>\n<p><strong>El bono de bienvenida de 1xbet consta de recibir hasta 2.130.000 pesos argentinos m\u00e1s un total de 150 giros gratis por los primeros cuatro dep\u00f3sito; es una oportunidad que no puedes dejar pasar y aqu\u00ed te decimos como obtener.<\/strong><\/p>\n<p><em>Pasos a seguir para obtener el bono:<\/em><\/p>\n<ul>\n<li>Reg\u00edstrate en la plataforma y completa todos tus datos a trav\u00e9s de nuestros enlaces.<\/li>\n<li>Realiza tu primer dep\u00f3sito con una de las <a href=\"https:\/\/casinoalto.com\/ar\/metodos-de-pago\/\" target=\"_blank\" rel=\"noopener\">formas de pago del casino<\/a> a trav\u00e9s del c\u00f3digo promocional de 1xBet.<\/li>\n<li>Recibe el bono de bienvenida de hasta 2.130.000 ARS para casino.<\/li>\n<li>Dicha promoci\u00f3n ser\u00e1 ingresada de forma autom\u00e1tica en tu cuenta una vez hechos los dep\u00f3sitos.<\/li>\n<\/ul>\n<p>Para poder tener este <a href=\"\/ar\/bonos-de-bienvenida\/\">bono de bienvenida para nuevos jugadores<\/a>, primero tendr\u00e1s que crear una cuenta en 1xbet y tendr\u00e1s que hacer un primer dep\u00f3sito de al menos 10 euros, despu\u00e9s de eso, la bonificaci\u00f3n se ingresar\u00e1 de manera autom\u00e1tica a tu cuenta.<\/p>\n<p>Las reglas que tiene 1xbet acerca de su bono son varias y si cumples con todas, no tendr\u00e1s ning\u00fan problema con conseguirla. A continuaci\u00f3n, te mostramos la distribuci\u00f3n de los 2.130.000 ARS para casino:<\/p>\n<ul>\n<li>Primer dep\u00f3sito: 30 giros gratis y bono del 100% hasta 430.000 ARS.<\/li>\n<li>Segundo dep\u00f3sito: 35 giros gratis y bono del 50% hasta 500.000 ARS.<\/li>\n<li>Tercer dep\u00f3sito: 40 giros gratis y bono del 25% hasta 570.000 ARS.<\/li>\n<li>Cuarto dep\u00f3sito: 45 giros gratis y bono del 25% hasta 630.000 ARS.<\/li>\n<\/ul>\n<p>Para poder optar por los bonos de dep\u00f3sito <strong>se tiene que depositar m\u00ednimo 13.000 pesos<\/strong>. Asimismo, el bono se ingresar\u00e1 solamente en las cuentas con los perfiles debidamente cumplidos, para recibir los giros gratis, el n\u00famero de tel\u00e9fono del usuario tiene que ser activado al momento de cumplir con el requisito de apuesta de bono.<\/p>\n<p>Los giros gratis solo se otorgar\u00e1n despu\u00e9s de que el bono de dep\u00f3sito hasta sido canjeado, los juegos en los que se pueden usar son:<\/p>\n<ul>\n<li>Primer dep\u00f3sito \u2013 Book of Gold: Classic<\/li>\n<li>Segundo dep\u00f3sito \u2013 Legend of Cleopatra<\/li>\n<li>Tercer dep\u00f3sito \u2013 Solar Queen<\/li>\n<li>Cuarto dep\u00f3sito \u2013 Imperial Fruits: 40 lines<\/li>\n<\/ul>\n<p>Las ganancias m\u00e1ximas que se pueden reclamar son de <strong>300 euros, 350 euros, 400 euros y 450 euros<\/strong>, respectivamente, en cuanto a los giros se repartir\u00e1n de manera cronol\u00f3gica en <strong>30 giros, 35 giros, 40 giros y 45 giros<\/strong>. (Los euros se pueden transformar en su equivalente en pesos argentinos)<\/p>\n<p>Todos los bonos de dep\u00f3sito deben canjearse reinvirtiendo <strong>el importe del bono x35 veces en un plazo de 7 d\u00edas.<\/strong><\/p>\n<p>Pod\u00e9s ver otras rese\u00f1as con <a href=\"https:\/\/casinoalto.com\/ar\/\" target=\"_blank\" rel=\"noopener\">Casino Alto Argentina<\/a>.<\/p>\n","protected":false},"excerpt":{"rendered":"<p>El gran cat\u00e1logo de juegos con el que cuenta un casino confiable como 1xbet es una de las mejores opciones en el mercado para todos los amantes de los juegos de apuestas, pero lo es sobre todo para aquellos nuevos usuarios de estos sitios y que quieren incursionar en el mundo de los juegos de [&hellip;]<\/p>\n","protected":false},"author":11,"featured_media":0,"parent":152134,"menu_order":0,"comment_status":"closed","ping_status":"closed","template":"single_codigo.php","meta":{"_acf_changed":false,"footnotes":""},"class_list":["post-10053974","page","type-page","status-publish","hentry"],"acf":[],"_links":{"self":[{"href":"https:\/\/staging.casinoalto.com\/ar\/wp-json\/wp\/v2\/pages\/10053974","targetHints":{"allow":["GET"]}}],"collection":[{"href":"https:\/\/staging.casinoalto.com\/ar\/wp-json\/wp\/v2\/pages"}],"about":[{"href":"https:\/\/staging.casinoalto.com\/ar\/wp-json\/wp\/v2\/types\/page"}],"author":[{"embeddable":true,"href":"https:\/\/staging.casinoalto.com\/ar\/wp-json\/wp\/v2\/users\/11"}],"replies":[{"embeddable":true,"href":"https:\/\/staging.casinoalto.com\/ar\/wp-json\/wp\/v2\/comments?post=10053974"}],"version-history":[{"count":5,"href":"https:\/\/staging.casinoalto.com\/ar\/wp-json\/wp\/v2\/pages\/10053974\/revisions"}],"predecessor-version":[{"id":10062010,"href":"https:\/\/staging.casinoalto.com\/ar\/wp-json\/wp\/v2\/pages\/10053974\/revisions\/10062010"}],"up":[{"embeddable":true,"href":"https:\/\/staging.casinoalto.com\/ar\/wp-json\/wp\/v2\/pages\/152134"}],"wp:attachment":[{"href":"https:\/\/staging.casinoalto.com\/ar\/wp-json\/wp\/v2\/media?parent=10053974"}],"curies":[{"name":"wp","href":"https:\/\/api.w.org\/{rel}","templated":true}]}}