{"id":10054629,"date":"2021-01-25T20:03:51","date_gmt":"2021-01-25T20:03:51","guid":{"rendered":"https:\/\/casinoalto.com\/ar\/?page_id=10054629"},"modified":"2026-03-11T19:07:28","modified_gmt":"2026-03-11T19:07:28","slug":"cordoba","status":"publish","type":"page","link":"https:\/\/staging.casinoalto.com\/ar\/cordoba\/","title":{"rendered":"Mejores casinos online legales en C\u00f3rdoba"},"content":{"rendered":"<p data-start=\"982\" data-end=\"1253\">En la provincia de C\u00f3rdoba, la regulaci\u00f3n de los juegos de azar y las apuestas se encuentra bajo la \u00f3rbita de <strong data-start=\"1092\" data-end=\"1135\">Loter\u00eda de la Provincia de C\u00f3rdoba S.E.<\/strong>, organismo estatal encargado de autorizar, controlar y fiscalizar estas actividades dentro del territorio provincial.<\/p>\n<p data-start=\"1255\" data-end=\"1553\">En materia de juego online, la Legislatura provincial sancion\u00f3 en <strong data-start=\"1321\" data-end=\"1347\">2021 la Ley N.\u00ba 10.793<\/strong>, que establece el marco legal para la organizaci\u00f3n, explotaci\u00f3n y control de los juegos de azar realizados a trav\u00e9s de plataformas digitales o sistemas electr\u00f3nicos.<\/p>\n<p data-start=\"1555\" data-end=\"1732\">Esta normativa regula distintas modalidades de juego en l\u00ednea, incluyendo juegos de casino y apuestas realizadas mediante internet u otros sistemas interactivos de comunicaci\u00f3n.<\/p>\n<p data-start=\"1734\" data-end=\"1930\">La implementaci\u00f3n del sistema se realiz\u00f3 mediante licencias otorgadas por Loter\u00eda de C\u00f3rdoba a operadores autorizados para desarrollar plataformas de juego dentro del marco regulatorio provincial.<\/p>\n<p>Revisamos la situaci\u00f3n de los <a href=\"\/ar\/casinos-online\/\">casinos online en Argentina<\/a>, por lo que ac\u00e1 te vamos a hablar sobre la situaci\u00f3n de los casinos online en <strong>C\u00f3rdoba.<\/strong><\/p>\n<h2><span class=\"ez-toc-section\" id=\"%C2%BFSon-legales-los-sitios-de-juegos-online-en-Cordoba\"><\/span>\u00bfSon legales los sitios de juegos online en C\u00f3rdoba?<span class=\"ez-toc-section-end\"><\/span><\/h2>\n<p><img loading=\"lazy\" decoding=\"async\" class=\"alignleft wp-image-10061337\" src=\"https:\/\/casinoalto.com\/ar\/wp-content\/uploads\/sites\/2\/2024\/11\/bandera-cordoba-300x200.png\" alt=\"casinos online legales en c\u00f3rdoba argentina\" width=\"330\" height=\"220\" srcset=\"https:\/\/staging.casinoalto.com\/ar\/wp-content\/uploads\/sites\/2\/2024\/11\/bandera-cordoba-300x200.png 300w, https:\/\/staging.casinoalto.com\/ar\/wp-content\/uploads\/sites\/2\/2024\/11\/bandera-cordoba-1024x683.png 1024w, https:\/\/staging.casinoalto.com\/ar\/wp-content\/uploads\/sites\/2\/2024\/11\/bandera-cordoba-768x512.png 768w, https:\/\/staging.casinoalto.com\/ar\/wp-content\/uploads\/sites\/2\/2024\/11\/bandera-cordoba-60x40.png 60w, https:\/\/staging.casinoalto.com\/ar\/wp-content\/uploads\/sites\/2\/2024\/11\/bandera-cordoba-120x80.png 120w, https:\/\/staging.casinoalto.com\/ar\/wp-content\/uploads\/sites\/2\/2024\/11\/bandera-cordoba-203x135.png 203w, https:\/\/staging.casinoalto.com\/ar\/wp-content\/uploads\/sites\/2\/2024\/11\/bandera-cordoba.png 1200w\" sizes=\"auto, (max-width: 330px) 100vw, 330px\" \/><\/p>\n<p data-start=\"2871\" data-end=\"3030\">S\u00ed. El juego online es <strong data-start=\"2894\" data-end=\"2930\">legal en la provincia de C\u00f3rdoba<\/strong>, siempre que se realice a trav\u00e9s de plataformas autorizadas por la autoridad reguladora provincial.<\/p>\n<p data-start=\"3032\" data-end=\"3298\">La actividad se encuentra regulada por la <strong data-start=\"3074\" data-end=\"3092\">Ley N.\u00ba 10.793<\/strong>, sancionada en diciembre de 2021, que establece el r\u00e9gimen jur\u00eddico aplicable a los juegos de azar realizados mediante plataformas digitales o sistemas interactivos.<\/p>\n<p data-start=\"3300\" data-end=\"3510\">La normativa define como juego en l\u00ednea a aquellas actividades de azar o apuestas que se desarrollan mediante medios electr\u00f3nicos, inform\u00e1ticos o de telecomunicaci\u00f3n, incluyendo internet y aplicaciones m\u00f3viles.<\/p>\n<p data-start=\"3512\" data-end=\"3798\">La autoridad encargada de implementar y supervisar el sistema es <strong data-start=\"3577\" data-end=\"3615\">Loter\u00eda de la Provincia de C\u00f3rdoba<\/strong>, que controla la infraestructura t\u00e9cnica, el cumplimiento de las licencias y las condiciones de funcionamiento de las plataformas autorizadas.<\/p>\n<p data-start=\"3800\" data-end=\"3989\">En el marco del sistema licenciado por la provincia, actualmente operan varias plataformas habilitadas que ofrecen juegos de casino online y apuestas deportivas dentro del entorno regulado tales como <a href=\"\/ar\/juego\/ruleta\/\">juego de ruleta en l\u00ednea<\/a>, p\u00f3ker, blackjack y slots, todo lejos del juego clandestino y como una medida que tambi\u00e9n tendr\u00e1 beneficios econ\u00f3micos para la provincia, a trav\u00e9s de las tasas y los impuestos que se implementen a las empresas concesionarias de estos servicios.<\/p>\n<h2><span class=\"ez-toc-section\" id=\"%C2%BFQue-casinos-online-son-legales-en-Cordoba\"><\/span>\u00bfQu\u00e9 casinos online son legales en C\u00f3rdoba?<span class=\"ez-toc-section-end\"><\/span><\/h2>\n<p>Con la legislaci\u00f3n vigente, hay un total de cuatro casinos online legales en C\u00f3rdoba, que cuentan con todo el respaldo de las autoridades de la provincia. El principal y mejor de todos es <a href=\"\/ar\/casinos-online\/betsson\/\">el casino online y seguro de Betsson<\/a>, una <strong>plataforma de fama internacional<\/strong> que adem\u00e1s tambi\u00e9n tiene licencia en la Ciudad de Buenos Aires y en la Provincia de Buenos Aires, una se\u00f1al de su integraci\u00f3n dentro del sistema de juego argentino.<\/p>\n<p>Junto a Betsson hay otros tres operadores legalizados en la provincia como son <strong>Bplay, Playcet y Jugad\u00f3n<\/strong>, cada uno de ellos con sus propias caracter\u00edsticas pero un nexo com\u00fan: son legales en C\u00f3rdoba.<\/p>\n<p>Nuestra <strong>recomendaci\u00f3n es jugar en Betsson<\/strong>, que ofrece un bono de bienvenida exclusivo para jugadores cordobeses, y que cuenta con uno de los cat\u00e1logos de juegos m\u00e1s completos del mercado. Adem\u00e1s se puede <a href=\"https:\/\/casinoalto.com\/ar\/metodos-de-pago\/mercadopago\/\" target=\"_blank\" rel=\"noopener\">jugar al casino online con Mercado Pago<\/a>, una opci\u00f3n al alcance de toda la poblaci\u00f3n argentina y altamente popular. Otras alternativas para depositar y retirar tu dinero en Betsson para C\u00f3rdoba son las tarjetas bancarias y las transferencias.<\/p>\n<h2><span class=\"ez-toc-section\" id=\"%C2%BFEs-seguro-jugar-a-casinos-en-linea-en-Cordoba\"><\/span>\u00bfEs seguro jugar a casinos en l\u00ednea en C\u00f3rdoba?<span class=\"ez-toc-section-end\"><\/span><\/h2>\n<p>Por supuesto, siempre y cuando cuenten con licencia en la provincia. Ten presente que <strong>los ciudadanos de C\u00f3rdoba no tienen impedimentos para jugar en casinos online de origen internacional.<\/strong>\u00a0Hay diversas opciones en la web, pero los jugadores tambi\u00e9n tienen que cuidarse ante algunos sitios poco seguros.<\/p>\n<p>Antes de elegir un casino online internacional para jugar, te recomendamos lo siguiente:<\/p>\n<ul>\n<li>Revisa que tenga una licencia de operaci\u00f3n de alguna autoridad en un pa\u00eds extranjero.<\/li>\n<li>Aseg\u00farate de que las pol\u00edticas de privacidad y los derechos del usuario son entendibles y se puede acceder a ellos f\u00e1cilmente en la web.<\/li>\n<li>Que su lista de m\u00e9todos de pago sea amplia.<\/li>\n<li>Que ofrezcan\u00a0<a href=\"\/ar\/bonos-de-bienvenida\/\">promociones y bonos de bienvenida para nuevos usuarios<\/a>.<\/li>\n<li>En caso de que tengas un problema, poder comunicarte con el servicio de atenci\u00f3n al cliente f\u00e1cil y r\u00e1pido.<\/li>\n<li>Que puedas usar pesos argentinos o d\u00f3lares americanos para apostar.<\/li>\n<\/ul>\n<h2><span class=\"ez-toc-section\" id=\"Ventajas-de-jugar-en-casinos-online-regulados-en-Cordoba\"><\/span>Ventajas de jugar en casinos online regulados en C\u00f3rdoba<span class=\"ez-toc-section-end\"><\/span><\/h2>\n<p>&#x2705; <strong>Seguridad garantizada<\/strong>: Los casinos online regulados operan bajo leyes impuestas por el gobierno de C\u00f3rdoba, protegiendo al jugador de posibles estafas.<\/p>\n<p>&#x2705; <strong>Transparencia en el juego<\/strong>: Los resultados de los juegos y apuestas son auditados y controlados por organismos oficiales cordobeses, asegurando el juego limpio.<\/p>\n<p>&#x2705; <strong>Pagos confiables<\/strong>: Los m\u00e9todos de dep\u00f3sito y retiro de dinero est\u00e1n verificados y son gestionados por plataformas aprobadas.<\/p>\n<p>&#x2705; <strong>Soporte legal<\/strong>: Ante cualquier inconveniente, el jugador cordob\u00e9s puede recurrir a entes provinciales para hacer reclamos.<\/p>\n<p>&#x2705; <strong>Bonos y promociones legales<\/strong>: Las promociones disponibles en casinos legales est\u00e1n supervisadas, evitando condiciones abusivas o letra peque\u00f1a oculta.<\/p>\n<p>&#x2705; <strong>Protecci\u00f3n de datos personales<\/strong>: Las plataformas con licencia en C\u00f3rdoba deben cumplir con leyes de privacidad vigentes en Argentina.<\/p>\n<p>&#x2705; <strong>Fomento del juego responsable<\/strong>: Los operadores autorizados ofrecen herramientas para el control de apuestas, autoexclusi\u00f3n y l\u00edmites personalizados, todo con la intenci\u00f3n de proteger a los usuarios.<\/p>\n<p>&#x2705; <strong>Aporte a la econom\u00eda local<\/strong>: Parte de las ganancias de los casinos regulados se quedan en C\u00f3rdoba a trav\u00e9s de tasas e impuestos, y se destinan a programas sociales y al desarrollo de la provincia.<\/p>\n<p>Los casinos online que pod\u00e9s encontrar en Casino Alto son confiables para los jugadores de C\u00f3rdoba, pero siempre es bueno seguir las indicaciones y consejos que te brindamos en nuestras rese\u00f1as de casinos online.<\/p>\n<p>Si queres conocer c\u00f3mo est\u00e1 la situaci\u00f3n del juego online en otras provincias de Argentina, puedes consultar los siguientes enlaces:<\/p>\n<ul id='listaArgProvinciasShort' class='tres-columnas dos-columnas'><li><a href=\"https:\/\/staging.casinoalto.com\/ar\/buenos-aires\/\" title=\"Buenos Aires\">Buenos Aires<\/a><\/li><li><a href=\"https:\/\/staging.casinoalto.com\/ar\/catamarca\/\" title=\"Catamarca\">Catamarca<\/a><\/li><li><a href=\"https:\/\/staging.casinoalto.com\/ar\/chaco\/\" title=\"Chaco\">Chaco<\/a><\/li><li><a href=\"https:\/\/staging.casinoalto.com\/ar\/chubut\/\" title=\"Chubut\">Chubut<\/a><\/li><li><a href=\"https:\/\/staging.casinoalto.com\/ar\/corrientes\/\" title=\"Corrientes\">Corrientes<\/a><\/li><li><a href=\"https:\/\/staging.casinoalto.com\/ar\/entre-rios\/\" title=\"Entre R\u00edos\">Entre R\u00edos<\/a><\/li><li><a href=\"https:\/\/staging.casinoalto.com\/ar\/formosa\/\" title=\"Formosa\">Formosa<\/a><\/li><li><a href=\"https:\/\/staging.casinoalto.com\/ar\/jujuy\/\" title=\"Jujuy\">Jujuy<\/a><\/li><li><a href=\"https:\/\/staging.casinoalto.com\/ar\/la-pampa\/\" title=\"La Pampa\">La Pampa<\/a><\/li><li><a href=\"https:\/\/staging.casinoalto.com\/ar\/la-rioja\/\" title=\"La Rioja\">La Rioja<\/a><\/li><li><a href=\"https:\/\/staging.casinoalto.com\/ar\/mendoza\/\" title=\"Mendoza\">Mendoza<\/a><\/li><li><a href=\"https:\/\/staging.casinoalto.com\/ar\/misiones\/\" title=\"Misiones\">Misiones<\/a><\/li><li><a href=\"https:\/\/staging.casinoalto.com\/ar\/neuquen\/\" title=\"Neuqu\u00e9n\">Neuqu\u00e9n<\/a><\/li><li><a href=\"https:\/\/staging.casinoalto.com\/ar\/rio-negro\/\" title=\"R\u00edo Negro\">R\u00edo Negro<\/a><\/li><li><a href=\"https:\/\/staging.casinoalto.com\/ar\/salta\/\" title=\"Distrito De Salta\">Distrito De Salta<\/a><\/li><li><a href=\"https:\/\/staging.casinoalto.com\/ar\/san-juan\/\" title=\"San Juan\">San Juan<\/a><\/li><li><a href=\"https:\/\/staging.casinoalto.com\/ar\/san-luis\/\" title=\"San Luis\">San Luis<\/a><\/li><li><a href=\"https:\/\/staging.casinoalto.com\/ar\/santa-cruz\/\" title=\"Santa Cruz\">Santa Cruz<\/a><\/li><li><a href=\"https:\/\/staging.casinoalto.com\/ar\/santa-fe\/\" title=\"Santa Fe\">Santa Fe<\/a><\/li><li><a href=\"https:\/\/staging.casinoalto.com\/ar\/santiago-del-estero\/\" title=\"Santiago del Estero\">Santiago del Estero<\/a><\/li><li><a href=\"https:\/\/staging.casinoalto.com\/ar\/tierra-del-fuego\/\" title=\"Tierra del Fuego\">Tierra del Fuego<\/a><\/li><li><a href=\"https:\/\/staging.casinoalto.com\/ar\/tucuman\/\" title=\"Tucum\u00e1n\">Tucum\u00e1n<\/a><\/li><\/ul>\n","protected":false},"excerpt":{"rendered":"<p>En la provincia de C\u00f3rdoba, la regulaci\u00f3n de los juegos de azar y las apuestas se encuentra bajo la \u00f3rbita de Loter\u00eda de la Provincia de C\u00f3rdoba S.E., organismo estatal encargado de autorizar, controlar y fiscalizar estas actividades dentro del territorio provincial. En materia de juego online, la Legislatura provincial sancion\u00f3 en 2021 la Ley [&hellip;]<\/p>\n","protected":false},"author":11,"featured_media":0,"parent":0,"menu_order":0,"comment_status":"closed","ping_status":"closed","template":"estados.php","meta":{"_acf_changed":false,"footnotes":""},"class_list":["post-10054629","page","type-page","status-publish","hentry"],"acf":[],"_links":{"self":[{"href":"https:\/\/staging.casinoalto.com\/ar\/wp-json\/wp\/v2\/pages\/10054629","targetHints":{"allow":["GET"]}}],"collection":[{"href":"https:\/\/staging.casinoalto.com\/ar\/wp-json\/wp\/v2\/pages"}],"about":[{"href":"https:\/\/staging.casinoalto.com\/ar\/wp-json\/wp\/v2\/types\/page"}],"author":[{"embeddable":true,"href":"https:\/\/staging.casinoalto.com\/ar\/wp-json\/wp\/v2\/users\/11"}],"replies":[{"embeddable":true,"href":"https:\/\/staging.casinoalto.com\/ar\/wp-json\/wp\/v2\/comments?post=10054629"}],"version-history":[{"count":26,"href":"https:\/\/staging.casinoalto.com\/ar\/wp-json\/wp\/v2\/pages\/10054629\/revisions"}],"predecessor-version":[{"id":10062041,"href":"https:\/\/staging.casinoalto.com\/ar\/wp-json\/wp\/v2\/pages\/10054629\/revisions\/10062041"}],"wp:attachment":[{"href":"https:\/\/staging.casinoalto.com\/ar\/wp-json\/wp\/v2\/media?parent=10054629"}],"curies":[{"name":"wp","href":"https:\/\/api.w.org\/{rel}","templated":true}]}}