{"id":10054632,"date":"2021-01-25T20:20:19","date_gmt":"2021-01-25T20:20:19","guid":{"rendered":"https:\/\/casinoalto.com\/ar\/?page_id=10054632"},"modified":"2026-03-18T18:10:59","modified_gmt":"2026-03-18T18:10:59","slug":"entre-rios","status":"publish","type":"page","link":"https:\/\/staging.casinoalto.com\/ar\/entre-rios\/","title":{"rendered":"Casinos online en Entre R\u00edos"},"content":{"rendered":"<p><em><strong>En la provincia de Entre R\u00edos, la regulaci\u00f3n de los juegos de azar y las apuestas corresponde al Instituto de Ayuda Financiera a la Acci\u00f3n Social (IAFAS), organismo estatal encargado de autorizar, controlar y fiscalizar estas actividades dentro del territorio provincial.<\/strong><\/em><\/p>\n<p><strong>Argentina<\/strong> cuenta con una regulaci\u00f3n del juego online un poco complicada si se compara con otros pa\u00edses. Esto se debe a que cada provincia establece sus legislaciones para la operaci\u00f3n de esta actividad, por lo que el funcionamiento es distinto en cada una de las provincias.<\/p>\n<p>Es por eso que vamos a encontrar algunas provincias argentinas con legislaciones claras sobre los juegos de azar y las apuestas deportivas en l\u00ednea, mientras que otras provincias est\u00e1n en el debate sobre la legislaci\u00f3n.<\/p>\n<p>Nosotros nos tomamos el trabajo de revisar la situaci\u00f3n de los casinos online en operaci\u00f3n legal en cada provincia, present\u00e1ndote la situaci\u00f3n de los casinos online en <strong>Entre R\u00edos.<\/strong><\/p>\n<h2>\u00bfSon legales los sitios de juegos online en Entre R\u00edos?<\/h2>\n<p><img loading=\"lazy\" decoding=\"async\" class=\"wp-image-10061360 alignleft\" src=\"https:\/\/casinoalto.com\/ar\/wp-content\/uploads\/sites\/2\/2024\/12\/entre-rios-300x171.jpg\" alt=\"casinos entre r\u00edos\" width=\"400\" height=\"229\" srcset=\"https:\/\/staging.casinoalto.com\/ar\/wp-content\/uploads\/sites\/2\/2024\/12\/entre-rios-300x171.jpg 300w, https:\/\/staging.casinoalto.com\/ar\/wp-content\/uploads\/sites\/2\/2024\/12\/entre-rios-70x40.jpg 70w, https:\/\/staging.casinoalto.com\/ar\/wp-content\/uploads\/sites\/2\/2024\/12\/entre-rios-140x80.jpg 140w, https:\/\/staging.casinoalto.com\/ar\/wp-content\/uploads\/sites\/2\/2024\/12\/entre-rios-236x135.jpg 236w, https:\/\/staging.casinoalto.com\/ar\/wp-content\/uploads\/sites\/2\/2024\/12\/entre-rios.jpg 700w\" sizes=\"auto, (max-width: 400px) 100vw, 400px\" \/>En 2018, el <strong>Instituto de Ayuda Financiera a la Acci\u00f3n Social<\/strong> (IAFAS) reglament\u00f3 los juegos de azar online, con el prop\u00f3sito de afianzar las bases de control hacia el futuro con una legislaci\u00f3n coherente al uso controlado de los casinos online y las apuestas digitales.<\/p>\n<p>El 19 de octubre de dicho a\u00f1o, el Directorio del Instituto aprob\u00f3 el Reglamento de los juegos de azar y actividades que originen apuestas realizadas a trav\u00e9s de juegos en casinos online, mediante la Resoluci\u00f3n N\u00b0 1033.<\/p>\n<p>Dicho tr\u00e1mite fue impulsado por la Gerencia Comercial y se perfil\u00f3 para trabajar sobre la realidad que se vive en el mercado de los casinos online.<\/p>\n<p data-start=\"3708\" data-end=\"3914\">Es importante destacar que el juego online puede operar de forma legal en la provincia de Entre R\u00edos, siempre que se realice a trav\u00e9s de <strong data-start=\"3822\" data-end=\"3913\">plataformas autorizadas por el Instituto de Ayuda Financiera a la Acci\u00f3n Social (IAFAS)<\/strong>.<\/p>\n<p data-start=\"3916\" data-end=\"4165\">El organismo regulador aprob\u00f3 en <strong data-start=\"3949\" data-end=\"3979\">2018 la Resoluci\u00f3n N\u00ba 1033<\/strong>, que establece el reglamento para los juegos de azar y apuestas realizadas mediante sistemas de comunicaci\u00f3n electr\u00f3nica o plataformas digitales.<\/p>\n<p data-start=\"4167\" data-end=\"4347\">Esta normativa define las condiciones bajo las cuales pueden desarrollarse las apuestas electr\u00f3nicas dentro del territorio provincial y establece que el IAFAS tiene la potestad de:<\/p>\n<ul data-start=\"4349\" data-end=\"4523\">\n<li data-section-id=\"1qzg433\" data-start=\"4349\" data-end=\"4389\">\n<p data-start=\"4351\" data-end=\"4389\">autorizar operadores de juego online<\/p>\n<\/li>\n<li data-section-id=\"oq65lc\" data-start=\"4390\" data-end=\"4448\">\n<p data-start=\"4392\" data-end=\"4448\">controlar el funcionamiento t\u00e9cnico de las plataformas<\/p>\n<\/li>\n<li data-section-id=\"zgo5gv\" data-start=\"4449\" data-end=\"4496\">\n<p data-start=\"4451\" data-end=\"4496\">supervisar el cumplimiento de las licencias<\/p>\n<\/li>\n<li data-section-id=\"15sqywo\" data-start=\"4497\" data-end=\"4523\">\n<p data-start=\"4499\" data-end=\"4523\">prevenir el juego ilegal<\/p>\n<\/li>\n<\/ul>\n<p data-start=\"4525\" data-end=\"4682\">En la pr\u00e1ctica, esto significa que <strong data-start=\"4560\" data-end=\"4681\">cualquier plataforma que ofrezca apuestas online en la provincia debe contar con autorizaci\u00f3n del organismo regulador<\/strong>.<\/p>\n<h2>\u00bfEs seguro jugar a casinos en l\u00ednea en Entre R\u00edos?<\/h2>\n<p data-start=\"6651\" data-end=\"6785\">Al evaluar la seguridad de una plataforma de apuestas online disponible desde Entre R\u00edos, es importante considerar distintos factores.<\/p>\n<p data-start=\"6787\" data-end=\"6969\">El primero de ellos es el <strong data-start=\"6813\" data-end=\"6845\">marco regulatorio provincial<\/strong>, ya que la actividad de juego online se encuentra bajo la supervisi\u00f3n del Instituto de Ayuda Financiera a la Acci\u00f3n Social.<\/p>\n<p data-start=\"6971\" data-end=\"7010\">Adem\u00e1s, una plataforma deber\u00eda ofrecer:<\/p>\n<ul>\n<li>El casino online debe contar con una licencia emitida por alguna autoridad de un pa\u00eds extranjero.<\/li>\n<li>La secci\u00f3n de pol\u00edticas de privacidad y los derechos del usuario debe ser clara y de f\u00e1cil acceso.<\/li>\n<li>Los <a href=\"https:\/\/casinoalto.com\/ar\/metodos-de-pago\/\" target=\"_blank\" rel=\"noopener\">m\u00e9todos de pago para depositar dinero<\/a> deben ser diversos.<\/li>\n<li>Buena <a href=\"https:\/\/casinoalto.com\/ar\/bonos-de-bienvenida\/\" target=\"_blank\" rel=\"noopener\">oferta de bonos de bienvenida y promociones<\/a>.<\/li>\n<li>Su atenci\u00f3n al cliente debe ser de primera calidad y, de preferencia, en espa\u00f1ol.<\/li>\n<li>El casino online debe trabajar con pesos argentinos o d\u00f3lares americanos, para tu comodidad.<\/li>\n<\/ul>\n<p>Aunque algunas plataformas internacionales cuentan con licencias emitidas por autoridades de otras jurisdicciones, estas <strong data-start=\"7327\" data-end=\"7438\">no equivalen necesariamente a una autorizaci\u00f3n dentro del sistema regulatorio de la provincia de Entre R\u00edos<\/strong>.<\/p>\n<p>Los casinos online que pod\u00e9s encontrar en <a href=\"https:\/\/casinoalto.com\/ar\/\" target=\"_blank\" rel=\"noopener\">Casino Alto<\/a> son confiables para los jugadores de Entre R\u00edos, pero no est\u00e1 de m\u00e1s que tomes las precauciones b\u00e1sicas y, lo m\u00e1s recomendable, que revises nuestras rese\u00f1as de <a href=\"https:\/\/casinoalto.com\/ar\/casinos-online\/\" target=\"_blank\" rel=\"noopener\">los mejores casinos online<\/a>\u00a0para que hagas la mejor elecci\u00f3n.<\/p>\n<p>Si queres conocer c\u00f3mo est\u00e1 la situaci\u00f3n del juego online en otras provincias de Argentina, podes consultar los siguientes enlaces:<\/p>\n<ul id='listaArgProvinciasShort' class='tres-columnas dos-columnas'><li><a href=\"https:\/\/staging.casinoalto.com\/ar\/buenos-aires\/\" title=\"Buenos Aires\">Buenos Aires<\/a><\/li><li><a href=\"https:\/\/staging.casinoalto.com\/ar\/catamarca\/\" title=\"Catamarca\">Catamarca<\/a><\/li><li><a href=\"https:\/\/staging.casinoalto.com\/ar\/chaco\/\" title=\"Chaco\">Chaco<\/a><\/li><li><a href=\"https:\/\/staging.casinoalto.com\/ar\/chubut\/\" title=\"Chubut\">Chubut<\/a><\/li><li><a href=\"https:\/\/staging.casinoalto.com\/ar\/cordoba\/\" title=\"C\u00f3rdoba\">C\u00f3rdoba<\/a><\/li><li><a href=\"https:\/\/staging.casinoalto.com\/ar\/corrientes\/\" title=\"Corrientes\">Corrientes<\/a><\/li><li><a href=\"https:\/\/staging.casinoalto.com\/ar\/formosa\/\" title=\"Formosa\">Formosa<\/a><\/li><li><a href=\"https:\/\/staging.casinoalto.com\/ar\/jujuy\/\" title=\"Jujuy\">Jujuy<\/a><\/li><li><a href=\"https:\/\/staging.casinoalto.com\/ar\/la-pampa\/\" title=\"La Pampa\">La Pampa<\/a><\/li><li><a href=\"https:\/\/staging.casinoalto.com\/ar\/la-rioja\/\" title=\"La Rioja\">La Rioja<\/a><\/li><li><a href=\"https:\/\/staging.casinoalto.com\/ar\/mendoza\/\" title=\"Mendoza\">Mendoza<\/a><\/li><li><a href=\"https:\/\/staging.casinoalto.com\/ar\/misiones\/\" title=\"Misiones\">Misiones<\/a><\/li><li><a href=\"https:\/\/staging.casinoalto.com\/ar\/neuquen\/\" title=\"Neuqu\u00e9n\">Neuqu\u00e9n<\/a><\/li><li><a href=\"https:\/\/staging.casinoalto.com\/ar\/rio-negro\/\" title=\"R\u00edo Negro\">R\u00edo Negro<\/a><\/li><li><a href=\"https:\/\/staging.casinoalto.com\/ar\/salta\/\" title=\"Distrito De Salta\">Distrito De Salta<\/a><\/li><li><a href=\"https:\/\/staging.casinoalto.com\/ar\/san-juan\/\" title=\"San Juan\">San Juan<\/a><\/li><li><a href=\"https:\/\/staging.casinoalto.com\/ar\/san-luis\/\" title=\"San Luis\">San Luis<\/a><\/li><li><a href=\"https:\/\/staging.casinoalto.com\/ar\/santa-cruz\/\" title=\"Santa Cruz\">Santa Cruz<\/a><\/li><li><a href=\"https:\/\/staging.casinoalto.com\/ar\/santa-fe\/\" title=\"Santa Fe\">Santa Fe<\/a><\/li><li><a href=\"https:\/\/staging.casinoalto.com\/ar\/santiago-del-estero\/\" title=\"Santiago del Estero\">Santiago del Estero<\/a><\/li><li><a href=\"https:\/\/staging.casinoalto.com\/ar\/tierra-del-fuego\/\" title=\"Tierra del Fuego\">Tierra del Fuego<\/a><\/li><li><a href=\"https:\/\/staging.casinoalto.com\/ar\/tucuman\/\" title=\"Tucum\u00e1n\">Tucum\u00e1n<\/a><\/li><\/ul>\n","protected":false},"excerpt":{"rendered":"<p>En la provincia de Entre R\u00edos, la regulaci\u00f3n de los juegos de azar y las apuestas corresponde al Instituto de Ayuda Financiera a la Acci\u00f3n Social (IAFAS), organismo estatal encargado de autorizar, controlar y fiscalizar estas actividades dentro del territorio provincial. Argentina cuenta con una regulaci\u00f3n del juego online un poco complicada si se compara [&hellip;]<\/p>\n","protected":false},"author":11,"featured_media":0,"parent":0,"menu_order":0,"comment_status":"closed","ping_status":"closed","template":"estados.php","meta":{"_acf_changed":false,"footnotes":""},"class_list":["post-10054632","page","type-page","status-publish","hentry"],"acf":[],"_links":{"self":[{"href":"https:\/\/staging.casinoalto.com\/ar\/wp-json\/wp\/v2\/pages\/10054632","targetHints":{"allow":["GET"]}}],"collection":[{"href":"https:\/\/staging.casinoalto.com\/ar\/wp-json\/wp\/v2\/pages"}],"about":[{"href":"https:\/\/staging.casinoalto.com\/ar\/wp-json\/wp\/v2\/types\/page"}],"author":[{"embeddable":true,"href":"https:\/\/staging.casinoalto.com\/ar\/wp-json\/wp\/v2\/users\/11"}],"replies":[{"embeddable":true,"href":"https:\/\/staging.casinoalto.com\/ar\/wp-json\/wp\/v2\/comments?post=10054632"}],"version-history":[{"count":16,"href":"https:\/\/staging.casinoalto.com\/ar\/wp-json\/wp\/v2\/pages\/10054632\/revisions"}],"predecessor-version":[{"id":10062084,"href":"https:\/\/staging.casinoalto.com\/ar\/wp-json\/wp\/v2\/pages\/10054632\/revisions\/10062084"}],"wp:attachment":[{"href":"https:\/\/staging.casinoalto.com\/ar\/wp-json\/wp\/v2\/media?parent=10054632"}],"curies":[{"name":"wp","href":"https:\/\/api.w.org\/{rel}","templated":true}]}}