{"id":10054635,"date":"2021-01-25T20:11:45","date_gmt":"2021-01-25T20:11:45","guid":{"rendered":"https:\/\/casinoalto.com\/ar\/?page_id=10054635"},"modified":"2026-03-12T17:40:42","modified_gmt":"2026-03-12T17:40:42","slug":"mendoza","status":"publish","type":"page","link":"https:\/\/staging.casinoalto.com\/ar\/mendoza\/","title":{"rendered":"Casinos online en Mendoza"},"content":{"rendered":"<p>La regulaci\u00f3n del juego online es un poco complicada en <strong>Argentina.<\/strong> Esto se debe a que cada provincia se rige de forma aut\u00f3noma y establece sus normas para la operaci\u00f3n de esta actividad tanto f\u00edsica como en l\u00ednea.<\/p>\n<p>Encontraremos que algunas provincias argentinas ya tienen regulaciones para los sitios de casinos online y apuestas deportivas, mientras que otras provincias se encuentran en proceso para definir esta legislaci\u00f3n, en su mayor\u00eda para hacerle frente a un problema como el juego clandestino.<\/p>\n<p>Nosotros nos hemos puesto la encomienda de revisar la situaci\u00f3n de los casinos online en cada provincia. En esta ocasi\u00f3n te hablaremos de la regularizaci\u00f3n de los casinos online en <strong>Mendoza.<\/strong><\/p>\n<h2>\u00bfSon legales los sitios de juegos online en Mendoza?<\/h2>\n<p><img loading=\"lazy\" decoding=\"async\" class=\"alignleft wp-image-10061363\" src=\"https:\/\/casinoalto.com\/ar\/wp-content\/uploads\/sites\/2\/2024\/12\/mendoza-300x171.jpg\" alt=\"casinos mendoza\" width=\"400\" height=\"229\" srcset=\"https:\/\/staging.casinoalto.com\/ar\/wp-content\/uploads\/sites\/2\/2024\/12\/mendoza-300x171.jpg 300w, https:\/\/staging.casinoalto.com\/ar\/wp-content\/uploads\/sites\/2\/2024\/12\/mendoza-70x40.jpg 70w, https:\/\/staging.casinoalto.com\/ar\/wp-content\/uploads\/sites\/2\/2024\/12\/mendoza-140x80.jpg 140w, https:\/\/staging.casinoalto.com\/ar\/wp-content\/uploads\/sites\/2\/2024\/12\/mendoza-236x135.jpg 236w, https:\/\/staging.casinoalto.com\/ar\/wp-content\/uploads\/sites\/2\/2024\/12\/mendoza.jpg 700w\" sizes=\"auto, (max-width: 400px) 100vw, 400px\" \/><\/p>\n<p data-start=\"451\" data-end=\"806\">En la provincia de Mendoza, el juego online es legal y se encuentra regulado dentro de un sistema provincial administrado por el <strong data-start=\"580\" data-end=\"632\">Instituto Provincial de Juegos y Casinos (IPJyC)<\/strong>, organismo encargado de autorizar, fiscalizar y controlar las actividades vinculadas a los juegos de azar en el territorio mendocino.<\/p>\n<p data-start=\"808\" data-end=\"1259\">El marco legal principal del juego online en Mendoza es la <strong data-start=\"867\" data-end=\"895\">Ley Provincial N.\u00ba 9.267<\/strong>, sancionada en octubre de 2020, que regula la organizaci\u00f3n, explotaci\u00f3n y comercializaci\u00f3n de juegos de azar realizados a trav\u00e9s de medios electr\u00f3nicos o plataformas digitales. Esta ley establece que solo pueden operar plataformas que cuenten con <strong data-start=\"1143\" data-end=\"1177\">licencia otorgada por el IPJyC<\/strong>, autoridad de aplicaci\u00f3n en la provincia.<\/p>\n<p data-start=\"1261\" data-end=\"1690\">A partir de esta normativa se cre\u00f3 un sistema de licencias para operadores de apuestas y casinos online, que permite a empresas privadas operar en el mercado provincial siempre que cumplan con los requisitos t\u00e9cnicos, financieros y de seguridad establecidos por el organismo regulador. El esquema contempla <strong data-start=\"1568\" data-end=\"1617\">hasta siete licencias para plataformas online<\/strong> dentro del territorio mendocino.<\/p>\n<p data-start=\"1692\" data-end=\"2026\">Actualmente existen varias plataformas habilitadas dentro del sistema regulado por el IPJyC. Entre ellas se encuentran operadores como <strong data-start=\"1827\" data-end=\"1905\">RushBet, Super7, Codere, Bplay, BetWarrior, Casino Club Online y Sportsbet<\/strong>, que funcionan bajo licencias provinciales otorgadas por el organismo regulador.<\/p>\n<p data-start=\"2028\" data-end=\"2280\">Por lo tanto, aunque muchas plataformas internacionales permiten el acceso desde Argentina, el criterio principal para evaluar la legalidad de un sitio de apuestas en Mendoza es que <strong data-start=\"2210\" data-end=\"2279\">cuente con autorizaci\u00f3n dentro del sistema regulatorio provincial<\/strong>.<\/p>\n<h2>\u00bfEs seguro jugar a casinos en l\u00ednea en Mendoza?<\/h2>\n<p data-start=\"2328\" data-end=\"2493\">El sistema de juego online en Mendoza funciona dentro de un marco regulatorio que establece requisitos t\u00e9cnicos y controles espec\u00edficos para proteger a los usuarios.<\/p>\n<p data-start=\"2495\" data-end=\"2778\">El IPJyC aprob\u00f3 una <strong data-start=\"2515\" data-end=\"2560\">reglamentaci\u00f3n t\u00e9cnica del juego en l\u00ednea<\/strong>, que fija las condiciones de funcionamiento de los sistemas inform\u00e1ticos, los mecanismos de auditor\u00eda y los controles de seguridad que deben cumplir las plataformas autorizadas.<\/p>\n<p data-start=\"2780\" data-end=\"2816\">Estas normas incluyen aspectos como:<\/p>\n<ul>\n<li data-section-id=\"98707t\" data-start=\"2818\" data-end=\"2881\">\n<p data-start=\"2820\" data-end=\"2881\">Verificaci\u00f3n de identidad y geolocalizaci\u00f3n de los usuarios<\/p>\n<\/li>\n<li data-section-id=\"5wdwp6\" data-start=\"2882\" data-end=\"2930\">\n<p data-start=\"2884\" data-end=\"2930\">Auditor\u00edas t\u00e9cnicas de los sistemas de juego<\/p>\n<\/li>\n<li data-section-id=\"ypy8cz\" data-start=\"2931\" data-end=\"2988\">\n<p data-start=\"2933\" data-end=\"2988\">Controles sobre los generadores de n\u00fameros aleatorios<\/p>\n<\/li>\n<li data-section-id=\"1r52iek\" data-start=\"2989\" data-end=\"3037\">\n<p data-start=\"2991\" data-end=\"3037\">Mecanismos de protecci\u00f3n de datos personales<\/p>\n<\/li>\n<li data-section-id=\"156k7kz\" data-start=\"3038\" data-end=\"3087\">\n<p data-start=\"3040\" data-end=\"3087\">Sistemas de monitoreo para prevenir el fraude<\/p>\n<\/li>\n<\/ul>\n<p>Adem\u00e1s de todo esto que te mencionamos, nosotros te recomendamos que sigas los siguientes pasos:<\/p>\n<ul>\n<li>Revisa que el casino online cuenta con una licencia vigente emitida por la autoridad de un pa\u00eds extranjero.<\/li>\n<li>Aseg\u00farate de que las pol\u00edticas de privacidad y los derechos del usuario est\u00e1n en el sitio web y son claros.<\/li>\n<li>Se trata de un casino online que ofrece una <a href=\"\/ar\/metodos-de-pago\/\">diversidad de m\u00e9todos de pago y retiro<\/a>.<\/li>\n<li>Un casino que ofrece <a href=\"https:\/\/casinoalto.com\/ar\/bonos-de-bienvenida\/\" target=\"_blank\" rel=\"noopener\">bonos de bienvenida ventajosos y seguros<\/a>.<\/li>\n<li>En caso de que te surja un problema, puedes aprovechar su servicio de atenci\u00f3n al cliente, de preferencia en espa\u00f1ol.<\/li>\n<li>Es un casino online que acepta pesos argentinos o, en su defecto, d\u00f3lares americanos.<\/li>\n<\/ul>\n<p>No queda ninguna duda de que los casinos online que pod\u00e9s encontrar en <a href=\"https:\/\/casinoalto.com\/ar\/\" target=\"_blank\" rel=\"noopener\">Casino Alto Argentina<\/a> son seguros para los jugadores de Mendoza, pero recorda seguir nuestros consejos y revisar nuestras rese\u00f1as de los <a href=\"https:\/\/casinoalto.com\/ar\/casinos-online\/\" target=\"_blank\" rel=\"noopener\">casinos online m\u00e1s recomendados en Argentina<\/a>\u00a0para que tengas la mejor experiencia mientras te diviertes y apuestas.<\/p>\n<p>Si queres conocer c\u00f3mo est\u00e1 la situaci\u00f3n del juego online en otras provincias de Argentina, podes consultar los siguientes enlaces:<\/p>\n<ul id='listaArgProvinciasShort' class='tres-columnas dos-columnas'><li><a href=\"https:\/\/staging.casinoalto.com\/ar\/buenos-aires\/\" title=\"Buenos Aires\">Buenos Aires<\/a><\/li><li><a href=\"https:\/\/staging.casinoalto.com\/ar\/catamarca\/\" title=\"Catamarca\">Catamarca<\/a><\/li><li><a href=\"https:\/\/staging.casinoalto.com\/ar\/chaco\/\" title=\"Chaco\">Chaco<\/a><\/li><li><a href=\"https:\/\/staging.casinoalto.com\/ar\/chubut\/\" title=\"Chubut\">Chubut<\/a><\/li><li><a href=\"https:\/\/staging.casinoalto.com\/ar\/cordoba\/\" title=\"C\u00f3rdoba\">C\u00f3rdoba<\/a><\/li><li><a href=\"https:\/\/staging.casinoalto.com\/ar\/corrientes\/\" title=\"Corrientes\">Corrientes<\/a><\/li><li><a href=\"https:\/\/staging.casinoalto.com\/ar\/entre-rios\/\" title=\"Entre R\u00edos\">Entre R\u00edos<\/a><\/li><li><a href=\"https:\/\/staging.casinoalto.com\/ar\/formosa\/\" title=\"Formosa\">Formosa<\/a><\/li><li><a href=\"https:\/\/staging.casinoalto.com\/ar\/jujuy\/\" title=\"Jujuy\">Jujuy<\/a><\/li><li><a href=\"https:\/\/staging.casinoalto.com\/ar\/la-pampa\/\" title=\"La Pampa\">La Pampa<\/a><\/li><li><a href=\"https:\/\/staging.casinoalto.com\/ar\/la-rioja\/\" title=\"La Rioja\">La Rioja<\/a><\/li><li><a href=\"https:\/\/staging.casinoalto.com\/ar\/misiones\/\" title=\"Misiones\">Misiones<\/a><\/li><li><a href=\"https:\/\/staging.casinoalto.com\/ar\/neuquen\/\" title=\"Neuqu\u00e9n\">Neuqu\u00e9n<\/a><\/li><li><a href=\"https:\/\/staging.casinoalto.com\/ar\/rio-negro\/\" title=\"R\u00edo Negro\">R\u00edo Negro<\/a><\/li><li><a href=\"https:\/\/staging.casinoalto.com\/ar\/salta\/\" title=\"Distrito De Salta\">Distrito De Salta<\/a><\/li><li><a href=\"https:\/\/staging.casinoalto.com\/ar\/san-juan\/\" title=\"San Juan\">San Juan<\/a><\/li><li><a href=\"https:\/\/staging.casinoalto.com\/ar\/san-luis\/\" title=\"San Luis\">San Luis<\/a><\/li><li><a href=\"https:\/\/staging.casinoalto.com\/ar\/santa-cruz\/\" title=\"Santa Cruz\">Santa Cruz<\/a><\/li><li><a href=\"https:\/\/staging.casinoalto.com\/ar\/santa-fe\/\" title=\"Santa Fe\">Santa Fe<\/a><\/li><li><a href=\"https:\/\/staging.casinoalto.com\/ar\/santiago-del-estero\/\" title=\"Santiago del Estero\">Santiago del Estero<\/a><\/li><li><a href=\"https:\/\/staging.casinoalto.com\/ar\/tierra-del-fuego\/\" title=\"Tierra del Fuego\">Tierra del Fuego<\/a><\/li><li><a href=\"https:\/\/staging.casinoalto.com\/ar\/tucuman\/\" title=\"Tucum\u00e1n\">Tucum\u00e1n<\/a><\/li><\/ul>\n","protected":false},"excerpt":{"rendered":"<p>La regulaci\u00f3n del juego online es un poco complicada en Argentina. Esto se debe a que cada provincia se rige de forma aut\u00f3noma y establece sus normas para la operaci\u00f3n de esta actividad tanto f\u00edsica como en l\u00ednea. Encontraremos que algunas provincias argentinas ya tienen regulaciones para los sitios de casinos online y apuestas deportivas, [&hellip;]<\/p>\n","protected":false},"author":11,"featured_media":0,"parent":0,"menu_order":0,"comment_status":"closed","ping_status":"closed","template":"estados.php","meta":{"_acf_changed":false,"footnotes":""},"class_list":["post-10054635","page","type-page","status-publish","hentry"],"acf":[],"_links":{"self":[{"href":"https:\/\/staging.casinoalto.com\/ar\/wp-json\/wp\/v2\/pages\/10054635","targetHints":{"allow":["GET"]}}],"collection":[{"href":"https:\/\/staging.casinoalto.com\/ar\/wp-json\/wp\/v2\/pages"}],"about":[{"href":"https:\/\/staging.casinoalto.com\/ar\/wp-json\/wp\/v2\/types\/page"}],"author":[{"embeddable":true,"href":"https:\/\/staging.casinoalto.com\/ar\/wp-json\/wp\/v2\/users\/11"}],"replies":[{"embeddable":true,"href":"https:\/\/staging.casinoalto.com\/ar\/wp-json\/wp\/v2\/comments?post=10054635"}],"version-history":[{"count":19,"href":"https:\/\/staging.casinoalto.com\/ar\/wp-json\/wp\/v2\/pages\/10054635\/revisions"}],"predecessor-version":[{"id":10062056,"href":"https:\/\/staging.casinoalto.com\/ar\/wp-json\/wp\/v2\/pages\/10054635\/revisions\/10062056"}],"wp:attachment":[{"href":"https:\/\/staging.casinoalto.com\/ar\/wp-json\/wp\/v2\/media?parent=10054635"}],"curies":[{"name":"wp","href":"https:\/\/api.w.org\/{rel}","templated":true}]}}