{"id":10058678,"date":"2021-01-25T20:54:58","date_gmt":"2021-01-25T20:54:58","guid":{"rendered":"https:\/\/casinoalto.com\/ar\/?page_id=10054612"},"modified":"2026-03-11T16:14:57","modified_gmt":"2026-03-11T16:14:57","slug":"chaco","status":"publish","type":"page","link":"https:\/\/staging.casinoalto.com\/ar\/chaco\/","title":{"rendered":"Casinos online en Chaco"},"content":{"rendered":"<p><em><strong>Importante: en Chaco existe regulaci\u00f3n provincial de apuestas por internet bajo Loter\u00eda Chaque\u00f1a. La mera disponibilidad de un casino internacional o una licencia extranjera no equivale, por s\u00ed sola, a habilitaci\u00f3n provincial en Chaco.<\/strong><\/em><\/p>\n<p>La regulaci\u00f3n del juego online en Argentina es algo que todav\u00eda est\u00e1 lejos de ser un tema definido y esto se debe a una gran particularidad que la distingue de otros pa\u00edses: cada una de las provincias pone sus reglas a las empresas de <a href=\"https:\/\/casinoalto.com\/ar\/casinos-online\/\" target=\"_blank\" rel=\"noopener\">casinos en l\u00ednea que operan en el territorio<\/a> de la misma.<\/p>\n<p>En<strong> Chaco<\/strong>, la actividad online no se encuentra en un estado meramente experimental o pendiente de definici\u00f3n. <strong>Loter\u00eda Chaque\u00f1a aprob\u00f3 en 2016 un Reglamento de Apuestas por Internet mediante la Resoluci\u00f3n 1691\/16, y<\/strong> actualmente mantiene oferta oficial de juego online en su ecosistema digital.<\/p>\n<p>Es verdad que es un tema complicado, pero nos dimos a la tarea de buscar provincia por provincia cu\u00e1l es la situaci\u00f3n actual en torno a la regulaci\u00f3n de los sitios de juego de casino online, por ello es que, a continuaci\u00f3n, hablaremos un poco de los casinos online en Chaco.<\/p>\n<h2>\u00bfSon legales los sitios de juegos online en Chaco?<\/h2>\n<p><img loading=\"lazy\" decoding=\"async\" class=\"alignleft wp-image-10061357\" src=\"https:\/\/casinoalto.com\/ar\/wp-content\/uploads\/sites\/2\/2024\/12\/chaco-300x171.jpg\" alt=\"casinos chaco\" width=\"400\" height=\"229\" srcset=\"https:\/\/staging.casinoalto.com\/ar\/wp-content\/uploads\/sites\/2\/2024\/12\/chaco-300x171.jpg 300w, https:\/\/staging.casinoalto.com\/ar\/wp-content\/uploads\/sites\/2\/2024\/12\/chaco-70x40.jpg 70w, https:\/\/staging.casinoalto.com\/ar\/wp-content\/uploads\/sites\/2\/2024\/12\/chaco-140x80.jpg 140w, https:\/\/staging.casinoalto.com\/ar\/wp-content\/uploads\/sites\/2\/2024\/12\/chaco-236x135.jpg 236w, https:\/\/staging.casinoalto.com\/ar\/wp-content\/uploads\/sites\/2\/2024\/12\/chaco.jpg 700w\" sizes=\"auto, (max-width: 400px) 100vw, 400px\" \/><\/p>\n<p data-start=\"2187\" data-end=\"2430\">La regulaci\u00f3n del juego en la provincia del Chaco se encuentra bajo la competencia exclusiva de <strong data-start=\"2283\" data-end=\"2303\">Loter\u00eda Chaque\u00f1a<\/strong>, organismo p\u00fablico encargado de la autorizaci\u00f3n, explotaci\u00f3n y control de los juegos de azar dentro del territorio provincial.<\/p>\n<p data-start=\"2432\" data-end=\"2622\">En materia de juego online, el marco regulatorio fue establecido mediante la <strong data-start=\"2509\" data-end=\"2536\">Resoluci\u00f3n N\u00b0 1691\/2016<\/strong>, mediante la cual Loter\u00eda Chaque\u00f1a aprob\u00f3 el <strong data-start=\"2582\" data-end=\"2621\">Reglamento de Apuestas por Internet<\/strong>.<\/p>\n<p data-start=\"2624\" data-end=\"2815\">Este reglamento establece normas, procedimientos y condiciones para la organizaci\u00f3n, explotaci\u00f3n y control de las apuestas realizadas a trav\u00e9s de plataformas digitales dentro de la provincia.<\/p>\n<p data-start=\"2817\" data-end=\"3040\">En paralelo, la provincia tambi\u00e9n cuenta con la <strong data-start=\"2865\" data-end=\"2879\">Ley 3827-G<\/strong>, cuyo objetivo es la prevenci\u00f3n, concientizaci\u00f3n y tratamiento del juego patol\u00f3gico, reforzando las pol\u00edticas de juego responsable y protecci\u00f3n de los usuarios.<\/p>\n<p data-start=\"3042\" data-end=\"3230\">En la pr\u00e1ctica, esto significa que la actividad vinculada al juego online en Chaco se encuentra <strong data-start=\"3138\" data-end=\"3194\">encuadrada dentro del sistema regulatorio provincial<\/strong>, administrado por Loter\u00eda Chaque\u00f1a.<\/p>\n<h2>\u00bfEs seguro jugar en casinos en l\u00ednea en Chaco?<\/h2>\n<p>S\u00ed, es posible jugar en los numerosos <strong>casinos internacionales que ofrecen sus servicios para los jugadores chaque\u00f1os<\/strong>, pero tambi\u00e9n lo es en los sitios web que tienen permiso de la autoridad de Chaco para operar en su territorio.<\/p>\n<p>Jugar en cada uno de ellos <a href=\"\/ar\/juego\/blackjack\/\">la demo de blackjack<\/a>, <a href=\"\/ar\/juego\/ruleta\/\">la ruleta online gratis<\/a> o\u00a0cualquier otro juego de tu preferencia, es completamente seguro, pero no est\u00e1 de m\u00e1s tener un poco de precauci\u00f3n y tomar alguno de los consejos que te ofrecemos en <a href=\"https:\/\/casinoalto.com\/ar\/\" target=\"_blank\" rel=\"noopener\">Casino Alto<\/a> para comenzar a jugar sin problema.<\/p>\n<ul>\n<li>Que tenga licencia emitida por alguna autoridad de un pa\u00eds extranjero.<\/li>\n<li>Que ofrezca de forma clara la pol\u00edtica de privacidad y los derechos del usuario.<\/li>\n<li>Que tenga <a href=\"https:\/\/casinoalto.com\/ar\/metodos-de-pago\/\" target=\"_blank\" rel=\"noopener\">formas de pago habilitadas para jugar en el casino<\/a>.<\/li>\n<li>Que tengan atenci\u00f3n al cliente disponible.<\/li>\n<li>Que acepten la divisa que vayas a usar.<\/li>\n<\/ul>\n<p data-start=\"4596\" data-end=\"4819\">La existencia de una licencia extranjera puede indicar cierto nivel de control regulatorio en otras jurisdicciones, pero <strong data-start=\"4717\" data-end=\"4818\">no equivale necesariamente a una habilitaci\u00f3n dentro del sistema regulatorio provincial del Chaco<\/strong>.<\/p>\n<p data-start=\"4821\" data-end=\"4968\">Por esta raz\u00f3n, siempre es recomendable informarse adecuadamente sobre el marco legal aplicable antes de participar en plataformas de juego online.<\/p>\n<p>Si queres conocer c\u00f3mo est\u00e1 la situaci\u00f3n del juego online en otras provincias de Argentina, podes consultar los siguientes enlaces:<\/p>\n<ul id='listaArgProvinciasShort' class='tres-columnas dos-columnas'><li><a href=\"https:\/\/staging.casinoalto.com\/ar\/buenos-aires\/\" title=\"Buenos Aires\">Buenos Aires<\/a><\/li><li><a href=\"https:\/\/staging.casinoalto.com\/ar\/catamarca\/\" title=\"Catamarca\">Catamarca<\/a><\/li><li><a href=\"https:\/\/staging.casinoalto.com\/ar\/chubut\/\" title=\"Chubut\">Chubut<\/a><\/li><li><a href=\"https:\/\/staging.casinoalto.com\/ar\/cordoba\/\" title=\"C\u00f3rdoba\">C\u00f3rdoba<\/a><\/li><li><a href=\"https:\/\/staging.casinoalto.com\/ar\/corrientes\/\" title=\"Corrientes\">Corrientes<\/a><\/li><li><a href=\"https:\/\/staging.casinoalto.com\/ar\/entre-rios\/\" title=\"Entre R\u00edos\">Entre R\u00edos<\/a><\/li><li><a href=\"https:\/\/staging.casinoalto.com\/ar\/formosa\/\" title=\"Formosa\">Formosa<\/a><\/li><li><a href=\"https:\/\/staging.casinoalto.com\/ar\/jujuy\/\" title=\"Jujuy\">Jujuy<\/a><\/li><li><a href=\"https:\/\/staging.casinoalto.com\/ar\/la-pampa\/\" title=\"La Pampa\">La Pampa<\/a><\/li><li><a href=\"https:\/\/staging.casinoalto.com\/ar\/la-rioja\/\" title=\"La Rioja\">La Rioja<\/a><\/li><li><a href=\"https:\/\/staging.casinoalto.com\/ar\/mendoza\/\" title=\"Mendoza\">Mendoza<\/a><\/li><li><a href=\"https:\/\/staging.casinoalto.com\/ar\/misiones\/\" title=\"Misiones\">Misiones<\/a><\/li><li><a href=\"https:\/\/staging.casinoalto.com\/ar\/neuquen\/\" title=\"Neuqu\u00e9n\">Neuqu\u00e9n<\/a><\/li><li><a href=\"https:\/\/staging.casinoalto.com\/ar\/rio-negro\/\" title=\"R\u00edo Negro\">R\u00edo Negro<\/a><\/li><li><a href=\"https:\/\/staging.casinoalto.com\/ar\/salta\/\" title=\"Distrito De Salta\">Distrito De Salta<\/a><\/li><li><a href=\"https:\/\/staging.casinoalto.com\/ar\/san-juan\/\" title=\"San Juan\">San Juan<\/a><\/li><li><a href=\"https:\/\/staging.casinoalto.com\/ar\/san-luis\/\" title=\"San Luis\">San Luis<\/a><\/li><li><a href=\"https:\/\/staging.casinoalto.com\/ar\/santa-cruz\/\" title=\"Santa Cruz\">Santa Cruz<\/a><\/li><li><a href=\"https:\/\/staging.casinoalto.com\/ar\/santa-fe\/\" title=\"Santa Fe\">Santa Fe<\/a><\/li><li><a href=\"https:\/\/staging.casinoalto.com\/ar\/santiago-del-estero\/\" title=\"Santiago del Estero\">Santiago del Estero<\/a><\/li><li><a href=\"https:\/\/staging.casinoalto.com\/ar\/tierra-del-fuego\/\" title=\"Tierra del Fuego\">Tierra del Fuego<\/a><\/li><li><a href=\"https:\/\/staging.casinoalto.com\/ar\/tucuman\/\" title=\"Tucum\u00e1n\">Tucum\u00e1n<\/a><\/li><\/ul>\n","protected":false},"excerpt":{"rendered":"<p>Importante: en Chaco existe regulaci\u00f3n provincial de apuestas por internet bajo Loter\u00eda Chaque\u00f1a. La mera disponibilidad de un casino internacional o una licencia extranjera no equivale, por s\u00ed sola, a habilitaci\u00f3n provincial en Chaco. La regulaci\u00f3n del juego online en Argentina es algo que todav\u00eda est\u00e1 lejos de ser un tema definido y esto se [&hellip;]<\/p>\n","protected":false},"author":11,"featured_media":0,"parent":0,"menu_order":0,"comment_status":"closed","ping_status":"closed","template":"estados.php","meta":{"_acf_changed":false,"footnotes":""},"class_list":["post-10058678","page","type-page","status-publish","hentry"],"acf":[],"_links":{"self":[{"href":"https:\/\/staging.casinoalto.com\/ar\/wp-json\/wp\/v2\/pages\/10058678","targetHints":{"allow":["GET"]}}],"collection":[{"href":"https:\/\/staging.casinoalto.com\/ar\/wp-json\/wp\/v2\/pages"}],"about":[{"href":"https:\/\/staging.casinoalto.com\/ar\/wp-json\/wp\/v2\/types\/page"}],"author":[{"embeddable":true,"href":"https:\/\/staging.casinoalto.com\/ar\/wp-json\/wp\/v2\/users\/11"}],"replies":[{"embeddable":true,"href":"https:\/\/staging.casinoalto.com\/ar\/wp-json\/wp\/v2\/comments?post=10058678"}],"version-history":[{"count":20,"href":"https:\/\/staging.casinoalto.com\/ar\/wp-json\/wp\/v2\/pages\/10058678\/revisions"}],"predecessor-version":[{"id":10062037,"href":"https:\/\/staging.casinoalto.com\/ar\/wp-json\/wp\/v2\/pages\/10058678\/revisions\/10062037"}],"wp:attachment":[{"href":"https:\/\/staging.casinoalto.com\/ar\/wp-json\/wp\/v2\/media?parent=10058678"}],"curies":[{"name":"wp","href":"https:\/\/api.w.org\/{rel}","templated":true}]}}