{"id":10058679,"date":"2021-01-25T20:53:00","date_gmt":"2021-01-25T20:53:00","guid":{"rendered":"https:\/\/casinoalto.com\/ar\/?page_id=10054618"},"modified":"2026-03-13T19:54:07","modified_gmt":"2026-03-13T19:54:07","slug":"tucuman","status":"publish","type":"page","link":"https:\/\/staging.casinoalto.com\/ar\/tucuman\/","title":{"rendered":"Casinos online en Tucum\u00e1n"},"content":{"rendered":"<p>La regulaci\u00f3n del juego online en Argentina depende de cada provincia, ya que no existe una ley nacional \u00fanica que establezca un marco com\u00fan para todo el pa\u00eds. Por ese motivo, cada jurisdicci\u00f3n decide si habilita o restringe las plataformas de apuestas digitales, as\u00ed como las condiciones bajo las cuales pueden operar.<\/p>\n<p data-start=\"618\" data-end=\"947\">En la provincia de Tucum\u00e1n, la actividad vinculada a los juegos de azar se encuentra bajo la supervisi\u00f3n de la <strong data-start=\"729\" data-end=\"783\">Caja Popular de Ahorros de la Provincia de Tucum\u00e1n<\/strong>, organismo estatal que administra, autoriza y controla las distintas modalidades de juego dentro del territorio provincial.<\/p>\n<p data-start=\"949\" data-end=\"1211\">Adem\u00e1s de gestionar casinos presenciales, loter\u00edas y otros juegos oficiales, la Caja Popular tiene la facultad de otorgar autorizaciones para la explotaci\u00f3n de juegos de azar y establecer las reglas para su funcionamiento.<\/p>\n<p data-start=\"1213\" data-end=\"1481\">En los \u00faltimos a\u00f1os, el crecimiento de las apuestas digitales impuls\u00f3 nuevas discusiones legislativas en Tucum\u00e1n, especialmente en relaci\u00f3n con la regulaci\u00f3n del juego online, la prevenci\u00f3n de la ludopat\u00eda y la protecci\u00f3n de menores frente a las apuestas por internet.<\/p>\n<h2>\u00bfSon legales los sitios de juegos online en Tucum\u00e1n?<\/h2>\n<p><img loading=\"lazy\" decoding=\"async\" class=\"alignleft wp-image-10061373\" src=\"https:\/\/casinoalto.com\/ar\/wp-content\/uploads\/sites\/2\/2024\/12\/tucuman-300x171.jpg\" alt=\"casinos tucum\u00e1n\" width=\"400\" height=\"229\" srcset=\"https:\/\/staging.casinoalto.com\/ar\/wp-content\/uploads\/sites\/2\/2024\/12\/tucuman-300x171.jpg 300w, https:\/\/staging.casinoalto.com\/ar\/wp-content\/uploads\/sites\/2\/2024\/12\/tucuman-70x40.jpg 70w, https:\/\/staging.casinoalto.com\/ar\/wp-content\/uploads\/sites\/2\/2024\/12\/tucuman-140x80.jpg 140w, https:\/\/staging.casinoalto.com\/ar\/wp-content\/uploads\/sites\/2\/2024\/12\/tucuman-236x135.jpg 236w, https:\/\/staging.casinoalto.com\/ar\/wp-content\/uploads\/sites\/2\/2024\/12\/tucuman.jpg 700w\" sizes=\"auto, (max-width: 400px) 100vw, 400px\" \/><\/p>\n<p data-start=\"1544\" data-end=\"1776\">En Tucum\u00e1n, los juegos de azar est\u00e1n regulados por la legislaci\u00f3n provincial que establece que <strong data-start=\"1639\" data-end=\"1735\">solo pueden operar de forma legal aquellos juegos autorizados por la Caja Popular de Ahorros<\/strong>.<\/p>\n<p data-start=\"1778\" data-end=\"1961\">Esto significa que cualquier actividad vinculada al juego debe contar con la autorizaci\u00f3n del organismo regulador provincial para ser considerada legal dentro del territorio tucumano.<\/p>\n<p data-start=\"1963\" data-end=\"2352\">En el caso del juego online, el desarrollo de plataformas digitales todav\u00eda se encuentra en una etapa de evoluci\u00f3n regulatoria. En noviembre de 2024 la Legislatura provincial aprob\u00f3 una ley destinada a <strong data-start=\"2165\" data-end=\"2225\">establecer un marco regulatorio para las apuestas online<\/strong>, con especial foco en la prevenci\u00f3n del juego problem\u00e1tico y la protecci\u00f3n de menores.<\/p>\n<p data-start=\"2354\" data-end=\"2547\">La normativa fue impulsada con el objetivo de ordenar el crecimiento de las plataformas digitales de apuestas y permitir que la actividad pueda desarrollarse bajo control del Estado provincial.<\/p>\n<p data-start=\"2549\" data-end=\"2775\">De esta manera, el juego online en Tucum\u00e1n se encuentra vinculado al sistema regulado por la Caja Popular de Ahorros, que es la instituci\u00f3n encargada de supervisar cualquier modalidad de juego que opere dentro de la provincia.<\/p>\n<h2>\u00bfEs seguro jugar en casinos en l\u00ednea en Tucum\u00e1n?<\/h2>\n<p>La posibilidad de jugar en los\u00a0<a href=\"\/ar\/casinos-online\/\">mejores casinos online con licencia internacional<\/a>\u00a0que ofrecen sus servicios a los tucumanos siempre est\u00e1 latente, aunque tambi\u00e9n lo est\u00e1 la oportunidad de jugar en los sitios web que tienen la autorizaci\u00f3n por parte del ente regulador de Tucum\u00e1n.<\/p>\n<p>Por toda esta situaci\u00f3n es que\u00a0<strong>jugar en ellos es completamente seguro, solamente es importante tener algunos cuidados espec\u00edficos a la hora de elegir un casino en l\u00ednea<\/strong>. En\u00a0<a href=\"\/ar\/\">Casino Alto<\/a>\u00a0te damos algunos consejos y te aseguramos que los sitios web que encontrar\u00e1s en esta p\u00e1gina son completamente seguros y confiables, incluso con\u00a0<a href=\"\/ar\/bonos-de-bienvenida\/\">buenas ofertas de bonos<\/a>.<\/p>\n<ul>\n<li>Que tenga licencia emitida por alguna autoridad de un pa\u00eds extranjero.<\/li>\n<li>Que ofrezca de forma clara la pol\u00edtica de privacidad y los derechos del usuario.<\/li>\n<li>Que tenga buenos <a href=\"\/ar\/metodos-de-pago\/\">m\u00e9todos de pago para jugar en casino<\/a>.<\/li>\n<li>Que tengan atenci\u00f3n al cliente disponible.<\/li>\n<li>Que acepten la divisa que vayas a usar.<\/li>\n<\/ul>\n<p>Si queres conocer c\u00f3mo est\u00e1 la situaci\u00f3n del juego online en otras provincias de Argentina, podes consultar los siguientes enlaces:<\/p>\n<ul id='listaArgProvinciasShort' class='tres-columnas dos-columnas'><li><a href='https:\/\/staging.casinoalto.com\/ar\/buenos-aires\/' title='Buenos Aires'>Buenos Aires<\/a><\/li><li><a href='https:\/\/staging.casinoalto.com\/ar\/catamarca\/' title='Catamarca'>Catamarca<\/a><\/li><li><a href='https:\/\/staging.casinoalto.com\/ar\/chaco\/' title='Chaco'>Chaco<\/a><\/li><li><a href='https:\/\/staging.casinoalto.com\/ar\/chubut\/' title='Chubut'>Chubut<\/a><\/li><li><a href='https:\/\/staging.casinoalto.com\/ar\/cordoba\/' title='C\u00f3rdoba'>C\u00f3rdoba<\/a><\/li><li><a href='https:\/\/staging.casinoalto.com\/ar\/corrientes\/' title='Corrientes'>Corrientes<\/a><\/li><li><a href='https:\/\/staging.casinoalto.com\/ar\/entre-rios\/' title='Entre R\u00edos'>Entre R\u00edos<\/a><\/li><li><a href='https:\/\/staging.casinoalto.com\/ar\/formosa\/' title='Formosa'>Formosa<\/a><\/li><li><a href='https:\/\/staging.casinoalto.com\/ar\/jujuy\/' title='Jujuy'>Jujuy<\/a><\/li><li><a href='https:\/\/staging.casinoalto.com\/ar\/la-pampa\/' title='La Pampa'>La Pampa<\/a><\/li><li><a href='https:\/\/staging.casinoalto.com\/ar\/la-rioja\/' title='La Rioja'>La Rioja<\/a><\/li><li><a href='https:\/\/staging.casinoalto.com\/ar\/mendoza\/' title='Mendoza'>Mendoza<\/a><\/li><li><a href='https:\/\/staging.casinoalto.com\/ar\/misiones\/' title='Misiones'>Misiones<\/a><\/li><li><a href='https:\/\/staging.casinoalto.com\/ar\/neuquen\/' title='Neuqu\u00e9n'>Neuqu\u00e9n<\/a><\/li><li><a href='https:\/\/staging.casinoalto.com\/ar\/rio-negro\/' title='R\u00edo Negro'>R\u00edo Negro<\/a><\/li><li><a href='https:\/\/staging.casinoalto.com\/ar\/salta\/' title='Distrito De Salta'>Distrito De Salta<\/a><\/li><li><a href='https:\/\/staging.casinoalto.com\/ar\/san-juan\/' title='San Juan'>San Juan<\/a><\/li><li><a href='https:\/\/staging.casinoalto.com\/ar\/san-luis\/' title='San Luis'>San Luis<\/a><\/li><li><a href='https:\/\/staging.casinoalto.com\/ar\/santa-cruz\/' title='Santa Cruz'>Santa Cruz<\/a><\/li><li><a href='https:\/\/staging.casinoalto.com\/ar\/santa-fe\/' title='Santa Fe'>Santa Fe<\/a><\/li><li><a href='https:\/\/staging.casinoalto.com\/ar\/santiago-del-estero\/' title='Santiago del Estero'>Santiago del Estero<\/a><\/li><li><a href='https:\/\/staging.casinoalto.com\/ar\/tierra-del-fuego\/' title='Tierra del Fuego'>Tierra del Fuego<\/a><\/li><\/ul>\n","protected":false},"excerpt":{"rendered":"<p>La regulaci\u00f3n del juego online en Argentina depende de cada provincia, ya que no existe una ley nacional \u00fanica que establezca un marco com\u00fan para todo el pa\u00eds. Por ese motivo, cada jurisdicci\u00f3n decide si habilita o restringe las plataformas de apuestas digitales, as\u00ed como las condiciones bajo las cuales pueden operar. En la provincia [&hellip;]<\/p>\n","protected":false},"author":11,"featured_media":0,"parent":0,"menu_order":0,"comment_status":"closed","ping_status":"closed","template":"estados.php","meta":{"_acf_changed":false,"footnotes":""},"class_list":["post-10058679","page","type-page","status-publish","hentry"],"acf":[],"_links":{"self":[{"href":"https:\/\/staging.casinoalto.com\/ar\/wp-json\/wp\/v2\/pages\/10058679","targetHints":{"allow":["GET"]}}],"collection":[{"href":"https:\/\/staging.casinoalto.com\/ar\/wp-json\/wp\/v2\/pages"}],"about":[{"href":"https:\/\/staging.casinoalto.com\/ar\/wp-json\/wp\/v2\/types\/page"}],"author":[{"embeddable":true,"href":"https:\/\/staging.casinoalto.com\/ar\/wp-json\/wp\/v2\/users\/11"}],"replies":[{"embeddable":true,"href":"https:\/\/staging.casinoalto.com\/ar\/wp-json\/wp\/v2\/comments?post=10058679"}],"version-history":[{"count":18,"href":"https:\/\/staging.casinoalto.com\/ar\/wp-json\/wp\/v2\/pages\/10058679\/revisions"}],"predecessor-version":[{"id":10062081,"href":"https:\/\/staging.casinoalto.com\/ar\/wp-json\/wp\/v2\/pages\/10058679\/revisions\/10062081"}],"wp:attachment":[{"href":"https:\/\/staging.casinoalto.com\/ar\/wp-json\/wp\/v2\/media?parent=10058679"}],"curies":[{"name":"wp","href":"https:\/\/api.w.org\/{rel}","templated":true}]}}