{"id":10058681,"date":"2021-01-25T20:23:37","date_gmt":"2021-01-25T20:23:37","guid":{"rendered":"https:\/\/casinoalto.com\/ar\/?page_id=10054624"},"modified":"2026-03-12T19:53:43","modified_gmt":"2026-03-12T19:53:43","slug":"salta","status":"publish","type":"page","link":"https:\/\/staging.casinoalto.com\/ar\/salta\/","title":{"rendered":"Casinos online en Salta"},"content":{"rendered":"<p><strong><em>Importante: en Salta, el juego online no est\u00e1 \u201ctodav\u00eda en tr\u00e1mite\u201d de manera general. ENREJA inform\u00f3 oficialmente que las \u00fanicas plataformas habilitadas para operar en la provincia son Bet-Warrior y Bet-Poncho. Por eso, la mera disponibilidad de casinos internacionales no implica que est\u00e9n autorizados dentro del sistema regulatorio salte\u00f1o. <\/em><\/strong><\/p>\n<p data-start=\"1776\" data-end=\"2272\">La regulaci\u00f3n de los casinos online en Argentina sigue dependiendo de cada provincia, ya que no existe una \u00fanica ley nacional que unifique todo el sistema. Por eso, cada jurisdicci\u00f3n define sus propias reglas, autoridades de control y operadores habilitados. En el caso de Salta, esa funci\u00f3n corresponde al <strong data-start=\"2083\" data-end=\"2093\">ENREJA<\/strong>, organismo con potestades para autorizar, fiscalizar y controlar el juego de azar en todas sus modalidades dentro del territorio provincial.<\/p>\n<p data-start=\"2274\" data-end=\"2865\">Esto significa que hoy la situaci\u00f3n en Salta es m\u00e1s clara que la que refleja el texto actual de la p\u00e1gina: el juego online legal en la provincia existe, pero se limita a las plataformas expresamente autorizadas por el regulador provincial. Por ese motivo, al analizar la oferta disponible para usuarios salte\u00f1os, conviene distinguir entre los sitios que forman parte del sistema habilitado por ENREJA y aquellos operadores internacionales que, aunque puedan ser accesibles desde Argentina, <strong data-start=\"2764\" data-end=\"2826\">no integran necesariamente el marco legal vigente en Salta<\/strong>.<\/p>\n<p>A continuaci\u00f3n, hablaremos un poco de los casinos online en Salta y las posibilidades que hay en el futuro cercano para tener <a href=\"\/ar\/juegos\/\">juegos online de casino<\/a> regulados en la provincia.<\/p>\n<h2>\u00bfSon legales los sitios de juegos online en Salta?<\/h2>\n<p><img loading=\"lazy\" decoding=\"async\" class=\"alignleft wp-image-10061366\" src=\"https:\/\/casinoalto.com\/ar\/wp-content\/uploads\/sites\/2\/2024\/12\/salta-300x171.jpg\" alt=\"casinos salta\" width=\"400\" height=\"229\" srcset=\"https:\/\/staging.casinoalto.com\/ar\/wp-content\/uploads\/sites\/2\/2024\/12\/salta-300x171.jpg 300w, https:\/\/staging.casinoalto.com\/ar\/wp-content\/uploads\/sites\/2\/2024\/12\/salta-70x40.jpg 70w, https:\/\/staging.casinoalto.com\/ar\/wp-content\/uploads\/sites\/2\/2024\/12\/salta-140x80.jpg 140w, https:\/\/staging.casinoalto.com\/ar\/wp-content\/uploads\/sites\/2\/2024\/12\/salta-236x135.jpg 236w, https:\/\/staging.casinoalto.com\/ar\/wp-content\/uploads\/sites\/2\/2024\/12\/salta.jpg 700w\" sizes=\"auto, (max-width: 400px) 100vw, 400px\" \/><\/p>\n<p data-start=\"385\" data-end=\"658\">En la provincia de Salta, la actividad vinculada al juego y las apuestas est\u00e1 supervisada por el <strong data-start=\"482\" data-end=\"527\">Ente Regulador del Juego de Azar (ENREJA)<\/strong>, organismo estatal encargado de controlar, autorizar y fiscalizar todas las modalidades de juego dentro del territorio provincial.<\/p>\n<p data-start=\"660\" data-end=\"1048\">Durante muchos a\u00f1os, el desarrollo del juego online en Salta se encontraba en un proceso de evaluaci\u00f3n normativa. Sin embargo, en los \u00faltimos a\u00f1os la provincia comenz\u00f3 a avanzar en un modelo regulado para las apuestas digitales, con el objetivo de ofrecer alternativas legales y al mismo tiempo combatir el crecimiento del juego ilegal en internet.<\/p>\n<p data-start=\"1050\" data-end=\"1381\">Actualmente, el organismo regulador confirm\u00f3 que <strong data-start=\"1099\" data-end=\"1208\">solo dos plataformas cuentan con autorizaci\u00f3n oficial para ofrecer apuestas online dentro de la provincia<\/strong>: <strong data-start=\"1210\" data-end=\"1224\">BetWarrior<\/strong> y <strong data-start=\"1227\" data-end=\"1240\">BetPoncho<\/strong>, ambas identificadas con el dominio <strong data-start=\"1277\" data-end=\"1290\">\u201c.bet.ar\u201d<\/strong> y operando dentro del sistema regulado por ENREJA.<\/p>\n<p data-start=\"1383\" data-end=\"1555\">Esto significa que cualquier otra plataforma que ofrezca apuestas online sin autorizaci\u00f3n expresa del organismo provincial <strong data-start=\"1506\" data-end=\"1554\">opera fuera del marco legal vigente en Salta<\/strong>.<\/p>\n<p data-start=\"1557\" data-end=\"1832\">Por lo tanto, el juego online es legal en Salta \u00fanicamente cuando se realiza a trav\u00e9s de las plataformas autorizadas por <strong data-start=\"1678\" data-end=\"1688\">ENREJA<\/strong>, que funcionan bajo supervisi\u00f3n del Estado provincial y cumplen con los requisitos t\u00e9cnicos y de seguridad establecidos por la normativa local.<\/p>\n<h2>\u00bfEs seguro jugar en casinos en l\u00ednea en Salta?<\/h2>\n<p data-start=\"1870\" data-end=\"2005\">La seguridad del juego online en Salta depende principalmente de que las plataformas operen dentro del sistema regulado por <strong data-start=\"1994\" data-end=\"2004\">ENREJA<\/strong>.<\/p>\n<p data-start=\"2007\" data-end=\"2340\">Las plataformas autorizadas deben cumplir con distintos requisitos t\u00e9cnicos y administrativos para poder ofrecer servicios de apuestas dentro de la provincia. Estos controles incluyen mecanismos de verificaci\u00f3n de identidad, protecci\u00f3n de datos personales y sistemas de supervisi\u00f3n destinados a garantizar la transparencia del juego.<\/p>\n<p data-start=\"2342\" data-end=\"2615\">Adem\u00e1s, el organismo regulador desarrolla pol\u00edticas activas para prevenir el juego ilegal y proteger especialmente a los menores de edad, que constituyen uno de los grupos m\u00e1s vulnerables frente al crecimiento de las apuestas online.<\/p>\n<p data-start=\"2617\" data-end=\"2943\">En este contexto, las autoridades provinciales remarcan que la mayor\u00eda de los sitios de apuestas que circulan en internet <strong data-start=\"2739\" data-end=\"2798\">no cuentan con autorizaci\u00f3n para operar en la provincia<\/strong>, por lo que los jugadores deber\u00edan priorizar aquellas plataformas que forman parte del sistema regulado.<\/p>\n<p data-start=\"2945\" data-end=\"3166\">Dentro del ecosistema regulado en Argentina, los operadores legales de apuestas online suelen identificarse mediante el dominio <strong data-start=\"3073\" data-end=\"3086\">\u201c.bet.ar\u201d<\/strong>, utilizado por plataformas autorizadas dentro del sistema regulatorio nacional.<\/p>\n<p data-start=\"3168\" data-end=\"3407\">Desde <a href=\"\/ar\/\">Casino Alto<\/a>, recomendamos siempre revisar que la plataforma elegida cuente con licencias v\u00e1lidas, m\u00e9todos de pago seguros, pol\u00edticas de privacidad claras y un servicio de atenci\u00f3n al cliente confiable antes de comenzar a apostar.<\/p>\n<p>Si queres conocer c\u00f3mo est\u00e1 la situaci\u00f3n del juego online en otras provincias de Argentina, podes consultar los siguientes enlaces:<\/p>\n<ul id='listaArgProvinciasShort' class='tres-columnas dos-columnas'><li><a href='https:\/\/staging.casinoalto.com\/ar\/buenos-aires\/' title='Buenos Aires'>Buenos Aires<\/a><\/li><li><a href='https:\/\/staging.casinoalto.com\/ar\/catamarca\/' title='Catamarca'>Catamarca<\/a><\/li><li><a href='https:\/\/staging.casinoalto.com\/ar\/chaco\/' title='Chaco'>Chaco<\/a><\/li><li><a href='https:\/\/staging.casinoalto.com\/ar\/chubut\/' title='Chubut'>Chubut<\/a><\/li><li><a href='https:\/\/staging.casinoalto.com\/ar\/cordoba\/' title='C\u00f3rdoba'>C\u00f3rdoba<\/a><\/li><li><a href='https:\/\/staging.casinoalto.com\/ar\/corrientes\/' title='Corrientes'>Corrientes<\/a><\/li><li><a href='https:\/\/staging.casinoalto.com\/ar\/entre-rios\/' title='Entre R\u00edos'>Entre R\u00edos<\/a><\/li><li><a href='https:\/\/staging.casinoalto.com\/ar\/formosa\/' title='Formosa'>Formosa<\/a><\/li><li><a href='https:\/\/staging.casinoalto.com\/ar\/jujuy\/' title='Jujuy'>Jujuy<\/a><\/li><li><a href='https:\/\/staging.casinoalto.com\/ar\/la-pampa\/' title='La Pampa'>La Pampa<\/a><\/li><li><a href='https:\/\/staging.casinoalto.com\/ar\/la-rioja\/' title='La Rioja'>La Rioja<\/a><\/li><li><a href='https:\/\/staging.casinoalto.com\/ar\/mendoza\/' title='Mendoza'>Mendoza<\/a><\/li><li><a href='https:\/\/staging.casinoalto.com\/ar\/misiones\/' title='Misiones'>Misiones<\/a><\/li><li><a href='https:\/\/staging.casinoalto.com\/ar\/neuquen\/' title='Neuqu\u00e9n'>Neuqu\u00e9n<\/a><\/li><li><a href='https:\/\/staging.casinoalto.com\/ar\/rio-negro\/' title='R\u00edo Negro'>R\u00edo Negro<\/a><\/li><li><a href='https:\/\/staging.casinoalto.com\/ar\/san-juan\/' title='San Juan'>San Juan<\/a><\/li><li><a href='https:\/\/staging.casinoalto.com\/ar\/san-luis\/' title='San Luis'>San Luis<\/a><\/li><li><a href='https:\/\/staging.casinoalto.com\/ar\/santa-cruz\/' title='Santa Cruz'>Santa Cruz<\/a><\/li><li><a href='https:\/\/staging.casinoalto.com\/ar\/santa-fe\/' title='Santa Fe'>Santa Fe<\/a><\/li><li><a href='https:\/\/staging.casinoalto.com\/ar\/santiago-del-estero\/' title='Santiago del Estero'>Santiago del Estero<\/a><\/li><li><a href='https:\/\/staging.casinoalto.com\/ar\/tierra-del-fuego\/' title='Tierra del Fuego'>Tierra del Fuego<\/a><\/li><li><a href='https:\/\/staging.casinoalto.com\/ar\/tucuman\/' title='Tucum\u00e1n'>Tucum\u00e1n<\/a><\/li><\/ul>\n","protected":false},"excerpt":{"rendered":"<p>Importante: en Salta, el juego online no est\u00e1 \u201ctodav\u00eda en tr\u00e1mite\u201d de manera general. ENREJA inform\u00f3 oficialmente que las \u00fanicas plataformas habilitadas para operar en la provincia son Bet-Warrior y Bet-Poncho. Por eso, la mera disponibilidad de casinos internacionales no implica que est\u00e9n autorizados dentro del sistema regulatorio salte\u00f1o. La regulaci\u00f3n de los casinos online [&hellip;]<\/p>\n","protected":false},"author":11,"featured_media":0,"parent":0,"menu_order":0,"comment_status":"closed","ping_status":"closed","template":"estados.php","meta":{"_acf_changed":false,"footnotes":""},"class_list":["post-10058681","page","type-page","status-publish","hentry"],"acf":[],"_links":{"self":[{"href":"https:\/\/staging.casinoalto.com\/ar\/wp-json\/wp\/v2\/pages\/10058681","targetHints":{"allow":["GET"]}}],"collection":[{"href":"https:\/\/staging.casinoalto.com\/ar\/wp-json\/wp\/v2\/pages"}],"about":[{"href":"https:\/\/staging.casinoalto.com\/ar\/wp-json\/wp\/v2\/types\/page"}],"author":[{"embeddable":true,"href":"https:\/\/staging.casinoalto.com\/ar\/wp-json\/wp\/v2\/users\/11"}],"replies":[{"embeddable":true,"href":"https:\/\/staging.casinoalto.com\/ar\/wp-json\/wp\/v2\/comments?post=10058681"}],"version-history":[{"count":15,"href":"https:\/\/staging.casinoalto.com\/ar\/wp-json\/wp\/v2\/pages\/10058681\/revisions"}],"predecessor-version":[{"id":10062064,"href":"https:\/\/staging.casinoalto.com\/ar\/wp-json\/wp\/v2\/pages\/10058681\/revisions\/10062064"}],"wp:attachment":[{"href":"https:\/\/staging.casinoalto.com\/ar\/wp-json\/wp\/v2\/media?parent=10058681"}],"curies":[{"name":"wp","href":"https:\/\/api.w.org\/{rel}","templated":true}]}}