{"id":10059600,"date":"2022-03-17T17:24:12","date_gmt":"2022-03-17T17:24:12","guid":{"rendered":"https:\/\/casinoalto.com\/ar\/?page_id=10059600"},"modified":"2026-01-27T15:27:34","modified_gmt":"2026-01-27T15:27:34","slug":"codigo-promocional-betsson","status":"publish","type":"page","link":"https:\/\/staging.casinoalto.com\/ar\/codigos\/codigo-promocional-betsson\/","title":{"rendered":"C\u00f3digo promocional Betsson"},"content":{"rendered":"<p>Hay muchas opciones que podemos considerar a la hora de elegir un casino online y una de ellas son las ofertas y promociones, en especial en forma de <a href=\"https:\/\/casinoalto.com\/ar\/bonos-de-bienvenida\/\" target=\"_blank\" rel=\"noopener\">bonos de bienvenida para nuevos jugadores<\/a>. Y en este campo te traemos el espectacular c\u00f3digo promocional de <a href=\"\/ar\/casinos-online\/betsson\/\">un casino seguro como Betsson<\/a>, que ofrece\u00a0<strong>hasta $350,000 pesos argentinos por realizar tu primer dep\u00f3sito<\/strong>, as\u00ed como 200 giros gratis para Tucanito.<\/p>\n<p>Si te interesa esta promoci\u00f3n y quer\u00e9s saber qu\u00e9 es lo que debes hacer para conseguirla, aqu\u00ed te daremos paso a paso el procedimiento y los requisitos que ten\u00e9s que cumplir para liberar tu bono y aprovech\u00e1 las ganancias generadas en uno de los <a href=\"https:\/\/casinoalto.com\/ar\/casinos-online\/\" target=\"_blank\" rel=\"noopener\">mejores sitios para jugar en Argentina<\/a>.<\/p>\n<p><em>Pasos a seguir para conseguir la promoci\u00f3n:<\/em><\/p>\n<ul>\n<li>Reg\u00edstrate en Betsson a trav\u00e9s de\u00a0nuestros enlaces.<\/li>\n<li>Realiza un dep\u00f3sito con las <a href=\"https:\/\/casinoalto.com\/ar\/metodos-de-pago\/\" target=\"_blank\" rel=\"noopener\">formas del pago para casinos<\/a> de m\u00ednimo ARS$500.<\/li>\n<li>Una vez hecho esto, el bono por valor del 100% de tu ingreso ser\u00e1 acreditado en tu cuenta.<\/li>\n<\/ul>\n<p>Este bono tiene una\u00a0<strong>duraci\u00f3n de 14 d\u00edas para activarlo y de 7 para cumplir el rollover<\/strong>. Pasada esa fecha, si no lo has reclamado o no has liberado el dinero m\u00e1s las posibles ganancias, todo quedar\u00e1 anulado. Para poder llevar a cabo la retirada del efectivo, el bono tiene un <strong>rollover (cantidad de apuesta m\u00ednima) de 35 veces la cuant\u00eda de este<\/strong>.<\/p>\n<p>Es decir, <strong>si has recibido por ejemplo un bono de primer ingreso de ARS$4,000, deber\u00e1s jugar un total de 140,000 pesos argentinos<\/strong> en el juego que prefieras de Betsson salvo algunas excepciones. Pero deb\u00e9s tener presente que no todos contribuyen de la misma forma al cumplimiento de este requisito.<\/p>\n<p>Respecto a los giros gratis, el operador de juego te entregar\u00e1 20 pod\u00eda hasta llegar a los 200. La vigencia de cada entrega es de 24 horas y cada uno de los giros tiene un valor de 60 pesos argentinos. El rollover para estos tambi\u00e9n es de x35.<\/p>\n<p><strong>La promoci\u00f3n inicial que nos ofrece Betsson para probar su casino online es una bastante interesante<\/strong>, ya que la cantidad es atractiva, adem\u00e1s pruebas suerte en algunos de los juegos m\u00e1s populares dentro de los<a href=\"\/ar\/buenos-aires\/\"> casinos online que funcionan en Buenos Aires<\/a>.<\/p>\n<p>Adem\u00e1s, Betsson cuenta con licencia para operar en la Ciudad de Buenos Aires y en la Provincia, por lo que si pertenec\u00e9s a esta regi\u00f3n pod\u00e9s jugar con total tranquilidad.<\/p>\n<p>Pod\u00e9s ver otras rese\u00f1as con <a href=\"https:\/\/casinoalto.com\/ar\/\" target=\"_blank\" rel=\"noopener\">Casino Alto<\/a>.<\/p>\n","protected":false},"excerpt":{"rendered":"<p>Hay muchas opciones que podemos considerar a la hora de elegir un casino online y una de ellas son las ofertas y promociones, en especial en forma de bonos de bienvenida para nuevos jugadores. Y en este campo te traemos el espectacular c\u00f3digo promocional de un casino seguro como Betsson, que ofrece\u00a0hasta $350,000 pesos argentinos [&hellip;]<\/p>\n","protected":false},"author":18,"featured_media":0,"parent":152134,"menu_order":0,"comment_status":"closed","ping_status":"closed","template":"single_codigo.php","meta":{"_acf_changed":false,"footnotes":""},"class_list":["post-10059600","page","type-page","status-publish","hentry"],"acf":[],"_links":{"self":[{"href":"https:\/\/staging.casinoalto.com\/ar\/wp-json\/wp\/v2\/pages\/10059600","targetHints":{"allow":["GET"]}}],"collection":[{"href":"https:\/\/staging.casinoalto.com\/ar\/wp-json\/wp\/v2\/pages"}],"about":[{"href":"https:\/\/staging.casinoalto.com\/ar\/wp-json\/wp\/v2\/types\/page"}],"author":[{"embeddable":true,"href":"https:\/\/staging.casinoalto.com\/ar\/wp-json\/wp\/v2\/users\/18"}],"replies":[{"embeddable":true,"href":"https:\/\/staging.casinoalto.com\/ar\/wp-json\/wp\/v2\/comments?post=10059600"}],"version-history":[{"count":9,"href":"https:\/\/staging.casinoalto.com\/ar\/wp-json\/wp\/v2\/pages\/10059600\/revisions"}],"predecessor-version":[{"id":10061997,"href":"https:\/\/staging.casinoalto.com\/ar\/wp-json\/wp\/v2\/pages\/10059600\/revisions\/10061997"}],"up":[{"embeddable":true,"href":"https:\/\/staging.casinoalto.com\/ar\/wp-json\/wp\/v2\/pages\/152134"}],"wp:attachment":[{"href":"https:\/\/staging.casinoalto.com\/ar\/wp-json\/wp\/v2\/media?parent=10059600"}],"curies":[{"name":"wp","href":"https:\/\/api.w.org\/{rel}","templated":true}]}}