{"id":10059736,"date":"2022-08-22T17:58:13","date_gmt":"2022-08-22T17:58:13","guid":{"rendered":"https:\/\/casinoalto.com\/ar\/?page_id=10059736"},"modified":"2026-03-04T17:45:04","modified_gmt":"2026-03-04T17:45:04","slug":"codigo-promocional-betway","status":"publish","type":"page","link":"https:\/\/staging.casinoalto.com\/ar\/codigos\/codigo-promocional-betway\/","title":{"rendered":"C\u00f3digo Promocional Betway Casino"},"content":{"rendered":"<p>Considerado uno de los casinos l\u00edderes en Latinoam\u00e9rica y Argentina, Betway cuenta con una amplia variedad de <a href=\"\/ar\/juegos\/\">juegos de apuestas<\/a>, adem\u00e1s de ser el patrocinador oficial del West Ham en la Premier League.<\/p>\n<p>Su oferta de juego es todo lo que puedes esperar de un <a href=\"https:\/\/casinoalto.com\/ar\/casinos-online\/\" target=\"_blank\" rel=\"noopener\">casino en l\u00ednea seguro y confiable<\/a>. Una vez registrado, tienes derecho a disputar la suerte en tragaperras, ruleta, blackjack y baccarat. Adem\u00e1s, no hay lugar a las dudas, al tratarse de un casino online que ofrece las mejores garant\u00edas en cuanto a <a href=\"\/ar\/metodos-de-pago\/\">formas para hacer dep\u00f3sitos de dinero<\/a>, como en sus juegos de azar y ganancias. La empresa GM Gaming Limited es la que la gestiona y cuenta con las licencias para funcionar en Argentina.<\/p>\n<p>Si quieres comenzar a apostar, aqu\u00ed te decimos todo lo que necesitas saber para obtener tu <strong>bono de bienvenida de Betway, con valor de hasta AR$10.000. Un bono que pod\u00e9s recibir con tu primer dep\u00f3sito.<\/strong><\/p>\n<p><em>Pasos a seguir para obtener el bono de bienvenida de Betway:<\/em><\/p>\n<ul>\n<li>Ingresa a Betway Casino a trav\u00e9s de nuestros enlaces.<\/li>\n<li>Abre una cuenta y reg\u00edstrate en la p\u00e1gina para conseguir el c\u00f3digo promocional de Betway para recibir <a href=\"https:\/\/casinoalto.com\/ar\/bonos-de-bienvenida\/\" target=\"_blank\" rel=\"noopener\">bonos para nuevos jugadores<\/a>.<\/li>\n<li>Comienza a jugar en cualquiera de los servicios que ofrece Betway.<\/li>\n<\/ul>\n<p>Para optar al c\u00f3digo de bienvenida de Betway, deber\u00e1s depositar por lo menos 500 pesos argentinos. Tienes hasta siete d\u00edas posteriores al abrir la cuenta en dinero real.<\/p>\n<p>Debes tomar en cuenta de que esta oferta es v\u00e1lida \u00fanicamente para clientes nuevos, con validez en una \u00fanica ocasi\u00f3n.<\/p>\n<p>El bono se acreditar\u00e1 autom\u00e1ticamente en la cuenta de bonos al realizar el primer dep\u00f3sito y para poder ser retirado, as\u00ed como cualquier ganancia asociada a su valor, debe apostarse treinta veces el valor del bono. Es decir, <strong>si recibes un bono de 2000$ deber\u00e1s apostar 60000$ para tener derecho a retirar el bono<\/strong> y cualquier ganancia asociada al mismo. Como ocurre con todos los bonos en Betway Casino, tienes la facilidad de retirar tu saldo de dinero real en cualquier momento.<\/p>\n<p>Esta oferta no puede solicitarse junto con otras promociones actualmente ofrecidas por Betway Casino y est\u00e1 bajo una revisi\u00f3n continua, por lo que la organizaci\u00f3n se reserva el derecho de modificar la oferta del bono en cualquier momento, incluso existe la posibilidad de que cancele sin previo aviso, si as\u00ed lo considera pertinente. Lo que de momento no ofrece Betway casino es bono sin dep\u00f3sito.<\/p>\n<p>Tambi\u00e9n debes tomar en cuenta de que los bonos solo se conceder\u00e1n una vez por persona, hogar, familia, direcci\u00f3n del domicilio, direcci\u00f3n de correo electr\u00f3nico, n\u00famero de tarjeta de cr\u00e9dito o entorno inform\u00e1tico compartido (biblioteca, lugar de trabajo, sociedad, universidad o escuela), por lo que Betway Casino se reserva el derecho de anular todas las ganancias y jugadas, si este t\u00e9rmino es ignorado por el cliente.<\/p>\n<p>Con el fin de garantizar un servicio de calidad y ofrecer seguridad en su sitio, Betway Casino tiene tolerancia cero con actividades fraudulentas, por lo que la empresa se reserva el derecho a eliminar los bonos de cualquier cuenta sospechosa y\/o de cuentas vinculadas a la misma.<\/p>\n<p>Entre las principales acciones no permitidas, se encuentran el utilizar m\u00e1s de una cuenta para solicitar m\u00faltiples bonos, apuestas en dos niveles, estrategias de m\u00faltiples cuentas, utilizar un VPN o enmascarar la direcci\u00f3n IP o llegar desde un sitio web que promueve el juego de una manera que infringe dichos t\u00e9rminos.<\/p>\n<p>Le\u00eddo todo esto, \u00bfa\u00fan te est\u00e1s pensado registrarte y empezar a jugar? No pierdas la oportunidad que te ofrece el c\u00f3digo promocional de Betway y hazte con el bono ya.<\/p>\n<p>Pod\u00e9s consultar otras rese\u00f1as con <a href=\"https:\/\/casinoalto.com\/ar\/\" target=\"_blank\" rel=\"noopener\">Casino Alto<\/a>.<\/p>\n","protected":false},"excerpt":{"rendered":"<p>Considerado uno de los casinos l\u00edderes en Latinoam\u00e9rica y Argentina, Betway cuenta con una amplia variedad de juegos de apuestas, adem\u00e1s de ser el patrocinador oficial del West Ham en la Premier League. Su oferta de juego es todo lo que puedes esperar de un casino en l\u00ednea seguro y confiable. Una vez registrado, tienes [&hellip;]<\/p>\n","protected":false},"author":18,"featured_media":0,"parent":152134,"menu_order":0,"comment_status":"closed","ping_status":"closed","template":"single_codigo.php","meta":{"_acf_changed":false,"footnotes":""},"class_list":["post-10059736","page","type-page","status-publish","hentry"],"acf":[],"_links":{"self":[{"href":"https:\/\/staging.casinoalto.com\/ar\/wp-json\/wp\/v2\/pages\/10059736","targetHints":{"allow":["GET"]}}],"collection":[{"href":"https:\/\/staging.casinoalto.com\/ar\/wp-json\/wp\/v2\/pages"}],"about":[{"href":"https:\/\/staging.casinoalto.com\/ar\/wp-json\/wp\/v2\/types\/page"}],"author":[{"embeddable":true,"href":"https:\/\/staging.casinoalto.com\/ar\/wp-json\/wp\/v2\/users\/18"}],"replies":[{"embeddable":true,"href":"https:\/\/staging.casinoalto.com\/ar\/wp-json\/wp\/v2\/comments?post=10059736"}],"version-history":[{"count":5,"href":"https:\/\/staging.casinoalto.com\/ar\/wp-json\/wp\/v2\/pages\/10059736\/revisions"}],"predecessor-version":[{"id":10062028,"href":"https:\/\/staging.casinoalto.com\/ar\/wp-json\/wp\/v2\/pages\/10059736\/revisions\/10062028"}],"up":[{"embeddable":true,"href":"https:\/\/staging.casinoalto.com\/ar\/wp-json\/wp\/v2\/pages\/152134"}],"wp:attachment":[{"href":"https:\/\/staging.casinoalto.com\/ar\/wp-json\/wp\/v2\/media?parent=10059736"}],"curies":[{"name":"wp","href":"https:\/\/api.w.org\/{rel}","templated":true}]}}