{"id":10059759,"date":"2022-05-12T10:58:43","date_gmt":"2022-05-12T10:58:43","guid":{"rendered":"https:\/\/casinoalto.com\/ar\/?page_id=10059759"},"modified":"2026-01-27T15:27:53","modified_gmt":"2026-01-27T15:27:53","slug":"codigo-promocional-codere","status":"publish","type":"page","link":"https:\/\/staging.casinoalto.com\/ar\/codigos\/codigo-promocional-codere\/","title":{"rendered":"C\u00f3digo promocional Codere"},"content":{"rendered":"<p>En el negocio de las apuestas y el casino online, <a href=\"\/ar\/casinos-online\/codere\/\">un casino seguro como Codere<\/a> brilla por su presencia dentro y fuera de Argentina. Este operador de juegos, con funcionamiento en pa\u00edses como Espa\u00f1a, M\u00e9xico, Italia, Panam\u00e1, Colombia y Uruguay, lleva muchos a\u00f1os funcionando a trav\u00e9s de sus establecimientos f\u00edsicos hasta que dio al salto a la red y se convirti\u00f3 en uno de los <a href=\"https:\/\/casinoalto.com\/ar\/casinos-online\/\" target=\"_blank\" rel=\"noopener\">casinos preferidos de los jugadores<\/a>.<\/p>\n<p>Terminales de juego, bingos, salas de apuestas, casinos, hip\u00f3dromos y juego online son algunos de los servicios ofrecidos por esta casa de apuestas, que presume en su pagina un convenio oficial con River Plate, uno de los equipos de f\u00fatbol m\u00e1s poderosos y seguidos a nivel mundial.<\/p>\n<p>Antes de continuar debemos informarte de que para su secci\u00f3n de casino no cuenta con ninguna promoci\u00f3n en estos momentos, tampoco un bonus por registro como suelen tener otros operadores. Un h\u00e1ndicap importante que libran en la secci\u00f3n de apuestas deportivas.<\/p>\n<p>Si aun as\u00ed te interesa saber m\u00e1s de Codere y quieres conocer el <a href=\"\/ar\/bonos-de-bienvenida\/\">bono de bienvenida para nuevos jugadores<\/a> ofrecido ofrecido desde el <strong>c\u00f3digo promocional de Codere, de hasta $5.000 ARS<\/strong>, debes continuar leyendo.<\/p>\n<p><em>Pasos a seguir para tener la promoci\u00f3n de bienvenida de Codere:<\/em><\/p>\n<ul>\n<li>Utiliza nuestros enlaces para registrarte en Codere.<\/li>\n<li>Realiza un dep\u00f3sito con las <a href=\"https:\/\/casinoalto.com\/ar\/metodos-de-pago\/\" target=\"_blank\" rel=\"noopener\">opciones para hacer pagos<\/a> de por lo menos $500 ARS para poner en marcha el c\u00f3digo promoci\u00f3n de Codere.<\/li>\n<li>Realiza una o varias apuestas con cuotas 2.00 por el valor total del primer ingreso.<\/li>\n<li>Recibe un bono de hasta $5.000 ARS gratis en forma de freebets para jugar en apuestas deportivas.<\/li>\n<\/ul>\n<p>Esta promoci\u00f3n de bienvenida de Codere est\u00e1 disponible<strong>\u00a0\u00fanicamente para residentes en la Rep\u00fablica Argentina mayores de 18 a\u00f1os<\/strong> y que se hayan registrado por primera vez en el sitio codere.bet.ar, trat\u00e1ndose de un bono de car\u00e1cter privado, por lo que no resulta compatible con ninguna otra promoci\u00f3n.<\/p>\n<p>La promoci\u00f3n no puede ser compartida con ninguna otra persona, por lo que no se puede participar en este bono, a menos de que se haya abierto correctamente una cuenta.<\/p>\n<p>La oferta de bienvenida es del <strong>100% de tu primer dep\u00f3sito por hasta $5.000 ARS para apuestas<\/strong>, que ser\u00e1 a\u00f1adido autom\u00e1ticamente al saldo de bonificaciones para apuestas, disponible \u00fanicamente para la interfaz de Deportes. Este primer dep\u00f3sito podr\u00e1s hacerlo con cualquiera de los m\u00e9todos de pago disponibles en Codere Argentina, por ejemplo, <a href=\"\/ar\/metodos-de-pago\/mercadopago\/\">el monedero electr\u00f3nico de Mercado Pago<\/a>.<\/p>\n<p>El requisito de apuesta relativo a la bonificaci\u00f3n de bienvenida referida al c\u00f3digo promocional para Codere es inexistente en este caso, pues <strong>la cantidad ganada a trav\u00e9s de las freebets se acredita como dinero real<\/strong> directamente en tu cuenta. Estas apuestas gratis tienen una duraci\u00f3n de 7 d\u00edas cada una y el plazo m\u00e1ximo para beneficiarse de la oferta es de 30 d\u00edas. Una vez pasado ese tiempo no podr\u00e1s disfrutar de nuevo de ella.<\/p>\n<p>Las freebets tendr\u00e1n un valor de $500, $1.000, $2.000 y $5.000 pesos, dependiendo del caso. <strong>Si el importe a entregar no es m\u00faltiplo de 500 se redondear\u00e1 al alza<\/strong>. Adem\u00e1s, estas solo ser\u00e1n v\u00e1lidas si se utilizan con cuotas iguales o superiores a 2.00, siempre recibiendo la ganancia neta en caso de que las apuestas resulten ganadoras.<\/p>\n<p>Si las apuestas fueran canceladas, tenga en cuenta que no se entregar\u00e1n m\u00e1s freebets en su lugar. Por tanto ten cuidado con los tickets con apuestas de sistema, cuotas especiales o apuestas que incluyan mejoras de premio. Ninguna de ellas son v\u00e1lidas con este bonus.<\/p>\n<p>Cualquier dep\u00f3sito que est\u00e9 sujeto a bonificaci\u00f3n se mantendr\u00e1 como efectivo de disponibilidad limitada mientras dure la bonificaci\u00f3n, raz\u00f3n por la que el cliente no podr\u00e1 retirar este dep\u00f3sito hasta que cumpla con todas las condiciones.<\/p>\n<p>En caso de que las condiciones de la bonificaci\u00f3n no se satisfagan correctamente, Codere se reserva el derecho a retirar la promoci\u00f3n o modificarla seg\u00fan le convenga.<\/p>\n<p class=\"\" data-start=\"109\" data-end=\"153\"><strong data-start=\"109\" data-end=\"153\">Pod\u00e9s ver otras rese\u00f1as con <a href=\"https:\/\/casinoalto.com\/ar\/\" target=\"_blank\" rel=\"noopener\">Casino Alto Argentina<\/a>.\u00a0<\/strong><\/p>\n","protected":false},"excerpt":{"rendered":"<p>En el negocio de las apuestas y el casino online, un casino seguro como Codere brilla por su presencia dentro y fuera de Argentina. Este operador de juegos, con funcionamiento en pa\u00edses como Espa\u00f1a, M\u00e9xico, Italia, Panam\u00e1, Colombia y Uruguay, lleva muchos a\u00f1os funcionando a trav\u00e9s de sus establecimientos f\u00edsicos hasta que dio al salto [&hellip;]<\/p>\n","protected":false},"author":18,"featured_media":0,"parent":152134,"menu_order":0,"comment_status":"closed","ping_status":"closed","template":"single_codigo.php","meta":{"_acf_changed":false,"footnotes":""},"class_list":["post-10059759","page","type-page","status-publish","hentry"],"acf":[],"_links":{"self":[{"href":"https:\/\/staging.casinoalto.com\/ar\/wp-json\/wp\/v2\/pages\/10059759","targetHints":{"allow":["GET"]}}],"collection":[{"href":"https:\/\/staging.casinoalto.com\/ar\/wp-json\/wp\/v2\/pages"}],"about":[{"href":"https:\/\/staging.casinoalto.com\/ar\/wp-json\/wp\/v2\/types\/page"}],"author":[{"embeddable":true,"href":"https:\/\/staging.casinoalto.com\/ar\/wp-json\/wp\/v2\/users\/18"}],"replies":[{"embeddable":true,"href":"https:\/\/staging.casinoalto.com\/ar\/wp-json\/wp\/v2\/comments?post=10059759"}],"version-history":[{"count":7,"href":"https:\/\/staging.casinoalto.com\/ar\/wp-json\/wp\/v2\/pages\/10059759\/revisions"}],"predecessor-version":[{"id":10062007,"href":"https:\/\/staging.casinoalto.com\/ar\/wp-json\/wp\/v2\/pages\/10059759\/revisions\/10062007"}],"up":[{"embeddable":true,"href":"https:\/\/staging.casinoalto.com\/ar\/wp-json\/wp\/v2\/pages\/152134"}],"wp:attachment":[{"href":"https:\/\/staging.casinoalto.com\/ar\/wp-json\/wp\/v2\/media?parent=10059759"}],"curies":[{"name":"wp","href":"https:\/\/api.w.org\/{rel}","templated":true}]}}