{"id":10060125,"date":"2023-08-24T17:23:35","date_gmt":"2023-08-24T17:23:35","guid":{"rendered":"https:\/\/casinoalto.com\/ar\/?page_id=10060125"},"modified":"2026-01-27T15:28:00","modified_gmt":"2026-01-27T15:28:00","slug":"codigo-promocional-playuzu","status":"publish","type":"page","link":"https:\/\/staging.casinoalto.com\/ar\/codigos\/codigo-promocional-playuzu\/","title":{"rendered":"C\u00f3digo Promocional PlayUZU"},"content":{"rendered":"<p>La calidad del cat\u00e1logo de juegos con el que cuenta\u00a0<a href=\"\/ar\/casinos-online\/playuzu\/\">un casino seguro como PlayUZU Argentina<\/a>\u00a0es incuestionable y por eso es una buena opci\u00f3n en el mercado para todos los amantes de los juegos de apuestas, adem\u00e1s de esos beneficios en dinero real que ofrecen y que nada se parecen a los\u00a0<a href=\"\/ar\/bonos-de-bienvenida\/\">bonos tradicionales de otras plataformas<\/a>.<\/p>\n<p>Este\u00a0<a href=\"\/ar\/casinos-online\/\">casino en l\u00ednea confiable para jugar<\/a> se encuentra registrado en la ciudad de Buenos Aires, y tiene presencia a nivel mundial gracias a la gran capacidad de personalizaci\u00f3n. La oferta de PlayUZU de casino es satisfactoria y adem\u00e1s es uno de los operadores m\u00e1s seguros del mercado.<\/p>\n<p>PlayUZU cuenta con un dise\u00f1o atractivo y su uso es sencillo para todos aquellos que reci\u00e9n comienzan en los juegos de azar. Y tambi\u00e9n posee una versi\u00f3n web con un gran funcionamiento tanto en m\u00f3viles Android como en iOS. Pero todo esto no es lo mejor.<\/p>\n<p><strong>El bono de bienvenida de PlayUZU consta de recibir 80 giros gratis en uno de los juegos seleccionados por el casino. Una oportunidad que no puedes dejar pasar y aqu\u00ed te decimos como obtener.<\/strong><\/p>\n<p><em>Pasos a seguir para obtener el bono:<\/em><\/p>\n<ul>\n<li>Reg\u00edstrate en la plataforma mediante el formulario de ingreso con tus datos a trav\u00e9s de nuestros enlaces.<\/li>\n<li>Realiza tu primer dep\u00f3sito con las\u00a0<a href=\"\/ar\/metodos-de-pago\/\">opciones para hacer pagos<\/a>\u00a0a trav\u00e9s del c\u00f3digo promocional de PlayUZU.<\/li>\n<li>Verifica tu cuenta a trav\u00e9s del e-mail que recibir\u00e1s en tu correo electr\u00f3nico.<\/li>\n<li>Verifica tu identidad aportando un documento que lo certifique y subi\u00e9ndolo a la plataforma.<\/li>\n<li>Recibe el bono de bienvenida de 80 giros gratis para casino.<\/li>\n<li>Dicha promoci\u00f3n ser\u00e1 ingresada de forma autom\u00e1tica en tu cuenta una vez hecho el dep\u00f3sito.<\/li>\n<\/ul>\n<p>Para poder tener este bono de bienvenida tendr\u00e1s que crear una cuenta en PlayUZU y tendr\u00e1s que hacer un primer dep\u00f3sito de al menos 1.000 pesos. Despu\u00e9s de eso, la bonificaci\u00f3n se ingresar\u00e1 de manera autom\u00e1tica a tu cuenta.<\/p>\n<p>Las reglas que tiene PlayUZU son escasas y si cumples con todas, no tendr\u00e1s ning\u00fan problema para conseguirla. El bono se ingresar\u00e1 solamente en las cuentas con los perfiles debidamente cumplidos.<\/p>\n<p>Los\u00a0giros gratis\u00a0tienen cada uno un valor de $5 y se convertir\u00e1n en dinero real si se logran ganancias una vez que se apueste en la slot: John Hunter and the Book of Tut.<\/p>\n<p>Tienes que tener en cuenta que no hay ning\u00fan retiro m\u00ednimo que PlayUZU te imponga a la hora de sacar los beneficios que hayas obtenido de los giros. Al igual que tampoco hay un n\u00famero de ganancias m\u00e1ximas que se puedan conseguir con este obsequio.<\/p>\n<p>Sin duda un bono diferente y que es de los pocos que otorga dinero real simplemente tras superar la primera apuesta realizada en los juegos del casino. Es decir, que no tiene rollover alguno.<\/p>\n<p>Ten en cuenta adem\u00e1s que si est\u00e1s registrado en Playuzu desde Buenos Aires, ya sea la ciudad o la provincia, no hay problemas porque el casino cuenta con <a href=\"\/ar\/buenos-aires\/\">licencia para operar en Buenos Aires<\/a>. Si no es as\u00ed, igualmente hablamos de un sitio de juego 100% seguro y fiable. Aprovecha el c\u00f3digo promocional de Playuzu y empieza a disfrutar de su gran cat\u00e1logo de juegos.<\/p>\n<p>Pod\u00e9s consultar otras rese\u00f1as con\u00a0<a href=\"\/ar\/\">Casino Alto<\/a>.<\/p>\n","protected":false},"excerpt":{"rendered":"<p>La calidad del cat\u00e1logo de juegos con el que cuenta\u00a0un casino seguro como PlayUZU Argentina\u00a0es incuestionable y por eso es una buena opci\u00f3n en el mercado para todos los amantes de los juegos de apuestas, adem\u00e1s de esos beneficios en dinero real que ofrecen y que nada se parecen a los\u00a0bonos tradicionales de otras plataformas. [&hellip;]<\/p>\n","protected":false},"author":18,"featured_media":0,"parent":152134,"menu_order":0,"comment_status":"closed","ping_status":"closed","template":"single_codigo.php","meta":{"_acf_changed":false,"footnotes":""},"class_list":["post-10060125","page","type-page","status-publish","hentry"],"acf":[],"_links":{"self":[{"href":"https:\/\/staging.casinoalto.com\/ar\/wp-json\/wp\/v2\/pages\/10060125","targetHints":{"allow":["GET"]}}],"collection":[{"href":"https:\/\/staging.casinoalto.com\/ar\/wp-json\/wp\/v2\/pages"}],"about":[{"href":"https:\/\/staging.casinoalto.com\/ar\/wp-json\/wp\/v2\/types\/page"}],"author":[{"embeddable":true,"href":"https:\/\/staging.casinoalto.com\/ar\/wp-json\/wp\/v2\/users\/18"}],"replies":[{"embeddable":true,"href":"https:\/\/staging.casinoalto.com\/ar\/wp-json\/wp\/v2\/comments?post=10060125"}],"version-history":[{"count":8,"href":"https:\/\/staging.casinoalto.com\/ar\/wp-json\/wp\/v2\/pages\/10060125\/revisions"}],"predecessor-version":[{"id":10062012,"href":"https:\/\/staging.casinoalto.com\/ar\/wp-json\/wp\/v2\/pages\/10060125\/revisions\/10062012"}],"up":[{"embeddable":true,"href":"https:\/\/staging.casinoalto.com\/ar\/wp-json\/wp\/v2\/pages\/152134"}],"wp:attachment":[{"href":"https:\/\/staging.casinoalto.com\/ar\/wp-json\/wp\/v2\/media?parent=10060125"}],"curies":[{"name":"wp","href":"https:\/\/api.w.org\/{rel}","templated":true}]}}