{"id":10060985,"date":"2017-01-08T02:15:27","date_gmt":"2017-01-08T02:15:27","guid":{"rendered":"https:\/\/casinoalto.com\/ar\/?page_id=10060985"},"modified":"2026-01-27T15:28:35","modified_gmt":"2026-01-27T15:28:35","slug":"juegos","status":"publish","type":"page","link":"https:\/\/staging.casinoalto.com\/ar\/juegos\/","title":{"rendered":"Juegos de casino online &#8211; Demos"},"content":{"rendered":"<p>\u00bfQuieres practicar en tus juegos favoritos pero no quieres arriesgar tu dinero? Si la respuesta es afirmativa, esta es tu p\u00e1gina. En la <strong>secci\u00f3n de juegos de <a href=\"https:\/\/casinoalto.com\/ar\/\" target=\"_blank\" rel=\"noopener\">Casino Alto<\/a><\/strong> podr\u00e1s encontrar la mejor selecci\u00f3n de juegos de casino gratis con nuestras versiones demo.<\/p>\n<div class=\"space-games-archive-items box-100 relative\" style=\"display: flex;flex-wrap: wrap;position: relative;margin: 0 0 20px;padding: 0;min-height: 100px;margin-bottom: 1rem;\"><div id=\"game-141808\" class=\"vh-item\" style=\"width: 25%;\">\n\t\t\t\t<a href=\"https:\/\/staging.casinoalto.com\/ar\/juego\/baccarat\/\" class=\"vh-thumb-link\">\n\t\t\t\t\t<div class=\"vh-overlay\" style=\"background: #252525cc;border-radius: 5px 5px 0 0;\">\n\t\t\t\t\t\t<img decoding=\"async\" src=\"https:\/\/staging.casinoalto.com\/ar\/wp-content\/uploads\/sites\/2\/2019\/02\/baccarat-online-1.webp\" alt=\"Baccarat online gratis &#8211; Demo\" title=\"Baccarat online gratis &#8211; Demo\" class=\"entered lazyloaded\" style=\"max-width: 100%;\">\n\t\t\t\t\t\t<span class=\"play-now\" style=\"background: #FFB80C;border-radius: 5px;;\">Jugar<\/span>\n\t\t\t\t\t<\/div>\n\t\t\t\t<\/a>\n\t\t\t\t<div class=\"vh-game-title\" style=\"border-radius: 0 0 5px 5px;\">Baccarat online gratis &#8211; Demo<\/div>\n\t\t\t<\/div><div id=\"game-10061968\" class=\"vh-item\" style=\"width: 25%;\">\n\t\t\t\t<a href=\"https:\/\/staging.casinoalto.com\/ar\/juego\/big-bass-crash\/\" class=\"vh-thumb-link\">\n\t\t\t\t\t<div class=\"vh-overlay\" style=\"background: #252525cc;border-radius: 5px 5px 0 0;\">\n\t\t\t\t\t\t<img decoding=\"async\" src=\"https:\/\/staging.casinoalto.com\/ar\/wp-content\/uploads\/sites\/2\/2025\/11\/big-bass.webp\" alt=\"Big Bass Crash\" title=\"Big Bass Crash\" class=\"entered lazyloaded\" style=\"max-width: 100%;\">\n\t\t\t\t\t\t<span class=\"play-now\" style=\"background: #FFB80C;border-radius: 5px;;\">Jugar<\/span>\n\t\t\t\t\t<\/div>\n\t\t\t\t<\/a>\n\t\t\t\t<div class=\"vh-game-title\" style=\"border-radius: 0 0 5px 5px;\">Big Bass Crash<\/div>\n\t\t\t<\/div><div id=\"game-141969\" class=\"vh-item\" style=\"width: 25%;\">\n\t\t\t\t<a href=\"https:\/\/staging.casinoalto.com\/ar\/juego\/blackjack-americano\/\" class=\"vh-thumb-link\">\n\t\t\t\t\t<div class=\"vh-overlay\" style=\"background: #252525cc;border-radius: 5px 5px 0 0;\">\n\t\t\t\t\t\t<img decoding=\"async\" src=\"https:\/\/staging.casinoalto.com\/ar\/wp-content\/uploads\/sites\/2\/2018\/08\/blackjack-americano-1.webp\" alt=\"Blackjack Americano online gratis &#8211; Demo\" title=\"Blackjack Americano online gratis &#8211; Demo\" class=\"entered lazyloaded\" style=\"max-width: 100%;\">\n\t\t\t\t\t\t<span class=\"play-now\" style=\"background: #FFB80C;border-radius: 5px;;\">Jugar<\/span>\n\t\t\t\t\t<\/div>\n\t\t\t\t<\/a>\n\t\t\t\t<div class=\"vh-game-title\" style=\"border-radius: 0 0 5px 5px;\">Blackjack Americano online gratis &#8211; Demo<\/div>\n\t\t\t<\/div><div id=\"game-150886\" class=\"vh-item\" style=\"width: 25%;\">\n\t\t\t\t<a href=\"https:\/\/staging.casinoalto.com\/ar\/juego\/blackjack-europeo\/\" class=\"vh-thumb-link\">\n\t\t\t\t\t<div class=\"vh-overlay\" style=\"background: #252525cc;border-radius: 5px 5px 0 0;\">\n\t\t\t\t\t\t<img decoding=\"async\" src=\"https:\/\/staging.casinoalto.com\/ar\/wp-content\/uploads\/sites\/2\/2019\/02\/ruleta-europea-online.webp\" alt=\"Blackjack Europeo online gratis &#8211; Demo\" title=\"Blackjack Europeo online gratis &#8211; Demo\" class=\"entered lazyloaded\" style=\"max-width: 100%;\">\n\t\t\t\t\t\t<span class=\"play-now\" style=\"background: #FFB80C;border-radius: 5px;;\">Jugar<\/span>\n\t\t\t\t\t<\/div>\n\t\t\t\t<\/a>\n\t\t\t\t<div class=\"vh-game-title\" style=\"border-radius: 0 0 5px 5px;\">Blackjack Europeo online gratis &#8211; Demo<\/div>\n\t\t\t<\/div><div id=\"game-141813\" class=\"vh-item\" style=\"width: 25%;\">\n\t\t\t\t<a href=\"https:\/\/staging.casinoalto.com\/ar\/juego\/blackjack\/\" class=\"vh-thumb-link\">\n\t\t\t\t\t<div class=\"vh-overlay\" style=\"background: #252525cc;border-radius: 5px 5px 0 0;\">\n\t\t\t\t\t\t<img decoding=\"async\" src=\"https:\/\/staging.casinoalto.com\/ar\/wp-content\/uploads\/sites\/2\/2019\/02\/blackjack-games-online.webp\" alt=\"Blackjack online gratis &#8211; Demo\" title=\"Blackjack online gratis &#8211; Demo\" class=\"entered lazyloaded\" style=\"max-width: 100%;\">\n\t\t\t\t\t\t<span class=\"play-now\" style=\"background: #FFB80C;border-radius: 5px;;\">Jugar<\/span>\n\t\t\t\t\t<\/div>\n\t\t\t\t<\/a>\n\t\t\t\t<div class=\"vh-game-title\" style=\"border-radius: 0 0 5px 5px;\">Blackjack online gratis &#8211; Demo<\/div>\n\t\t\t<\/div><div id=\"game-141823\" class=\"vh-item\" style=\"width: 25%;\">\n\t\t\t\t<a href=\"https:\/\/staging.casinoalto.com\/ar\/juego\/casino-holdem\/\" class=\"vh-thumb-link\">\n\t\t\t\t\t<div class=\"vh-overlay\" style=\"background: #252525cc;border-radius: 5px 5px 0 0;\">\n\t\t\t\t\t\t<img decoding=\"async\" src=\"https:\/\/staging.casinoalto.com\/ar\/wp-content\/uploads\/sites\/2\/2017\/11\/casino-holdem-1.webp\" alt=\"Casino Holdem online gratis &#8211; Demo\" title=\"Casino Holdem online gratis &#8211; Demo\" class=\"entered lazyloaded\" style=\"max-width: 100%;\">\n\t\t\t\t\t\t<span class=\"play-now\" style=\"background: #FFB80C;border-radius: 5px;;\">Jugar<\/span>\n\t\t\t\t\t<\/div>\n\t\t\t\t<\/a>\n\t\t\t\t<div class=\"vh-game-title\" style=\"border-radius: 0 0 5px 5px;\">Casino Holdem online gratis &#8211; Demo<\/div>\n\t\t\t<\/div><div id=\"game-141860\" class=\"vh-item\" style=\"width: 25%;\">\n\t\t\t\t<a href=\"https:\/\/staging.casinoalto.com\/ar\/juego\/gladiator\/\" class=\"vh-thumb-link\">\n\t\t\t\t\t<div class=\"vh-overlay\" style=\"background: #252525cc;border-radius: 5px 5px 0 0;\">\n\t\t\t\t\t\t<img decoding=\"async\" src=\"https:\/\/staging.casinoalto.com\/ar\/wp-content\/uploads\/sites\/2\/2017\/12\/gladiator-slot-online.webp\" alt=\"Gladiator online gratis &#8211; Demo\" title=\"Gladiator online gratis &#8211; Demo\" class=\"entered lazyloaded\" style=\"max-width: 100%;\">\n\t\t\t\t\t\t<span class=\"play-now\" style=\"background: #FFB80C;border-radius: 5px;;\">Jugar<\/span>\n\t\t\t\t\t<\/div>\n\t\t\t\t<\/a>\n\t\t\t\t<div class=\"vh-game-title\" style=\"border-radius: 0 0 5px 5px;\">Gladiator online gratis &#8211; Demo<\/div>\n\t\t\t<\/div><div id=\"game-10061967\" class=\"vh-item\" style=\"width: 25%;\">\n\t\t\t\t<a href=\"https:\/\/staging.casinoalto.com\/ar\/juego\/high-flyer-crash\/\" class=\"vh-thumb-link\">\n\t\t\t\t\t<div class=\"vh-overlay\" style=\"background: #252525cc;border-radius: 5px 5px 0 0;\">\n\t\t\t\t\t\t<img decoding=\"async\" src=\"https:\/\/staging.casinoalto.com\/ar\/wp-content\/uploads\/sites\/2\/2025\/11\/high-flyer.webp\" alt=\"High Flyer (como Aviator)\" title=\"High Flyer (como Aviator)\" class=\"entered lazyloaded\" style=\"max-width: 100%;\">\n\t\t\t\t\t\t<span class=\"play-now\" style=\"background: #FFB80C;border-radius: 5px;;\">Jugar<\/span>\n\t\t\t\t\t<\/div>\n\t\t\t\t<\/a>\n\t\t\t\t<div class=\"vh-game-title\" style=\"border-radius: 0 0 5px 5px;\">High Flyer (como Aviator)<\/div>\n\t\t\t<\/div><div id=\"game-150905\" class=\"vh-item\" style=\"width: 25%;\">\n\t\t\t\t<a href=\"https:\/\/staging.casinoalto.com\/ar\/juego\/jackpot-poker\/\" class=\"vh-thumb-link\">\n\t\t\t\t\t<div class=\"vh-overlay\" style=\"background: #252525cc;border-radius: 5px 5px 0 0;\">\n\t\t\t\t\t\t<img decoding=\"async\" src=\"https:\/\/staging.casinoalto.com\/ar\/wp-content\/uploads\/sites\/2\/2019\/02\/jackpot-poker-1.jpg\" alt=\"Jackpot poker online gratis &#8211; Demo\" title=\"Jackpot poker online gratis &#8211; Demo\" class=\"entered lazyloaded\" style=\"max-width: 100%;\">\n\t\t\t\t\t\t<span class=\"play-now\" style=\"background: #FFB80C;border-radius: 5px;;\">Jugar<\/span>\n\t\t\t\t\t<\/div>\n\t\t\t\t<\/a>\n\t\t\t\t<div class=\"vh-game-title\" style=\"border-radius: 0 0 5px 5px;\">Jackpot poker online gratis &#8211; Demo<\/div>\n\t\t\t<\/div><div id=\"game-141882\" class=\"vh-item\" style=\"width: 25%;\">\n\t\t\t\t<a href=\"https:\/\/staging.casinoalto.com\/ar\/juego\/jacks-or-better\/\" class=\"vh-thumb-link\">\n\t\t\t\t\t<div class=\"vh-overlay\" style=\"background: #252525cc;border-radius: 5px 5px 0 0;\">\n\t\t\t\t\t\t<img decoding=\"async\" src=\"https:\/\/staging.casinoalto.com\/ar\/wp-content\/uploads\/sites\/2\/2017\/12\/jacks-or-better-online.webp\" alt=\"Jacks or better online gratis &#8211; Demo\" title=\"Jacks or better online gratis &#8211; Demo\" class=\"entered lazyloaded\" style=\"max-width: 100%;\">\n\t\t\t\t\t\t<span class=\"play-now\" style=\"background: #FFB80C;border-radius: 5px;;\">Jugar<\/span>\n\t\t\t\t\t<\/div>\n\t\t\t\t<\/a>\n\t\t\t\t<div class=\"vh-game-title\" style=\"border-radius: 0 0 5px 5px;\">Jacks or better online gratis &#8211; Demo<\/div>\n\t\t\t<\/div><div id=\"game-150819\" class=\"vh-item\" style=\"width: 25%;\">\n\t\t\t\t<a href=\"https:\/\/staging.casinoalto.com\/ar\/juego\/nirvana\/\" class=\"vh-thumb-link\">\n\t\t\t\t\t<div class=\"vh-overlay\" style=\"background: #252525cc;border-radius: 5px 5px 0 0;\">\n\t\t\t\t\t\t<img decoding=\"async\" src=\"https:\/\/staging.casinoalto.com\/ar\/wp-content\/uploads\/sites\/2\/2019\/02\/nirvana.jpg\" alt=\"Nirvana online gratis &#8211; Demo\" title=\"Nirvana online gratis &#8211; Demo\" class=\"entered lazyloaded\" style=\"max-width: 100%;\">\n\t\t\t\t\t\t<span class=\"play-now\" style=\"background: #FFB80C;border-radius: 5px;;\">Jugar<\/span>\n\t\t\t\t\t<\/div>\n\t\t\t\t<\/a>\n\t\t\t\t<div class=\"vh-game-title\" style=\"border-radius: 0 0 5px 5px;\">Nirvana online gratis &#8211; Demo<\/div>\n\t\t\t<\/div><div id=\"game-141898\" class=\"vh-item\" style=\"width: 25%;\">\n\t\t\t\t<a href=\"https:\/\/staging.casinoalto.com\/ar\/juego\/pai-gow-poker\/\" class=\"vh-thumb-link\">\n\t\t\t\t\t<div class=\"vh-overlay\" style=\"background: #252525cc;border-radius: 5px 5px 0 0;\">\n\t\t\t\t\t\t<img decoding=\"async\" src=\"https:\/\/staging.casinoalto.com\/ar\/wp-content\/uploads\/sites\/2\/2018\/01\/paig-gow-poker.webp\" alt=\"Pai Gow Poker online gratis &#8211; Demo\" title=\"Pai Gow Poker online gratis &#8211; Demo\" class=\"entered lazyloaded\" style=\"max-width: 100%;\">\n\t\t\t\t\t\t<span class=\"play-now\" style=\"background: #FFB80C;border-radius: 5px;;\">Jugar<\/span>\n\t\t\t\t\t<\/div>\n\t\t\t\t<\/a>\n\t\t\t\t<div class=\"vh-game-title\" style=\"border-radius: 0 0 5px 5px;\">Pai Gow Poker online gratis &#8211; Demo<\/div>\n\t\t\t<\/div><div id=\"game-141806\" class=\"vh-item\" style=\"width: 25%;\">\n\t\t\t\t<a href=\"https:\/\/staging.casinoalto.com\/ar\/juego\/ruleta-americana\/\" class=\"vh-thumb-link\">\n\t\t\t\t\t<div class=\"vh-overlay\" style=\"background: #252525cc;border-radius: 5px 5px 0 0;\">\n\t\t\t\t\t\t<img decoding=\"async\" src=\"https:\/\/staging.casinoalto.com\/ar\/wp-content\/uploads\/sites\/2\/2019\/02\/ruleta-americana-online-playtech.webp\" alt=\"Ruleta americana online gratis &#8211; Demo\" title=\"Ruleta americana online gratis &#8211; Demo\" class=\"entered lazyloaded\" style=\"max-width: 100%;\">\n\t\t\t\t\t\t<span class=\"play-now\" style=\"background: #FFB80C;border-radius: 5px;;\">Jugar<\/span>\n\t\t\t\t\t<\/div>\n\t\t\t\t<\/a>\n\t\t\t\t<div class=\"vh-game-title\" style=\"border-radius: 0 0 5px 5px;\">Ruleta americana online gratis &#8211; Demo<\/div>\n\t\t\t<\/div><div id=\"game-141843\" class=\"vh-item\" style=\"width: 25%;\">\n\t\t\t\t<a href=\"https:\/\/staging.casinoalto.com\/ar\/juego\/ruleta-europea\/\" class=\"vh-thumb-link\">\n\t\t\t\t\t<div class=\"vh-overlay\" style=\"background: #252525cc;border-radius: 5px 5px 0 0;\">\n\t\t\t\t\t\t<img decoding=\"async\" src=\"https:\/\/staging.casinoalto.com\/ar\/wp-content\/uploads\/sites\/2\/2019\/02\/ruleta-europea-online.webp\" alt=\"Ruleta europea online gratis &#8211; Demo\" title=\"Ruleta europea online gratis &#8211; Demo\" class=\"entered lazyloaded\" style=\"max-width: 100%;\">\n\t\t\t\t\t\t<span class=\"play-now\" style=\"background: #FFB80C;border-radius: 5px;;\">Jugar<\/span>\n\t\t\t\t\t<\/div>\n\t\t\t\t<\/a>\n\t\t\t\t<div class=\"vh-game-title\" style=\"border-radius: 0 0 5px 5px;\">Ruleta europea online gratis &#8211; Demo<\/div>\n\t\t\t<\/div><div id=\"game-141855\" class=\"vh-item\" style=\"width: 25%;\">\n\t\t\t\t<a href=\"https:\/\/staging.casinoalto.com\/ar\/juego\/ruleta-francesa\/\" class=\"vh-thumb-link\">\n\t\t\t\t\t<div class=\"vh-overlay\" style=\"background: #252525cc;border-radius: 5px 5px 0 0;\">\n\t\t\t\t\t\t<img decoding=\"async\" src=\"https:\/\/staging.casinoalto.com\/ar\/wp-content\/uploads\/sites\/2\/2018\/08\/Ruleta-Francesa-Online.webp\" alt=\"Ruleta francesa online gratis &#8211; Demo\" title=\"Ruleta francesa online gratis &#8211; Demo\" class=\"entered lazyloaded\" style=\"max-width: 100%;\">\n\t\t\t\t\t\t<span class=\"play-now\" style=\"background: #FFB80C;border-radius: 5px;;\">Jugar<\/span>\n\t\t\t\t\t<\/div>\n\t\t\t\t<\/a>\n\t\t\t\t<div class=\"vh-game-title\" style=\"border-radius: 0 0 5px 5px;\">Ruleta francesa online gratis &#8211; Demo<\/div>\n\t\t\t<\/div><div id=\"game-150885\" class=\"vh-item\" style=\"width: 25%;\">\n\t\t\t\t<a href=\"https:\/\/staging.casinoalto.com\/ar\/juego\/ruleta-inglesa\/\" class=\"vh-thumb-link\">\n\t\t\t\t\t<div class=\"vh-overlay\" style=\"background: #252525cc;border-radius: 5px 5px 0 0;\">\n\t\t\t\t\t\t<img decoding=\"async\" src=\"https:\/\/staging.casinoalto.com\/ar\/wp-content\/uploads\/sites\/2\/2019\/02\/ruleta-inglesa.jpg\" alt=\"Ruleta inglesa online gratis &#8211; Demo\" title=\"Ruleta inglesa online gratis &#8211; Demo\" class=\"entered lazyloaded\" style=\"max-width: 100%;\">\n\t\t\t\t\t\t<span class=\"play-now\" style=\"background: #FFB80C;border-radius: 5px;;\">Jugar<\/span>\n\t\t\t\t\t<\/div>\n\t\t\t\t<\/a>\n\t\t\t\t<div class=\"vh-game-title\" style=\"border-radius: 0 0 5px 5px;\">Ruleta inglesa online gratis &#8211; Demo<\/div>\n\t\t\t<\/div><div id=\"game-144785\" class=\"vh-item\" style=\"width: 25%;\">\n\t\t\t\t<a href=\"https:\/\/staging.casinoalto.com\/ar\/juego\/ruleta\/\" class=\"vh-thumb-link\">\n\t\t\t\t\t<div class=\"vh-overlay\" style=\"background: #252525cc;border-radius: 5px 5px 0 0;\">\n\t\t\t\t\t\t<img decoding=\"async\" src=\"https:\/\/staging.casinoalto.com\/ar\/wp-content\/uploads\/sites\/2\/2019\/02\/Ruleta-Online.webp\" alt=\"Ruleta online gratis &#8211; Demo\" title=\"Ruleta online gratis &#8211; Demo\" class=\"entered lazyloaded\" style=\"max-width: 100%;\">\n\t\t\t\t\t\t<span class=\"play-now\" style=\"background: #FFB80C;border-radius: 5px;;\">Jugar<\/span>\n\t\t\t\t\t<\/div>\n\t\t\t\t<\/a>\n\t\t\t\t<div class=\"vh-game-title\" style=\"border-radius: 0 0 5px 5px;\">Ruleta online gratis &#8211; Demo<\/div>\n\t\t\t<\/div><div id=\"game-10061966\" class=\"vh-item\" style=\"width: 25%;\">\n\t\t\t\t<a href=\"https:\/\/staging.casinoalto.com\/ar\/juego\/spaceman-crash\/\" class=\"vh-thumb-link\">\n\t\t\t\t\t<div class=\"vh-overlay\" style=\"background: #252525cc;border-radius: 5px 5px 0 0;\">\n\t\t\t\t\t\t<img decoding=\"async\" src=\"https:\/\/staging.casinoalto.com\/ar\/wp-content\/uploads\/sites\/2\/2025\/11\/spaceman.webp\" alt=\"Spaceman\" title=\"Spaceman\" class=\"entered lazyloaded\" style=\"max-width: 100%;\">\n\t\t\t\t\t\t<span class=\"play-now\" style=\"background: #FFB80C;border-radius: 5px;;\">Jugar<\/span>\n\t\t\t\t\t<\/div>\n\t\t\t\t<\/a>\n\t\t\t\t<div class=\"vh-game-title\" style=\"border-radius: 0 0 5px 5px;\">Spaceman<\/div>\n\t\t\t<\/div><\/div>\n<h2>Juegos de casino gratis sin descargas ni registros<\/h2>\n<p>Pon a prueba tus habilidades y tu destreza antes de poner en juego tu dinero en los casinos online de Argentina. Gracias a las versiones demo de los juegos que encontrar\u00e1s aqu\u00ed podr\u00e1s practicar de forma completamente gratuita.<\/p>\n<p>Adem\u00e1s todo ello sin ninguna obligaci\u00f3n de nada. Todos son juegos de casino sin descargas ni registros. Tan solo entra en tu preferido y a jugar.<\/p>\n<p>En la parte superior podr\u00e1s encontrar la barra en la que elegir el tipo de juego, el proveedor del juego o directamente buscar el que m\u00e1s te interese por su nombre.<\/p>\n<h2>Prueba una gran variedad de juegos de casino<\/h2>\n<p>En Casino Alto podr\u00e1s probar tu fortuna o tu habilidad en una amplia selecci\u00f3n de juegos de casino, abarcando diferentes alternativas y modalidades para que llegues al casino online completamente preparado para la acci\u00f3n.<\/p>\n<p>La lista de juegos gratis es la siguiente:<\/p>\n<ul>\n<li>M\u00e1s de 100\u00a0tragamonedas gratis de diferente n\u00famero de rodillos (cinco, tres y algunas especiales)<\/li>\n<li>Juegos de <a href=\"\/ar\/juego\/blackjack\/\">Blackjack en versi\u00f3n demo<\/a><\/li>\n<li>Juegos de Poker o V\u00eddeo Poker<\/li>\n<li>Juegos de <a href=\"\/ar\/juego\/ruleta\/\">Ruleta para jugar en demo<\/a><\/li>\n<li>M\u00e1s de 10 juegos especiales como rasca y gana, baccarat o juegos de mesa en versi\u00f3n demo<\/li>\n<\/ul>\n<p>Unos 200 juegos gratis en total con los que pasar grandes horas de diversi\u00f3n y poder practicar.<\/p>\n<h2>\u00bfC\u00f3mo puedo jugar a juegos de casino con dinero real?<\/h2>\n<p>En esta secci\u00f3n solo encontrar\u00e1s juegos gratis, en los que no ser\u00e1 posible apostar dinero.<\/p>\n<p>Sin embargo en Casino Alto podr\u00e1s encontrar una amplia selecci\u00f3n de casinos donde probar tu fortuna apostando. Para empezar puedes probar con los bonos de casino sin dep\u00f3sito, con los que recibir\u00e1s una cantidad gratis para arrancar tus primeras partidas.<\/p>\n<p>Una vez hayas cogido ritmo de juego, busca el <a href=\"\/ar\/bonos-de-bienvenida\/\">bono de bienvenida de casino<\/a> que mejor se adapte a ti, y l\u00e1nzate a las mesas de juego. Eso s\u00ed, recuerda hacerlo siempre con responsabilidad.<\/p>\n<p>Podr\u00e1s conseguir multitud de bonos depositando en alguno de los <a href=\"https:\/\/casinoalto.com\/ar\/metodos-de-pago\/\" target=\"_blank\" rel=\"noopener\">m\u00e9todos de pago ofrecidos por los casinos en l\u00ednea,<\/a> incluidos algunos tan populares en Argentina como el <a href=\"\/ar\/metodos-de-pago\/mercadopago\/\">sistema de Mercado Pago para casinos<\/a> o Rapipago.<\/p>\n<h2>\u00bfSe puede jugar desde el m\u00f3vil a los juegos?<\/h2>\n<p>Lamentablemente, solo algunos de los juegos est\u00e1n disponibles en versi\u00f3n m\u00f3vil, estando el resto enfocados solo a los jugadores que prueban suerte desde el ordenador.<\/p>\n<p>Esto se debe a la tecnolog\u00eda Flash, un sistema multimedia usado en la mayor\u00eda de juegos de casino algo obsoleto, que solo es adaptable a escritorio y no puede ser repoducido desde el m\u00f3vil.<\/p>\n<p>Sin embargo algunos proveedores como NetEnt est\u00e1n apostando por otras tecnolog\u00edas como HTML5, siendo estas versiones demo jugables en tu dispositivo m\u00f3vil.<\/p>\n<p>Por ello, nuestra recomendaci\u00f3n si est\u00e1s accediendo desde el m\u00f3vil es que utilices el filtro de juegos de la parte superior y selecciones los del proveedor &#8220;NetEnt&#8221;.<\/p>\n<h2>Los proveedores de juegos de casino<\/h2>\n<p>En Casino Alto trabajamos con dos proveedores para las versiones demo de nuestros juegos de casino gratis, presentes en los <a href=\"https:\/\/casinoalto.com\/ar\/casinos-online\/\" target=\"_blank\" rel=\"noopener\">principales casinos online del pa\u00eds<\/a>. Estos son Playtech y NetEnt.<\/p>\n<h3>Playtech<\/h3>\n<p>La compa\u00f1\u00eda Playtech empez\u00f3 a funcionar en el a\u00f1o 1999, y hoy d\u00eda es una de las empresas m\u00e1s grandes del mundo en juegos de casino. Ofrecen una de las gamas m\u00e1s grandes de todas, con variedades de slots, blackjack, ruletas y mucho m\u00e1s.<\/p>\n<p>Adem\u00e1s los juegos\u00a0de Playtech han sido premiados en m\u00e1s de una ocasi\u00f3n por su seguridad y fiabilidad. Todos sus juegos son testados y certificados por TST (Technical Systems Testing), y cuentan con un sistema de generador de n\u00fameros aleatorios.<\/p>\n<p>Entre los juegos m\u00e1s famosos de Playtech algunas de sus tragamonedas como Great Blue, A Night Out, Age of the Gods o Buffalo Blitz.<\/p>\n<h3>NetEnt<\/h3>\n<p>La otra variante de juegos es ofrecida por otro referente como NetEnt. Fundada en 1996, cuenta con el reconocimiento mundial de diversos organismos del juego, as\u00ed como con las licencias correspondientes para operar y seguir desarrollando juegos de casino.<\/p>\n<p>Destacan en el uso de tecnolog\u00edas y software de lo m\u00e1s innovador, siendo l\u00edderes y pioneros en este aspecto en el mercado mundial de juegos. Est\u00e1n presentes en un gran n\u00famero de casinos online, y adem\u00e1s puedes encontrar juegos adaptados a los casinos m\u00f3viles.<\/p>\n<p>Los juegos de NetEnt m\u00e1s destacados que puedes jugar en Casino Alto son Starburst, Gonzo&#8217;s Quest, Motorhead o Aloha.<\/p>\n","protected":false},"excerpt":{"rendered":"<p>\u00bfQuieres practicar en tus juegos favoritos pero no quieres arriesgar tu dinero? Si la respuesta es afirmativa, esta es tu p\u00e1gina. En la secci\u00f3n de juegos de Casino Alto podr\u00e1s encontrar la mejor selecci\u00f3n de juegos de casino gratis con nuestras versiones demo. Juegos de casino gratis sin descargas ni registros Pon a prueba tus [&hellip;]<\/p>\n","protected":false},"author":18,"featured_media":0,"parent":0,"menu_order":0,"comment_status":"closed","ping_status":"closed","template":"page-no-sidebar.php","meta":{"_acf_changed":false,"footnotes":""},"class_list":["post-10060985","page","type-page","status-publish","hentry"],"acf":[],"_links":{"self":[{"href":"https:\/\/staging.casinoalto.com\/ar\/wp-json\/wp\/v2\/pages\/10060985","targetHints":{"allow":["GET"]}}],"collection":[{"href":"https:\/\/staging.casinoalto.com\/ar\/wp-json\/wp\/v2\/pages"}],"about":[{"href":"https:\/\/staging.casinoalto.com\/ar\/wp-json\/wp\/v2\/types\/page"}],"author":[{"embeddable":true,"href":"https:\/\/staging.casinoalto.com\/ar\/wp-json\/wp\/v2\/users\/18"}],"replies":[{"embeddable":true,"href":"https:\/\/staging.casinoalto.com\/ar\/wp-json\/wp\/v2\/comments?post=10060985"}],"version-history":[{"count":10,"href":"https:\/\/staging.casinoalto.com\/ar\/wp-json\/wp\/v2\/pages\/10060985\/revisions"}],"predecessor-version":[{"id":10061839,"href":"https:\/\/staging.casinoalto.com\/ar\/wp-json\/wp\/v2\/pages\/10060985\/revisions\/10061839"}],"wp:attachment":[{"href":"https:\/\/staging.casinoalto.com\/ar\/wp-json\/wp\/v2\/media?parent=10060985"}],"curies":[{"name":"wp","href":"https:\/\/api.w.org\/{rel}","templated":true}]}}