{"id":10061100,"date":"2024-10-01T11:47:15","date_gmt":"2024-10-01T11:47:15","guid":{"rendered":"https:\/\/casinoalto.com\/ar\/?page_id=10061100"},"modified":"2026-01-27T15:27:21","modified_gmt":"2026-01-27T15:27:21","slug":"codigo-promocional-20bet","status":"publish","type":"page","link":"https:\/\/staging.casinoalto.com\/ar\/codigos\/codigo-promocional-20bet\/","title":{"rendered":"C\u00f3digo Promocional 20bet"},"content":{"rendered":"<p>Las opciones de juego con las que cuenta <a href=\"\/ar\/casinos-online\/20bet\/\">un casino confiable como 20bet<\/a> en su oferta es una de las mejores noticias que pueden llevarse los fan\u00e1ticos de los juegos de apuestas del mercado argentino. En especial aquellos jugadores que se hayan unido recientemente a esta opci\u00f3n de entretenimiento y que quieran probar las mieles de los juegos de azar de manera regular.<\/p>\n<p>No hay duda de que este <a href=\"\/ar\/casinos-online\/\">sitio de juegos en l\u00ednea para los argentinos<\/a> se ha hecho un hueco a nivel mundial, tambi\u00e9n por el hecho de contar con un sitio web con hasta 40 versiones diferentes en idiomas distintos. Incluso tiene versiones de una misma lengua pero adaptadas a pa\u00edses concretos donde posea un gran nicho de mercado. Argentina es uno de esos territorios.<\/p>\n<p>El dise\u00f1o de 20bet es bastante atractivo y muy visual al contar pr\u00e1cticamente con un icono diferente para cada elemento que incluyen en su home. Cuenta con todas las licencias otorgadas para operar a nivel internacional y eso ofrece mucha seguridad al usuario, adem\u00e1s de poner bastante f\u00e1cil el acceso a su app tanto para dispositivos Android como iOS.<\/p>\n<p>Pero al margen de todo esto, 20bet tambi\u00e9n destaca por su paquete de bienvenida, el cual te vamos a detallar a continuaci\u00f3n. Un paquete que consta de <strong>recibir hasta 100.000 pesos argentinos m\u00e1s un total de 120 giros en los juegos seleccionados por el casino<\/strong>, una oportunidad que no puedes dejar pasar.<\/p>\n<p><em>Pasos a seguir para obtener el bono:<\/em><\/p>\n<ul>\n<li>Reg\u00edstrate en la plataforma y completa el formulario con tus datos a trav\u00e9s de nuestros enlaces.<\/li>\n<li>Selecciona el bono de bienvenida de hasta 100.000 ARS para casino.<\/li>\n<li>Realiza tu primer dep\u00f3sito con la <a href=\"\/ar\/metodos-de-pago\/\">lista de m\u00e9todos de pago para casinos<\/a> a trav\u00e9s del c\u00f3digo promocional de 20bet.<\/li>\n<li>Visita la pesta\u00f1a \u201cpromociones activas\u201d de tu cuenta y activa los giros gratuitos.<\/li>\n<li>La promoci\u00f3n al completo ser\u00e1 asignada a tu usuario una vez seguidos estos pasos.<\/li>\n<\/ul>\n<p>Para obtener este <a href=\"\/ar\/bonos-de-bienvenida\/\">bono de bienvenida de primer dep\u00f3sito<\/a>, tienes que registrarte como nuevo jugador (los que ya lo sean no podr\u00e1n acceder a este), activar la recepci\u00f3n del dinero del bono y de las tiradas gratis y <strong>realizar un primer dep\u00f3sito de al menos 9.000 pesos<\/strong>. Tras ello la bonificaci\u00f3n estar\u00e1 disponible para usar en tus juegos preferidos.<\/p>\n<p>La activaci\u00f3n de la bonificaci\u00f3n puede realizarse desde la pantalla de registro o desde la de primer dep\u00f3sito. En caso de no hacerlo en ninguna de las dos por error, puedes contactar con el servicio de atenci\u00f3n al cliente de 20bet para que te ayuden. Por su parte, los giros gratis se aceptan desde la pesta\u00f1a \u201cpromociones activas\u201d de la cuenta personal.<\/p>\n<p>Los 120 giros gratis no se otorgan de golpe, sino que <strong>cada 24 horas los ir\u00e1s recibiendo de 30 en 30 hasta completar el n\u00famero total<\/strong>. Estos solo son usables para el juego de slot \u201cElvis Frog in Vegas\u201d, si bien el casino puede ir variando el juego en funci\u00f3n del momento en que realices el registro.<\/p>\n<p>Todos los bonos de dep\u00f3sito deben canjearse reinvirtiendo\u00a0<strong>el importe del bono x40 veces en un plazo de 14 d\u00edas<\/strong>. Esto aplica tanto para el dinero general de la oferta como para las ganancias obtenidas de las tiradas gratuitas.<\/p>\n<p>Al margen de estas condiciones, hay otros l\u00edmites interesante a conocer con este c\u00f3digo promocional de 20bet:<\/p>\n<ul>\n<li>Apuesta m\u00e1xima: 5.000 ARS<\/li>\n<li>Contribuci\u00f3n de los juegos: slots 100% (salvo los t\u00edtulos indicados en las condiciones de la promo) y juegos de mesa y en vivo 0%.<\/li>\n<\/ul>\n<p>Este bono solo puede entregarse una vez por persona y ser\u00e1 eliminado de la cuenta del jugador en caso de que este solicite una retirada sin haber cumplido con todas las condiciones expuestas por el casino. Si realizas un uso indebido o abusivo de la promoci\u00f3n, 20bet tambi\u00e9n se reserva el derecho a eliminarla.<\/p>\n<p>Pod\u00e9s ver otras rese\u00f1as con <a href=\"https:\/\/casinoalto.com\/ar\/\" target=\"_blank\" rel=\"noopener\">Casino Alto Argentina<\/a>.<\/p>\n","protected":false},"excerpt":{"rendered":"<p>Las opciones de juego con las que cuenta un casino confiable como 20bet en su oferta es una de las mejores noticias que pueden llevarse los fan\u00e1ticos de los juegos de apuestas del mercado argentino. En especial aquellos jugadores que se hayan unido recientemente a esta opci\u00f3n de entretenimiento y que quieran probar las mieles [&hellip;]<\/p>\n","protected":false},"author":18,"featured_media":0,"parent":152134,"menu_order":0,"comment_status":"closed","ping_status":"closed","template":"single_codigo.php","meta":{"_acf_changed":false,"footnotes":""},"class_list":["post-10061100","page","type-page","status-publish","hentry"],"acf":[],"_links":{"self":[{"href":"https:\/\/staging.casinoalto.com\/ar\/wp-json\/wp\/v2\/pages\/10061100","targetHints":{"allow":["GET"]}}],"collection":[{"href":"https:\/\/staging.casinoalto.com\/ar\/wp-json\/wp\/v2\/pages"}],"about":[{"href":"https:\/\/staging.casinoalto.com\/ar\/wp-json\/wp\/v2\/types\/page"}],"author":[{"embeddable":true,"href":"https:\/\/staging.casinoalto.com\/ar\/wp-json\/wp\/v2\/users\/18"}],"replies":[{"embeddable":true,"href":"https:\/\/staging.casinoalto.com\/ar\/wp-json\/wp\/v2\/comments?post=10061100"}],"version-history":[{"count":5,"href":"https:\/\/staging.casinoalto.com\/ar\/wp-json\/wp\/v2\/pages\/10061100\/revisions"}],"predecessor-version":[{"id":10061832,"href":"https:\/\/staging.casinoalto.com\/ar\/wp-json\/wp\/v2\/pages\/10061100\/revisions\/10061832"}],"up":[{"embeddable":true,"href":"https:\/\/staging.casinoalto.com\/ar\/wp-json\/wp\/v2\/pages\/152134"}],"wp:attachment":[{"href":"https:\/\/staging.casinoalto.com\/ar\/wp-json\/wp\/v2\/media?parent=10061100"}],"curies":[{"name":"wp","href":"https:\/\/api.w.org\/{rel}","templated":true}]}}