{"id":10061131,"date":"2024-10-08T18:30:34","date_gmt":"2024-10-08T18:30:34","guid":{"rendered":"https:\/\/casinoalto.com\/ar\/?page_id=10061131"},"modified":"2026-03-11T18:11:14","modified_gmt":"2026-03-11T18:11:14","slug":"chubut","status":"publish","type":"page","link":"https:\/\/staging.casinoalto.com\/ar\/chubut\/","title":{"rendered":"Casinos online en Chubut"},"content":{"rendered":"<p>La plataforma de <a href=\"\/ar\/\">Casino Alto<\/a> trata de ofrecer la mayor informaci\u00f3n posible a los jugadores argentinos acerca de la situaci\u00f3n del juego online en su pa\u00eds. Y por eso es que analiza provincia por provincia tratando de buscar los \u00faltimos movimientos en lo que a la regulaci\u00f3n del sector se refiere.<\/p>\n<p>Esto se debe a que desde hace varios a\u00f1os <strong>el gobierno central cede las competencias en juegos de azar a cada departamento para que estos regulen la actividad libremente<\/strong>. Hay algunos que han decidido aprobar el juego en l\u00ednea y otros que todav\u00eda se muestran reticentes a ello.<\/p>\n<p>La ausencia de un reglamento a nivel nacional dificulta la labor de los apostadores, que seg\u00fan su localizaci\u00f3n pueden jugar desde casa o no. Pero esto a la vez tambi\u00e9n refleja la falta de consenso que existe entre las provincias ante la incapacidad de llegar a un acuerdo.<\/p>\n<p>Por ello la situaci\u00f3n en torno a los <a href=\"\/ar\/casinos-online\/\">casinos online de Argentina<\/a> es tan compleja y merece un an\u00e1lisis en cada territorio. En este caso nos vamos a sumergir en el juego online de Chubut.<\/p>\n<div id=\"ez-toc-container\" class=\"ez-toc-v2_0_82_2 counter-hierarchy ez-toc-counter ez-toc-custom ez-toc-container-direction\">\n<div class=\"ez-toc-title-container\">\n<p class=\"ez-toc-title\" style=\"cursor:inherit\">Tabla de contenidos<\/p>\n<span class=\"ez-toc-title-toggle\"><a href=\"#\" class=\"ez-toc-pull-right ez-toc-btn ez-toc-btn-xs ez-toc-btn-default ez-toc-toggle\" aria-label=\"Toggle Table of Content\"><span class=\"ez-toc-js-icon-con\"><span class=\"\"><span class=\"eztoc-hide\" style=\"display:none;\">Toggle<\/span><span class=\"ez-toc-icon-toggle-span\"><svg style=\"fill: #999;color:#999\" xmlns=\"http:\/\/www.w3.org\/2000\/svg\" class=\"list-377408\" width=\"20px\" height=\"20px\" viewBox=\"0 0 24 24\" fill=\"none\"><path d=\"M6 6H4v2h2V6zm14 0H8v2h12V6zM4 11h2v2H4v-2zm16 0H8v2h12v-2zM4 16h2v2H4v-2zm16 0H8v2h12v-2z\" fill=\"currentColor\"><\/path><\/svg><svg style=\"fill: #999;color:#999\" class=\"arrow-unsorted-368013\" xmlns=\"http:\/\/www.w3.org\/2000\/svg\" width=\"10px\" height=\"10px\" viewBox=\"0 0 24 24\" version=\"1.2\" baseProfile=\"tiny\"><path d=\"M18.2 9.3l-6.2-6.3-6.2 6.3c-.2.2-.3.4-.3.7s.1.5.3.7c.2.2.4.3.7.3h11c.3 0 .5-.1.7-.3.2-.2.3-.5.3-.7s-.1-.5-.3-.7zM5.8 14.7l6.2 6.3 6.2-6.3c.2-.2.3-.5.3-.7s-.1-.5-.3-.7c-.2-.2-.4-.3-.7-.3h-11c-.3 0-.5.1-.7.3-.2.2-.3.5-.3.7s.1.5.3.7z\"\/><\/svg><\/span><\/span><\/span><\/a><\/span><\/div>\n<nav><ul class='ez-toc-list ez-toc-list-level-1 eztoc-toggle-hide-by-default' ><li class='ez-toc-page-1 ez-toc-heading-level-2'><a class=\"ez-toc-link ez-toc-heading-1\" href=\"https:\/\/staging.casinoalto.com\/ar\/chubut\/#%C2%BFSon-legales-los-sitios-de-juegos-online-en-Chubut\" >\u00bfSon legales los sitios de juegos online en Chubut?<\/a><\/li><li class='ez-toc-page-1 ez-toc-heading-level-2'><a class=\"ez-toc-link ez-toc-heading-2\" href=\"https:\/\/staging.casinoalto.com\/ar\/chubut\/#%C2%BFEs-seguro-jugar-en-casinos-en-linea-en-Chubut\" >\u00bfEs seguro jugar en casinos en l\u00ednea en Chubut?<\/a><\/li><li class='ez-toc-page-1 ez-toc-heading-level-2'><a class=\"ez-toc-link ez-toc-heading-3\" href=\"https:\/\/staging.casinoalto.com\/ar\/chubut\/#%C2%BFQue-futuro-le-espera-a-los-operadores-de-juego-online-en-Chubut\" >\u00bfQu\u00e9 futuro le espera a los operadores de juego online en Chubut?<\/a><\/li><\/ul><\/nav><\/div>\n<h2><span class=\"ez-toc-section\" id=\"%C2%BFSon-legales-los-sitios-de-juegos-online-en-Chubut\"><\/span>\u00bfSon legales los sitios de juegos online en Chubut?<span class=\"ez-toc-section-end\"><\/span><\/h2>\n<p><img loading=\"lazy\" decoding=\"async\" class=\"alignleft wp-image-10061358\" src=\"https:\/\/casinoalto.com\/ar\/wp-content\/uploads\/sites\/2\/2024\/12\/chubut-300x171.jpg\" alt=\"casinos chubut\" width=\"400\" height=\"229\" srcset=\"https:\/\/staging.casinoalto.com\/ar\/wp-content\/uploads\/sites\/2\/2024\/12\/chubut-300x171.jpg 300w, https:\/\/staging.casinoalto.com\/ar\/wp-content\/uploads\/sites\/2\/2024\/12\/chubut-70x40.jpg 70w, https:\/\/staging.casinoalto.com\/ar\/wp-content\/uploads\/sites\/2\/2024\/12\/chubut-140x80.jpg 140w, https:\/\/staging.casinoalto.com\/ar\/wp-content\/uploads\/sites\/2\/2024\/12\/chubut-236x135.jpg 236w, https:\/\/staging.casinoalto.com\/ar\/wp-content\/uploads\/sites\/2\/2024\/12\/chubut.jpg 700w\" sizes=\"auto, (max-width: 400px) 100vw, 400px\" \/>El juego online se encuentra <strong>totalmente legalizado en la provincia de Chubut desde marzo del a\u00f1o 2022<\/strong>. Fue entonces cuando se hicieron cambios en el reglamento provincial para autorizar la presencia de operadores espec\u00edficos de esta modalidad en l\u00ednea.<\/p>\n<p data-start=\"3502\" data-end=\"3746\">El juego online en la provincia del Chubut se encuentra regulado por el <strong data-start=\"3574\" data-end=\"3635\">Instituto de Asistencia Social (IAS) \u2013 Loter\u00eda del Chubut<\/strong>, organismo que tiene la competencia para autorizar y controlar los juegos de azar en el territorio provincial.<\/p>\n<p data-start=\"3748\" data-end=\"3968\">La regulaci\u00f3n m\u00e1s reciente fue establecida mediante la <strong data-start=\"3803\" data-end=\"3820\">Ley I N.\u00ba 799<\/strong>, sancionada en 2024, que regula la actividad de los juegos de azar realizados a trav\u00e9s de sistemas electr\u00f3nicos, inform\u00e1ticos o nuevas tecnolog\u00edas.<\/p>\n<p data-start=\"3970\" data-end=\"4198\">Esta normativa establece que los juegos de azar, incluyendo aquellos ofrecidos mediante internet o plataformas digitales, solo pueden operar en la provincia cuando cuentan con <strong data-start=\"4146\" data-end=\"4197\">autorizaci\u00f3n del Instituto de Asistencia Social<\/strong>.<\/p>\n<p data-start=\"4200\" data-end=\"4409\">El objetivo principal del nuevo marco legal es ordenar el mercado del juego online, combatir el crecimiento de plataformas ilegales y garantizar mayores niveles de transparencia y protecci\u00f3n para los usuarios.<\/p>\n<h2><span class=\"ez-toc-section\" id=\"%C2%BFEs-seguro-jugar-en-casinos-en-linea-en-Chubut\"><\/span>\u00bfEs seguro jugar en casinos en l\u00ednea en Chubut?<span class=\"ez-toc-section-end\"><\/span><\/h2>\n<p>La respuesta a esta pregunta es afirmativa. Los casinos online que encontrar\u00e1s en nuestro sitio son seguros para los jugadores argentinos de Chubut, ya que todos ellos han sido analizados al detalle en una serie de par\u00e1metros concretos que creemos que son b\u00e1sicos.<\/p>\n<p>Entre estos par\u00e1metros encontramos: ofertas que no sean abusivas, cantidad y variedad de juegos, facilidad en la apertura de una cuenta, medidas de protecci\u00f3n, <a href=\"\/ar\/metodos-de-pago\/\">m\u00e9todos de pago seguros<\/a>, apartado de ayuda o adaptaci\u00f3n a celulares.<\/p>\n<p>Si eleg\u00eds con precauci\u00f3n uno de los casinos que te indicamos como seguros en todos estos aspectos, no vas a tener ning\u00fan problema. <strong>Podes optar por un casino online con autorizaci\u00f3n en Chubut o por un casino internacional que acepte jugadores de esta provincia<\/strong>.<\/p>\n<p>Para eso el casino debe contar con licencias de parte de una autoridad competente, ya sea el propio Instituto de Asistencia Social o un ente extranjero. Para mayor seguridad, revisa siempre los t\u00e9rminos y condiciones de juego antes de unirte a uno de estos operadores.<\/p>\n<h2><span class=\"ez-toc-section\" id=\"%C2%BFQue-futuro-le-espera-a-los-operadores-de-juego-online-en-Chubut\"><\/span>\u00bfQu\u00e9 futuro le espera a los operadores de juego online en Chubut?<span class=\"ez-toc-section-end\"><\/span><\/h2>\n<p data-start=\"251\" data-end=\"389\">El futuro del juego online en la provincia del Chubut est\u00e1 marcado por un proceso de <strong data-start=\"336\" data-end=\"388\">regulaci\u00f3n y formalizaci\u00f3n progresiva del sector<\/strong>.<\/p>\n<p data-start=\"391\" data-end=\"642\">En los \u00faltimos a\u00f1os, el crecimiento de las plataformas de apuestas por internet llev\u00f3 a las autoridades provinciales a avanzar en un marco legal espec\u00edfico para ordenar la actividad, combatir el juego ilegal y brindar mayores garant\u00edas a los usuarios.<\/p>\n<p data-start=\"644\" data-end=\"894\">En este contexto, la Legislatura provincial sancion\u00f3 en <strong data-start=\"700\" data-end=\"724\">2024 la Ley I N\u00ba 799<\/strong>, que establece el marco jur\u00eddico para la organizaci\u00f3n, autorizaci\u00f3n y control de los juegos de azar realizados a trav\u00e9s de plataformas digitales o sistemas electr\u00f3nicos.<\/p>\n<p data-start=\"896\" data-end=\"1136\">Esta norma dispone que todas las actividades de juego online que operen dentro de la provincia deben contar con <strong data-start=\"1008\" data-end=\"1080\">autorizaci\u00f3n del Instituto de Asistencia Social \u2013 Loter\u00eda del Chubut<\/strong>, organismo encargado de regular y fiscalizar el sector.<\/p>\n<p data-start=\"1138\" data-end=\"1343\">A partir de esta regulaci\u00f3n, el Instituto de Asistencia Social comenz\u00f3 a desarrollar un modelo de explotaci\u00f3n controlada del juego online mediante <strong data-start=\"1285\" data-end=\"1342\">plataformas autorizadas dentro del sistema provincial<\/strong>.<\/p>\n<p data-start=\"1345\" data-end=\"1575\">En 2025 se present\u00f3 oficialmente una plataforma de apuestas online desarrollada en alianza con <strong data-start=\"1440\" data-end=\"1454\">BetWarrior<\/strong>, que opera bajo la \u00f3rbita de Loter\u00eda del Chubut y forma parte del ecosistema de juego digital regulado por la provincia.<\/p>\n<p data-start=\"1577\" data-end=\"1753\">Este tipo de iniciativas buscan <strong data-start=\"1609\" data-end=\"1660\">desarrollar un mercado legal de apuestas online<\/strong>, generar recursos para programas p\u00fablicos y ofrecer un entorno m\u00e1s seguro para los usuarios.<\/p>\n<p data-start=\"1755\" data-end=\"2023\">De cara a los pr\u00f3ximos a\u00f1os, es probable que el sistema provincial contin\u00fae evolucionando con nuevas herramientas de control, avances tecnol\u00f3gicos y posibles acuerdos con operadores especializados que permitan ampliar la oferta de juego dentro del marco legal vigente.<\/p>\n<p data-start=\"2025\" data-end=\"2329\">En este escenario, todo indica que el futuro del sector en Chubut estar\u00e1 marcado por <strong data-start=\"2110\" data-end=\"2171\">un modelo regulado y supervisado por el Estado provincial<\/strong>, en el que las plataformas autorizadas operen bajo licencias otorgadas por el Instituto de Asistencia Social y bajo pol\u00edticas estrictas de juego responsable.<\/p>\n<p>Si queres conocer c\u00f3mo est\u00e1 la situaci\u00f3n del juego online en otras provincias de Argentina, podes consultar los siguientes enlaces:<\/p>\n<ul id='listaArgProvinciasShort' class='tres-columnas dos-columnas'><li><a href='https:\/\/staging.casinoalto.com\/ar\/buenos-aires\/' title='Buenos Aires'>Buenos Aires<\/a><\/li><li><a href='https:\/\/staging.casinoalto.com\/ar\/catamarca\/' title='Catamarca'>Catamarca<\/a><\/li><li><a href='https:\/\/staging.casinoalto.com\/ar\/chaco\/' title='Chaco'>Chaco<\/a><\/li><li><a href='https:\/\/staging.casinoalto.com\/ar\/cordoba\/' title='C\u00f3rdoba'>C\u00f3rdoba<\/a><\/li><li><a href='https:\/\/staging.casinoalto.com\/ar\/corrientes\/' title='Corrientes'>Corrientes<\/a><\/li><li><a href='https:\/\/staging.casinoalto.com\/ar\/entre-rios\/' title='Entre R\u00edos'>Entre R\u00edos<\/a><\/li><li><a href='https:\/\/staging.casinoalto.com\/ar\/formosa\/' title='Formosa'>Formosa<\/a><\/li><li><a href='https:\/\/staging.casinoalto.com\/ar\/jujuy\/' title='Jujuy'>Jujuy<\/a><\/li><li><a href='https:\/\/staging.casinoalto.com\/ar\/la-pampa\/' title='La Pampa'>La Pampa<\/a><\/li><li><a href='https:\/\/staging.casinoalto.com\/ar\/la-rioja\/' title='La Rioja'>La Rioja<\/a><\/li><li><a href='https:\/\/staging.casinoalto.com\/ar\/mendoza\/' title='Mendoza'>Mendoza<\/a><\/li><li><a href='https:\/\/staging.casinoalto.com\/ar\/misiones\/' title='Misiones'>Misiones<\/a><\/li><li><a href='https:\/\/staging.casinoalto.com\/ar\/neuquen\/' title='Neuqu\u00e9n'>Neuqu\u00e9n<\/a><\/li><li><a href='https:\/\/staging.casinoalto.com\/ar\/rio-negro\/' title='R\u00edo Negro'>R\u00edo Negro<\/a><\/li><li><a href='https:\/\/staging.casinoalto.com\/ar\/salta\/' title='Distrito De Salta'>Distrito De Salta<\/a><\/li><li><a href='https:\/\/staging.casinoalto.com\/ar\/san-juan\/' title='San Juan'>San Juan<\/a><\/li><li><a href='https:\/\/staging.casinoalto.com\/ar\/san-luis\/' title='San Luis'>San Luis<\/a><\/li><li><a href='https:\/\/staging.casinoalto.com\/ar\/santa-cruz\/' title='Santa Cruz'>Santa Cruz<\/a><\/li><li><a href='https:\/\/staging.casinoalto.com\/ar\/santa-fe\/' title='Santa Fe'>Santa Fe<\/a><\/li><li><a href='https:\/\/staging.casinoalto.com\/ar\/santiago-del-estero\/' title='Santiago del Estero'>Santiago del Estero<\/a><\/li><li><a href='https:\/\/staging.casinoalto.com\/ar\/tierra-del-fuego\/' title='Tierra del Fuego'>Tierra del Fuego<\/a><\/li><li><a href='https:\/\/staging.casinoalto.com\/ar\/tucuman\/' title='Tucum\u00e1n'>Tucum\u00e1n<\/a><\/li><\/ul>\n","protected":false},"excerpt":{"rendered":"<p>La plataforma de Casino Alto trata de ofrecer la mayor informaci\u00f3n posible a los jugadores argentinos acerca de la situaci\u00f3n del juego online en su pa\u00eds. Y por eso es que analiza provincia por provincia tratando de buscar los \u00faltimos movimientos en lo que a la regulaci\u00f3n del sector se refiere. Esto se debe a [&hellip;]<\/p>\n","protected":false},"author":18,"featured_media":0,"parent":0,"menu_order":0,"comment_status":"closed","ping_status":"closed","template":"estados.php","meta":{"_acf_changed":false,"footnotes":""},"class_list":["post-10061131","page","type-page","status-publish","hentry"],"acf":[],"_links":{"self":[{"href":"https:\/\/staging.casinoalto.com\/ar\/wp-json\/wp\/v2\/pages\/10061131","targetHints":{"allow":["GET"]}}],"collection":[{"href":"https:\/\/staging.casinoalto.com\/ar\/wp-json\/wp\/v2\/pages"}],"about":[{"href":"https:\/\/staging.casinoalto.com\/ar\/wp-json\/wp\/v2\/types\/page"}],"author":[{"embeddable":true,"href":"https:\/\/staging.casinoalto.com\/ar\/wp-json\/wp\/v2\/users\/18"}],"replies":[{"embeddable":true,"href":"https:\/\/staging.casinoalto.com\/ar\/wp-json\/wp\/v2\/comments?post=10061131"}],"version-history":[{"count":13,"href":"https:\/\/staging.casinoalto.com\/ar\/wp-json\/wp\/v2\/pages\/10061131\/revisions"}],"predecessor-version":[{"id":10062039,"href":"https:\/\/staging.casinoalto.com\/ar\/wp-json\/wp\/v2\/pages\/10061131\/revisions\/10062039"}],"wp:attachment":[{"href":"https:\/\/staging.casinoalto.com\/ar\/wp-json\/wp\/v2\/media?parent=10061131"}],"curies":[{"name":"wp","href":"https:\/\/api.w.org\/{rel}","templated":true}]}}