{"id":10061178,"date":"2024-10-09T15:43:58","date_gmt":"2024-10-09T15:43:58","guid":{"rendered":"https:\/\/casinoalto.com\/ar\/?page_id=10061178"},"modified":"2026-03-18T18:43:38","modified_gmt":"2026-03-18T18:43:38","slug":"san-juan","status":"publish","type":"page","link":"https:\/\/staging.casinoalto.com\/ar\/san-juan\/","title":{"rendered":"Casinos online en San Juan"},"content":{"rendered":"<p><em><strong data-start=\"9324\" data-end=\"9506\">La seguridad del juego online en San Juan depende de que la plataforma opere dentro de un marco legal confiable y de que el sistema provincial termine de implementarse plenamente<\/strong>.<\/em><\/p>\n<p>Argentina es un pa\u00eds en el que la legislaci\u00f3n del juego en l\u00ednea se regula por provincias, por lo que no hay un panorama homog\u00e9neo a nivel estatal. Actualmente <strong>parece dif\u00edcil que todas las provincias del territorio lleguen a un acuerdo com\u00fan en torno a las medidas que se deben aplicar en el sector<\/strong>.<\/p>\n<p>Son las autoridades de cada provincia las que eval\u00faan las legislaciones referentes con esta actividad en l\u00ednea, por lo que nos dimos a la tarea de revisar la informaci\u00f3n m\u00e1s actualizada de cada provincia argentina. En este texto analizamos la situaci\u00f3n de <strong>San Juan<\/strong>.<\/p>\n<h2><span class=\"ez-toc-section\" id=\"%C2%BFSon-legales-los-sitios-de-juegos-online-en-San-Juan\"><\/span>\u00bfSon legales los sitios de juegos online en San Juan?<span class=\"ez-toc-section-end\"><\/span><\/h2>\n<p><img loading=\"lazy\" decoding=\"async\" class=\"alignleft wp-image-10061367\" src=\"https:\/\/casinoalto.com\/ar\/wp-content\/uploads\/sites\/2\/2024\/12\/san-juan-300x171.jpg\" alt=\"casinos san juan\" width=\"400\" height=\"229\" srcset=\"https:\/\/staging.casinoalto.com\/ar\/wp-content\/uploads\/sites\/2\/2024\/12\/san-juan-300x171.jpg 300w, https:\/\/staging.casinoalto.com\/ar\/wp-content\/uploads\/sites\/2\/2024\/12\/san-juan-70x40.jpg 70w, https:\/\/staging.casinoalto.com\/ar\/wp-content\/uploads\/sites\/2\/2024\/12\/san-juan-140x80.jpg 140w, https:\/\/staging.casinoalto.com\/ar\/wp-content\/uploads\/sites\/2\/2024\/12\/san-juan-236x135.jpg 236w, https:\/\/staging.casinoalto.com\/ar\/wp-content\/uploads\/sites\/2\/2024\/12\/san-juan.jpg 700w\" sizes=\"auto, (max-width: 400px) 100vw, 400px\" \/><\/p>\n<p data-start=\"3773\" data-end=\"4234\">En la provincia de San Juan, el juego online dej\u00f3 de moverse en una zona completamente indefinida desde la sanci\u00f3n de la ley provincial aprobada en <strong data-start=\"3921\" data-end=\"3942\">diciembre de 2024<\/strong>. Esa norma fue impulsada para delimitar un marco legal claro para el juego en l\u00ednea, con el objetivo de regular la actividad, combatir la oferta ilegal y establecer herramientas de control sobre un mercado que ven\u00eda creciendo con fuerza en todo el pa\u00eds.<\/p>\n<p data-start=\"4236\" data-end=\"4827\">La ley establece que la <strong data-start=\"4260\" data-end=\"4291\">Caja de Acci\u00f3n Social (CAS)<\/strong> ser\u00e1 el organismo encargado de regular el juego online en la provincia, otorgar licencias, supervisar a los operadores y definir las condiciones t\u00e9cnicas y administrativas que deben cumplir las plataformas que quieran trabajar legalmente dentro de San Juan.<\/p>\n<p data-start=\"4829\" data-end=\"5307\">Ahora bien, a marzo de 2026 lo correcto no es decir que el sistema ya funciona plenamente con operadores licenciados, sino que <strong data-start=\"4956\" data-end=\"5024\">la ley ya fue sancionada y la reglamentaci\u00f3n avanz\u00f3 durante 2025<\/strong>, pero el proceso de implementaci\u00f3n todav\u00eda estuvo en su etapa final de revisi\u00f3n. La propia CAS inform\u00f3 que la redacci\u00f3n de la reglamentaci\u00f3n qued\u00f3 concluida y luego pas\u00f3 a revisi\u00f3n t\u00e9cnica, con la expectativa de terminar de aplicarla en 2026.<\/p>\n<p data-start=\"5309\" data-end=\"5659\">Por eso, hoy la forma m\u00e1s precisa de presentar la situaci\u00f3n es esta: <strong data-start=\"5378\" data-end=\"5452\">San Juan ya cuenta con una ley espec\u00edfica para regular el juego online<\/strong>, pero la puesta en funcionamiento completa del sistema licenciado todav\u00eda depende de la reglamentaci\u00f3n definitiva y de su implementaci\u00f3n pr\u00e1ctica por parte de la CAS.<\/p>\n<h2><span class=\"ez-toc-section\" id=\"Se-busca-la-seguridad-para-los-jugadores\"><\/span>Se busca la seguridad para los jugadores<span class=\"ez-toc-section-end\"><\/span><\/h2>\n<p data-start=\"5710\" data-end=\"6176\">Como parte de este nuevo marco legal, la provincia de San Juan puso el foco en la creaci\u00f3n de un entorno m\u00e1s seguro para los usuarios de plataformas de apuestas y casinos online. La l\u00f3gica de la ley y de su reglamentaci\u00f3n apunta a que, una vez implementado el sistema, las plataformas autorizadas deban operar con est\u00e1ndares t\u00e9cnicos y controles suficientes para proteger la informaci\u00f3n personal y financiera de los jugadores.<\/p>\n<p data-start=\"6178\" data-end=\"6578\">Tambi\u00e9n se prev\u00e9 que los usuarios deban registrarse dentro de un sistema con <strong data-start=\"6255\" data-end=\"6279\">identidad verificada<\/strong>, algo central para reducir riesgos de fraude, cuentas irregulares y accesos indebidos. Esta verificaci\u00f3n forma parte del enfoque preventivo de la normativa, que adem\u00e1s apunta a impedir que menores de edad puedan abrir cuentas o participar en apuestas online.<\/p>\n<p data-start=\"6580\" data-end=\"7181\">Otro punto importante del esquema sanjuanino es la intenci\u00f3n de reforzar el <strong data-start=\"6656\" data-end=\"6677\">juego responsable<\/strong>. La regulaci\u00f3n fue planteada desde el inicio con una preocupaci\u00f3n especial por la ludopat\u00eda y por el acceso de menores a las plataformas digitales. En esa l\u00ednea, durante 2025 tambi\u00e9n se reforz\u00f3 el monitoreo sobre apuestas ilegales y la provincia inform\u00f3 que hab\u00eda detectado <strong data-start=\"6952\" data-end=\"7000\">m\u00e1s de 300 sitios de apuestas no autorizados<\/strong>, lo que muestra que la seguridad del usuario no depende solo de la tecnolog\u00eda, sino tambi\u00e9n del control estatal sobre la oferta clandestina.<\/p>\n<p data-start=\"7183\" data-end=\"7557\">Adem\u00e1s, la normativa prev\u00e9 restricciones sobre la publicidad y controles espec\u00edficos para evitar que personas en situaci\u00f3n de vulnerabilidad utilicen fondos inadecuados para apostar, manteniendo as\u00ed la idea original del art\u00edculo pero dentro de una formulaci\u00f3n m\u00e1s ajustada al esp\u00edritu actual de la ley y de la reglamentaci\u00f3n en curso.<\/p>\n<h2><span class=\"ez-toc-section\" id=\"El-futuro-que-se-preve\"><\/span>El futuro que se prev\u00e9<span class=\"ez-toc-section-end\"><\/span><\/h2>\n<p data-start=\"7590\" data-end=\"7965\">El futuro del juego online en San Juan est\u00e1 ligado a la <strong data-start=\"7646\" data-end=\"7702\">implementaci\u00f3n progresiva del nuevo sistema regulado<\/strong>. La sanci\u00f3n de la ley en diciembre de 2024 fue un paso importante, pero durante 2025 la provincia sigui\u00f3 trabajando en la reglamentaci\u00f3n t\u00e9cnica y operativa necesaria para que el esquema pueda funcionar de manera efectiva.<\/p>\n<p data-start=\"7967\" data-end=\"8394\"><span data-start=\"8169\" data-end=\"8280\">La<\/span><strong data-start=\"8169\" data-end=\"8280\"> CAS termin\u00f3 la redacci\u00f3n de la reglamentaci\u00f3n y atraves\u00f3 su etapa final de revisi\u00f3n t\u00e9cnica durante 2025<\/strong>, con la perspectiva de avanzar en la aplicaci\u00f3n del sistema durante 2026.<\/p>\n<p data-start=\"8396\" data-end=\"8824\">En t\u00e9rminos de pol\u00edtica p\u00fablica, la provincia viene sosteniendo que el objetivo no es solamente abrir un mercado nuevo, sino hacerlo con herramientas que permitan combatir el juego ilegal, reducir la exposici\u00f3n de menores a las apuestas y reforzar el juego responsable. Ese enfoque aparece de manera consistente tanto en la ley como en las declaraciones de la CAS sobre la reglamentaci\u00f3n.<\/p>\n<p data-start=\"8826\" data-end=\"9226\">De cara a los pr\u00f3ximos meses, todo indica que San Juan avanzar\u00e1 hacia un esquema en el que las licencias, la supervisi\u00f3n de operadores y los controles t\u00e9cnicos queden plenamente operativos, permitiendo que el juego online funcione dentro de un entorno legal m\u00e1s claro, con mayores niveles de trazabilidad y con intervenci\u00f3n directa de la Caja de Acci\u00f3n Social.<\/p>\n<h2><span class=\"ez-toc-section\" id=\"%C2%BFEs-seguro-jugar-en-casinos-en-linea-en-San-Juan\"><\/span>\u00bfEs seguro jugar en casinos en l\u00ednea en San Juan?<span class=\"ez-toc-section-end\"><\/span><\/h2>\n<p data-start=\"9286\" data-end=\"9862\">Hoy, la respuesta m\u00e1s prudente es que <strong data-start=\"9324\" data-end=\"9506\">la seguridad del juego online en San Juan depende de que la plataforma opere dentro de un marco legal confiable y de que el sistema provincial termine de implementarse plenamente<\/strong>.\u00a0 A marzo de 2026, la provincia todav\u00eda se encuentra terminando de consolidar su esquema propio de regulaci\u00f3n y licencias.<\/p>\n<p data-start=\"9864\" data-end=\"10337\">El usuario debe revisar ciertos puntos b\u00e1sicos antes de jugar: la aceptaci\u00f3n de <strong data-start=\"10003\" data-end=\"10022\">m\u00e9todos de pago<\/strong> compatibles con San Juan, la posibilidad de operar en moneda local, la calidad de la <strong data-start=\"10108\" data-end=\"10131\">atenci\u00f3n al cliente<\/strong> y la experiencia desde <strong data-start=\"10155\" data-end=\"10168\">celulares<\/strong> o pantallas peque\u00f1as. Esos criterios siguen siendo \u00fatiles para evaluar cualquier plataforma desde el punto de vista del usuario.<\/p>\n<p data-start=\"10339\" data-end=\"10805\">Lo correcto hoy es aclarar que en San Juan la referencia principal de seguridad jur\u00eddica ser\u00e1, una vez completada la implementaci\u00f3n, la <strong data-start=\"10525\" data-end=\"10579\">autorizaci\u00f3n otorgada por la Caja de Acci\u00f3n Social<\/strong>.<\/p>\n<p data-start=\"10807\" data-end=\"11298\">Por eso, la recomendaci\u00f3n m\u00e1s s\u00f3lida para un jugador sanjuanino es mantenerse atento a la evoluci\u00f3n de la reglamentaci\u00f3n provincial, priorizar plataformas con buena reputaci\u00f3n, pol\u00edticas de privacidad claras, medios de pago seguros y atenci\u00f3n al cliente eficiente, y distinguir siempre entre una plataforma accesible desde internet y una plataforma efectivamente encuadrada dentro del sistema legal que la provincia est\u00e1 terminando de poner en marcha.<\/p>\n<p>La aceptaci\u00f3n de los <a href=\"\/ar\/metodos-de-pago\/\">m\u00e9todos de pago de casinos online<\/a> para San Juan, la autorizaci\u00f3n de tu divisa, la buena atenci\u00f3n al cliente y la posibilidad de jugar desde celulares son algunos de consejos que te dejamos desde Casino Alto.<\/p>\n<p>Los casinos online que encuentres ac\u00e1 son seguros para los jugadores argentinos de San Juan, ya que todos han cumplido en los aspectos que te acabamos de comentar.<\/p>\n<p>Si quer\u00e9s conocer c\u00f3mo est\u00e1 la situaci\u00f3n del juego online en otras provincias de Argentina, pod\u00e9s consultar los siguientes enlaces:<\/p>\n<ul id='listaArgProvinciasShort' class='tres-columnas dos-columnas'><li><a href='https:\/\/staging.casinoalto.com\/ar\/buenos-aires\/' title='Buenos Aires'>Buenos Aires<\/a><\/li><li><a href='https:\/\/staging.casinoalto.com\/ar\/catamarca\/' title='Catamarca'>Catamarca<\/a><\/li><li><a href='https:\/\/staging.casinoalto.com\/ar\/chaco\/' title='Chaco'>Chaco<\/a><\/li><li><a href='https:\/\/staging.casinoalto.com\/ar\/chubut\/' title='Chubut'>Chubut<\/a><\/li><li><a href='https:\/\/staging.casinoalto.com\/ar\/cordoba\/' title='C\u00f3rdoba'>C\u00f3rdoba<\/a><\/li><li><a href='https:\/\/staging.casinoalto.com\/ar\/corrientes\/' title='Corrientes'>Corrientes<\/a><\/li><li><a href='https:\/\/staging.casinoalto.com\/ar\/entre-rios\/' title='Entre R\u00edos'>Entre R\u00edos<\/a><\/li><li><a href='https:\/\/staging.casinoalto.com\/ar\/formosa\/' title='Formosa'>Formosa<\/a><\/li><li><a href='https:\/\/staging.casinoalto.com\/ar\/jujuy\/' title='Jujuy'>Jujuy<\/a><\/li><li><a href='https:\/\/staging.casinoalto.com\/ar\/la-pampa\/' title='La Pampa'>La Pampa<\/a><\/li><li><a href='https:\/\/staging.casinoalto.com\/ar\/la-rioja\/' title='La Rioja'>La Rioja<\/a><\/li><li><a href='https:\/\/staging.casinoalto.com\/ar\/mendoza\/' title='Mendoza'>Mendoza<\/a><\/li><li><a href='https:\/\/staging.casinoalto.com\/ar\/misiones\/' title='Misiones'>Misiones<\/a><\/li><li><a href='https:\/\/staging.casinoalto.com\/ar\/neuquen\/' title='Neuqu\u00e9n'>Neuqu\u00e9n<\/a><\/li><li><a href='https:\/\/staging.casinoalto.com\/ar\/rio-negro\/' title='R\u00edo Negro'>R\u00edo Negro<\/a><\/li><li><a href='https:\/\/staging.casinoalto.com\/ar\/salta\/' title='Distrito De Salta'>Distrito De Salta<\/a><\/li><li><a href='https:\/\/staging.casinoalto.com\/ar\/san-luis\/' title='San Luis'>San Luis<\/a><\/li><li><a href='https:\/\/staging.casinoalto.com\/ar\/santa-cruz\/' title='Santa Cruz'>Santa Cruz<\/a><\/li><li><a href='https:\/\/staging.casinoalto.com\/ar\/santa-fe\/' title='Santa Fe'>Santa Fe<\/a><\/li><li><a href='https:\/\/staging.casinoalto.com\/ar\/santiago-del-estero\/' title='Santiago del Estero'>Santiago del Estero<\/a><\/li><li><a href='https:\/\/staging.casinoalto.com\/ar\/tierra-del-fuego\/' title='Tierra del Fuego'>Tierra del Fuego<\/a><\/li><li><a href='https:\/\/staging.casinoalto.com\/ar\/tucuman\/' title='Tucum\u00e1n'>Tucum\u00e1n<\/a><\/li><\/ul>\n","protected":false},"excerpt":{"rendered":"<p>La seguridad del juego online en San Juan depende de que la plataforma opere dentro de un marco legal confiable y de que el sistema provincial termine de implementarse plenamente. Argentina es un pa\u00eds en el que la legislaci\u00f3n del juego en l\u00ednea se regula por provincias, por lo que no hay un panorama homog\u00e9neo [&hellip;]<\/p>\n","protected":false},"author":11,"featured_media":0,"parent":0,"menu_order":0,"comment_status":"closed","ping_status":"closed","template":"estados.php","meta":{"_acf_changed":false,"footnotes":""},"class_list":["post-10061178","page","type-page","status-publish","hentry"],"acf":[],"_links":{"self":[{"href":"https:\/\/staging.casinoalto.com\/ar\/wp-json\/wp\/v2\/pages\/10061178","targetHints":{"allow":["GET"]}}],"collection":[{"href":"https:\/\/staging.casinoalto.com\/ar\/wp-json\/wp\/v2\/pages"}],"about":[{"href":"https:\/\/staging.casinoalto.com\/ar\/wp-json\/wp\/v2\/types\/page"}],"author":[{"embeddable":true,"href":"https:\/\/staging.casinoalto.com\/ar\/wp-json\/wp\/v2\/users\/11"}],"replies":[{"embeddable":true,"href":"https:\/\/staging.casinoalto.com\/ar\/wp-json\/wp\/v2\/comments?post=10061178"}],"version-history":[{"count":10,"href":"https:\/\/staging.casinoalto.com\/ar\/wp-json\/wp\/v2\/pages\/10061178\/revisions"}],"predecessor-version":[{"id":10062087,"href":"https:\/\/staging.casinoalto.com\/ar\/wp-json\/wp\/v2\/pages\/10061178\/revisions\/10062087"}],"wp:attachment":[{"href":"https:\/\/staging.casinoalto.com\/ar\/wp-json\/wp\/v2\/media?parent=10061178"}],"curies":[{"name":"wp","href":"https:\/\/api.w.org\/{rel}","templated":true}]}}