{"id":10061180,"date":"2024-10-09T15:33:42","date_gmt":"2024-10-09T15:33:42","guid":{"rendered":"https:\/\/casinoalto.com\/ar\/?page_id=10061180"},"modified":"2026-03-12T19:40:29","modified_gmt":"2026-03-12T19:40:29","slug":"rio-negro","status":"publish","type":"page","link":"https:\/\/staging.casinoalto.com\/ar\/rio-negro\/","title":{"rendered":"Casinos online en R\u00edo Negro"},"content":{"rendered":"<p>La regulaci\u00f3n del juego online en Argentina es un tema complejo, debido a la descentralizaci\u00f3n existente en cuanto a normativa, entidades regulatorias y organismos encargados de velar por el cumplimiento de estas. Por eso todo se trata provincia a provincia, y no hay un marco com\u00fan para el pa\u00eds entero.<\/p>\n<p>Para que los jugadores de <a href=\"\/ar\/casinos-online\/\">los casinos online argentinos<\/a> tengan toda la informaci\u00f3n al alcance de un click, desde esta web hemos decidido que nuestro equipo de analistas expertos revisen las leyes vigentes de juego online territorio por territorio. Aqu\u00ed nos adentraremos en el caso de la provincia de R\u00edo Negro.<\/p>\n<h2><span class=\"ez-toc-section\" id=\"%C2%BFSon-legales-los-casinos-online-en-Rio-Negro\"><\/span>\u00bfSon legales los casinos online en R\u00edo Negro?<span class=\"ez-toc-section-end\"><\/span><\/h2>\n<p><img loading=\"lazy\" decoding=\"async\" class=\"alignleft wp-image-10061335\" src=\"https:\/\/casinoalto.com\/ar\/wp-content\/uploads\/sites\/2\/2024\/11\/rio-negro-bandera-300x200.png\" alt=\"bandera de r\u00edo negro\" width=\"330\" height=\"220\" srcset=\"https:\/\/staging.casinoalto.com\/ar\/wp-content\/uploads\/sites\/2\/2024\/11\/rio-negro-bandera-300x200.png 300w, https:\/\/staging.casinoalto.com\/ar\/wp-content\/uploads\/sites\/2\/2024\/11\/rio-negro-bandera-768x513.png 768w, https:\/\/staging.casinoalto.com\/ar\/wp-content\/uploads\/sites\/2\/2024\/11\/rio-negro-bandera-60x40.png 60w, https:\/\/staging.casinoalto.com\/ar\/wp-content\/uploads\/sites\/2\/2024\/11\/rio-negro-bandera-120x80.png 120w, https:\/\/staging.casinoalto.com\/ar\/wp-content\/uploads\/sites\/2\/2024\/11\/rio-negro-bandera-202x135.png 202w, https:\/\/staging.casinoalto.com\/ar\/wp-content\/uploads\/sites\/2\/2024\/11\/rio-negro-bandera.png 800w\" sizes=\"auto, (max-width: 330px) 100vw, 330px\" \/><\/p>\n<p data-start=\"541\" data-end=\"827\">En la provincia de R\u00edo Negro, el juego online se encuentra bajo la supervisi\u00f3n de <strong data-start=\"623\" data-end=\"675\">Loter\u00eda para Obras de Acci\u00f3n Social de R\u00edo Negro<\/strong>, organismo estatal encargado de regular, fiscalizar y autorizar todas las actividades vinculadas a los juegos de azar dentro del territorio provincial.<\/p>\n<p data-start=\"829\" data-end=\"1240\">El crecimiento de las apuestas digitales en los \u00faltimos a\u00f1os llev\u00f3 a que la provincia avance en la regulaci\u00f3n de plataformas online, permitiendo que este mercado se desarrolle dentro de un marco normativo controlado por el Estado. En Argentina, el juego online se regula a nivel provincial, por lo que cada jurisdicci\u00f3n establece su propio sistema de licencias y control.<\/p>\n<p data-start=\"1242\" data-end=\"1429\">En el caso de R\u00edo Negro, las actividades de apuestas online deben operar bajo autorizaci\u00f3n del organismo provincial o en asociaci\u00f3n con operadores habilitados dentro del sistema regulado.<\/p>\n<p data-start=\"1431\" data-end=\"1688\">Uno de los desarrollos m\u00e1s importantes en este sentido fue el lanzamiento de <strong data-start=\"1508\" data-end=\"1518\">Betsur<\/strong>, la plataforma de apuestas online impulsada por Loter\u00eda de R\u00edo Negro y disponible exclusivamente para residentes de la provincia.<\/p>\n<p data-start=\"1690\" data-end=\"1846\">Esta plataforma permite realizar apuestas deportivas y acceder a juegos de casino online dentro de un entorno legal supervisado por el regulador provincial.<\/p>\n<p data-start=\"1848\" data-end=\"2021\">Por lo tanto, el juego online es legal en R\u00edo Negro siempre que se realice a trav\u00e9s de plataformas autorizadas o vinculadas al sistema regulado por <strong data-start=\"1996\" data-end=\"2020\">Loter\u00eda de R\u00edo Negro<\/strong>.<\/p>\n<h2><span class=\"ez-toc-section\" id=\"Seguridad-en-linea-en-Rio-Negro\"><\/span>Seguridad en l\u00ednea en R\u00edo Negro<span class=\"ez-toc-section-end\"><\/span><\/h2>\n<p data-start=\"2063\" data-end=\"2177\">Uno de los principales desaf\u00edos del sector a nivel global es garantizar la seguridad de los jugadores en internet.<\/p>\n<p data-start=\"2179\" data-end=\"2539\">En este sentido, R\u00edo Negro viene implementando diferentes medidas para proteger a los usuarios y combatir el crecimiento del juego ilegal. Entre ellas se destacan acuerdos con empresas tecnol\u00f3gicas y plataformas digitales para identificar y bloquear sitios de apuestas que operan sin autorizaci\u00f3n dentro de la provincia.<\/p>\n<p data-start=\"2541\" data-end=\"2818\">La provincia tambi\u00e9n ha trabajado junto a empresas como <strong data-start=\"2597\" data-end=\"2635\">Meta, Mercado Libre y Mercado Pago<\/strong> para facilitar el bloqueo de perfiles, p\u00e1ginas web y medios de pago utilizados por plataformas ilegales que promocionan apuestas clandestinas.<\/p>\n<p data-start=\"2820\" data-end=\"3205\">En cuanto a la seguridad para los apostadores, las plataformas legales que operan bajo el dominio <strong data-start=\"2918\" data-end=\"2931\">\u201c.bet.ar\u201d<\/strong> forman parte del ecosistema regulado del juego online en Argentina y suelen estar sujetas a controles peri\u00f3dicos para verificar que cumplan con est\u00e1ndares de protecci\u00f3n de datos, seguridad financiera y pol\u00edticas de juego responsable.<\/p>\n<p data-start=\"3207\" data-end=\"3442\">Por este motivo, al momento de elegir una plataforma de apuestas online desde R\u00edo Negro, resulta recomendable priorizar aquellas que operan dentro del sistema regulado o que se encuentran identificadas dentro del marco legal argentino.<\/p>\n<p data-start=\"3444\" data-end=\"3642\">Desde <strong data-start=\"3450\" data-end=\"3465\">Casino Alto<\/strong>, analizamos diferentes plataformas disponibles para jugadores argentinos con el objetivo de ayudarte a encontrar opciones confiables, seguras y con buenas condiciones de juego.<\/p>\n<h2><span class=\"ez-toc-section\" id=\"El-futuro-del-juego-online-en-Rio-Negro\"><\/span>El futuro del juego online en R\u00edo Negro<span class=\"ez-toc-section-end\"><\/span><\/h2>\n<p data-start=\"3692\" data-end=\"3809\">El futuro del juego online en R\u00edo Negro parece orientado a una etapa de <strong data-start=\"3764\" data-end=\"3808\">mayor consolidaci\u00f3n del sistema regulado<\/strong>. En los \u00faltimos a\u00f1os, la provincia avanz\u00f3 tanto en la regulaci\u00f3n de plataformas digitales como en el desarrollo de operadores locales, como es el caso de <strong data-start=\"3964\" data-end=\"3974\">Betsur<\/strong>, que representa uno de los primeros proyectos de apuestas online impulsados directamente desde el \u00e1mbito provincial.<\/p>\n<p data-start=\"4133\" data-end=\"4426\">Al mismo tiempo, Loter\u00eda de R\u00edo Negro contin\u00faa trabajando en nuevas estrategias para fortalecer el control del mercado digital, combatir el crecimiento del juego ilegal y promover pol\u00edticas de <strong data-start=\"4326\" data-end=\"4347\">juego responsable<\/strong>, especialmente en relaci\u00f3n con el acceso de menores a plataformas de apuestas.<\/p>\n<p data-start=\"4428\" data-end=\"4736\">Las proyecciones para los pr\u00f3ximos a\u00f1os incluyen el desarrollo de nuevas modalidades de juego digital, la incorporaci\u00f3n de herramientas tecnol\u00f3gicas para mejorar la supervisi\u00f3n de las plataformas y una mayor cooperaci\u00f3n entre organismos provinciales y empresas tecnol\u00f3gicas para bloquear operadores ilegales.<\/p>\n<p data-start=\"4738\" data-end=\"5012\">En este contexto, todo indica que el mercado del juego online en R\u00edo Negro seguir\u00e1 evolucionando dentro de un modelo cada vez m\u00e1s regulado, donde el crecimiento del sector estar\u00e1 acompa\u00f1ado por controles m\u00e1s estrictos y una mayor supervisi\u00f3n por parte del Estado provincial. En Casino Alto no nos hemos limitado solo a desgranar la situaci\u00f3n de los casinos online para los rionegrinos. Si necesit\u00e1s conocer datos sobre otra provincia, consult\u00e1 el siguiente listado:<\/p>\n<ul id='listaArgProvinciasShort' class='tres-columnas dos-columnas'><li><a href='https:\/\/staging.casinoalto.com\/ar\/buenos-aires\/' title='Buenos Aires'>Buenos Aires<\/a><\/li><li><a href='https:\/\/staging.casinoalto.com\/ar\/catamarca\/' title='Catamarca'>Catamarca<\/a><\/li><li><a href='https:\/\/staging.casinoalto.com\/ar\/chaco\/' title='Chaco'>Chaco<\/a><\/li><li><a href='https:\/\/staging.casinoalto.com\/ar\/chubut\/' title='Chubut'>Chubut<\/a><\/li><li><a href='https:\/\/staging.casinoalto.com\/ar\/cordoba\/' title='C\u00f3rdoba'>C\u00f3rdoba<\/a><\/li><li><a href='https:\/\/staging.casinoalto.com\/ar\/corrientes\/' title='Corrientes'>Corrientes<\/a><\/li><li><a href='https:\/\/staging.casinoalto.com\/ar\/entre-rios\/' title='Entre R\u00edos'>Entre R\u00edos<\/a><\/li><li><a href='https:\/\/staging.casinoalto.com\/ar\/formosa\/' title='Formosa'>Formosa<\/a><\/li><li><a href='https:\/\/staging.casinoalto.com\/ar\/jujuy\/' title='Jujuy'>Jujuy<\/a><\/li><li><a href='https:\/\/staging.casinoalto.com\/ar\/la-pampa\/' title='La Pampa'>La Pampa<\/a><\/li><li><a href='https:\/\/staging.casinoalto.com\/ar\/la-rioja\/' title='La Rioja'>La Rioja<\/a><\/li><li><a href='https:\/\/staging.casinoalto.com\/ar\/mendoza\/' title='Mendoza'>Mendoza<\/a><\/li><li><a href='https:\/\/staging.casinoalto.com\/ar\/misiones\/' title='Misiones'>Misiones<\/a><\/li><li><a href='https:\/\/staging.casinoalto.com\/ar\/neuquen\/' title='Neuqu\u00e9n'>Neuqu\u00e9n<\/a><\/li><li><a href='https:\/\/staging.casinoalto.com\/ar\/salta\/' title='Distrito De Salta'>Distrito De Salta<\/a><\/li><li><a href='https:\/\/staging.casinoalto.com\/ar\/san-juan\/' title='San Juan'>San Juan<\/a><\/li><li><a href='https:\/\/staging.casinoalto.com\/ar\/san-luis\/' title='San Luis'>San Luis<\/a><\/li><li><a href='https:\/\/staging.casinoalto.com\/ar\/santa-cruz\/' title='Santa Cruz'>Santa Cruz<\/a><\/li><li><a href='https:\/\/staging.casinoalto.com\/ar\/santa-fe\/' title='Santa Fe'>Santa Fe<\/a><\/li><li><a href='https:\/\/staging.casinoalto.com\/ar\/santiago-del-estero\/' title='Santiago del Estero'>Santiago del Estero<\/a><\/li><li><a href='https:\/\/staging.casinoalto.com\/ar\/tierra-del-fuego\/' title='Tierra del Fuego'>Tierra del Fuego<\/a><\/li><li><a href='https:\/\/staging.casinoalto.com\/ar\/tucuman\/' title='Tucum\u00e1n'>Tucum\u00e1n<\/a><\/li><\/ul>\n","protected":false},"excerpt":{"rendered":"<p>La regulaci\u00f3n del juego online en Argentina es un tema complejo, debido a la descentralizaci\u00f3n existente en cuanto a normativa, entidades regulatorias y organismos encargados de velar por el cumplimiento de estas. Por eso todo se trata provincia a provincia, y no hay un marco com\u00fan para el pa\u00eds entero. Para que los jugadores de [&hellip;]<\/p>\n","protected":false},"author":11,"featured_media":0,"parent":0,"menu_order":0,"comment_status":"closed","ping_status":"closed","template":"estados.php","meta":{"_acf_changed":false,"footnotes":""},"class_list":["post-10061180","page","type-page","status-publish","hentry"],"acf":[],"_links":{"self":[{"href":"https:\/\/staging.casinoalto.com\/ar\/wp-json\/wp\/v2\/pages\/10061180","targetHints":{"allow":["GET"]}}],"collection":[{"href":"https:\/\/staging.casinoalto.com\/ar\/wp-json\/wp\/v2\/pages"}],"about":[{"href":"https:\/\/staging.casinoalto.com\/ar\/wp-json\/wp\/v2\/types\/page"}],"author":[{"embeddable":true,"href":"https:\/\/staging.casinoalto.com\/ar\/wp-json\/wp\/v2\/users\/11"}],"replies":[{"embeddable":true,"href":"https:\/\/staging.casinoalto.com\/ar\/wp-json\/wp\/v2\/comments?post=10061180"}],"version-history":[{"count":12,"href":"https:\/\/staging.casinoalto.com\/ar\/wp-json\/wp\/v2\/pages\/10061180\/revisions"}],"predecessor-version":[{"id":10062062,"href":"https:\/\/staging.casinoalto.com\/ar\/wp-json\/wp\/v2\/pages\/10061180\/revisions\/10062062"}],"wp:attachment":[{"href":"https:\/\/staging.casinoalto.com\/ar\/wp-json\/wp\/v2\/media?parent=10061180"}],"curies":[{"name":"wp","href":"https:\/\/api.w.org\/{rel}","templated":true}]}}