{"id":10061182,"date":"2024-10-09T15:08:22","date_gmt":"2024-10-09T15:08:22","guid":{"rendered":"https:\/\/casinoalto.com\/ar\/?page_id=10061182"},"modified":"2026-03-12T19:25:09","modified_gmt":"2026-03-12T19:25:09","slug":"neuquen","status":"publish","type":"page","link":"https:\/\/staging.casinoalto.com\/ar\/neuquen\/","title":{"rendered":"Casinos online en Neuqu\u00e9n"},"content":{"rendered":"<p>Argentina es un pa\u00eds en el que <strong>todav\u00eda se eval\u00faa la legislaci\u00f3n del juego en l\u00ednea en diferentes provincias, por lo que no hay un panorama homog\u00e9neo a nivel nacional.<\/strong> Actualmente parece dif\u00edcil que todas las provincias del territorio lleguen a un acuerdo com\u00fan en torno a las medidas que se deben aplicar en el sector.<\/p>\n<p>Son las autoridades de cada provincia las que eval\u00faan las legislaciones referentes con esta actividad en l\u00ednea, por lo que nos dimos a la tarea de revisar la informaci\u00f3n m\u00e1s actualizada de cada provincia argentina. En este texto analizamos la situaci\u00f3n de <strong>Neuqu\u00e9n.<\/strong><\/p>\n<h2><span class=\"ez-toc-section\" id=\"%C2%BFSon-legales-los-sitios-de-juego-online-en-Neuquen\"><\/span>\u00bfSon legales los sitios de juego online en Neuqu\u00e9n?<span class=\"ez-toc-section-end\"><\/span><\/h2>\n<p><img loading=\"lazy\" decoding=\"async\" class=\"alignleft wp-image-10061365\" src=\"https:\/\/casinoalto.com\/ar\/wp-content\/uploads\/sites\/2\/2024\/12\/neuquen-300x171.jpg\" alt=\"casinos neuqu\u00e9n\" width=\"400\" height=\"229\" srcset=\"https:\/\/staging.casinoalto.com\/ar\/wp-content\/uploads\/sites\/2\/2024\/12\/neuquen-300x171.jpg 300w, https:\/\/staging.casinoalto.com\/ar\/wp-content\/uploads\/sites\/2\/2024\/12\/neuquen-70x40.jpg 70w, https:\/\/staging.casinoalto.com\/ar\/wp-content\/uploads\/sites\/2\/2024\/12\/neuquen-140x80.jpg 140w, https:\/\/staging.casinoalto.com\/ar\/wp-content\/uploads\/sites\/2\/2024\/12\/neuquen-236x135.jpg 236w, https:\/\/staging.casinoalto.com\/ar\/wp-content\/uploads\/sites\/2\/2024\/12\/neuquen.jpg 700w\" sizes=\"auto, (max-width: 400px) 100vw, 400px\" \/><\/p>\n<p data-start=\"2961\" data-end=\"3373\">En la provincia de Neuqu\u00e9n, el juego online se encuentra permitido dentro de un sistema regulado por el Estado provincial. El organismo encargado de supervisar todas las actividades vinculadas a los juegos de azar es el <strong data-start=\"3181\" data-end=\"3242\">Instituto Provincial de Juegos de Azar del Neuqu\u00e9n (IJAN)<\/strong>, entidad que administra, fiscaliza y controla el funcionamiento de casinos, apuestas y juegos de azar en el territorio provincial.<\/p>\n<p data-start=\"3375\" data-end=\"3649\">El marco legal que regula esta actividad se basa principalmente en la <strong data-start=\"3445\" data-end=\"3468\">Ley Provincial 2751<\/strong>, norma que dio origen al IJAN y que establece que el organismo tiene la responsabilidad de organizar, autorizar y controlar la explotaci\u00f3n de juegos de azar dentro de la provincia.<\/p>\n<p data-start=\"3651\" data-end=\"4149\">Con el avance de las apuestas digitales, el gobierno provincial decidi\u00f3 actualizar la normativa existente. En <strong data-start=\"3761\" data-end=\"3778\">enero de 2026<\/strong>, el Poder Ejecutivo firm\u00f3 un decreto que ampl\u00eda y precisa las facultades del IJAN para regular las apuestas online y las plataformas digitales que operan en Neuqu\u00e9n. La medida modific\u00f3 el decreto reglamentario de la ley 2751 y dej\u00f3 expresamente establecido que el organismo puede intervenir en todas las modalidades de juego vinculadas a internet y a nuevas tecnolog\u00edas.<\/p>\n<p data-start=\"4151\" data-end=\"4406\">De esta manera, el IJAN queda formalmente habilitado para <strong data-start=\"4209\" data-end=\"4290\">autorizar, regular, fiscalizar y controlar las plataformas de apuestas online<\/strong>, as\u00ed como cualquier sistema tecnol\u00f3gico utilizado para la captaci\u00f3n y operaci\u00f3n de apuestas dentro de la provincia.<\/p>\n<p data-start=\"4408\" data-end=\"4586\">En consecuencia, el juego online es legal en Neuqu\u00e9n cuando se desarrolla dentro del sistema regulado por el IJAN y bajo las condiciones establecidas por la normativa provincial.<\/p>\n<h2><span class=\"ez-toc-section\" id=\"Seguridad-de-los-casinos-online-en-Neuquen\"><\/span>Seguridad de los casinos online en Neuqu\u00e9n<span class=\"ez-toc-section-end\"><\/span><\/h2>\n<p data-start=\"370\" data-end=\"665\">El <strong data-start=\"373\" data-end=\"381\">IJAN<\/strong> tiene la facultad de otorgar licencias a aquellas plataformas de juego que cumplan con los requisitos t\u00e9cnicos, legales y de seguridad establecidos por la normativa provincial, con el objetivo de garantizar que los jugadores participen en un entorno legal, transparente y controlado.<\/p>\n<p data-start=\"667\" data-end=\"1118\">Para reforzar el control del juego online y combatir el crecimiento de plataformas ilegales, el organismo tambi\u00e9n trabaja en coordinaci\u00f3n con instituciones nacionales como el <strong data-start=\"842\" data-end=\"886\">Ente Nacional de Comunicaciones (ENACOM)<\/strong> y la <strong data-start=\"892\" data-end=\"933\">C\u00e1mara Argentina de Internet (CABASE)<\/strong>. Dentro del ecosistema regulado en Argentina, los sitios web que utilizan el dominio <strong data-start=\"1019\" data-end=\"1032\">\u201c.bet.ar\u201d<\/strong> suelen formar parte del sistema autorizado para ofrecer servicios de apuestas online.<\/p>\n<p>Hasta el momento, hay cinco\u00a0<a href=\"\/ar\/casinos-online\/\">casinos en l\u00ednea para jugadores argentinos<\/a>\u00a0con licencia en Neuqu\u00e9n (Casino Magic, Maverick Online, Mac Group Online, Aladdin Online y Betwarrior), y a esto se une el permiso que tiene Loter\u00eda La Neuquina para llevar a cabo su actividad a trav\u00e9s de su p\u00e1gina web.<\/p>\n<p>La aceptaci\u00f3n de los <a href=\"\/ar\/metodos-de-pago\/\">m\u00e9todos de pago de casinos online<\/a> para Neuqu\u00e9n, la autorizaci\u00f3n de tu divisa, la buena atenci\u00f3n al cliente y la posibilidad de jugar desde peque\u00f1as pantallas, son algunos de consejos que te dejamos desde Casino Alto.<\/p>\n<h2><span class=\"ez-toc-section\" id=\"El-futuro-del-juego-online-en-Neuquen\"><\/span>El futuro del juego online en Neuqu\u00e9n<span class=\"ez-toc-section-end\"><\/span><\/h2>\n<p data-start=\"1996\" data-end=\"2203\">El desarrollo del juego online en Neuqu\u00e9n parece orientado a una etapa de <strong data-start=\"2070\" data-end=\"2108\">consolidaci\u00f3n del sistema regulado<\/strong>, con un rol cada vez m\u00e1s activo del Instituto Provincial de Juegos de Azar del Neuqu\u00e9n (IJAN).<\/p>\n<p data-start=\"2205\" data-end=\"2582\">En los \u00faltimos a\u00f1os, el crecimiento de las apuestas digitales llev\u00f3 a la provincia a reforzar su marco normativo. En <strong data-start=\"2322\" data-end=\"2330\">2026<\/strong>, el gobierno provincial modific\u00f3 el decreto reglamentario de la <strong data-start=\"2395\" data-end=\"2407\">Ley 2751<\/strong>, ampliando y aclarando las facultades del IJAN para intervenir en la regulaci\u00f3n de plataformas digitales, apuestas online y nuevas modalidades de juego vinculadas a internet.<\/p>\n<p data-start=\"2584\" data-end=\"2834\">Este cambio normativo busca fortalecer el control estatal sobre el mercado digital, mejorar la fiscalizaci\u00f3n de los operadores y garantizar que las actividades vinculadas al juego online se desarrollen dentro de un sistema transparente y supervisado.<\/p>\n<p data-start=\"2836\" data-end=\"3051\">Al mismo tiempo, el organismo provincial contin\u00faa trabajando en medidas destinadas a <strong data-start=\"2921\" data-end=\"2949\">combatir el juego ilegal<\/strong>, mejorar los mecanismos de supervisi\u00f3n tecnol\u00f3gica y reforzar las pol\u00edticas de <strong data-start=\"3029\" data-end=\"3050\">juego responsable<\/strong>.<\/p>\n<p data-start=\"3053\" data-end=\"3138\">En este contexto, todo indica que el futuro del sector en Neuqu\u00e9n estar\u00e1 marcado por:<\/p>\n<ul data-start=\"3140\" data-end=\"3378\">\n<li data-section-id=\"11pbmu5\" data-start=\"3140\" data-end=\"3181\">\n<p data-start=\"3142\" data-end=\"3181\">mayor supervisi\u00f3n del mercado digital<\/p>\n<\/li>\n<li data-section-id=\"elp7ww\" data-start=\"3182\" data-end=\"3243\">\n<p data-start=\"3184\" data-end=\"3243\">desarrollo de nuevas herramientas tecnol\u00f3gicas de control<\/p>\n<\/li>\n<li data-section-id=\"7ht7b7\" data-start=\"3244\" data-end=\"3301\">\n<p data-start=\"3246\" data-end=\"3301\">fortalecimiento de las pol\u00edticas de juego responsable<\/p>\n<\/li>\n<li data-section-id=\"14hdfq\" data-start=\"3302\" data-end=\"3378\">\n<p data-start=\"3304\" data-end=\"3378\">cooperaci\u00f3n con organismos nacionales para combatir plataformas ilegales<\/p>\n<\/li>\n<\/ul>\n<p data-start=\"3380\" data-end=\"3597\">De esta manera, el juego online en Neuqu\u00e9n parece avanzar hacia un modelo cada vez m\u00e1s regulado, donde la expansi\u00f3n del sector estar\u00e1 acompa\u00f1ada por mayores controles y una supervisi\u00f3n m\u00e1s estricta por parte del IJAN.<\/p>\n<p>Si quer\u00e9s conocer c\u00f3mo est\u00e1 la situaci\u00f3n del juego online en otras provincias de Argentina, pod\u00e9s consultar los siguientes enlaces:<\/p>\n<ul id='listaArgProvinciasShort' class='tres-columnas dos-columnas'><li><a href='https:\/\/staging.casinoalto.com\/ar\/buenos-aires\/' title='Buenos Aires'>Buenos Aires<\/a><\/li><li><a href='https:\/\/staging.casinoalto.com\/ar\/catamarca\/' title='Catamarca'>Catamarca<\/a><\/li><li><a href='https:\/\/staging.casinoalto.com\/ar\/chaco\/' title='Chaco'>Chaco<\/a><\/li><li><a href='https:\/\/staging.casinoalto.com\/ar\/chubut\/' title='Chubut'>Chubut<\/a><\/li><li><a href='https:\/\/staging.casinoalto.com\/ar\/cordoba\/' title='C\u00f3rdoba'>C\u00f3rdoba<\/a><\/li><li><a href='https:\/\/staging.casinoalto.com\/ar\/corrientes\/' title='Corrientes'>Corrientes<\/a><\/li><li><a href='https:\/\/staging.casinoalto.com\/ar\/entre-rios\/' title='Entre R\u00edos'>Entre R\u00edos<\/a><\/li><li><a href='https:\/\/staging.casinoalto.com\/ar\/formosa\/' title='Formosa'>Formosa<\/a><\/li><li><a href='https:\/\/staging.casinoalto.com\/ar\/jujuy\/' title='Jujuy'>Jujuy<\/a><\/li><li><a href='https:\/\/staging.casinoalto.com\/ar\/la-pampa\/' title='La Pampa'>La Pampa<\/a><\/li><li><a href='https:\/\/staging.casinoalto.com\/ar\/la-rioja\/' title='La Rioja'>La Rioja<\/a><\/li><li><a href='https:\/\/staging.casinoalto.com\/ar\/mendoza\/' title='Mendoza'>Mendoza<\/a><\/li><li><a href='https:\/\/staging.casinoalto.com\/ar\/misiones\/' title='Misiones'>Misiones<\/a><\/li><li><a href='https:\/\/staging.casinoalto.com\/ar\/rio-negro\/' title='R\u00edo Negro'>R\u00edo Negro<\/a><\/li><li><a href='https:\/\/staging.casinoalto.com\/ar\/salta\/' title='Distrito De Salta'>Distrito De Salta<\/a><\/li><li><a href='https:\/\/staging.casinoalto.com\/ar\/san-juan\/' title='San Juan'>San Juan<\/a><\/li><li><a href='https:\/\/staging.casinoalto.com\/ar\/san-luis\/' title='San Luis'>San Luis<\/a><\/li><li><a href='https:\/\/staging.casinoalto.com\/ar\/santa-cruz\/' title='Santa Cruz'>Santa Cruz<\/a><\/li><li><a href='https:\/\/staging.casinoalto.com\/ar\/santa-fe\/' title='Santa Fe'>Santa Fe<\/a><\/li><li><a href='https:\/\/staging.casinoalto.com\/ar\/santiago-del-estero\/' title='Santiago del Estero'>Santiago del Estero<\/a><\/li><li><a href='https:\/\/staging.casinoalto.com\/ar\/tierra-del-fuego\/' title='Tierra del Fuego'>Tierra del Fuego<\/a><\/li><li><a href='https:\/\/staging.casinoalto.com\/ar\/tucuman\/' title='Tucum\u00e1n'>Tucum\u00e1n<\/a><\/li><\/ul>\n","protected":false},"excerpt":{"rendered":"<p>Argentina es un pa\u00eds en el que todav\u00eda se eval\u00faa la legislaci\u00f3n del juego en l\u00ednea en diferentes provincias, por lo que no hay un panorama homog\u00e9neo a nivel nacional. Actualmente parece dif\u00edcil que todas las provincias del territorio lleguen a un acuerdo com\u00fan en torno a las medidas que se deben aplicar en el [&hellip;]<\/p>\n","protected":false},"author":11,"featured_media":0,"parent":0,"menu_order":0,"comment_status":"closed","ping_status":"closed","template":"estados.php","meta":{"_acf_changed":false,"footnotes":""},"class_list":["post-10061182","page","type-page","status-publish","hentry"],"acf":[],"_links":{"self":[{"href":"https:\/\/staging.casinoalto.com\/ar\/wp-json\/wp\/v2\/pages\/10061182","targetHints":{"allow":["GET"]}}],"collection":[{"href":"https:\/\/staging.casinoalto.com\/ar\/wp-json\/wp\/v2\/pages"}],"about":[{"href":"https:\/\/staging.casinoalto.com\/ar\/wp-json\/wp\/v2\/types\/page"}],"author":[{"embeddable":true,"href":"https:\/\/staging.casinoalto.com\/ar\/wp-json\/wp\/v2\/users\/11"}],"replies":[{"embeddable":true,"href":"https:\/\/staging.casinoalto.com\/ar\/wp-json\/wp\/v2\/comments?post=10061182"}],"version-history":[{"count":14,"href":"https:\/\/staging.casinoalto.com\/ar\/wp-json\/wp\/v2\/pages\/10061182\/revisions"}],"predecessor-version":[{"id":10062060,"href":"https:\/\/staging.casinoalto.com\/ar\/wp-json\/wp\/v2\/pages\/10061182\/revisions\/10062060"}],"wp:attachment":[{"href":"https:\/\/staging.casinoalto.com\/ar\/wp-json\/wp\/v2\/media?parent=10061182"}],"curies":[{"name":"wp","href":"https:\/\/api.w.org\/{rel}","templated":true}]}}