{"id":10061216,"date":"2024-10-10T16:58:19","date_gmt":"2024-10-10T16:58:19","guid":{"rendered":"https:\/\/casinoalto.com\/ar\/?page_id=10061216"},"modified":"2026-03-12T14:44:54","modified_gmt":"2026-03-12T14:44:54","slug":"jujuy","status":"publish","type":"page","link":"https:\/\/staging.casinoalto.com\/ar\/jujuy\/","title":{"rendered":"Casinos online en Jujuy"},"content":{"rendered":"<p>El juego online de la provincia de Jujuy se encuentra totalmente regulado; es una de las \u00faltimas en autorizarlo dentro del territorio argentino. Y por eso es que dentro de los <a href=\"\/ar\/casinos-online\/\">sitios de casino en l\u00ednea de Argentina<\/a> merece la pena analizar la situaci\u00f3n de este departamento.<\/p>\n<p><strong>Los gobiernos provinciales del pa\u00eds son los designados para regular todo lo que compete a los juegos de azar dentro de su territorio<\/strong>, ante la incapacidad de la administraci\u00f3n central para llevar a cabo una normativa com\u00fan para todos. Cuando la situaci\u00f3n se volvi\u00f3 un problema, se abri\u00f3 la mano a que cada regi\u00f3n tomara sus propias decisiones.<\/p>\n<p>Ante esta situaci\u00f3n, nuestros expertos analistas de Casino Alto han recopilado toda la informaci\u00f3n actualizada provincia por provincia, y para este art\u00edculo vamos a analizar la provincia de Jujuy. Presta mucha atenci\u00f3n a las siguientes l\u00edneas si quieres jugar a sus casinos online.<\/p>\n<div id=\"ez-toc-container\" class=\"ez-toc-v2_0_82_2 counter-hierarchy ez-toc-counter ez-toc-custom ez-toc-container-direction\">\n<div class=\"ez-toc-title-container\">\n<p class=\"ez-toc-title\" style=\"cursor:inherit\">Tabla de contenidos<\/p>\n<span class=\"ez-toc-title-toggle\"><a href=\"#\" class=\"ez-toc-pull-right ez-toc-btn ez-toc-btn-xs ez-toc-btn-default ez-toc-toggle\" aria-label=\"Toggle Table of Content\"><span class=\"ez-toc-js-icon-con\"><span class=\"\"><span class=\"eztoc-hide\" style=\"display:none;\">Toggle<\/span><span class=\"ez-toc-icon-toggle-span\"><svg style=\"fill: #999;color:#999\" xmlns=\"http:\/\/www.w3.org\/2000\/svg\" class=\"list-377408\" width=\"20px\" height=\"20px\" viewBox=\"0 0 24 24\" fill=\"none\"><path d=\"M6 6H4v2h2V6zm14 0H8v2h12V6zM4 11h2v2H4v-2zm16 0H8v2h12v-2zM4 16h2v2H4v-2zm16 0H8v2h12v-2z\" fill=\"currentColor\"><\/path><\/svg><svg style=\"fill: #999;color:#999\" class=\"arrow-unsorted-368013\" xmlns=\"http:\/\/www.w3.org\/2000\/svg\" width=\"10px\" height=\"10px\" viewBox=\"0 0 24 24\" version=\"1.2\" baseProfile=\"tiny\"><path d=\"M18.2 9.3l-6.2-6.3-6.2 6.3c-.2.2-.3.4-.3.7s.1.5.3.7c.2.2.4.3.7.3h11c.3 0 .5-.1.7-.3.2-.2.3-.5.3-.7s-.1-.5-.3-.7zM5.8 14.7l6.2 6.3 6.2-6.3c.2-.2.3-.5.3-.7s-.1-.5-.3-.7c-.2-.2-.4-.3-.7-.3h-11c-.3 0-.5.1-.7.3-.2.2-.3.5-.3.7s.1.5.3.7z\"\/><\/svg><\/span><\/span><\/span><\/a><\/span><\/div>\n<nav><ul class='ez-toc-list ez-toc-list-level-1 eztoc-toggle-hide-by-default' ><li class='ez-toc-page-1 ez-toc-heading-level-2'><a class=\"ez-toc-link ez-toc-heading-1\" href=\"https:\/\/staging.casinoalto.com\/ar\/jujuy\/#%C2%BFSon-legales-los-casinos-online-en-Jujuy\" >\u00bfSon legales los casinos online en Jujuy?<\/a><\/li><li class='ez-toc-page-1 ez-toc-heading-level-2'><a class=\"ez-toc-link ez-toc-heading-2\" href=\"https:\/\/staging.casinoalto.com\/ar\/jujuy\/#%C2%BFEs-seguro-jugar-en-casinos-en-linea-en-Jujuy\" >\u00bfEs seguro jugar en casinos en l\u00ednea en Jujuy?<\/a><\/li><li class='ez-toc-page-1 ez-toc-heading-level-2'><a class=\"ez-toc-link ez-toc-heading-3\" href=\"https:\/\/staging.casinoalto.com\/ar\/jujuy\/#%C2%BFQue-futuro-le-espera-a-los-operadores-de-juego-online-en-Jujuy\" >\u00bfQu\u00e9 futuro le espera a los operadores de juego online en Jujuy?<\/a><\/li><\/ul><\/nav><\/div>\n<h2><span class=\"ez-toc-section\" id=\"%C2%BFSon-legales-los-casinos-online-en-Jujuy\"><\/span>\u00bfSon legales los casinos online en Jujuy?<span class=\"ez-toc-section-end\"><\/span><\/h2>\n<p><img loading=\"lazy\" decoding=\"async\" class=\"alignleft wp-image-10061331\" src=\"https:\/\/casinoalto.com\/ar\/wp-content\/uploads\/sites\/2\/2024\/11\/jujuy-300x300.png\" alt=\"bandera de jujuy\" width=\"300\" height=\"300\" srcset=\"https:\/\/staging.casinoalto.com\/ar\/wp-content\/uploads\/sites\/2\/2024\/11\/jujuy-300x300.png 300w, https:\/\/staging.casinoalto.com\/ar\/wp-content\/uploads\/sites\/2\/2024\/11\/jujuy-150x150.png 150w, https:\/\/staging.casinoalto.com\/ar\/wp-content\/uploads\/sites\/2\/2024\/11\/jujuy-768x768.png 768w, https:\/\/staging.casinoalto.com\/ar\/wp-content\/uploads\/sites\/2\/2024\/11\/jujuy-40x40.png 40w, https:\/\/staging.casinoalto.com\/ar\/wp-content\/uploads\/sites\/2\/2024\/11\/jujuy-80x80.png 80w, https:\/\/staging.casinoalto.com\/ar\/wp-content\/uploads\/sites\/2\/2024\/11\/jujuy-135x135.png 135w, https:\/\/staging.casinoalto.com\/ar\/wp-content\/uploads\/sites\/2\/2024\/11\/jujuy-50x50.png 50w, https:\/\/staging.casinoalto.com\/ar\/wp-content\/uploads\/sites\/2\/2024\/11\/jujuy-100x100.png 100w, https:\/\/staging.casinoalto.com\/ar\/wp-content\/uploads\/sites\/2\/2024\/11\/jujuy-450x450.png 450w, https:\/\/staging.casinoalto.com\/ar\/wp-content\/uploads\/sites\/2\/2024\/11\/jujuy-24x24.png 24w, https:\/\/staging.casinoalto.com\/ar\/wp-content\/uploads\/sites\/2\/2024\/11\/jujuy-48x48.png 48w, https:\/\/staging.casinoalto.com\/ar\/wp-content\/uploads\/sites\/2\/2024\/11\/jujuy-96x96.png 96w, https:\/\/staging.casinoalto.com\/ar\/wp-content\/uploads\/sites\/2\/2024\/11\/jujuy.png 800w\" sizes=\"auto, (max-width: 300px) 100vw, 300px\" \/>Jujuy es una provincia pintoresca en Argentina en lo que al juego en l\u00ednea se refiere, ya que <strong>ha sido la primera en legalizar los sitios de apuestas a trav\u00e9s de internet junto a otra provincia como Salta<\/strong> de manera conjunta. Esto es as\u00ed desde el a\u00f1o 2021 en que se aprob\u00f3 la normativa, aprobada por ambos territorios para una comercializaci\u00f3n com\u00fan.<\/p>\n<p>Si nos remontamos a tiempos pasados nos daremos cuenta de que Jujuy no ha sido nunca una provincia demasiado proclive a aprobar los juegos de azar que ya estaban activos en otras regiones. En sus inicios s\u00ed que se mostr\u00f3 favorable a tener un sistema de loter\u00edas para sus ciudadanos, as\u00ed como la posibilidad de abrir diferentes casinos de juego f\u00edsico en zonas muy determinadas y bajo unas condiciones exigentes. Su misi\u00f3n desde el inicio fue establecer el orden en el sector, combatir el juego ilegal y proteger a los jugadores.<\/p>\n<p>Pero el verdadero cambio tuvo que empezar a idearse en 2020 a marchas forzadas, pues la pandemia de covid-19 hizo crecer los juegos online de manera exponencial. En unos inicios la provincia decidi\u00f3 empezar con este proceso en solitario, pero m\u00e1s adelante entender\u00eda que la uni\u00f3n junto a otra provincia del norte de Argentina podr\u00eda ser fruct\u00edfera.<\/p>\n<p data-start=\"4076\" data-end=\"4618\">En la provincia de Jujuy, el juego online se encuentra regulado y supervisado por el <strong data-start=\"4161\" data-end=\"4223\">Instituto Provincial de Juegos de Azar de Jujuy (INPROJUY)<\/strong>, creado por la <strong data-start=\"4239\" data-end=\"4256\">Ley N.\u00ba 6.234.<\/strong>\u00a0Esta norma le asign\u00f3 al organismo la regulaci\u00f3n, autorizaci\u00f3n, organizaci\u00f3n, control y fiscalizaci\u00f3n de los juegos de azar y apuestas mutuas en sus distintas modalidades, incluyendo expresamente las actividades realizadas por medios electr\u00f3nicos, inform\u00e1ticos, telem\u00e1ticos, interactivos o v\u00eda internet.<\/p>\n<p data-start=\"4623\" data-end=\"4949\">Con posterioridad, INPROJUY avanz\u00f3 en la reglamentaci\u00f3n t\u00e9cnica del sector mediante el <strong data-start=\"4710\" data-end=\"4741\">Reglamento de Juego On Line<\/strong>, que fija exigencias de seguridad, trazabilidad, reportes, juego responsable, autoexclusi\u00f3n, sistema de reclamos y control de los operadores habilitados en la provincia.<\/p>\n<p data-start=\"4954\" data-end=\"5200\">Adem\u00e1s, en <strong data-start=\"4965\" data-end=\"4973\">2023<\/strong> INPROJUY y <strong data-start=\"4985\" data-end=\"5001\">ENREJA Salta<\/strong> firmaron un convenio de colaboraci\u00f3n para la comercializaci\u00f3n conjunta de juegos online, lo que permiti\u00f3 fortalecer el desarrollo regional del sistema regulado.<\/p>\n<p data-start=\"5205\" data-end=\"5503\">A marzo de 2026, la informaci\u00f3n p\u00fablicamente verificable muestra la presencia de <strong data-start=\"5286\" data-end=\"5314\">dos licencias operativas<\/strong> en la explotaci\u00f3n del juego online en Jujuy, y contin\u00faan activos servicios provinciales vinculados a <strong data-start=\"5416\" data-end=\"5431\">bplay Jujuy<\/strong> y <strong data-start=\"5434\" data-end=\"5462\">Casinos MAC Group Online<\/strong>.<\/p>\n<p>No obstante, las otras dos plataformas ofrecen todas las variantes necesarias como apuestas para slots y tragamonedas, mesas en vivo, bingo, ruleta, blackjack, poker y apuestas deportivas. Todo ello con la seguridad que demanda el jugador y que la normativa permite garantizar en sus bases s\u00f3lidas.<\/p>\n<h2><span class=\"ez-toc-section\" id=\"%C2%BFEs-seguro-jugar-en-casinos-en-linea-en-Jujuy\"><\/span>\u00bfEs seguro jugar en casinos en l\u00ednea en Jujuy?<span class=\"ez-toc-section-end\"><\/span><\/h2>\n<p><strong>Todos los que aparecen en Casino Alto son recomendables para jugadores juje\u00f1os<\/strong>, ya que han sido analizados a fondo por un equipo de expertos.<\/p>\n<p data-start=\"5815\" data-end=\"6297\">En Jujuy, el criterio principal para evaluar la seguridad de una plataforma de juego online no deber\u00eda ser solamente la existencia de una licencia internacional, sino su <strong data-start=\"5985\" data-end=\"6039\">encuadre dentro del sistema regulatorio provincial<\/strong>. El juego online local cuenta con exigencias t\u00e9cnicas y de control fijadas por INPROJUY, que incluyen seguridad inform\u00e1tica, reportes, sistema de reclamos, pol\u00edticas de juego responsable y mecanismos de autoexclusi\u00f3n.<\/p>\n<p data-start=\"6302\" data-end=\"6699\">Por eso, para un usuario juje\u00f1o, la referencia m\u00e1s s\u00f3lida en t\u00e9rminos regulatorios es operar en plataformas que funcionen bajo las licencias habilitadas en la provincia. La existencia de una licencia extranjera puede ser un elemento complementario de evaluaci\u00f3n, pero <strong data-start=\"6570\" data-end=\"6613\">no reemplaza la autorizaci\u00f3n provincial<\/strong> ni equivale por s\u00ed sola a habilitaci\u00f3n local.<\/p>\n<p data-start=\"6704\" data-end=\"6957\">Tambi\u00e9n es recomendable revisar que la plataforma ofrezca canales claros de atenci\u00f3n al usuario, t\u00e9rminos y condiciones accesibles, herramientas de juego responsable y procedimientos para reclamos y autoexclusi\u00f3n.<\/p>\n<h2><span class=\"ez-toc-section\" id=\"%C2%BFQue-futuro-le-espera-a-los-operadores-de-juego-online-en-Jujuy\"><\/span>\u00bfQu\u00e9 futuro le espera a los operadores de juego online en Jujuy?<span class=\"ez-toc-section-end\"><\/span><\/h2>\n<p>La provincia de Jujuy cuenta con un reglamento firme que establece de manera muy eficiente los l\u00edmites del juego online y del que no lo es. Por lo tanto, lo normal es que con el paso del tiempo <strong>el departamento se abra a la autorizaci\u00f3n de nuevos casinos online legalizados<\/strong>.<\/p>\n<p>El Inprojuy no se ha mostrado en contra de unirse a nuevas provincias con las que poder comercializar tambi\u00e9n conjuntamente sus juegos online, al igual que con Salta. Y ese es un gran punto en com\u00fan para que m\u00e1s pronto que tarde se pueda llevar a cabo algo parecido a una ley federal por la que se rijan todos los territorios argentinos.<\/p>\n<p>Pero por lo que m\u00e1s est\u00e1 peleando el organismo sin ninguna duda es por acabar con el juego ilegal y potenciar el que ya act\u00faa bajo el paraguas legislativo. Las instituciones de Jujuy han alertado a los ciudadanos de la necesidad de denunciar a los operadores il\u00edcitos para tratar de pelear juntos en esa batalla.<\/p>\n<p>Si quer\u00e9s informaci\u00f3n acerca de la situaci\u00f3n del juego online en otras provincias de Argentina, pod\u00e9s revisar la siguiente lista:<\/p>\n<ul id='listaArgProvinciasShort' class='tres-columnas dos-columnas'><li><a href='https:\/\/staging.casinoalto.com\/ar\/buenos-aires\/' title='Buenos Aires'>Buenos Aires<\/a><\/li><li><a href='https:\/\/staging.casinoalto.com\/ar\/catamarca\/' title='Catamarca'>Catamarca<\/a><\/li><li><a href='https:\/\/staging.casinoalto.com\/ar\/chaco\/' title='Chaco'>Chaco<\/a><\/li><li><a href='https:\/\/staging.casinoalto.com\/ar\/chubut\/' title='Chubut'>Chubut<\/a><\/li><li><a href='https:\/\/staging.casinoalto.com\/ar\/cordoba\/' title='C\u00f3rdoba'>C\u00f3rdoba<\/a><\/li><li><a href='https:\/\/staging.casinoalto.com\/ar\/corrientes\/' title='Corrientes'>Corrientes<\/a><\/li><li><a href='https:\/\/staging.casinoalto.com\/ar\/entre-rios\/' title='Entre R\u00edos'>Entre R\u00edos<\/a><\/li><li><a href='https:\/\/staging.casinoalto.com\/ar\/formosa\/' title='Formosa'>Formosa<\/a><\/li><li><a href='https:\/\/staging.casinoalto.com\/ar\/la-pampa\/' title='La Pampa'>La Pampa<\/a><\/li><li><a href='https:\/\/staging.casinoalto.com\/ar\/la-rioja\/' title='La Rioja'>La Rioja<\/a><\/li><li><a href='https:\/\/staging.casinoalto.com\/ar\/mendoza\/' title='Mendoza'>Mendoza<\/a><\/li><li><a href='https:\/\/staging.casinoalto.com\/ar\/misiones\/' title='Misiones'>Misiones<\/a><\/li><li><a href='https:\/\/staging.casinoalto.com\/ar\/neuquen\/' title='Neuqu\u00e9n'>Neuqu\u00e9n<\/a><\/li><li><a href='https:\/\/staging.casinoalto.com\/ar\/rio-negro\/' title='R\u00edo Negro'>R\u00edo Negro<\/a><\/li><li><a href='https:\/\/staging.casinoalto.com\/ar\/salta\/' title='Distrito De Salta'>Distrito De Salta<\/a><\/li><li><a href='https:\/\/staging.casinoalto.com\/ar\/san-juan\/' title='San Juan'>San Juan<\/a><\/li><li><a href='https:\/\/staging.casinoalto.com\/ar\/san-luis\/' title='San Luis'>San Luis<\/a><\/li><li><a href='https:\/\/staging.casinoalto.com\/ar\/santa-cruz\/' title='Santa Cruz'>Santa Cruz<\/a><\/li><li><a href='https:\/\/staging.casinoalto.com\/ar\/santa-fe\/' title='Santa Fe'>Santa Fe<\/a><\/li><li><a href='https:\/\/staging.casinoalto.com\/ar\/santiago-del-estero\/' title='Santiago del Estero'>Santiago del Estero<\/a><\/li><li><a href='https:\/\/staging.casinoalto.com\/ar\/tierra-del-fuego\/' title='Tierra del Fuego'>Tierra del Fuego<\/a><\/li><li><a href='https:\/\/staging.casinoalto.com\/ar\/tucuman\/' title='Tucum\u00e1n'>Tucum\u00e1n<\/a><\/li><\/ul>\n","protected":false},"excerpt":{"rendered":"<p>El juego online de la provincia de Jujuy se encuentra totalmente regulado; es una de las \u00faltimas en autorizarlo dentro del territorio argentino. Y por eso es que dentro de los sitios de casino en l\u00ednea de Argentina merece la pena analizar la situaci\u00f3n de este departamento. Los gobiernos provinciales del pa\u00eds son los designados [&hellip;]<\/p>\n","protected":false},"author":18,"featured_media":0,"parent":0,"menu_order":0,"comment_status":"closed","ping_status":"closed","template":"estados.php","meta":{"_acf_changed":false,"footnotes":""},"class_list":["post-10061216","page","type-page","status-publish","hentry"],"acf":[],"_links":{"self":[{"href":"https:\/\/staging.casinoalto.com\/ar\/wp-json\/wp\/v2\/pages\/10061216","targetHints":{"allow":["GET"]}}],"collection":[{"href":"https:\/\/staging.casinoalto.com\/ar\/wp-json\/wp\/v2\/pages"}],"about":[{"href":"https:\/\/staging.casinoalto.com\/ar\/wp-json\/wp\/v2\/types\/page"}],"author":[{"embeddable":true,"href":"https:\/\/staging.casinoalto.com\/ar\/wp-json\/wp\/v2\/users\/18"}],"replies":[{"embeddable":true,"href":"https:\/\/staging.casinoalto.com\/ar\/wp-json\/wp\/v2\/comments?post=10061216"}],"version-history":[{"count":10,"href":"https:\/\/staging.casinoalto.com\/ar\/wp-json\/wp\/v2\/pages\/10061216\/revisions"}],"predecessor-version":[{"id":10062050,"href":"https:\/\/staging.casinoalto.com\/ar\/wp-json\/wp\/v2\/pages\/10061216\/revisions\/10062050"}],"wp:attachment":[{"href":"https:\/\/staging.casinoalto.com\/ar\/wp-json\/wp\/v2\/media?parent=10061216"}],"curies":[{"name":"wp","href":"https:\/\/api.w.org\/{rel}","templated":true}]}}