{"id":10061256,"date":"2024-10-16T17:37:03","date_gmt":"2024-10-16T17:37:03","guid":{"rendered":"https:\/\/casinoalto.com\/ar\/?page_id=10061256"},"modified":"2026-03-13T18:17:18","modified_gmt":"2026-03-13T18:17:18","slug":"santiago-del-estero","status":"publish","type":"page","link":"https:\/\/staging.casinoalto.com\/ar\/santiago-del-estero\/","title":{"rendered":"Casinos online en Santiago del Estero"},"content":{"rendered":"<p data-start=\"2621\" data-end=\"3240\">Argentina es un pa\u00eds en el que la regulaci\u00f3n del juego online depende de cada provincia, ya que no existe una \u00fanica ley nacional que unifique todo el sistema. Por eso, cada jurisdicci\u00f3n define sus propias reglas, autoridades de control y condiciones para habilitar plataformas de apuestas y casinos online. En ese contexto, Santiago del Estero mantiene un esquema provincial administrado por la <strong data-start=\"3016\" data-end=\"3054\">Caja Social de Santiago del Estero<\/strong>, organismo que sigue siendo la referencia institucional principal para entender la actividad de juego y apuestas dentro del territorio santiague\u00f1o.<\/p>\n<p data-start=\"3242\" data-end=\"3797\">La situaci\u00f3n actual de la provincia es m\u00e1s precisa de lo que refleja el texto original de la p\u00e1gina. Santiago del Estero no tiene hoy un mercado amplio de m\u00faltiples casinos online licenciados como ocurre en otras jurisdicciones argentinas, pero tampoco puede describirse ya como una provincia sin ning\u00fan operador online autorizado. La Caja Social mantiene activa la oferta vinculada a <strong data-start=\"3627\" data-end=\"3661\">Bingo del Sol \/ Bingos del Sol<\/strong>, que funciona como la referencia p\u00fablica m\u00e1s visible del juego online autorizado en la provincia.<\/p>\n<p data-start=\"3799\" data-end=\"4258\">Adem\u00e1s, el enfoque institucional actual no se limita a permitir o no permitir plataformas, sino que incorpora tambi\u00e9n herramientas de control y prevenci\u00f3n. La Caja Social sostiene un <strong data-start=\"3982\" data-end=\"4032\">formulario oficial de denuncia de juego ilegal<\/strong> y en los \u00faltimos a\u00f1os la discusi\u00f3n p\u00fablica sobre apuestas online en Santiago del Estero empez\u00f3 a incorporar con m\u00e1s fuerza la preocupaci\u00f3n por el juego responsable y el acceso de menores.<\/p>\n<div id=\"ez-toc-container\" class=\"ez-toc-v2_0_82_2 counter-hierarchy ez-toc-counter ez-toc-custom ez-toc-container-direction\">\n<div class=\"ez-toc-title-container\">\n<p class=\"ez-toc-title\" style=\"cursor:inherit\">Tabla de contenidos<\/p>\n<span class=\"ez-toc-title-toggle\"><a href=\"#\" class=\"ez-toc-pull-right ez-toc-btn ez-toc-btn-xs ez-toc-btn-default ez-toc-toggle\" aria-label=\"Toggle Table of Content\"><span class=\"ez-toc-js-icon-con\"><span class=\"\"><span class=\"eztoc-hide\" style=\"display:none;\">Toggle<\/span><span class=\"ez-toc-icon-toggle-span\"><svg style=\"fill: #999;color:#999\" xmlns=\"http:\/\/www.w3.org\/2000\/svg\" class=\"list-377408\" width=\"20px\" height=\"20px\" viewBox=\"0 0 24 24\" fill=\"none\"><path d=\"M6 6H4v2h2V6zm14 0H8v2h12V6zM4 11h2v2H4v-2zm16 0H8v2h12v-2zM4 16h2v2H4v-2zm16 0H8v2h12v-2z\" fill=\"currentColor\"><\/path><\/svg><svg style=\"fill: #999;color:#999\" class=\"arrow-unsorted-368013\" xmlns=\"http:\/\/www.w3.org\/2000\/svg\" width=\"10px\" height=\"10px\" viewBox=\"0 0 24 24\" version=\"1.2\" baseProfile=\"tiny\"><path d=\"M18.2 9.3l-6.2-6.3-6.2 6.3c-.2.2-.3.4-.3.7s.1.5.3.7c.2.2.4.3.7.3h11c.3 0 .5-.1.7-.3.2-.2.3-.5.3-.7s-.1-.5-.3-.7zM5.8 14.7l6.2 6.3 6.2-6.3c.2-.2.3-.5.3-.7s-.1-.5-.3-.7c-.2-.2-.4-.3-.7-.3h-11c-.3 0-.5.1-.7.3-.2.2-.3.5-.3.7s.1.5.3.7z\"\/><\/svg><\/span><\/span><\/span><\/a><\/span><\/div>\n<nav><ul class='ez-toc-list ez-toc-list-level-1 eztoc-toggle-hide-by-default' ><li class='ez-toc-page-1 ez-toc-heading-level-2'><a class=\"ez-toc-link ez-toc-heading-1\" href=\"https:\/\/staging.casinoalto.com\/ar\/santiago-del-estero\/#%C2%BFSon-legales-los-sitios-de-juegos-online-en-Santiago-del-Estero\" >\u00bfSon legales los sitios de juegos online en Santiago del Estero?<\/a><\/li><li class='ez-toc-page-1 ez-toc-heading-level-2'><a class=\"ez-toc-link ez-toc-heading-2\" href=\"https:\/\/staging.casinoalto.com\/ar\/santiago-del-estero\/#%C2%BFEs-seguro-jugar-en-casinos-en-linea-en-Santiago-del-Estero\" >\u00bfEs seguro jugar en casinos en l\u00ednea en Santiago del Estero?<\/a><\/li><li class='ez-toc-page-1 ez-toc-heading-level-2'><a class=\"ez-toc-link ez-toc-heading-3\" href=\"https:\/\/staging.casinoalto.com\/ar\/santiago-del-estero\/#%C2%BFQue-futuro-le-espera-a-los-operadores-de-juego-online-en-Santiago-del-Estero\" >\u00bfQu\u00e9 futuro le espera a los operadores de juego online en Santiago del Estero?<\/a><\/li><\/ul><\/nav><\/div>\n<h2><span class=\"ez-toc-section\" id=\"%C2%BFSon-legales-los-sitios-de-juegos-online-en-Santiago-del-Estero\"><\/span>\u00bfSon legales los sitios de juegos online en Santiago del Estero?<span class=\"ez-toc-section-end\"><\/span><\/h2>\n<p><img loading=\"lazy\" decoding=\"async\" class=\"alignleft wp-image-10061371\" src=\"https:\/\/casinoalto.com\/ar\/wp-content\/uploads\/sites\/2\/2024\/12\/santiago-del-estero-300x171.jpg\" alt=\"casinos santiago del estero\" width=\"400\" height=\"229\" srcset=\"https:\/\/staging.casinoalto.com\/ar\/wp-content\/uploads\/sites\/2\/2024\/12\/santiago-del-estero-300x171.jpg 300w, https:\/\/staging.casinoalto.com\/ar\/wp-content\/uploads\/sites\/2\/2024\/12\/santiago-del-estero-70x40.jpg 70w, https:\/\/staging.casinoalto.com\/ar\/wp-content\/uploads\/sites\/2\/2024\/12\/santiago-del-estero-140x80.jpg 140w, https:\/\/staging.casinoalto.com\/ar\/wp-content\/uploads\/sites\/2\/2024\/12\/santiago-del-estero-236x135.jpg 236w, https:\/\/staging.casinoalto.com\/ar\/wp-content\/uploads\/sites\/2\/2024\/12\/santiago-del-estero.jpg 700w\" sizes=\"auto, (max-width: 400px) 100vw, 400px\" \/><\/p>\n<p data-start=\"4333\" data-end=\"4788\">La respuesta a esta inc\u00f3gnita sigue siendo, en t\u00e9rminos generales, que el juego online <strong data-start=\"4420\" data-end=\"4441\">no est\u00e1 prohibido<\/strong> en Santiago del Estero y que su legalidad depende de la autorizaci\u00f3n y el control ejercidos por la <strong data-start=\"4541\" data-end=\"4579\">Caja Social de Santiago del Estero<\/strong>, organismo que administra y regula los juegos de azar en la provincia.<\/p>\n<p data-start=\"4790\" data-end=\"5278\">En el a\u00f1o 1996 la administraci\u00f3n provincial design\u00f3 a la Caja Social como la instituci\u00f3n encargada de regular y controlar todos los juegos de azar y apuestas que pudieran surgir en la regi\u00f3n. M\u00e1s adelante, la <strong data-start=\"4999\" data-end=\"5019\">Ley 6604 de 2002<\/strong> reforz\u00f3 ese esquema y reglament\u00f3 la actividad de explotaci\u00f3n de juegos de azar, consolidando la potestad del organismo para definir qu\u00e9 modalidades quedan bajo su control y en qu\u00e9 condiciones pueden funcionar legalmente.<\/p>\n<p data-start=\"5280\" data-end=\"5944\">Actualmente, la\u00a0 situaci\u00f3n evolucion\u00f3 con la aprobaci\u00f3n del funcionamiento online de <strong data-start=\"5533\" data-end=\"5550\">Bingo del Sol<\/strong>, que no puede seguir present\u00e1ndose solamente como una prolongaci\u00f3n anecd\u00f3tica del bingo presencial. A marzo de 2026, <strong data-start=\"5668\" data-end=\"5702\">Bingo del Sol \/ Bingos del Sol<\/strong> sigue mostrando una operatoria online activa, con venta de cartones, sorteos en vivo y una plataforma identificada en el ecosistema <strong data-start=\"5835\" data-end=\"5846\">.bet.ar<\/strong>, bajo supervisi\u00f3n de la Caja Social de Santiago del Estero.<\/p>\n<p data-start=\"5946\" data-end=\"6457\">Por eso, hoy la forma m\u00e1s precisa de decirlo es esta: en Santiago del Estero, los sitios de juego online son legales <strong data-start=\"6063\" data-end=\"6130\">cuando operan bajo autorizaci\u00f3n o supervisi\u00f3n de la Caja Social<\/strong>, y la referencia p\u00fablica m\u00e1s clara dentro de ese sistema sigue siendo la oferta online de Bingo del Sol.<\/p>\n<h2><span class=\"ez-toc-section\" id=\"%C2%BFEs-seguro-jugar-en-casinos-en-linea-en-Santiago-del-Estero\"><\/span>\u00bfEs seguro jugar en casinos en l\u00ednea en Santiago del Estero?<span class=\"ez-toc-section-end\"><\/span><\/h2>\n<p>S\u00ed. Si eliges con precauci\u00f3n uno de los <a href=\"\/ar\/casinos-online\/\">casinos online seguros de Argentina<\/a> que hay en nuestra plataforma y sigues una gu\u00eda b\u00e1sica de consejos, no tendr\u00e1s ning\u00fan problema. <strong>Selecciona la plataforma de bingo online autorizada de Santiago del Estero o los casinos internacionales que aceptan jugadores de esta provincia<\/strong>.<\/p>\n<p>Si el casino cuenta con una licencia de la autoridad competente (Caja Social de Santiago del Estero en este caso) o de alg\u00fan pa\u00eds extranjero, se puede jugar de manera segura. Como a\u00f1adido tambi\u00e9n es importante revisar que la pol\u00edtica de privacidad y los derechos del usuario est\u00e9n bien claros dentro de los t\u00e9rminos y condiciones del servicio.<\/p>\n<p>La aceptaci\u00f3n de los <a href=\"\/ar\/metodos-de-pago\/\">m\u00e9todos de pago con pesos argentinos<\/a>, el buen soporte al cliente y la posibilidad de jugar desde peque\u00f1as pantallas, son otros consejos que dejamos desde Casino Alto para los apostadores de Santiago del Estero.<\/p>\n<p>Los casinos online que aqu\u00ed encontrar\u00e1s son seguros para los jugadores argentinos de Santiago del Estero, ya que todos ellos han cumplido en los aspectos que te acabamos de comentar.<\/p>\n<h2><span class=\"ez-toc-section\" id=\"%C2%BFQue-futuro-le-espera-a-los-operadores-de-juego-online-en-Santiago-del-Estero\"><\/span>\u00bfQu\u00e9 futuro le espera a los operadores de juego online en Santiago del Estero?<span class=\"ez-toc-section-end\"><\/span><\/h2>\n<p data-start=\"8779\" data-end=\"9259\">Aunque la provincia de Santiago del Estero sigue sin mostrar un esquema de expansi\u00f3n tan amplio como el de otras jurisdicciones argentinas, hoy ya no conviene describirla como si estuviera en un \u201cimpasse\u201d absoluto. La Caja Social mantiene herramientas concretas de control, una oferta online autorizada visible y un canal espec\u00edfico de denuncia del juego ilegal, lo que indica que el tema est\u00e1 institucionalizado y no completamente inm\u00f3vil.<\/p>\n<p data-start=\"9758\" data-end=\"10167\">En <strong data-start=\"9780\" data-end=\"9801\">noviembre de 2024<\/strong> el Concejo Deliberante de Santiago del Estero aprob\u00f3 una campa\u00f1a de concientizaci\u00f3n sobre <strong data-start=\"9892\" data-end=\"9920\">juego online responsable<\/strong>, lo que muestra que el debate institucional ya no gira solo alrededor de permitir o no permitir plataformas, sino tambi\u00e9n de c\u00f3mo reducir riesgos sociales asociados al crecimiento de las apuestas digitales.<\/p>\n<p data-start=\"10169\" data-end=\"10563\">Por eso, el futuro del juego online en Santiago del Estero parece orientarse a un esquema de <strong data-start=\"10262\" data-end=\"10285\">desarrollo prudente<\/strong>, donde la provincia mantenga la potestad de habilitar nuevas modalidades si lo considera conveniente, pero con foco en el control del juego ilegal, la prevenci\u00f3n y el juego responsable, antes que en una liberalizaci\u00f3n amplia del mercado.<\/p>\n<p>Si queres conocer c\u00f3mo est\u00e1 la situaci\u00f3n del juego online en otras provincias de Argentina, podes consultar los siguientes enlaces:<\/p>\n<ul id='listaArgProvinciasShort' class='tres-columnas dos-columnas'><li><a href='https:\/\/staging.casinoalto.com\/ar\/buenos-aires\/' title='Buenos Aires'>Buenos Aires<\/a><\/li><li><a href='https:\/\/staging.casinoalto.com\/ar\/catamarca\/' title='Catamarca'>Catamarca<\/a><\/li><li><a href='https:\/\/staging.casinoalto.com\/ar\/chaco\/' title='Chaco'>Chaco<\/a><\/li><li><a href='https:\/\/staging.casinoalto.com\/ar\/chubut\/' title='Chubut'>Chubut<\/a><\/li><li><a href='https:\/\/staging.casinoalto.com\/ar\/cordoba\/' title='C\u00f3rdoba'>C\u00f3rdoba<\/a><\/li><li><a href='https:\/\/staging.casinoalto.com\/ar\/corrientes\/' title='Corrientes'>Corrientes<\/a><\/li><li><a href='https:\/\/staging.casinoalto.com\/ar\/entre-rios\/' title='Entre R\u00edos'>Entre R\u00edos<\/a><\/li><li><a href='https:\/\/staging.casinoalto.com\/ar\/formosa\/' title='Formosa'>Formosa<\/a><\/li><li><a href='https:\/\/staging.casinoalto.com\/ar\/jujuy\/' title='Jujuy'>Jujuy<\/a><\/li><li><a href='https:\/\/staging.casinoalto.com\/ar\/la-pampa\/' title='La Pampa'>La Pampa<\/a><\/li><li><a href='https:\/\/staging.casinoalto.com\/ar\/la-rioja\/' title='La Rioja'>La Rioja<\/a><\/li><li><a href='https:\/\/staging.casinoalto.com\/ar\/mendoza\/' title='Mendoza'>Mendoza<\/a><\/li><li><a href='https:\/\/staging.casinoalto.com\/ar\/misiones\/' title='Misiones'>Misiones<\/a><\/li><li><a href='https:\/\/staging.casinoalto.com\/ar\/neuquen\/' title='Neuqu\u00e9n'>Neuqu\u00e9n<\/a><\/li><li><a href='https:\/\/staging.casinoalto.com\/ar\/rio-negro\/' title='R\u00edo Negro'>R\u00edo Negro<\/a><\/li><li><a href='https:\/\/staging.casinoalto.com\/ar\/salta\/' title='Distrito De Salta'>Distrito De Salta<\/a><\/li><li><a href='https:\/\/staging.casinoalto.com\/ar\/san-juan\/' title='San Juan'>San Juan<\/a><\/li><li><a href='https:\/\/staging.casinoalto.com\/ar\/san-luis\/' title='San Luis'>San Luis<\/a><\/li><li><a href='https:\/\/staging.casinoalto.com\/ar\/santa-cruz\/' title='Santa Cruz'>Santa Cruz<\/a><\/li><li><a href='https:\/\/staging.casinoalto.com\/ar\/santa-fe\/' title='Santa Fe'>Santa Fe<\/a><\/li><li><a href='https:\/\/staging.casinoalto.com\/ar\/tierra-del-fuego\/' title='Tierra del Fuego'>Tierra del Fuego<\/a><\/li><li><a href='https:\/\/staging.casinoalto.com\/ar\/tucuman\/' title='Tucum\u00e1n'>Tucum\u00e1n<\/a><\/li><\/ul>\n","protected":false},"excerpt":{"rendered":"<p>Argentina es un pa\u00eds en el que la regulaci\u00f3n del juego online depende de cada provincia, ya que no existe una \u00fanica ley nacional que unifique todo el sistema. Por eso, cada jurisdicci\u00f3n define sus propias reglas, autoridades de control y condiciones para habilitar plataformas de apuestas y casinos online. En ese contexto, Santiago del [&hellip;]<\/p>\n","protected":false},"author":18,"featured_media":0,"parent":0,"menu_order":0,"comment_status":"closed","ping_status":"closed","template":"estados.php","meta":{"_acf_changed":false,"footnotes":""},"class_list":["post-10061256","page","type-page","status-publish","hentry"],"acf":[],"_links":{"self":[{"href":"https:\/\/staging.casinoalto.com\/ar\/wp-json\/wp\/v2\/pages\/10061256","targetHints":{"allow":["GET"]}}],"collection":[{"href":"https:\/\/staging.casinoalto.com\/ar\/wp-json\/wp\/v2\/pages"}],"about":[{"href":"https:\/\/staging.casinoalto.com\/ar\/wp-json\/wp\/v2\/types\/page"}],"author":[{"embeddable":true,"href":"https:\/\/staging.casinoalto.com\/ar\/wp-json\/wp\/v2\/users\/18"}],"replies":[{"embeddable":true,"href":"https:\/\/staging.casinoalto.com\/ar\/wp-json\/wp\/v2\/comments?post=10061256"}],"version-history":[{"count":13,"href":"https:\/\/staging.casinoalto.com\/ar\/wp-json\/wp\/v2\/pages\/10061256\/revisions"}],"predecessor-version":[{"id":10062076,"href":"https:\/\/staging.casinoalto.com\/ar\/wp-json\/wp\/v2\/pages\/10061256\/revisions\/10062076"}],"wp:attachment":[{"href":"https:\/\/staging.casinoalto.com\/ar\/wp-json\/wp\/v2\/media?parent=10061256"}],"curies":[{"name":"wp","href":"https:\/\/api.w.org\/{rel}","templated":true}]}}