{"id":135315,"date":"2017-10-18T10:44:54","date_gmt":"2017-10-18T10:44:54","guid":{"rendered":"https:\/\/casinoalto.com\/?page_id=135315"},"modified":"2026-01-27T15:34:54","modified_gmt":"2026-01-27T15:34:54","slug":"punto-y-banca","status":"publish","type":"page","link":"https:\/\/staging.casinoalto.com\/ar\/reglas\/punto-y-banca\/","title":{"rendered":"Reglas Punto y Banca &#8211; C\u00f3mo se juega"},"content":{"rendered":"<p><img loading=\"lazy\" decoding=\"async\" class=\"alignnone size-full wp-image-148385\" src=\"\/ar\/wp-content\/uploads\/sites\/2\/2024\/03\/casino-alto_covers_punto-y-banca.webp\" alt=\"punto y banca\" width=\"800\" height=\"475\" \/><\/p>\n<p>Dentro de los juegos de cartas del tipo Baccarat, encontramos numerosas versiones, como son el <a href=\"\/ar\/reglas\/chemin-de-fer\/\">Chemin de Fer para jugar en l\u00ednea<\/a> y el Banque. Sin embargo, el que nos ocupa, podr\u00edamos decir que es el m\u00e1s popular, por eso, coloquialmente se le suele llamar tambi\u00e9n Baccarat.<\/p>\n<p>El \u00e9xito que obtuvo este juego se foment\u00f3, en parte, debido a que los jugadores que participaban en sus partidas eran de la alta sociedad.<\/p>\n<p>La diferencia con los juegos de su clase (Chemmy y <a href=\"\/ar\/reglas\/baccarat-banque\/\">la versi\u00f3n Baccarat Banque<\/a>) radica en que en Punto y Banca los participantes pueden apostar por la mano de Jugador, por la de la Banca o por el empate entre \u00e9stas.<\/p>\n<p>Conoc\u00e9 m\u00e1s con <a href=\"https:\/\/casinoalto.com\/ar\/\" target=\"_blank\" rel=\"noopener\">Casino Alto<\/a>.<\/p>\n<div id=\"ez-toc-container\" class=\"ez-toc-v2_0_82_2 counter-hierarchy ez-toc-counter ez-toc-custom ez-toc-container-direction\">\n<div class=\"ez-toc-title-container\">\n<p class=\"ez-toc-title\" style=\"cursor:inherit\">Tabla de contenidos<\/p>\n<span class=\"ez-toc-title-toggle\"><a href=\"#\" class=\"ez-toc-pull-right ez-toc-btn ez-toc-btn-xs ez-toc-btn-default ez-toc-toggle\" aria-label=\"Toggle Table of Content\"><span class=\"ez-toc-js-icon-con\"><span class=\"\"><span class=\"eztoc-hide\" style=\"display:none;\">Toggle<\/span><span class=\"ez-toc-icon-toggle-span\"><svg style=\"fill: #999;color:#999\" xmlns=\"http:\/\/www.w3.org\/2000\/svg\" class=\"list-377408\" width=\"20px\" height=\"20px\" viewBox=\"0 0 24 24\" fill=\"none\"><path d=\"M6 6H4v2h2V6zm14 0H8v2h12V6zM4 11h2v2H4v-2zm16 0H8v2h12v-2zM4 16h2v2H4v-2zm16 0H8v2h12v-2z\" fill=\"currentColor\"><\/path><\/svg><svg style=\"fill: #999;color:#999\" class=\"arrow-unsorted-368013\" xmlns=\"http:\/\/www.w3.org\/2000\/svg\" width=\"10px\" height=\"10px\" viewBox=\"0 0 24 24\" version=\"1.2\" baseProfile=\"tiny\"><path d=\"M18.2 9.3l-6.2-6.3-6.2 6.3c-.2.2-.3.4-.3.7s.1.5.3.7c.2.2.4.3.7.3h11c.3 0 .5-.1.7-.3.2-.2.3-.5.3-.7s-.1-.5-.3-.7zM5.8 14.7l6.2 6.3 6.2-6.3c.2-.2.3-.5.3-.7s-.1-.5-.3-.7c-.2-.2-.4-.3-.7-.3h-11c-.3 0-.5.1-.7.3-.2.2-.3.5-.3.7s.1.5.3.7z\"\/><\/svg><\/span><\/span><\/span><\/a><\/span><\/div>\n<nav><ul class='ez-toc-list ez-toc-list-level-1 eztoc-toggle-hide-by-default' ><li class='ez-toc-page-1 ez-toc-heading-level-2'><a class=\"ez-toc-link ez-toc-heading-1\" href=\"https:\/\/staging.casinoalto.com\/ar\/reglas\/punto-y-banca\/#Objetivo-del-juego\" >Objetivo del juego<\/a><\/li><li class='ez-toc-page-1 ez-toc-heading-level-2'><a class=\"ez-toc-link ez-toc-heading-2\" href=\"https:\/\/staging.casinoalto.com\/ar\/reglas\/punto-y-banca\/#Valor-de-las-cartas\" >Valor de las cartas<\/a><\/li><li class='ez-toc-page-1 ez-toc-heading-level-2'><a class=\"ez-toc-link ez-toc-heading-3\" href=\"https:\/\/staging.casinoalto.com\/ar\/reglas\/punto-y-banca\/#Mecanica-del-juego\" >Mec\u00e1nica del juego<\/a><ul class='ez-toc-list-level-3' ><li class='ez-toc-heading-level-3'><a class=\"ez-toc-link ez-toc-heading-4\" href=\"https:\/\/staging.casinoalto.com\/ar\/reglas\/punto-y-banca\/#Cartas-o-naipes-empleados\" >Cartas o naipes empleados<\/a><\/li><li class='ez-toc-page-1 ez-toc-heading-level-3'><a class=\"ez-toc-link ez-toc-heading-5\" href=\"https:\/\/staging.casinoalto.com\/ar\/reglas\/punto-y-banca\/#Mesa-de-juego-disposicion-de-los-jugadores-y-del-crupier\" >Mesa de juego, disposici\u00f3n de los jugadores y del crupier<\/a><\/li><li class='ez-toc-page-1 ez-toc-heading-level-3'><a class=\"ez-toc-link ez-toc-heading-6\" href=\"https:\/\/staging.casinoalto.com\/ar\/reglas\/punto-y-banca\/#Resolucion-de-la-jugada\" >Resoluci\u00f3n de la jugada<\/a><\/li><li class='ez-toc-page-1 ez-toc-heading-level-3'><a class=\"ez-toc-link ez-toc-heading-7\" href=\"https:\/\/staging.casinoalto.com\/ar\/reglas\/punto-y-banca\/#Pago-de-apuestas\" >Pago de apuestas<\/a><\/li><\/ul><\/li><li class='ez-toc-page-1 ez-toc-heading-level-2'><a class=\"ez-toc-link ez-toc-heading-8\" href=\"https:\/\/staging.casinoalto.com\/ar\/reglas\/punto-y-banca\/#Y-un-poco-de-historia-para-terminar%E2%80%A6\" >Y un poco de historia para terminar\u2026<\/a><\/li><\/ul><\/nav><\/div>\n<h2><span class=\"ez-toc-section\" id=\"Objetivo-del-juego\"><\/span><strong>Objetivo del juego<\/strong><span class=\"ez-toc-section-end\"><\/span><\/h2>\n<p>En este juego de Baccarat se enfrentan dos jugadas de dos oponentes ficticios que intentan obtener la mejor puntuaci\u00f3n m\u00e1xima, que es de 8 \u00f3 9 puntos, esta puntuaci\u00f3n se obtiene al sumar los valores de las cartas de cada jugador.<\/p>\n<p>El objetivo en el juego es <strong>ganar apostando por cu\u00e1l ser\u00e1 el resultado de dicho enfrentamiento<\/strong>. De forma que se tiene la posibilidad de apostar a que gana uno, a que gana el otro o a que empatan. Muy sencillo.<\/p>\n<p>Los jugadores ficticios son denominados como Punto y Banca. Las apuestas hechas a favor del Punto se pagan con una relaci\u00f3n de 1 a 1, las hechas a favor de la Banca se pagan con la misma relaci\u00f3n 1 a 1 pero descontando la comisi\u00f3n que marca el casino. Mientras, las apuestas a favor del empate se pagan con una relaci\u00f3n de 8 a 1.<\/p>\n<p>La partida se desarrolla de forma autom\u00e1tica siguiendo unas normas explicadas m\u00e1s adelante, as\u00ed que los jugadores s\u00f3lo apostar\u00e1n sobre un enfrentamiento como por ejemplo si de un partido de f\u00fatbol se tratase (1-X-2).<\/p>\n<h2><span class=\"ez-toc-section\" id=\"Valor-de-las-cartas\"><\/span><strong>Valor de las cartas<\/strong><span class=\"ez-toc-section-end\"><\/span><\/h2>\n<p>Las cartas que obtienen su valor del n\u00famero que aparece en ellas son:<\/p>\n<p>&#8211; 2, 3, 4, 5, 6, 7, 8 y 9.<\/p>\n<p>Mientras que las figuras tienen estos valores:<\/p>\n<p>&#8211; As: su valor es 1.<\/p>\n<p>&#8211; 10, J, Q y K: su valor es 0.<\/p>\n<p>Para obtener el resultado de cada jugada, lo que se hace es sumar el valor de las cartas que la compongan y utilizar \u00fanicamente el valor de las unidades, obviando el de las decenas. Por ejemplo, si las cartas suman 16, el valor de la mano es 6.<\/p>\n<p>Cuando las dos cartas iniciales suman 8 \u00f3 9 puntos se llama \u201cnatural\u201d y es la mejor jugada. Por el contrario, cuando suman 0 puntos se denomina Baccarat, siendo la peor jugada posible de inicio en los <a href=\"https:\/\/casinoalto.com\/ar\/casinos-online\/\" target=\"_blank\" rel=\"noopener\">sitios de juegos de casino en l\u00ednea<\/a>.<\/p>\n<p>Aqu\u00ed lo podemos ver de forma m\u00e1s visual:<\/p>\n<p><img loading=\"lazy\" decoding=\"async\" class=\"alignnone size-full wp-image-148768\" src=\"\/ar\/wp-content\/uploads\/sites\/2\/2024\/03\/casino-alto_images_punto-y-banca.webp\" alt=\"valor cartas punto y banca\" width=\"800\" height=\"475\" \/><\/p>\n<h2><span class=\"ez-toc-section\" id=\"Mecanica-del-juego\"><\/span><strong>Mec\u00e1nica del juego<\/strong><span class=\"ez-toc-section-end\"><\/span><\/h2>\n<h3><span class=\"ez-toc-section\" id=\"Cartas-o-naipes-empleados\"><\/span><strong>Cartas o naipes empleados<\/strong><span class=\"ez-toc-section-end\"><\/span><\/h3>\n<p>Para que una partida de Punto y Banca pueda desarrollarse, se necesitan de 4 a 8 barajas francesas completas. \u00c9stas, se mezclan y se introducen en el sabot, para que sean extra\u00eddas posteriormente.<\/p>\n<h3><span class=\"ez-toc-section\" id=\"Mesa-de-juego-disposicion-de-los-jugadores-y-del-crupier\"><\/span><strong>Mesa de juego, disposici\u00f3n de los jugadores y del crupier<\/strong><span class=\"ez-toc-section-end\"><\/span><\/h3>\n<p>La mesa de juego suele tener forma semicircular, aunque en funci\u00f3n del n\u00famero de participantes puede variar. Puede tener entre 3 y 16 participantes.<\/p>\n<p>Cuando es semicircular, el crupier se coloca en el centro del lado recto, es el encargado de dirigir la partida. Tiene que mezclar las cartas, meterlas dentro del sabot, sacarlas y distribuirlas a los participantes con la ayuda de una pala, mover las cartas y las fichas del casino que representan el dinero, adem\u00e1s de ir anunciando cada etapa del juego.<\/p>\n<p>Si la partida se da en un casino f\u00edsico y en la mesa hay m\u00e1s de 8 secciones, al crupier le acompa\u00f1ar\u00e1n dos empleados del casino que se encargar\u00e1n de gestionar el pago y el cobro de las apuestas, adem\u00e1s de la gesti\u00f3n de las fichas.<\/p>\n<p>Distribuy\u00e9ndose en la parte circular, se sientan los jugadores, ocupando cada uno, una de las secciones en las que se divide la mesa, estando en \u00e9stas la parte en la que depositar las apuestas.<\/p>\n<p><img loading=\"lazy\" decoding=\"async\" class=\"alignnone wp-image-140871 size-full\" src=\"\/wp-content\/uploads\/2017\/10\/sabot.webp\" alt=\"sabot\" width=\"800\" height=\"475\" \/><\/p>\n<p>En el tapete de la mesa podemos encontrar las zonas destinadas a cada una de ellas. Aparecen con el nombre de la elecci\u00f3n a la que se quiere apostar, adem\u00e1s de la tarifa de pago de cada una de las opciones, siendo: Jugador \u2013 Punto (en ingl\u00e9s Player), Banca (Bank) y Empate (Tie).<\/p>\n<p>Dependiendo de cada casino, tambi\u00e9n pueden participar jugadores que est\u00e9n de pie, detr\u00e1s de los que permanecen sentados.<\/p>\n<p>Al contrario que en Banque, en Punto y Banca \u00fanicamente se necesita que haya un jugador para que la partida pueda desarrollarse, al igual que pasa en las partidas de los casinos online.<\/p>\n<p><strong>Turno de las apuestas<\/strong><\/p>\n<p>Llegado a este punto, es el crupier quien se encarga de comunicar que comienza el tiempo para apostar a los jugadores. Estos, deben elegir a qu\u00e9 mano van a apostar, la del Punto , de la Banca o Empate entre ambas, aunque tambi\u00e9n pueden apostar por varios a la vez. Para ello, simplemente tienen que poner las fichas en los espacios destinados en el tapete de la mesa, en las opciones que consideren.<\/p>\n<p>En las apuestas, es el casino el que marca los l\u00edmites de las cantidades que pueden ser apostadas, tanto el m\u00ednimo como el m\u00e1ximo.<\/p>\n<p>Una vez terminado el turno de las apuestas, el crupier indica a los participantes de la mesa que ha finalizado dicho turno con un \u201cno va a m\u00e1s\u201d.<\/p>\n<h3><span class=\"ez-toc-section\" id=\"Resolucion-de-la-jugada\"><\/span><strong>Resoluci\u00f3n de la jugada<\/strong><span class=\"ez-toc-section-end\"><\/span><\/h3>\n<p>Ahora es el momento en que el crupier comienza con el reparto de cartas.<\/p>\n<p>Lo hace dando dos cartas destapadas y de una en una al Punto y a la Banca.<\/p>\n<p>Si en la mano de alguno de los dos contrincantes, se diese una mano \u201cnatural\u201d (que las dos cartas iniciales sumen una puntuaci\u00f3n de 8 o 9), se finalizar\u00eda la mano, y ganar\u00eda quien tuviese estas cartas, ya que es la puntuaci\u00f3n m\u00e1xima que se puede conseguir, aunque tambi\u00e9n podr\u00eda darse un empate entre los dos oponentes.<\/p>\n<p>Si ninguno de los contrincantes obtiene un \u201cnatural\u201d, se procede a jugar las manos del Punto y la de la Banca empezando por la primera de ellas siguiendo las normas establecidas:<\/p>\n<p>Mano del Punto:<\/p>\n<ul>\n<li>Si el resultado al sumar las dos cartas es de 0 a 5, el Punto o Jugador tiene que pedir una carta adicional, sumando el valor de \u00e9sta a las dos cartas que ya tiene y as\u00ed tener el valor definitivo de la mano. Una vez a\u00f1adida una tercera carta, se tiene que plantar.<\/li>\n<li>Si el resultado es 6 o 7, se tiene que plantar.<\/li>\n<\/ul>\n<p>Mano de la Banca:<\/p>\n<p>Dependiendo de c\u00f3mo haya sido la jugada del Punto, la Banca seguir\u00e1 unas normas u otras:<\/p>\n<ul>\n<li>Si el Punto\/Jugador no ha solicitado la carta adicional, la Banca tiene que aplicar las normas anteriores.\n<ul>\n<li>Si la puntuaci\u00f3n de las cartas es de 0 a 5 puntos, tiene que pedir la carta adicional.<\/li>\n<li>Si la puntuaci\u00f3n de las cartas es 6, 7, se tiene que plantar.<\/li>\n<\/ul>\n<\/li>\n<li>En el caso, en el que Punto haya solicitado la carta adicional, la Banca tiene que aplicar las siguientes normas, en funci\u00f3n del resultado obtenido con la suma de las dos cartas:\n<ul>\n<li>Si la puntuaci\u00f3n de las cartas es 0, 1 o 2, tiene que pedir la carta adicional.<\/li>\n<li>Si la puntuaci\u00f3n de las cartas es 3, y la carta adicional del Punto es de 0 a 7, tiene que pedir la carta adicional. Si es cualquier otra carta, la Banca se tiene que plantar.<\/li>\n<li>Si la puntuaci\u00f3n de las cartas es 4, y la carta adicional del Punto es de 2 a 7, tiene que pedir la carta adicional. Si es cualquier otra carta, la Banca se tiene que plantar.<\/li>\n<li>Si la puntuaci\u00f3n de las cartas es 5, y la carta adicional del Punto es de 4 a 7, tiene que pedir la carta adicional. Si es cualquier otra carta, la Banca se tiene que plantar.<\/li>\n<li>Si la puntuaci\u00f3n de las cartas es 6, y la carta adicional del Punto tiene un valor de 6 o 7 puntos, tiene que pedir la carta adicional. Si es cualquier otra, se tiene que plantar.<\/li>\n<li>Si la puntuaci\u00f3n de las cartas de la Banca, es de 7, se tiene que plantar.<\/li>\n<\/ul>\n<\/li>\n<\/ul>\n<p>Una vez que ha terminado el turno de la Banca, se comparan las manos de Punto y la de Banca, ganando quien obtenga un resultado mayor, siendo 9 la puntuaci\u00f3n m\u00e1s alta ya que se eliminan las decenas del resultado.<\/p>\n<p>Puede que as\u00ed nos resulte confuso, por ello, a continuaci\u00f3n vamos a ver algunas jugadas finales para que nos ayude a entenderlo mejor:<\/p>\n<p><strong>Ejemplo 1<\/strong><\/p>\n<p>Si las cartas de Punto son 2 y 3 (2+3=5). Tiene que pedir la carta adicional. Si el valor de \u00e9sta es 3, la puntuaci\u00f3n final es 8 (5+3).<\/p>\n<p>Si las cartas de la Banca son 4 y K (4+0=4) y la carta adicional del Punto es 3, tiene que pedir la carta adicional. Si obtiene un 4, el resultado ser\u00eda 8 (4+4).<\/p>\n<p>Con lo que tendr\u00edamos un empate entre ambos.<\/p>\n<p><strong>Ejemplo 2<\/strong><\/p>\n<p>Si las cartas de Punto son 8 y 4 (8+4=12, 2 al eliminar las decenas). Tiene que pedir la carta adicional. Si el valor de la que recibe es 9, la puntuaci\u00f3n final ser\u00eda 11 (2+9). Quitar\u00edamos la cifra de las decenas y el resultado final es 1.<\/p>\n<p>Si las cartas de la Banca son 6 y 4 (6+4=10), se quita el valor de las decenas y el resultado es de 0, con lo que tiene que pedir la carta adicional. Si obtiene un 6, el resultado ser\u00eda 6 (0+6).<\/p>\n<p>En este caso gana la Banca ya que su puntuaci\u00f3n es la mayor.<\/p>\n<p><strong>Ejemplo 3<\/strong><\/p>\n<p>Si las cartas de Punto son 6 y Q (6+0=6), teniendo como resultado 6. Se tiene que plantar.<\/p>\n<p>Si las cartas de la Banca son 6 y 7 (6+7=13) quitamos el valor de las decenas y el resultado es 3, con lo que tiene que pedir la carta adicional. Si recibe una carta con valor 5, el total son 8 (3+5).<\/p>\n<p>De nuevo ganar\u00eda la Banca, ya que el valor obtenido es mayor que el de Punto.<\/p>\n<p><strong>Ejemplo 4<\/strong><\/p>\n<p>Si las cartas de Punto son 2 y 6 (2+6=8), obtiene una jugada \u201cnatural\u201d. Esto hace que ninguno de los dos oponentes pueda solicitar la carta adicional.<\/p>\n<p>Si las cartas de la Banca son 4 y 7 (4+7=11) quitamos la cifra de las decenas y el resultado final es de 1.<\/p>\n<p>En esta jugada gana el Punto o Jugador.<\/p>\n<h3><span class=\"ez-toc-section\" id=\"Pago-de-apuestas\"><\/span><strong>Pago de apuestas<\/strong><span class=\"ez-toc-section-end\"><\/span><\/h3>\n<p>Una vez finalizadas las jugadas de Punto y de Banca, tras comparar ambas manos y conocer cu\u00e1l es el resultado, se da paso a pago y cobro de las apuestas, siendo el crupier el encargado de esta tarea.<\/p>\n<p>Si el Punto gana, los participantes que depositaran sus apuestas a su favor reciben un pago con una relaci\u00f3n 1-1, recibiendo una cantidad igual a la apostada, el resto de apuestas se pierden a favor del casino.<\/p>\n<p>Si gana la Banca, las apuestas a favor de la Banca, tambi\u00e9n se pagar\u00e1n con una relaci\u00f3n 1-1 aunque en este caso habr\u00e1 que restar la comisi\u00f3n que establezca el casino, que generalmente suele ser del 5%.<\/p>\n<p>Si las apuestas se hacen por el Empate, el pago es de 8-1, es decir, los apostantes del Empate cobrar\u00e1n 8 veces la cantidad inicial que se hab\u00eda apostado. Al contrario que en las otras apuestas, tanto los apostantes a favor del Punto, como los de la Banca, tambi\u00e9n recuperan sus apuestas iniciales.<\/p>\n<h2><span class=\"ez-toc-section\" id=\"Y-un-poco-de-historia-para-terminar%E2%80%A6\"><\/span><strong>Y un poco de historia para terminar\u2026<\/strong><span class=\"ez-toc-section-end\"><\/span><\/h2>\n<p>El origen de este juego es un tanto incierto, ya que cuenta con m\u00e1s de seis siglos de historia desde las primeras referencias que se hacen a \u00e9l, encontr\u00e1ndose en pa\u00edses como Italia\u00a0 o Francia. Fue en este \u00faltimo donde se asent\u00f3 el uso de este juego y donde se comenzaron a establecer las diferentes versiones del juego adem\u00e1s de establecer las reglas que lo rigen.<\/p>\n<p>Hacia el siglo XVII, encontramos que fueron las familias reales y las clases altas de la sociedad, los que hac\u00edan de este juego uno de sus principales entretenimientos; de ah\u00ed a que se impulsara su popularidad.<\/p>\n<p>Como ocurre con <a href=\"\/ar\/juego\/blackjack\/\">el juego Blackjack online<\/a>, el Baccarat es muy f\u00e1cil de aprender ya que sus reglas son muy sencillas, adem\u00e1s act\u00faa de forma determinante el azar, no necesitando el jugador una gran pericia para poder participar. Por ello, los colonizadores de Am\u00e9rica, lo llevaron consigo m\u00e1s all\u00e1 del \u201ccharco\u201d y se extendi\u00f3 su uso por todo el continente americano.<\/p>\n<p>Ya en el siglo XIX, el Baccarat se populariz\u00f3 en diferentes casinos de todo el mundo, aunque iba destinado a un p\u00fablico de clase alta. Un siglo m\u00e1s tarde, los casinos deciden bajar el l\u00edmite de las apuestas (ya que anteriormente eran muy elevadas, puesto que se dirig\u00edan a gente con un alto poder adquisitivo) y de esta forma llegan a un nuevo p\u00fablico.<\/p>\n<p>Actualmente sigue contando con numerosos adeptos, siendo a\u00fan, muchos de ellos, los que realizan apuestas muy generosas.<\/p>\n<p class=\"caja\">\u00bfQuieres practicar antes? Juega a nuestro <strong><a href=\"\/ar\/juego\/baccarat\/\">Punto y Banca o Baccarat gratis<\/a><\/strong> para que cuando quieras jugar con dinero real saques el m\u00e1ximo rendimiento a tus apuestas. \u00a1Buena suerte en las mesas de juego!<\/p>\n<p>Disfrut\u00e1 lo mejor de los juegos, eleg\u00ed la <a href=\"https:\/\/casinoalto.com\/ar\/metodos-de-pago\/\" target=\"_blank\" rel=\"noopener\">forma de pago en los casinos<\/a> y recib\u00ed <a href=\"https:\/\/casinoalto.com\/ar\/bonos-de-bienvenida\/\" target=\"_blank\" rel=\"noopener\">bonos de bienvenida para principiantes<\/a>.<\/p>\n","protected":false},"excerpt":{"rendered":"<p>Dentro de los juegos de cartas del tipo Baccarat, encontramos numerosas versiones, como son el Chemin de Fer para jugar en l\u00ednea y el Banque. Sin embargo, el que nos ocupa, podr\u00edamos decir que es el m\u00e1s popular, por eso, coloquialmente se le suele llamar tambi\u00e9n Baccarat. El \u00e9xito que obtuvo este juego se foment\u00f3, [&hellip;]<\/p>\n","protected":false},"author":18,"featured_media":10060639,"parent":134669,"menu_order":0,"comment_status":"closed","ping_status":"closed","template":"page_author_sidebar.php","meta":{"_acf_changed":false,"footnotes":""},"class_list":["post-135315","page","type-page","status-publish","has-post-thumbnail","hentry"],"acf":[],"_links":{"self":[{"href":"https:\/\/staging.casinoalto.com\/ar\/wp-json\/wp\/v2\/pages\/135315","targetHints":{"allow":["GET"]}}],"collection":[{"href":"https:\/\/staging.casinoalto.com\/ar\/wp-json\/wp\/v2\/pages"}],"about":[{"href":"https:\/\/staging.casinoalto.com\/ar\/wp-json\/wp\/v2\/types\/page"}],"author":[{"embeddable":true,"href":"https:\/\/staging.casinoalto.com\/ar\/wp-json\/wp\/v2\/users\/18"}],"replies":[{"embeddable":true,"href":"https:\/\/staging.casinoalto.com\/ar\/wp-json\/wp\/v2\/comments?post=135315"}],"version-history":[{"count":9,"href":"https:\/\/staging.casinoalto.com\/ar\/wp-json\/wp\/v2\/pages\/135315\/revisions"}],"predecessor-version":[{"id":10061874,"href":"https:\/\/staging.casinoalto.com\/ar\/wp-json\/wp\/v2\/pages\/135315\/revisions\/10061874"}],"up":[{"embeddable":true,"href":"https:\/\/staging.casinoalto.com\/ar\/wp-json\/wp\/v2\/pages\/134669"}],"wp:featuredmedia":[{"embeddable":true,"href":"https:\/\/staging.casinoalto.com\/ar\/wp-json\/wp\/v2\/media\/10060639"}],"wp:attachment":[{"href":"https:\/\/staging.casinoalto.com\/ar\/wp-json\/wp\/v2\/media?parent=135315"}],"curies":[{"name":"wp","href":"https:\/\/api.w.org\/{rel}","templated":true}]}}