{"id":144283,"date":"2024-03-08T03:43:40","date_gmt":"2024-03-08T03:43:40","guid":{"rendered":"https:\/\/casinoalto.com\/?page_id=144283"},"modified":"2026-01-27T15:34:42","modified_gmt":"2026-01-27T15:34:42","slug":"pai-gow-poker","status":"publish","type":"page","link":"https:\/\/staging.casinoalto.com\/ar\/reglas\/pai-gow-poker\/","title":{"rendered":"Reglas Poker Pai Gow &#8211; C\u00f3mo se juega"},"content":{"rendered":"<p><img loading=\"lazy\" decoding=\"async\" class=\"alignnone size-full wp-image-148383\" src=\"\/ar\/wp-content\/uploads\/sites\/2\/2024\/03\/casino-alto_covers_poker-pai-gow.webp\" alt=\"poker pai gow\" width=\"800\" height=\"475\" \/><\/p>\n<p>Os hablaremos hoy de una variante del poker cuyos or\u00edgenes est\u00e1n en la mism\u00edsima China, el Pai Gow Poker con la ayuda de <a href=\"https:\/\/casinoalto.com\/ar\/\" target=\"_blank\" rel=\"noopener\">Casino Alto<\/a>.<\/p>\n<div id=\"ez-toc-container\" class=\"ez-toc-v2_0_82_2 counter-hierarchy ez-toc-counter ez-toc-custom ez-toc-container-direction\">\n<div class=\"ez-toc-title-container\">\n<p class=\"ez-toc-title\" style=\"cursor:inherit\">Tabla de contenidos<\/p>\n<span class=\"ez-toc-title-toggle\"><a href=\"#\" class=\"ez-toc-pull-right ez-toc-btn ez-toc-btn-xs ez-toc-btn-default ez-toc-toggle\" aria-label=\"Toggle Table of Content\"><span class=\"ez-toc-js-icon-con\"><span class=\"\"><span class=\"eztoc-hide\" style=\"display:none;\">Toggle<\/span><span class=\"ez-toc-icon-toggle-span\"><svg style=\"fill: #999;color:#999\" xmlns=\"http:\/\/www.w3.org\/2000\/svg\" class=\"list-377408\" width=\"20px\" height=\"20px\" viewBox=\"0 0 24 24\" fill=\"none\"><path d=\"M6 6H4v2h2V6zm14 0H8v2h12V6zM4 11h2v2H4v-2zm16 0H8v2h12v-2zM4 16h2v2H4v-2zm16 0H8v2h12v-2z\" fill=\"currentColor\"><\/path><\/svg><svg style=\"fill: #999;color:#999\" class=\"arrow-unsorted-368013\" xmlns=\"http:\/\/www.w3.org\/2000\/svg\" width=\"10px\" height=\"10px\" viewBox=\"0 0 24 24\" version=\"1.2\" baseProfile=\"tiny\"><path d=\"M18.2 9.3l-6.2-6.3-6.2 6.3c-.2.2-.3.4-.3.7s.1.5.3.7c.2.2.4.3.7.3h11c.3 0 .5-.1.7-.3.2-.2.3-.5.3-.7s-.1-.5-.3-.7zM5.8 14.7l6.2 6.3 6.2-6.3c.2-.2.3-.5.3-.7s-.1-.5-.3-.7c-.2-.2-.4-.3-.7-.3h-11c-.3 0-.5.1-.7.3-.2.2-.3.5-.3.7s.1.5.3.7z\"\/><\/svg><\/span><\/span><\/span><\/a><\/span><\/div>\n<nav><ul class='ez-toc-list ez-toc-list-level-1 eztoc-toggle-hide-by-default' ><li class='ez-toc-page-1 ez-toc-heading-level-2'><a class=\"ez-toc-link ez-toc-heading-1\" href=\"https:\/\/staging.casinoalto.com\/ar\/reglas\/pai-gow-poker\/#Introduccion\" >Introducci\u00f3n<\/a><\/li><li class='ez-toc-page-1 ez-toc-heading-level-2'><a class=\"ez-toc-link ez-toc-heading-2\" href=\"https:\/\/staging.casinoalto.com\/ar\/reglas\/pai-gow-poker\/#Objetivo-del-juego\" >Objetivo del juego<\/a><\/li><li class='ez-toc-page-1 ez-toc-heading-level-2'><a class=\"ez-toc-link ez-toc-heading-3\" href=\"https:\/\/staging.casinoalto.com\/ar\/reglas\/pai-gow-poker\/#Como-jugar-al-Poker-Pai-Gow\" >C\u00f3mo jugar al Poker Pai Gow<\/a><ul class='ez-toc-list-level-3' ><li class='ez-toc-heading-level-3'><a class=\"ez-toc-link ez-toc-heading-4\" href=\"https:\/\/staging.casinoalto.com\/ar\/reglas\/pai-gow-poker\/#Manos-en-el-juego\" >Manos en el juego<\/a><\/li><li class='ez-toc-page-1 ez-toc-heading-level-3'><a class=\"ez-toc-link ez-toc-heading-5\" href=\"https:\/\/staging.casinoalto.com\/ar\/reglas\/pai-gow-poker\/#Combinaciones-ganadoras\" >Combinaciones ganadoras<\/a><\/li><\/ul><\/li><li class='ez-toc-page-1 ez-toc-heading-level-2'><a class=\"ez-toc-link ez-toc-heading-6\" href=\"https:\/\/staging.casinoalto.com\/ar\/reglas\/pai-gow-poker\/#Como-ganar-en-el-Poker-Pai-Gow\" >C\u00f3mo ganar en el Poker Pai Gow<\/a><\/li><\/ul><\/nav><\/div>\n<h2><span class=\"ez-toc-section\" id=\"Introduccion\"><\/span>Introducci\u00f3n<span class=\"ez-toc-section-end\"><\/span><\/h2>\n<p>Como pas\u00f3 con <a href=\"\/ar\/reglas\/mah-jong\/\">el juego de casino Mah Jong<\/a>, aunque \u00e9ste sea mucho m\u00e1s antiguo, la cultura china nos brind\u00f3 la oportunidad de sumar un juego muy entretenido a los cat\u00e1logos de nuestros <a href=\"https:\/\/casinoalto.com\/ar\/casinos-online\/\" target=\"_blank\" rel=\"noopener\">casinos online en Argentina<\/a>.<\/p>\n<p>El Poker Pai Gow en su origen -en China- no se juega con cartas, pero en la versi\u00f3n que todos conocemos y que m\u00e1s se ha extendido, especialmente a trav\u00e9s de los casinos de todo el mundo, es una versi\u00f3n estadounidense de este juego. En el original se utilizaba fichas de domin\u00f3 chino.<\/p>\n<p>De esta versi\u00f3n tenemos incluso una fecha de nacimiento y un creador: fue en 1985 de la mano de Sam Torosian y hoy en d\u00eda se juega a lo largo y ancho del mundo. \u00c9ste a su vez se inspiraba en el juego del Pusoy, que le dio a conocer uno de los clientes m\u00e1s ancianos de su Bell Card Club.<\/p>\n<p>Para hacerlo m\u00e1s sencillo, de las tres manos conseguidas con trece cartas iniciales, lo redujo a las actuales dos manos y siete cartas en total.<\/p>\n<p>Pai Gow significa literalmente &#8220;haz nueve&#8221;, lo cual no tiene que ver mucho con las reglas del juego. Su ventaja es que es muy f\u00e1cil y no necesitas tener muchas tablas para aprenderlo.<\/p>\n<p>De cualquier modo antes de empezar a jugar con dinero real siempre te recomendamos practicar con alguna de las versiones demo que los casinos online ofrecen del Pai Gow Poker online y que son una baza muy interesante para aprender.<\/p>\n<h2><span class=\"ez-toc-section\" id=\"Objetivo-del-juego\"><\/span>Objetivo del juego<span class=\"ez-toc-section-end\"><\/span><\/h2>\n<p>En el Pai Gow Poker, vas a buscar la manera de conseguir dos manos de poker ganadoras. Tendr\u00e1s una de cinco cartas y otra de dos, y te enfrentar\u00e1s a la casa a trav\u00e9s de la figura del crupier.<\/p>\n<h2><span class=\"ez-toc-section\" id=\"Como-jugar-al-Poker-Pai-Gow\"><\/span>C\u00f3mo jugar al Poker Pai Gow<span class=\"ez-toc-section-end\"><\/span><\/h2>\n<p>Lo primero es empezar por lo b\u00e1sico: en el Pai Gow se reparten 52 cartas, un mazo est\u00e1ndar. La mesa habitualmente tiene lugar para seis jugadores (en la versi\u00f3n online suele ser un duelo crupier-jugador \u00fanico).<\/p>\n<h3><span class=\"ez-toc-section\" id=\"Manos-en-el-juego\"><\/span>Manos en el juego<span class=\"ez-toc-section-end\"><\/span><\/h3>\n<p>A los jugadores se les reparte un total de siete cartas, con las cuales forman dos manos: una de cinco cartas y una de dos.<\/p>\n<p><img loading=\"lazy\" decoding=\"async\" class=\"alignnone size-full wp-image-144285\" src=\"\/wp-content\/uploads\/2018\/01\/pai-gow-poker-reglas-como-jugar.webp\" alt=\"pai gow poker reglas como jugar\" width=\"800\" height=\"475\" \/><\/p>\n<p>La mano de dos cartas, o &#8220;front hand&#8221; ha de ser necesariamente inferior a la de cinco. La mano de cinco cartas, o &#8220;rear hand&#8221;: ha de ser la superior de las dos.<\/p>\n<h3><span class=\"ez-toc-section\" id=\"Combinaciones-ganadoras\"><\/span>Combinaciones ganadoras<span class=\"ez-toc-section-end\"><\/span><\/h3>\n<p>Las combinaciones para la mano de dos cartas son sencillas: ha de ser una pareja de cartas lo m\u00e1s altas posible. En cuanto a las combinaciones posibles para la mano de cinco cartas, ser\u00e1n las siguientes (y se basan en el poker, con las variantes que cada regi\u00f3n o casino adopte):<\/p>\n<p><img loading=\"lazy\" decoding=\"async\" class=\"alignnone size-full wp-image-148766\" src=\"\/wp-content\/uploads\/2018\/12\/casino-alto_images_poker-pai-gow.webp\" alt=\"orden manos poker pai gow\" width=\"800\" height=\"791\" \/><\/p>\n<ul>\n<li>Escalera real: las cartas A, J, Q, K, 10 todas del mismo palo.<\/li>\n<li>Escalera de color: cartas consecutivas del mismo color.<\/li>\n<li>Poker: cuatro cartas iguales.<\/li>\n<li>Full House: pareja y tr\u00edo de cartas.<\/li>\n<li>Color: todas las cartas del mismo color.<\/li>\n<li>Escalera: cartas consecutivas, independientemente de su color o palo.<\/li>\n<li>Tr\u00edo: tres cartas iguales.<\/li>\n<li>Doble pareja: dos pares de cartas iguales entre s\u00ed.<\/li>\n<li>Pareja: dos cartas m\u00e1s altas.<\/li>\n<li>Carta m\u00e1s alta<\/li>\n<\/ul>\n<h2><span class=\"ez-toc-section\" id=\"Como-ganar-en-el-Poker-Pai-Gow\"><\/span>C\u00f3mo ganar en el Poker Pai Gow<span class=\"ez-toc-section-end\"><\/span><\/h2>\n<p>Normalmente habr\u00e1 una apuesta m\u00ednima y otra m\u00e1xima. En cuanto a las posibilidades de ganar, ten en cuenta que el casino siempre tiene una ventaja: Si tus manos son ambas superiores a las suyas, habr\u00e1s ganado.<\/p>\n<p>Si en cambio tan s\u00f3lo una de las dos fuera superior, ganando una de las dos manos el crupier aunque fuese la menor, la de dos cartas, se considerar\u00eda empate y te devolver\u00edan tu apuesta.<\/p>\n<p>En efecto, el crupier no pierde aunque s\u00f3lo sea superior a la tuya su mano menor. Esto da una ventaja a la casa y hace que el juego sea m\u00e1s dif\u00edcil y m\u00e1s entretenido para el jugador.<\/p>\n<p class=\"caja\">\u00bfQuieres practicar antes? Juega a nuestro <strong><a href=\"\/ar\/juego\/pai-gow-poker\/\">Poker Pai Gow gratis<\/a><\/strong> para que cuando quieras jugar con dinero real saques el m\u00e1ximo rendimiento a tus apuestas. \u00a1Buena suerte en las mesas de juego!<\/p>\n<p>Disfrut\u00e1 lo mejor de los juegos, eleg\u00ed la <a href=\"https:\/\/casinoalto.com\/ar\/metodos-de-pago\/\" target=\"_blank\" rel=\"noopener\">forma de pago en los casinos<\/a> y recib\u00ed <a href=\"\/ar\/bonos-de-bienvenida\/\">bonos de bienvenida para principiantes<\/a>.<\/p>\n","protected":false},"excerpt":{"rendered":"<p>Os hablaremos hoy de una variante del poker cuyos or\u00edgenes est\u00e1n en la mism\u00edsima China, el Pai Gow Poker con la ayuda de Casino Alto. Introducci\u00f3n Como pas\u00f3 con el juego de casino Mah Jong, aunque \u00e9ste sea mucho m\u00e1s antiguo, la cultura china nos brind\u00f3 la oportunidad de sumar un juego muy entretenido a [&hellip;]<\/p>\n","protected":false},"author":18,"featured_media":10060633,"parent":134669,"menu_order":0,"comment_status":"closed","ping_status":"closed","template":"page_author_sidebar.php","meta":{"_acf_changed":false,"footnotes":""},"class_list":["post-144283","page","type-page","status-publish","has-post-thumbnail","hentry"],"acf":[],"_links":{"self":[{"href":"https:\/\/staging.casinoalto.com\/ar\/wp-json\/wp\/v2\/pages\/144283","targetHints":{"allow":["GET"]}}],"collection":[{"href":"https:\/\/staging.casinoalto.com\/ar\/wp-json\/wp\/v2\/pages"}],"about":[{"href":"https:\/\/staging.casinoalto.com\/ar\/wp-json\/wp\/v2\/types\/page"}],"author":[{"embeddable":true,"href":"https:\/\/staging.casinoalto.com\/ar\/wp-json\/wp\/v2\/users\/18"}],"replies":[{"embeddable":true,"href":"https:\/\/staging.casinoalto.com\/ar\/wp-json\/wp\/v2\/comments?post=144283"}],"version-history":[{"count":8,"href":"https:\/\/staging.casinoalto.com\/ar\/wp-json\/wp\/v2\/pages\/144283\/revisions"}],"predecessor-version":[{"id":10061871,"href":"https:\/\/staging.casinoalto.com\/ar\/wp-json\/wp\/v2\/pages\/144283\/revisions\/10061871"}],"up":[{"embeddable":true,"href":"https:\/\/staging.casinoalto.com\/ar\/wp-json\/wp\/v2\/pages\/134669"}],"wp:featuredmedia":[{"embeddable":true,"href":"https:\/\/staging.casinoalto.com\/ar\/wp-json\/wp\/v2\/media\/10060633"}],"wp:attachment":[{"href":"https:\/\/staging.casinoalto.com\/ar\/wp-json\/wp\/v2\/media?parent=144283"}],"curies":[{"name":"wp","href":"https:\/\/api.w.org\/{rel}","templated":true}]}}