{"id":145921,"date":"2018-05-02T16:52:31","date_gmt":"2018-05-02T16:52:31","guid":{"rendered":"https:\/\/casinoalto.com\/?page_id=145921"},"modified":"2026-01-27T15:33:16","modified_gmt":"2026-01-27T15:33:16","slug":"faro","status":"publish","type":"page","link":"https:\/\/staging.casinoalto.com\/ar\/reglas\/faro\/","title":{"rendered":"Reglas Faro &#8211; C\u00f3mo se juega"},"content":{"rendered":"<p><img loading=\"lazy\" decoding=\"async\" class=\"alignnone size-full wp-image-148410\" src=\"\/ar\/wp-content\/uploads\/sites\/2\/2024\/03\/casino-alto_covers_faro.webp\" alt=\"faro juego\" width=\"800\" height=\"475\" \/><\/p>\n<p>Los cat\u00e1logos de casinos online de <a href=\"https:\/\/casinoalto.com\/ar\/\" target=\"_blank\" rel=\"noopener\">Casino Alto<\/a>\u00a0contienen, salvo peque\u00f1as particularidades, una colecci\u00f3n bastante similar de juegos.<\/p>\n<p>Esto es debido al empe\u00f1o por conocer los gustos del jugador, que motiva que seleccionen aquellos con m\u00e1s adeptos o apuesten por aquellos que creen que van a tener una buena acogida.<\/p>\n<p>En la historia de los <a href=\"\/ar\/juegos\/\">juegos de casino<\/a>, muchos no han podido llegar a tener su versi\u00f3n online ya que simplemente dejaron de jugarse en los casinos f\u00edsicos en los que, como en la vida misma, estar de moda tambi\u00e9n es importante.<\/p>\n<p>As\u00ed, algunos juegos que fueron populares en alg\u00fan momento de la historia de los casinos, caen en el olvido y pasan a ser patrimonio de aficionados a las rarezas. En estos casos se agradece la labor investigadora de muchos aficionados a los juegos que permiten, gracias a su empe\u00f1o, que podamos volver a ponerlos sobre el tapete.<\/p>\n<p>En esta ocasi\u00f3n os queremos hablar de un juego de cartas, el <strong>Faro<\/strong>, que alcanz\u00f3 cotas de popularidad en el S. XIX pero perdi\u00f3 gas en el XX hasta casi desaparecer.<\/p>\n<div id=\"ez-toc-container\" class=\"ez-toc-v2_0_82_2 counter-hierarchy ez-toc-counter ez-toc-custom ez-toc-container-direction\">\n<div class=\"ez-toc-title-container\">\n<p class=\"ez-toc-title\" style=\"cursor:inherit\">Tabla de contenidos<\/p>\n<span class=\"ez-toc-title-toggle\"><a href=\"#\" class=\"ez-toc-pull-right ez-toc-btn ez-toc-btn-xs ez-toc-btn-default ez-toc-toggle\" aria-label=\"Toggle Table of Content\"><span class=\"ez-toc-js-icon-con\"><span class=\"\"><span class=\"eztoc-hide\" style=\"display:none;\">Toggle<\/span><span class=\"ez-toc-icon-toggle-span\"><svg style=\"fill: #999;color:#999\" xmlns=\"http:\/\/www.w3.org\/2000\/svg\" class=\"list-377408\" width=\"20px\" height=\"20px\" viewBox=\"0 0 24 24\" fill=\"none\"><path d=\"M6 6H4v2h2V6zm14 0H8v2h12V6zM4 11h2v2H4v-2zm16 0H8v2h12v-2zM4 16h2v2H4v-2zm16 0H8v2h12v-2z\" fill=\"currentColor\"><\/path><\/svg><svg style=\"fill: #999;color:#999\" class=\"arrow-unsorted-368013\" xmlns=\"http:\/\/www.w3.org\/2000\/svg\" width=\"10px\" height=\"10px\" viewBox=\"0 0 24 24\" version=\"1.2\" baseProfile=\"tiny\"><path d=\"M18.2 9.3l-6.2-6.3-6.2 6.3c-.2.2-.3.4-.3.7s.1.5.3.7c.2.2.4.3.7.3h11c.3 0 .5-.1.7-.3.2-.2.3-.5.3-.7s-.1-.5-.3-.7zM5.8 14.7l6.2 6.3 6.2-6.3c.2-.2.3-.5.3-.7s-.1-.5-.3-.7c-.2-.2-.4-.3-.7-.3h-11c-.3 0-.5.1-.7.3-.2.2-.3.5-.3.7s.1.5.3.7z\"\/><\/svg><\/span><\/span><\/span><\/a><\/span><\/div>\n<nav><ul class='ez-toc-list ez-toc-list-level-1 eztoc-toggle-hide-by-default' ><li class='ez-toc-page-1 ez-toc-heading-level-2'><a class=\"ez-toc-link ez-toc-heading-1\" href=\"https:\/\/staging.casinoalto.com\/ar\/reglas\/faro\/#Historia-del-juego-del-Faro\" >Historia del juego del Faro<\/a><\/li><li class='ez-toc-page-1 ez-toc-heading-level-2'><a class=\"ez-toc-link ez-toc-heading-2\" href=\"https:\/\/staging.casinoalto.com\/ar\/reglas\/faro\/#Objetivo-del-juego\" >Objetivo del juego<\/a><\/li><li class='ez-toc-page-1 ez-toc-heading-level-2'><a class=\"ez-toc-link ez-toc-heading-3\" href=\"https:\/\/staging.casinoalto.com\/ar\/reglas\/faro\/#Elementos-del-juego\" >Elementos del juego<\/a><\/li><li class='ez-toc-page-1 ez-toc-heading-level-2'><a class=\"ez-toc-link ez-toc-heading-4\" href=\"https:\/\/staging.casinoalto.com\/ar\/reglas\/faro\/#Como-se-juega-al-Faro\" >C\u00f3mo se juega al Faro<\/a><ul class='ez-toc-list-level-3' ><li class='ez-toc-heading-level-3'><a class=\"ez-toc-link ez-toc-heading-5\" href=\"https:\/\/staging.casinoalto.com\/ar\/reglas\/faro\/#Apuestas-mas-comunes\" >Apuestas m\u00e1s comunes<\/a><\/li><\/ul><\/li><li class='ez-toc-page-1 ez-toc-heading-level-2'><a class=\"ez-toc-link ez-toc-heading-6\" href=\"https:\/\/staging.casinoalto.com\/ar\/reglas\/faro\/#Partidas-de-Faro-famosas\" >Partidas de Faro famosas<\/a><\/li><\/ul><\/nav><\/div>\n<h2><span class=\"ez-toc-section\" id=\"Historia-del-juego-del-Faro\"><\/span>Historia del juego del Faro<span class=\"ez-toc-section-end\"><\/span><\/h2>\n<p>Estamos ante un juego de cartas cuyo nombre original era &#8220;Fara\u00f3n&#8221; y era popular en la Francia de Luis XIV (que rein\u00f3 desde su coronaci\u00f3n en 1.643 hasta su fallecimiento en 1.715). Apareci\u00f3 como el sustituto de un juego tambi\u00e9n de cartas llamado Basset, que hab\u00eda sufrido una prohibici\u00f3n (que alcanzar\u00eda al Fara\u00f3n o Faro al cabo del tiempo).<\/p>\n<p>En Inglaterra no se prohibieron ni uno ni otro y gozaron de bastante popularidad (tambi\u00e9n en Italia, donde el mism\u00edsimo Casanova era aficionado a jugarlo). All\u00ed fue donde pas\u00f3 de llamarse Far\u00f3n al m\u00e1s corto &#8220;Faro&#8221;.<\/p>\n<p>Como era de esperar salt\u00f3 el oc\u00e9ano Atl\u00e1ntico y lleg\u00f3 a los Estados Unidos y Canad\u00e1, donde en el S. XIX fue, ni m\u00e1s ni menos, el juego de cartas con el que apostar m\u00e1s popular. De hecho si pudi\u00e9semos viajar en el tiempo a cualquiera de los saloon que tantas veces hemos visto reproducidos en las pel\u00edculas del Viejo Oeste, ver\u00edamos que en sus mesas de juego el Faro era el protagonista (se dice que el mism\u00edsimo Wyatt Earp, protagonista de uno de los tiroteos m\u00e1s recordados de la historia).<\/p>\n<p>Tampoco las grandes ciudades escapaban a su encanto y en la de Washington pod\u00edas jugar al faro en multitud de lugares. Las cartas m\u00e1s populares en aquellos primeros a\u00f1os del Faro sol\u00edan llevar un dibujo de un tigre, por lo que a muchos callejones donde pod\u00edas encontrar partidas de Faro se les pon\u00eda la coletilla de &#8220;del tigre&#8221;, en alusi\u00f3n a la facilidad con que se pod\u00eda encontrar.<\/p>\n<p>De hecho existe una ciudad minera en el territorio de Yukon, en Canad\u00e1, llamada Faro en honor a tan popular juego para los <a href=\"https:\/\/casinoalto.com\/ar\/casinos-online\/\" target=\"_blank\" rel=\"noopener\">casinos online de Argentina<\/a>.<\/p>\n<p>El declive de juego tuvo mucho que ver con las malas pr\u00e1cticas de &#8220;las bancas&#8221;, ya que se utilizaron ampliamente trucos que inclinaban la suerte a su favor. Eso, junto con la mala fama y corrientes prohibicionistas en el pa\u00eds acabaron con el reinado del Faro en salones y callejones.<\/p>\n<p>Los \u00faltimos lugares donde se pod\u00eda jugar al Faro y que constan son algunos casinos de Las Vegas y Reno.<\/p>\n<h2><span class=\"ez-toc-section\" id=\"Objetivo-del-juego\"><\/span>Objetivo del juego<span class=\"ez-toc-section-end\"><\/span><\/h2>\n<p>Este juego persigue un objetivo muy sencillo: <strong>apostar a que adivinas qu\u00e9 carta va a extraer el crupier<\/strong> (o banca), adem\u00e1s de poder apostar a otras cuestiones paralelas. Pero el ganador del juego en esencia es aqu\u00e9l que predice la carta que va a salir.<\/p>\n<h2><span class=\"ez-toc-section\" id=\"Elementos-del-juego\"><\/span>Elementos del juego<span class=\"ez-toc-section-end\"><\/span><\/h2>\n<p><img loading=\"lazy\" decoding=\"async\" class=\"alignnone size-full wp-image-145026\" src=\"\/ar\/wp-content\/uploads\/sites\/2\/2024\/03\/mesa-de-faro.webp\" alt=\"mesa de faro\" width=\"800\" height=\"475\" \/><\/p>\n<ul>\n<li>Una baraja de cartas (52 y sin los comodines).<\/li>\n<li>Una mesa que antes sol\u00eda ser de forma ovalada.<\/li>\n<li>El tapete, en el que est\u00e1n representadas las siluetas de 13 cartas distribuidas en dos filas de 6, una paralela a la otra, y una carta suelta colocada a la altura de la zona intermedia entre las filas y a un extremo. En uno de los extremos suele estar tambi\u00e9n impresa la palabra &#8220;Highcard&#8221; o carta m\u00e1s alta.<\/li>\n<li>Una caja de reparto (que fueron en gran medida objeto de triqui\u00f1uelas por parte de la banca en la antig\u00fcedad). Estas cajas permiten sacar las cartas de una en una e incluso ver el mazo de cartas en el interior para no dejar lugar a suspicacias.<\/li>\n<li>Un \u00e1baco, y se trataba de un \u00e1baco muy especial puesto que cada una de las varillas representaba a una de las cartas de la baraja (sin tener en cuenta los palos). Con \u00e9l se van marcando las cartas que van apareciendo en la mesa.<\/li>\n<li>Fichas de poker para apostar.<\/li>\n<li>Una chapa de cobre (copper, en ingl\u00e9s), que serv\u00eda para invertir o cambiar el resultado de una ronda.<\/li>\n<li>Jugadores en un n\u00famero indefinido, pudiendo haber tantos como se quiera.<\/li>\n<\/ul>\n<h2><span class=\"ez-toc-section\" id=\"Como-se-juega-al-Faro\"><\/span>C\u00f3mo se juega al Faro<span class=\"ez-toc-section-end\"><\/span><\/h2>\n<p>En el Faro, varios jugadores se enfrentan a la Banca o crupier. Los jugadores empiezan colocando sus apuestas sobre alguna de las cartas dibujadas sobre el tapete (luego explicaremos las especialidades de estas apuestas).<\/p>\n<p>Una vez apostado, el crupier saca una carta que coloca a la derecha de la caja de reparto. A esta carta se la conoce como &#8220;<strong>carta de la banca<\/strong>&#8220;.<\/p>\n<p>La siguiente carta que saca es la llamada &#8220;<strong>del jugador&#8221;<\/strong> y se coloca a la izquierda del mazo. Las apuestas que coinciden con la carta de la banca perder\u00e1n y las que coincidan con la carta del jugador ganar\u00e1n.<\/p>\n<p>Se puede apostar tambi\u00e9n a que la carta del jugador ser\u00e1 mayor que la de la banca y \u00e9sta es la apuesta que se coloca en la zona de &#8220;highcard&#8221; del tapete.<\/p>\n<p>Las apuestas se liquidan cada vez que se sacan dos cartas, por lo que las partidas son sencillas y r\u00e1pidas. Las apuestas que ni han ganado ni perdido se quedan sobre la mesa, aunque pueden recogerse o modificarse.<\/p>\n<p>Si<strong> hubiera un empate<\/strong>, es decir, si el repartidor extrae dos cartas de id\u00e9ntico valor, la banca se quedar\u00eda la mitad de las apuestas a esa carta, lo que constituye una ventaja para la casa.<\/p>\n<p>Se siguen sacando pares de cartas del mazo sin volver a meter las que ya han salido.<\/p>\n<p>De este modo en la \u00faltima ronda <strong>s\u00f3lo quedan tres cartas en el mazo<\/strong> (la que est\u00e1 visible no participa, se la llama &#8220;soda&#8221; y se dice que est\u00e1 &#8220;quemada&#8221; puesto que es visible por los jugadores), por lo que la apuesta se modifica y se intenta <strong>adivinar el orden en que \u00e9stas van a salir<\/strong> (salvo que quedaran casualmente tres cartas del mismo valor, como por ejemplo 3 jotas, 3 doses, etc.<\/p>\n<h3><span class=\"ez-toc-section\" id=\"Apuestas-mas-comunes\"><\/span>Apuestas m\u00e1s comunes<span class=\"ez-toc-section-end\"><\/span><\/h3>\n<p><img loading=\"lazy\" decoding=\"async\" class=\"alignnone size-full wp-image-148778\" src=\"\/ar\/wp-content\/uploads\/sites\/2\/2024\/03\/casino-alto_images_faro.webp\" alt=\"valor cartas faro\" width=\"800\" height=\"475\" \/><\/p>\n<ul>\n<li>Apuesta al valor de la carta: es la apuesta m\u00e1s com\u00fan y se puede apostar a uno o a varios posibles resultados.<\/li>\n<li>Apuesta a la carta m\u00e1s alta: si crees que la carta ganadora va a ser m\u00e1s alta que la perdedora.<\/li>\n<li>Apuesta a pares e impares: de igual modo, se refiere a la carta ganadora o &#8220;carta del jugador&#8221;<\/li>\n<li>Apuesta final a las tres \u00faltimas cartas: Se busca predecir el orden en que van a ser extra\u00eddas (recordemos que gracias al \u00e1baco el valor de las cartas que quedan se puede conocer de antemano).<\/li>\n<\/ul>\n<h2><span class=\"ez-toc-section\" id=\"Partidas-de-Faro-famosas\"><\/span>Partidas de Faro famosas<span class=\"ez-toc-section-end\"><\/span><\/h2>\n<p>Dada su popularidad, no es de extra\u00f1ar que en multitud de obras literarias coet\u00e1neas a su momento de m\u00e1xima fama, el Faro apareciese retratado en multitud de escenas y tramas.<\/p>\n<p>Hablamos de obras que han pasado a la historia como&#8221;<strong>Guerra y Paz<\/strong>&#8221; (Leon Tolstoy), o &#8220;<strong>La suerte de Barry Lyndon<\/strong>&#8221; de\u00a0William Makepeace Thackeray, la novela que adapt\u00f3 a la gran pantalla Stanley Kubrick en 1975.<\/p>\n<p>Puccini y Offenbach incluyeron partidas de faro en alguna de sus \u00f3peras, y en una de las pel\u00edculas favoritas para los amantes del buen cine y los juegos de cartas de todos los tiempos, &#8220;<strong>El Golpe<\/strong>&#8221; (&#8220;The Sting&#8221;), inolvidablemente protagonizada por Paul Newman y Robert Redford en 1973; uno de los miembros de la banda advierte a los protagonistas de que Ray Lonegan, el malvado mafioso del que se quieren vengar, &#8220;s\u00f3lo sale de casa para jugar al Faro&#8221;.<\/p>\n<p>Por supuesto tambi\u00e9n podemos encontrar escenas de partidas de Faro en la adaptaci\u00f3n al cine de la vida de Wyatt Earp titulada &#8220;<strong>Tombstone<\/strong>&#8220;.<\/p>\n<p>Para los amantes de las series tambi\u00e9n se pueden encontrar m\u00faltiples referencias en &#8220;<strong>Deadwood<\/strong>&#8220;, de modo que el Faro nunca caer\u00e1 en el olvido mientras sigamos sintiendo atracci\u00f3n por los usos y costumbres del Viejo Oeste.<\/p>\n<p>\u00bfQuer\u00e9s jugar? Entonces eleg\u00ed el sitio y defin\u00ed la <a href=\"https:\/\/casinoalto.com\/ar\/metodos-de-pago\/\" target=\"_blank\" rel=\"noopener\">forma de depositar dinero<\/a>, y aprovech\u00e1 tambi\u00e9n las <a href=\"https:\/\/casinoalto.com\/ar\/bonos-de-bienvenida\/\" target=\"_blank\" rel=\"noopener\">promociones para nuevos jugadores<\/a>.<\/p>\n","protected":false},"excerpt":{"rendered":"<p>Los cat\u00e1logos de casinos online de Casino Alto\u00a0contienen, salvo peque\u00f1as particularidades, una colecci\u00f3n bastante similar de juegos. Esto es debido al empe\u00f1o por conocer los gustos del jugador, que motiva que seleccionen aquellos con m\u00e1s adeptos o apuesten por aquellos que creen que van a tener una buena acogida. En la historia de los juegos [&hellip;]<\/p>\n","protected":false},"author":18,"featured_media":10060594,"parent":134669,"menu_order":0,"comment_status":"closed","ping_status":"closed","template":"page_author_sidebar.php","meta":{"_acf_changed":false,"footnotes":""},"class_list":["post-145921","page","type-page","status-publish","has-post-thumbnail","hentry"],"acf":[],"_links":{"self":[{"href":"https:\/\/staging.casinoalto.com\/ar\/wp-json\/wp\/v2\/pages\/145921","targetHints":{"allow":["GET"]}}],"collection":[{"href":"https:\/\/staging.casinoalto.com\/ar\/wp-json\/wp\/v2\/pages"}],"about":[{"href":"https:\/\/staging.casinoalto.com\/ar\/wp-json\/wp\/v2\/types\/page"}],"author":[{"embeddable":true,"href":"https:\/\/staging.casinoalto.com\/ar\/wp-json\/wp\/v2\/users\/18"}],"replies":[{"embeddable":true,"href":"https:\/\/staging.casinoalto.com\/ar\/wp-json\/wp\/v2\/comments?post=145921"}],"version-history":[{"count":7,"href":"https:\/\/staging.casinoalto.com\/ar\/wp-json\/wp\/v2\/pages\/145921\/revisions"}],"predecessor-version":[{"id":10061852,"href":"https:\/\/staging.casinoalto.com\/ar\/wp-json\/wp\/v2\/pages\/145921\/revisions\/10061852"}],"up":[{"embeddable":true,"href":"https:\/\/staging.casinoalto.com\/ar\/wp-json\/wp\/v2\/pages\/134669"}],"wp:featuredmedia":[{"embeddable":true,"href":"https:\/\/staging.casinoalto.com\/ar\/wp-json\/wp\/v2\/media\/10060594"}],"wp:attachment":[{"href":"https:\/\/staging.casinoalto.com\/ar\/wp-json\/wp\/v2\/media?parent=145921"}],"curies":[{"name":"wp","href":"https:\/\/api.w.org\/{rel}","templated":true}]}}