{"id":145924,"date":"2018-05-02T16:58:16","date_gmt":"2018-05-02T16:58:16","guid":{"rendered":"https:\/\/casinoalto.com\/?page_id=145924"},"modified":"2026-01-27T15:35:47","modified_gmt":"2026-01-27T15:35:47","slug":"treinta-y-cuarenta","status":"publish","type":"page","link":"https:\/\/staging.casinoalto.com\/ar\/reglas\/treinta-y-cuarenta\/","title":{"rendered":"Reglas Treinta y Cuarenta &#8211; C\u00f3mo se juega"},"content":{"rendered":"<p><img loading=\"lazy\" decoding=\"async\" class=\"alignnone size-full wp-image-148424\" src=\"\/ar\/wp-content\/uploads\/sites\/2\/2024\/03\/casino-alto_covers_30-y-40.webp\" alt=\"30 y 40 juego\" width=\"800\" height=\"475\" \/><\/p>\n<p>En todos los casinos presenciales y tambi\u00e9n en los <a href=\"\/ar\/casinos-online\/\">casinos argentinos para jugar en l\u00ednea<\/a> se va renovando la oferta de juegos.<\/p>\n<p>Lo cierto es que en la mayor\u00eda de casos tiene que ver con la afluencia de p\u00fablico que tienen cada una de estas pr\u00e1cticas, pero no siempre es as\u00ed. <strong>A veces las salas de juegos se ven obligados a retirarlos por fuerzas mayores<\/strong>.<\/p>\n<p>Algo parecido ocurri\u00f3 con el treinta y cuarenta, un juego de cartas de origen franc\u00e9s muy f\u00e1cil de entender y en el que la suerte juega un papel clave.<\/p>\n<p>A pesar de su popularidad tuvo que ser retirado del mercado tras un conflicto entre casinos, aunque todav\u00eda en alguno de ellos se sigue desarrollando.<\/p>\n<p>El nombre es m\u00e1s que apropiado, ya que las manos siempre tienen un valor de entre treinta y cuarenta puntos y nunca ni menor ni mayor valor.<\/p>\n<p>Mir\u00e1 m\u00e1s informaci\u00f3n con <a href=\"\/ar\/\">Casino Alto Argentina<\/a>.<\/p>\n<div id=\"ez-toc-container\" class=\"ez-toc-v2_0_82_2 counter-hierarchy ez-toc-counter ez-toc-custom ez-toc-container-direction\">\n<div class=\"ez-toc-title-container\">\n<p class=\"ez-toc-title\" style=\"cursor:inherit\">Tabla de contenidos<\/p>\n<span class=\"ez-toc-title-toggle\"><a href=\"#\" class=\"ez-toc-pull-right ez-toc-btn ez-toc-btn-xs ez-toc-btn-default ez-toc-toggle\" aria-label=\"Toggle Table of Content\"><span class=\"ez-toc-js-icon-con\"><span class=\"\"><span class=\"eztoc-hide\" style=\"display:none;\">Toggle<\/span><span class=\"ez-toc-icon-toggle-span\"><svg style=\"fill: #999;color:#999\" xmlns=\"http:\/\/www.w3.org\/2000\/svg\" class=\"list-377408\" width=\"20px\" height=\"20px\" viewBox=\"0 0 24 24\" fill=\"none\"><path d=\"M6 6H4v2h2V6zm14 0H8v2h12V6zM4 11h2v2H4v-2zm16 0H8v2h12v-2zM4 16h2v2H4v-2zm16 0H8v2h12v-2z\" fill=\"currentColor\"><\/path><\/svg><svg style=\"fill: #999;color:#999\" class=\"arrow-unsorted-368013\" xmlns=\"http:\/\/www.w3.org\/2000\/svg\" width=\"10px\" height=\"10px\" viewBox=\"0 0 24 24\" version=\"1.2\" baseProfile=\"tiny\"><path d=\"M18.2 9.3l-6.2-6.3-6.2 6.3c-.2.2-.3.4-.3.7s.1.5.3.7c.2.2.4.3.7.3h11c.3 0 .5-.1.7-.3.2-.2.3-.5.3-.7s-.1-.5-.3-.7zM5.8 14.7l6.2 6.3 6.2-6.3c.2-.2.3-.5.3-.7s-.1-.5-.3-.7c-.2-.2-.4-.3-.7-.3h-11c-.3 0-.5.1-.7.3-.2.2-.3.5-.3.7s.1.5.3.7z\"\/><\/svg><\/span><\/span><\/span><\/a><\/span><\/div>\n<nav><ul class='ez-toc-list ez-toc-list-level-1 eztoc-toggle-hide-by-default' ><li class='ez-toc-page-1 ez-toc-heading-level-2'><a class=\"ez-toc-link ez-toc-heading-1\" href=\"https:\/\/staging.casinoalto.com\/ar\/reglas\/treinta-y-cuarenta\/#Historia-del-treinta-y-cuarenta\" >Historia del treinta y cuarenta<\/a><\/li><li class='ez-toc-page-1 ez-toc-heading-level-2'><a class=\"ez-toc-link ez-toc-heading-2\" href=\"https:\/\/staging.casinoalto.com\/ar\/reglas\/treinta-y-cuarenta\/#Objetivo-del-juego\" >Objetivo del juego<\/a><\/li><li class='ez-toc-page-1 ez-toc-heading-level-2'><a class=\"ez-toc-link ez-toc-heading-3\" href=\"https:\/\/staging.casinoalto.com\/ar\/reglas\/treinta-y-cuarenta\/#Elementos-del-juego\" >Elementos del juego<\/a><\/li><li class='ez-toc-page-1 ez-toc-heading-level-2'><a class=\"ez-toc-link ez-toc-heading-4\" href=\"https:\/\/staging.casinoalto.com\/ar\/reglas\/treinta-y-cuarenta\/#Como-se-juega-al-treinta-y-cuarenta\" >C\u00f3mo se juega al treinta y cuarenta<\/a><\/li><li class='ez-toc-page-1 ez-toc-heading-level-2'><a class=\"ez-toc-link ez-toc-heading-5\" href=\"https:\/\/staging.casinoalto.com\/ar\/reglas\/treinta-y-cuarenta\/#Particularidades\" >Particularidades<\/a><\/li><\/ul><\/nav><\/div>\n<h2><span class=\"ez-toc-section\" id=\"Historia-del-treinta-y-cuarenta\"><\/span>Historia del treinta y cuarenta<span class=\"ez-toc-section-end\"><\/span><\/h2>\n<p>Si hablamos de este juego, tenemos que tener en cuenta que se trata de <strong>uno de los juegos de apuestas m\u00e1s antiguos del mundo<\/strong>. Para encontrar su origen de nuevo nos tenemos que remontar al siglo XV y a Francia.<\/p>\n<p>Y decimos de nuevo porque muchos de los juegos de casino que hoy conocemos pertenecen a este momento y lugar concreto de la historia. Tambi\u00e9n le ocurre a los craps, que comenz\u00f3 a desarrollarse en las cruzadas.<\/p>\n<p>Por entonces el treinta y cuarenta solo estaba empezando a constituirse y probablemente los soldados galos tuvieron mucho que ver en ello. Las guerras religiosas fueron crudas y duras, y por tanto los batallones ten\u00edan que distraerse de alguna manera.<\/p>\n<p>Fue en este tiempo en el que se comenzaron a forjar las directrices de este juego y durante el siglo siguiente <strong>se acabar\u00eda expandiendo por toda Europa<\/strong>. Esta pr\u00e1ctica cal\u00f3 especialmente en la zona m\u00e1s continental (excluyendo las islas), y especialmente se instal\u00f3 en Francia, Italia y M\u00f3naco.<\/p>\n<p>En el siglo XVII fue cuando m\u00e1s auge alcanz\u00f3 y as\u00ed se mantuvo hasta el siglo XIX. Va a ser en la parte final de este periodo cuando se trunque la oferta del treinta y cuarenta en el repertorio de las salas de juego europeas.<\/p>\n<p>El sector de las apuestas estaba en pleno desarrollo y cada vez aparec\u00edan m\u00e1s y m\u00e1s casinos por todo el mundo. Esto deriv\u00f3 en <strong>una guerra entre casinos<\/strong>, que donde m\u00e1s importancia tuvo fue en la costa azul francesa.<\/p>\n<p>Esta parte corresponde a toda la zona del litoral mediterr\u00e1neo al sureste de Francia, en la que se encuentran ciudades emblem\u00e1ticas como Niza, Cannes y ya Montecarlo en lo que al principado monegasco se refiere.<\/p>\n<p>En esta parte, los directores de las salas de juego fomentaron entre ellos una fuerte rivalidad que lleg\u00f3 hasta las consecuencias m\u00e1s sucias. <strong>Los magnates contrataban a jugadores para que se infiltraran en el casino de la competencia<\/strong> e intentaran desbancarlo.<\/p>\n<p>A priori no parec\u00eda f\u00e1cil, pero el treinta y cuarenta tuvo mucho que ver en estas maniobras. <strong>Con la ayuda interna del alg\u00fan empleado comprado por la competencia, el tapado era capaz de llevar un conteo de las cartas<\/strong>, conocer cuales iban a salir en determinados momentos y por tanto realizar apuestas seguras.<\/p>\n<p>La costa de Niza fue la m\u00e1s afectada por este juego ilegal y casinos como el de Ment\u00f3n, el Ruhl o el que estaba situado en el complejo Palais de la M\u00e9diterran\u00e9e acabaron declar\u00e1ndose en bancarrota.<\/p>\n<p>Por esta raz\u00f3n este juego ya no se encuentra en la mayor\u00eda de casinos de Europa, sin embargo sigue siendo muy popular en Italia, Francia y en M\u00f3naco. El m\u00e1s destacado de todos ellos es el Casino de Montecarlo en el que a\u00fan se puede jugar en mesas de treinta y cuarenta. Lo mismo ocurre en establecimientos transalpinos como el Casino de la Vall\u00e9e, situado en la localidad de Saint-Vicent.<\/p>\n<h2><span class=\"ez-toc-section\" id=\"Objetivo-del-juego\"><\/span>Objetivo del juego<span class=\"ez-toc-section-end\"><\/span><\/h2>\n<p>El objetivo de esta pr\u00e1ctica es muy sencillo. Lo \u00fanico que hay que hacer es tratar de acertar la combinaci\u00f3n de cartas que el crupier va dejando sobre la mesa en hileras. El l\u00edmite es treinta y por tanto hay que adivinar cual de las dos filas de cartas se acercar\u00e1 m\u00e1s a ese valor.<\/p>\n<h2><span class=\"ez-toc-section\" id=\"Elementos-del-juego\"><\/span>Elementos del juego<span class=\"ez-toc-section-end\"><\/span><\/h2>\n<p><img loading=\"lazy\" decoding=\"async\" class=\"alignnone size-full wp-image-145663\" src=\"\/wp-content\/uploads\/2018\/04\/Baraja-francesa.webp\" alt=\"Baraja francesa\" width=\"800\" height=\"475\" \/><\/p>\n<ul>\n<li>Seis barajas francesas (de 52 cartas y sin \u00edndices).<\/li>\n<li>Fichas de poker para apostar.<\/li>\n<li>Mesa o tapete especial de treinta y cuarenta.<\/li>\n<li>De 1 a 8 jugadores.<\/li>\n<\/ul>\n<h2><span class=\"ez-toc-section\" id=\"Como-se-juega-al-treinta-y-cuarenta\"><\/span>C\u00f3mo se juega al treinta y cuarenta<span class=\"ez-toc-section-end\"><\/span><\/h2>\n<p>El treinta y cuarenta es un juego sencillo y con ganancias potenciales bastante jugosas para los apostadores. Para empezar <strong>la mesa en la que se desarrolla el juego est\u00e1 dividida en cuatro partes<\/strong>.<\/p>\n<p>Una est\u00e1 delimitada para la fila roja, otra para la fila negra y en los extremos de las mesas hay dos casillas llamadas \u201ccolor\u201d e \u201cinversa\u201d, y que m\u00e1s tarde explicaremos su significado.<\/p>\n<p>El crupier estar\u00e1 sentado en un extremo de la mesa y los jugadores en el contrario, mientras que la baraja utilizada ser\u00e1 la francesa. Eso s\u00ed, tiene un car\u00e1cter especial y es que <strong>los naipes no tienen \u00edndices<\/strong>.<\/p>\n<p>Lo mismo se utiliza por ejemplo para <a href=\"\/ar\/juego\/baccarat\/\">el juego baccarat online<\/a> y en este caso ambos juegos tienen eso en com\u00fan. Adem\u00e1s, todas las cartas tienen el valor que contiene su n\u00famero a excepci\u00f3n de las figuras que valen todas diez.<\/p>\n<p>Una vez que est\u00e9 constituida la mesa se da paso al juego. Mientras que el crupier barajea las cartas los jugadores pueden realizar sus apuestas.<\/p>\n<p>En este sentido <strong>hay cuatro posibilidades para los apostadores<\/strong>; por un lado se puede apostar a que la fila ganadora (la que m\u00e1s se acerca a treinta) es la denominada \u201cnegro\u201d; por otro lado tambi\u00e9n la apuesta puede hacerse a que la fila ganadora es la denominada como \u201crojo\u201d; y aparte hay otras dos opciones m\u00e1s.<\/p>\n<p>Los jugadores pueden apostar a \u201ccolor\u201d. En esta baza el jugador gana si la primera carta de la fila negra es del mismo color que la fila ganadora. Puede ocurrir que en la fila negra salga primero una carta de color rojo y que finalmente la fila \u201crojo\u201d sea la vencedora, por tanto, en ese caso el apostador ser\u00eda el ganador.<\/p>\n<p>Y la \u201cinversa\u201d, como su propio nombre indica, es al contrario. Es decir, esto es apostar a que la primera carta de la fila negra es del mismo color que la fila perdedora.<\/p>\n<p>Hay que indicar que <strong>en las filas \u201croja\u201d y \u201cnegra\u201d no se van poniendo solo cartas del color que se indica<\/strong>, sino que simplemente se le dan estos nombres para diferenciar a los dos carriles. Esto quiere decir que se les podr\u00eda haber llamado uno y dos por ejemplo, pero el origen del juego indica que esta es su forma de practicarlo.<\/p>\n<p><img loading=\"lazy\" decoding=\"async\" class=\"alignnone size-full wp-image-148726\" src=\"\/wp-content\/uploads\/2018\/12\/casino-alto_images_treinta-y-cuarenta.webp\" alt=\"valor cartas treinta y cuarenta\" width=\"800\" height=\"475\" \/><\/p>\n<p>Una vez que se realizan las apuestas, el crupier va sacando cartas en la primera fila que es la negra, hasta que esta llegue al valor de treinta y uno o superior a esto. Eso s\u00ed, nunca se puede pasar de cuarenta.<\/p>\n<p>Una vez finalizada esa primera hilera hace lo mismo con la roja hasta que el valor de nuevo llegue a treinta y uno o lo supere. Finalmente se hacen las cuentas y <strong>la fila que m\u00e1s cerca est\u00e9 de treinta es la ganadora<\/strong>. Y lo propio con el color y la inversa.<\/p>\n<p>El crupier pagar\u00e1 las apuestas a los ganadores, recoger\u00e1 la de los perdedores y barajear\u00e1 para de nuevo iniciar una nueva partida. Todo muy simple y sencillo de entender.<\/p>\n<p>Aun as\u00ed, hay varias consideraciones a tener en cuenta dentro del desarrollo del juego. En la mayor\u00eda de casinos en los que se sigue practicando se hace de una manera muy t\u00e9cnica y esa es otra de las razones por las que ha quedado en el olvido de las casas de juego.<\/p>\n<h2><span class=\"ez-toc-section\" id=\"Particularidades\"><\/span>Particularidades<span class=\"ez-toc-section-end\"><\/span><\/h2>\n<p>Normalmente <strong>hacen falta tres personas pertenecientes a la banca para controlar el juego<\/strong>. Uno es el jefe de mesa, que es el que vela por el desarrollo justo y normal del juego; otro es el crupier que barajea y va poniendo las cartas sobre la mesa; y por \u00faltimo hay un segundo crupier que es el que paga las apuestas y las recoge.<\/p>\n<p>Una vez que el crupier mezcla los mazos, debe realizar un corte el jugador situado a su derecha, y adem\u00e1s el jefe de mesa dispone de una carta roja que puede utilizar en cualquier momento para detener el juego si se ha producido alguna irregularidad. En ese caso la mano que se est\u00e9 jugando queda anulada.<\/p>\n<p>En cuanto a las bazas los crupiers no suelen decir literalmente \u201ctreinta y dos\u201d por ejemplo, sino que solo se indica la unidad. Es decir, <strong>si el valor de una hilera es de treinta y tres el crupier dice: \u201ctres\u201d<\/strong>, y todo el mundo lo comprende.<\/p>\n<p>En el pago de las apuestas se pagan primero las de color e inversa y despu\u00e9s las de rojo o negro. Y adem\u00e1s existen m\u00e1s detalles a destacar sobre ellas.<\/p>\n<p>En todas las apuestas se cobra el doble de lo que se ha apostado y en caso de empate la mano se considera nula, no hay ganador y por tanto los jugadores deben decidir si retiran su apuesta, la mantienen para la siguiente mano o la aumentan.<\/p>\n<p><strong>Esta norma debe cumplirse siempre, a menos que se produzca un empate a treinta y uno<\/strong>. Si pasa esto \u00faltimo, el casino se queda con la mitad y deja al jugador la decisi\u00f3n de qu\u00e9 hacer con el resto.<\/p>\n<p>Tambi\u00e9n en algunos casinos se permite que los jugadores paguen al principio un seguro contra el empate a treinta y uno. Esto permite que si se produce dicha baza el jugador recupere su apuesta a excepci\u00f3n de un 1% con el que se queda la banca.<\/p>\n<p>\u00bfQuer\u00e9s jugar al casino en 2025 con las recomendaciones? Entonces seleccion\u00e1 una <a href=\"https:\/\/casinoalto.com\/ar\/metodos-de-pago\/\" target=\"_blank\" rel=\"noopener\">forma para depositar dinero en los casinos<\/a> y aprovech\u00e1 los <a href=\"https:\/\/casinoalto.com\/ar\/bonos-de-bienvenida\/\" target=\"_blank\" rel=\"noopener\">bonos para nuevos usuarios<\/a>.<\/p>\n","protected":false},"excerpt":{"rendered":"<p>En todos los casinos presenciales y tambi\u00e9n en los casinos argentinos para jugar en l\u00ednea se va renovando la oferta de juegos. Lo cierto es que en la mayor\u00eda de casos tiene que ver con la afluencia de p\u00fablico que tienen cada una de estas pr\u00e1cticas, pero no siempre es as\u00ed. A veces las salas [&hellip;]<\/p>\n","protected":false},"author":18,"featured_media":10060661,"parent":134669,"menu_order":0,"comment_status":"closed","ping_status":"closed","template":"page_author_sidebar.php","meta":{"_acf_changed":false,"footnotes":""},"class_list":["post-145924","page","type-page","status-publish","has-post-thumbnail","hentry"],"acf":[],"_links":{"self":[{"href":"https:\/\/staging.casinoalto.com\/ar\/wp-json\/wp\/v2\/pages\/145924","targetHints":{"allow":["GET"]}}],"collection":[{"href":"https:\/\/staging.casinoalto.com\/ar\/wp-json\/wp\/v2\/pages"}],"about":[{"href":"https:\/\/staging.casinoalto.com\/ar\/wp-json\/wp\/v2\/types\/page"}],"author":[{"embeddable":true,"href":"https:\/\/staging.casinoalto.com\/ar\/wp-json\/wp\/v2\/users\/18"}],"replies":[{"embeddable":true,"href":"https:\/\/staging.casinoalto.com\/ar\/wp-json\/wp\/v2\/comments?post=145924"}],"version-history":[{"count":8,"href":"https:\/\/staging.casinoalto.com\/ar\/wp-json\/wp\/v2\/pages\/145924\/revisions"}],"predecessor-version":[{"id":10061885,"href":"https:\/\/staging.casinoalto.com\/ar\/wp-json\/wp\/v2\/pages\/145924\/revisions\/10061885"}],"up":[{"embeddable":true,"href":"https:\/\/staging.casinoalto.com\/ar\/wp-json\/wp\/v2\/pages\/134669"}],"wp:featuredmedia":[{"embeddable":true,"href":"https:\/\/staging.casinoalto.com\/ar\/wp-json\/wp\/v2\/media\/10060661"}],"wp:attachment":[{"href":"https:\/\/staging.casinoalto.com\/ar\/wp-json\/wp\/v2\/media?parent=145924"}],"curies":[{"name":"wp","href":"https:\/\/api.w.org\/{rel}","templated":true}]}}