{"id":146148,"date":"2024-03-08T03:44:52","date_gmt":"2024-03-08T03:44:52","guid":{"rendered":"https:\/\/casinoalto.com\/?page_id=146148"},"modified":"2026-01-27T15:32:23","modified_gmt":"2026-01-27T15:32:23","slug":"chinchon","status":"publish","type":"page","link":"https:\/\/staging.casinoalto.com\/ar\/reglas\/chinchon\/","title":{"rendered":"Reglas Chinch\u00f3n &#8211; C\u00f3mo se juega"},"content":{"rendered":"<p><img loading=\"lazy\" decoding=\"async\" class=\"alignnone size-full wp-image-148399\" src=\"\/ar\/wp-content\/uploads\/sites\/2\/2024\/03\/casino-alto_covers_chinchon.webp\" alt=\"chinchon juego\" width=\"800\" height=\"475\" \/><\/p>\n<p>Dentro del paquete de juegos que se sol\u00edan practicar en los casinos listados por <a href=\"https:\/\/casinoalto.com\/ar\/\" target=\"_blank\" rel=\"noopener\">Casino Alto<\/a> y que ya no se practican, encontramos el chinch\u00f3n.<\/p>\n<p>Un juego que se realiza con la baraja espa\u00f1ola y que durante el primer tercio del siglo XX se hizo muy popular.<\/p>\n<p><strong>Con el tiempo, los casinos acabaron por desecharlo en favor de otros con m\u00e1s tir\u00f3n<\/strong>.<\/p>\n<p>Pero lo cierto es que es un juego muy divertido y que todav\u00eda tiene recorrido en algunas salas.<\/p>\n<div id=\"ez-toc-container\" class=\"ez-toc-v2_0_82_2 counter-hierarchy ez-toc-counter ez-toc-custom ez-toc-container-direction\">\n<div class=\"ez-toc-title-container\">\n<p class=\"ez-toc-title\" style=\"cursor:inherit\">Tabla de contenidos<\/p>\n<span class=\"ez-toc-title-toggle\"><a href=\"#\" class=\"ez-toc-pull-right ez-toc-btn ez-toc-btn-xs ez-toc-btn-default ez-toc-toggle\" aria-label=\"Toggle Table of Content\"><span class=\"ez-toc-js-icon-con\"><span class=\"\"><span class=\"eztoc-hide\" style=\"display:none;\">Toggle<\/span><span class=\"ez-toc-icon-toggle-span\"><svg style=\"fill: #999;color:#999\" xmlns=\"http:\/\/www.w3.org\/2000\/svg\" class=\"list-377408\" width=\"20px\" height=\"20px\" viewBox=\"0 0 24 24\" fill=\"none\"><path d=\"M6 6H4v2h2V6zm14 0H8v2h12V6zM4 11h2v2H4v-2zm16 0H8v2h12v-2zM4 16h2v2H4v-2zm16 0H8v2h12v-2z\" fill=\"currentColor\"><\/path><\/svg><svg style=\"fill: #999;color:#999\" class=\"arrow-unsorted-368013\" xmlns=\"http:\/\/www.w3.org\/2000\/svg\" width=\"10px\" height=\"10px\" viewBox=\"0 0 24 24\" version=\"1.2\" baseProfile=\"tiny\"><path d=\"M18.2 9.3l-6.2-6.3-6.2 6.3c-.2.2-.3.4-.3.7s.1.5.3.7c.2.2.4.3.7.3h11c.3 0 .5-.1.7-.3.2-.2.3-.5.3-.7s-.1-.5-.3-.7zM5.8 14.7l6.2 6.3 6.2-6.3c.2-.2.3-.5.3-.7s-.1-.5-.3-.7c-.2-.2-.4-.3-.7-.3h-11c-.3 0-.5.1-.7.3-.2.2-.3.5-.3.7s.1.5.3.7z\"\/><\/svg><\/span><\/span><\/span><\/a><\/span><\/div>\n<nav><ul class='ez-toc-list ez-toc-list-level-1 eztoc-toggle-hide-by-default' ><li class='ez-toc-page-1 ez-toc-heading-level-2'><a class=\"ez-toc-link ez-toc-heading-1\" href=\"https:\/\/staging.casinoalto.com\/ar\/reglas\/chinchon\/#Historia-del-chinchon\" >Historia del chinch\u00f3n<\/a><\/li><li class='ez-toc-page-1 ez-toc-heading-level-2'><a class=\"ez-toc-link ez-toc-heading-2\" href=\"https:\/\/staging.casinoalto.com\/ar\/reglas\/chinchon\/#Objetivo-del-juego\" >Objetivo del juego<\/a><\/li><li class='ez-toc-page-1 ez-toc-heading-level-2'><a class=\"ez-toc-link ez-toc-heading-3\" href=\"https:\/\/staging.casinoalto.com\/ar\/reglas\/chinchon\/#Elementos-del-juego\" >Elementos del juego<\/a><\/li><li class='ez-toc-page-1 ez-toc-heading-level-2'><a class=\"ez-toc-link ez-toc-heading-4\" href=\"https:\/\/staging.casinoalto.com\/ar\/reglas\/chinchon\/#Como-se-juega-al-chinchon\" >C\u00f3mo se juega al chinch\u00f3n<\/a><ul class='ez-toc-list-level-3' ><li class='ez-toc-heading-level-3'><a class=\"ez-toc-link ez-toc-heading-5\" href=\"https:\/\/staging.casinoalto.com\/ar\/reglas\/chinchon\/#Valor-de-las-cartas\" >Valor de las cartas<\/a><\/li><li class='ez-toc-page-1 ez-toc-heading-level-3'><a class=\"ez-toc-link ez-toc-heading-6\" href=\"https:\/\/staging.casinoalto.com\/ar\/reglas\/chinchon\/#Cierre-de-la-partida\" >Cierre de la partida<\/a><\/li><\/ul><\/li><\/ul><\/nav><\/div>\n<h2><span class=\"ez-toc-section\" id=\"Historia-del-chinchon\"><\/span>Historia del chinch\u00f3n<span class=\"ez-toc-section-end\"><\/span><\/h2>\n<p>El origen del chinch\u00f3n reside en Espa\u00f1a. Para verlo dar sus primeros pasos nos tenemos que desplazar hasta los primeros a\u00f1os del siglo pasado.<\/p>\n<p><strong>En 1909, el jugador Elwood Baker, creaba un juego llamado Gin Rummy y que es bastante parecido al chinch\u00f3n<\/strong>.<\/p>\n<p>De hecho, se cree que el origen del nombre podr\u00eda venir de la part\u00edcula \u201cgin\u201d, aunque hay otros personajes que le dan otra explicaci\u00f3n.<\/p>\n<p>El juego se hizo muy popular en Estados Unidos y se acab\u00f3 trasladando a Espa\u00f1a.<\/p>\n<p>Sin embargo, en la pen\u00ednsula se empezaron a aplicar una serie de reglas que eran diferentes a las del rummy. Tanto as\u00ed, que en cada lugar se jugaba de una manera distinta.<\/p>\n<p>La otra v\u00eda de creaci\u00f3n del chinch\u00f3n se remonta precisamente a que no hab\u00eda una unanimidad de criterios en esta pr\u00e1ctica.<\/p>\n<p><strong>En los bares se jugaba y finalmente todo sol\u00eda acabar en peleas porque cada apostador jugaba de una manera<\/strong>.<\/p>\n<p>Se dice que <strong>un grupo de cient\u00edficos decidieron reunirse para dar una soluci\u00f3n al problema<\/strong>.<\/p>\n<p>El lugar de reuni\u00f3n era el municipio de Chinch\u00f3n, cerca de Madrid, donde se sol\u00eda jugar de forma habitual a este juego.<\/p>\n<p>Ninguno de ellos se pon\u00eda de acuerdo sobre qu\u00e9 nombre darle y que reglas establecer.<\/p>\n<p>Sin embargo, una vez que llegaron a un consenso en las normas, ten\u00edan que buscar una designaci\u00f3n para el juego.<\/p>\n<p>Como tal, <strong>decidieron darle el nombre del pueblo en el que se reun\u00edan<\/strong> y de ah\u00ed deriva el nombre de \u201cchinch\u00f3n\u201d.<\/p>\n<p>Desde ese momento se empez\u00f3 a jugar de forma regular en todos los territorios de Espa\u00f1a y al final los casinos lo acabaron incluyendo en su oferta.<\/p>\n<p>Hoy en d\u00eda ya no se practica, pero en algunos <a href=\"\/ar\/casinos-online\/\">casinos online especializados<\/a> resiste. En latinoam\u00e9rica tambi\u00e9n se hizo muy popular y todav\u00eda se sigue jugando.<\/p>\n<h2><span class=\"ez-toc-section\" id=\"Objetivo-del-juego\"><\/span>Objetivo del juego<span class=\"ez-toc-section-end\"><\/span><\/h2>\n<p>El fin de este juego es el de ligar las cartas antes de que lo hagan tus rivales y cerrar la partida.<\/p>\n<p>Si no es posible hacerlo, porque otro jugador lo haga antes, los apostadores intentar\u00e1n sumar menos puntos que sus contrincantes para no sobrepasar el l\u00edmite de puntos de la mesa y ser eliminados.<\/p>\n<h2><span class=\"ez-toc-section\" id=\"Elementos-del-juego\"><\/span>Elementos del juego<span class=\"ez-toc-section-end\"><\/span><\/h2>\n<ul>\n<li><strong>Baraja espa\u00f1ola de 40, 48 o 50 cartas<\/strong> (48 + 2 comodines).<\/li>\n<li>Tapete (opcional).<\/li>\n<li>Fichas de las de apostar (opcional).<\/li>\n<li><strong>De 2 a 8 jugadores<\/strong>; Hasta cuatro jugadores se juega con una sola baraja. A partir de 5 jugadores se emplean dos barajas.<\/li>\n<\/ul>\n<h2><span class=\"ez-toc-section\" id=\"Como-se-juega-al-chinchon\"><\/span>C\u00f3mo se juega al chinch\u00f3n<span class=\"ez-toc-section-end\"><\/span><\/h2>\n<p>Al ser un juego tan popular no hay un reglamento fijo que determine todas las normas a seguir.<\/p>\n<p>En cualquier caso, <strong>nos vamos a centrar en c\u00f3mo se jugaba al chinch\u00f3n en los casinos espa\u00f1oles<\/strong>, en \u00e9pocas pasadas.<\/p>\n<p>Incluso ciertas reglas pueden variar dependiendo de la mesa, en cuanto al l\u00edmite de puntos a sobrepasar o el valor m\u00e1ximo de una carta no ligada con la que un jugador puede cerrar la mano.<\/p>\n<p>En la mayor\u00eda de casinos se sol\u00eda esperar a que hubiera varios jugadores en la mesa para que compitieran entre ellos como si fuera una especie de torneo.<\/p>\n<p>No obstante, <strong>cuando el local estaba vac\u00edo exist\u00eda la posibilidad de jugar un cara a cara con el crupier<\/strong>.<\/p>\n<p>Este \u00faltimo es el que baraja las cartas, pide al jugador que est\u00e9 a su derecha que haga un corte en el mazo y despu\u00e9s se dispone a repartir.<\/p>\n<p>A cada jugador le entregan siete cartas y tras ello deja descubierta una carta al lado del resto de la baraja, que est\u00e1 boca abajo.<\/p>\n<p>Este movimiento se realiza para que los apostadores verifiquen que el crupier no ha hecho trampas, como colocar las cartas para beneficiarse a s\u00ed mismo o a alg\u00fan jugador.<\/p>\n<p><strong>Despu\u00e9s de que todos los jugadores miren sus cartas, el primero que juegue debe robar un naipe<\/strong>.<\/p>\n<p>Puede hacerlo del mazo central o puede quedarse con la carta descubierta que dej\u00f3 el crupier en primer lugar.<\/p>\n<p>Con este movimiento el jugador tendr\u00e1 ocho cartas en su poder y por tanto <strong>debe descartarse de una de ellas y depositarla en el tapete<\/strong>.<\/p>\n<p>En principio la dejar\u00e1 encima de la otra carta descubierta que hab\u00eda en la mesa, al menos que la haya cogido en cuyo caso la depositar\u00e1 donde estaba la primera.<\/p>\n<p>Todos los jugadores deben ir repitiendo este proceso hasta que finalice la partida.<\/p>\n<p>Si las cartas del mazo se agotasen, el crupier recoger\u00eda las que se han ido dejando en el mont\u00f3n de descartes, las barajar\u00eda y volver\u00eda a ponerlas boca abajo con una carta descubierta al lado.<\/p>\n<p>La partida sigue hasta que uno de los jugadores de por cerrada la mano.<\/p>\n<p>Pero para eso debe haber ido ligando antes sus cartas. <strong>Ligar las cartas significa hacer grupos de naipes que guarden relaci\u00f3n<\/strong>.<\/p>\n<p>Las relaciones de cartas v\u00e1lidas en el chinch\u00f3n son las cartas que tengan el mismo \u00edndice (por ejemplo, los sietes) y cartas correlativas con las que se pueda formar una escalera (por ejemplo, un dos, un tres y un cuatro).<\/p>\n<p>Es importante saber que los grupos deben ser de al menos tres cartas y a partir de ah\u00ed pueden llegar a ligarse hasta las siete seguidas.<\/p>\n<p>Tambi\u00e9n ser\u00eda v\u00e1lido por ejemplo un grupo de tres y otro grupo de cuatro.<\/p>\n<h3><span class=\"ez-toc-section\" id=\"Valor-de-las-cartas\"><\/span>Valor de las cartas<span class=\"ez-toc-section-end\"><\/span><\/h3>\n<p>Hay que destacar el valor de las cartas, que ser\u00e1 importante en este momento del juego y en la hora de calcular la puntuaci\u00f3n final.<\/p>\n<p><img loading=\"lazy\" decoding=\"async\" class=\"alignnone wp-image-148476 size-full\" src=\"\/wp-content\/uploads\/2018\/11\/casino-alto_images_chinchon-1.webp\" alt=\"valor cartas chinch\u00f3n\" width=\"800\" height=\"475\" \/><\/p>\n<ul>\n<li>Uno: vale como uno<\/li>\n<li>Dos: vale como dos<\/li>\n<li>Tres: vale como tres<\/li>\n<li>Cuatro: vale como cuatro<\/li>\n<li>Cinco: vale como cinco<\/li>\n<li>Seis: vale como seis<\/li>\n<li>Siete: vale como siete<\/li>\n<li>Ocho: vale como ocho (si lo hubiera)<\/li>\n<li>Nueve: vale como nueve (si lo hubiera)<\/li>\n<li>Sota: vale como diez<\/li>\n<li>Caballo: vale como diez (en algunas versiones once)<\/li>\n<li>Rey: vale como diez (en algunas versiones doce)<\/li>\n<li>Comodines: valen por cualquier carta (si se juega con 50 cartas)<\/li>\n<\/ul>\n<p>En los casinos normalmente se sol\u00eda jugar sin ochos y nueves en la baraja y s\u00ed que se inclu\u00edan dos comodines pero tambi\u00e9n era posible jugar sin ellos si todos los jugadores se lo ped\u00edan al crupier.<\/p>\n<p>En cuanto a <strong>los comodines, se pod\u00edan utilizar para ligar las cartas siempre que en el grupo hubiera dos naipes que no fueran comodines<\/strong>.<\/p>\n<p>Es decir, un grupo formado por dos comodines y un dos (tr\u00edo de doses) no ser\u00eda v\u00e1lido; mientras que un grupo formado por dos comodines, un cinco y un cuatro (escalera) si ser\u00eda v\u00e1lido.<\/p>\n<h3><span class=\"ez-toc-section\" id=\"Cierre-de-la-partida\"><\/span>Cierre de la partida<span class=\"ez-toc-section-end\"><\/span><\/h3>\n<p>Una vez sabido esto nos marchamos al cierre de la partida.<\/p>\n<p>Para cerrar, <strong>un jugador debe tener ligadas sus siete cartas<\/strong> en un grupo de siete o en dos grupos de tres y cuatro cartas.<\/p>\n<p>Tambi\u00e9n ser\u00edan v\u00e1lidos dos grupos de tres o uno de seis y que una carta se quedara sin ligar pero para ello esa carta debe ser igual o inferior a 3, aunque esto puede depender de la mesa del casino en la que se juegue.<\/p>\n<p>Si un jugador quiere cerrar en un turno, debe elegir la carta que va a descartar y en lugar de dejarla boca arriba, la pone boca abajo en la mesa.<\/p>\n<p>Ah\u00ed ya el resto de jugadores saben que va a cerrar y que se ha acabado la partida.<\/p>\n<p>De esa manera mostrar\u00e1 su jugada y se contar\u00e1n los puntos correspondientes.<\/p>\n<p>El resto de jugadores har\u00e1n lo mismo y el que m\u00e1s puntos haya sumado es el que queda eliminado.<\/p>\n<p>El resto de jugadores iniciar\u00e1n una nueva partida y el crupier les repartir\u00e1 las ganancias seg\u00fan lo que hayan apostado y su lugar en el juego.<\/p>\n<p><strong>El que queda eliminado pierde toda su apuesta y no recibe nada<\/strong>.<\/p>\n<p>El resto de jugadores s\u00ed que recibir\u00e1n, aunque eso tambi\u00e9n depende un poco de las condiciones que tenga la mesa y que deben ser examinadas antes de empezar.<\/p>\n<p>Si el jugador que cerr\u00f3 lo hizo sin haber ligado todas las cartas, la puntuaci\u00f3n no podr\u00e1 ser negativa y en todo caso el m\u00ednimo ser\u00e1 de cero. <strong>La puntuaci\u00f3n solo puede ser negativa cuando se han ligado las siete cartas<\/strong> de la baza.<\/p>\n<p>En ese caso las puntuaciones son las siguientes:<\/p>\n<ul>\n<li>Cerrar con dos grupos de cartas (uno de tres naipes y otro de cuatro): -10<\/li>\n<li>Cerrar con una escalera en la que cuentan los dos comodines: -25<\/li>\n<li>Cerrar con una escalera en la que cuenta un comod\u00edn: -50<\/li>\n<li>Cerrar con una escalera en la que no cuentan los comodines: chinch\u00f3n<\/li>\n<\/ul>\n<p>El jugador que hace chinch\u00f3n gana directamente sin necesidad de contar su puntuaci\u00f3n, ya que es la mejor mano posible dentro de este juego.<\/p>\n<p>Hay que especificar que <strong>el jugador que cierra no siempre es el ganador<\/strong>.<\/p>\n<p>Puede que un compa\u00f1ero lleve una mano mejor.<\/p>\n<p>Lo l\u00f3gico es que cierre el que mejor mano tenga, ya que no tendr\u00eda sentido arriesgarse a tener que seguir con los descartes y obtener una mano peor que la que puede tener.<\/p>\n<p>Sin embargo, hay jugadores que pueden tener una escalera, pero buscar una escalera mejor y no cerrar.<\/p>\n<p>Y es que <strong>cerrar la mano no es obligatorio<\/strong>, se puede seguir jugando hasta que se quiera.<\/p>\n<p>Adem\u00e1s, no se puede cerrar en la primera ronda de bazas.<\/p>\n<p>Al menos hay que esperar a la segunda para poder hacerlo.<\/p>\n<p>Y algo importante es que no se puede pasar.<\/p>\n<p>Es decir, si nada m\u00e1s repartir llevas una mano con la que quieres cerrar, es obligatorio que descartes una y cojas otra de la mesa.<\/p>\n<p>Eso puede implicar que te quedes con una mano peor.<\/p>\n<p>Aunque esto depende de la mesa y del casino, <strong>hay veces en las que los jugadores pueden reengancharse al ser eliminados<\/strong>.<\/p>\n<p>En la mayor\u00eda de salas de juego en las que se practicaba el juego se permit\u00edan dos reenganches por cada jugador.<\/p>\n<p>En ese caso vuelves a apostar el m\u00ednimo de la mesa y entras a una nueva partida.<\/p>\n<p>Hay que decir que, en el momento del cierre, los jugadores que no son los ganadores pueden descartarse de algunos de sus naipes combin\u00e1ndolos con las jugadas de sus contrincantes.<\/p>\n<p>De esta manera, el objetivo es deshacerse de todas las cartas posibles para que no les sumen muchos puntos y no sobrepasar el l\u00edmite establecido (que suele ser de 100 puntos). Con 101 puntos estar\u00edas eliminado.<\/p>\n<p>Esto se har\u00e1 por turnos, en el mismo orden en el que se estaba jugando. Y adem\u00e1s, los comodines no podr\u00e1n ser utilizados en este momento del juego.<\/p>\n<p>Sobra decir que si un jugador cierra la mano y no tiene al menos seis cartas ligadas pierde de forma autom\u00e1tica.<\/p>\n<p>Si lo reitera puede ser vetado de la mesa.<\/p>\n<p>\u00bfTe gust\u00f3 el juego? Eleg\u00ed el casino y defin\u00ed el <a href=\"https:\/\/casinoalto.com\/ar\/metodos-de-pago\/\" target=\"_blank\" rel=\"noopener\">medio de pago para depositar<\/a>, aprovechando tambi\u00e9n las <a href=\"https:\/\/casinoalto.com\/ar\/bonos-de-bienvenida\/\" target=\"_blank\" rel=\"noopener\">ofertas de bienvenida al registrarte<\/a>.<\/p>\n","protected":false},"excerpt":{"rendered":"<p>Dentro del paquete de juegos que se sol\u00edan practicar en los casinos listados por Casino Alto y que ya no se practican, encontramos el chinch\u00f3n. Un juego que se realiza con la baraja espa\u00f1ola y que durante el primer tercio del siglo XX se hizo muy popular. Con el tiempo, los casinos acabaron por desecharlo [&hellip;]<\/p>\n","protected":false},"author":18,"featured_media":10060567,"parent":134669,"menu_order":0,"comment_status":"closed","ping_status":"closed","template":"page_author_sidebar.php","meta":{"_acf_changed":false,"footnotes":""},"class_list":["post-146148","page","type-page","status-publish","has-post-thumbnail","hentry"],"acf":[],"_links":{"self":[{"href":"https:\/\/staging.casinoalto.com\/ar\/wp-json\/wp\/v2\/pages\/146148","targetHints":{"allow":["GET"]}}],"collection":[{"href":"https:\/\/staging.casinoalto.com\/ar\/wp-json\/wp\/v2\/pages"}],"about":[{"href":"https:\/\/staging.casinoalto.com\/ar\/wp-json\/wp\/v2\/types\/page"}],"author":[{"embeddable":true,"href":"https:\/\/staging.casinoalto.com\/ar\/wp-json\/wp\/v2\/users\/18"}],"replies":[{"embeddable":true,"href":"https:\/\/staging.casinoalto.com\/ar\/wp-json\/wp\/v2\/comments?post=146148"}],"version-history":[{"count":5,"href":"https:\/\/staging.casinoalto.com\/ar\/wp-json\/wp\/v2\/pages\/146148\/revisions"}],"predecessor-version":[{"id":10061631,"href":"https:\/\/staging.casinoalto.com\/ar\/wp-json\/wp\/v2\/pages\/146148\/revisions\/10061631"}],"up":[{"embeddable":true,"href":"https:\/\/staging.casinoalto.com\/ar\/wp-json\/wp\/v2\/pages\/134669"}],"wp:featuredmedia":[{"embeddable":true,"href":"https:\/\/staging.casinoalto.com\/ar\/wp-json\/wp\/v2\/media\/10060567"}],"wp:attachment":[{"href":"https:\/\/staging.casinoalto.com\/ar\/wp-json\/wp\/v2\/media?parent=146148"}],"curies":[{"name":"wp","href":"https:\/\/api.w.org\/{rel}","templated":true}]}}