{"id":146402,"date":"2024-03-08T03:43:36","date_gmt":"2024-03-08T03:43:36","guid":{"rendered":"https:\/\/casinoalto.com\/?page_id=146402"},"modified":"2026-01-27T15:34:49","modified_gmt":"2026-01-27T15:34:49","slug":"presidente","status":"publish","type":"page","link":"https:\/\/staging.casinoalto.com\/ar\/reglas\/presidente\/","title":{"rendered":"Reglas Presidente &#8211; C\u00f3mo se juega"},"content":{"rendered":"<p><img loading=\"lazy\" decoding=\"async\" class=\"alignnone size-full wp-image-148418\" src=\"\/ar\/wp-content\/uploads\/sites\/2\/2024\/03\/casino-alto_covers_presidente.webp\" alt=\"presidente juego\" width=\"800\" height=\"475\" \/><\/p>\n<p>No todos los juegos que han pasado por las salas de juego m\u00e1s importantes han sido muy reconocidos por todo el mundo. <strong>Algunos juegos solo han tenido \u00e9xito en algunos pa\u00edses e incluso en algunos sectores concretos de la sociedad<\/strong>.<\/p>\n<p>En cualquier caso se llegaron a practicar en salas de juegos (como los listados por <a href=\"https:\/\/casinoalto.com\/ar\/\" target=\"_blank\" rel=\"noopener\">Casino Alto Argentina<\/a>) y como tal merecen un hueco entre esas pr\u00e1cticas que ya no est\u00e1n vigentes en la oferta de las casas de juegos.<\/p>\n<p>El presidente es un juego que tiene su origen en Espa\u00f1a y que se juega con la baraja espa\u00f1ola de cuarenta cartas.<\/p>\n<p>Su desarrollo es amistoso, a pesar de la crueldad de algunas de las palabras que se utilizan en su argot. Es bastante din\u00e1mico y ha encandilado sobre todo a los universitarios.<\/p>\n<div id=\"ez-toc-container\" class=\"ez-toc-v2_0_82_2 counter-hierarchy ez-toc-counter ez-toc-custom ez-toc-container-direction\">\n<div class=\"ez-toc-title-container\">\n<p class=\"ez-toc-title\" style=\"cursor:inherit\">Tabla de contenidos<\/p>\n<span class=\"ez-toc-title-toggle\"><a href=\"#\" class=\"ez-toc-pull-right ez-toc-btn ez-toc-btn-xs ez-toc-btn-default ez-toc-toggle\" aria-label=\"Toggle Table of Content\"><span class=\"ez-toc-js-icon-con\"><span class=\"\"><span class=\"eztoc-hide\" style=\"display:none;\">Toggle<\/span><span class=\"ez-toc-icon-toggle-span\"><svg style=\"fill: #999;color:#999\" xmlns=\"http:\/\/www.w3.org\/2000\/svg\" class=\"list-377408\" width=\"20px\" height=\"20px\" viewBox=\"0 0 24 24\" fill=\"none\"><path d=\"M6 6H4v2h2V6zm14 0H8v2h12V6zM4 11h2v2H4v-2zm16 0H8v2h12v-2zM4 16h2v2H4v-2zm16 0H8v2h12v-2z\" fill=\"currentColor\"><\/path><\/svg><svg style=\"fill: #999;color:#999\" class=\"arrow-unsorted-368013\" xmlns=\"http:\/\/www.w3.org\/2000\/svg\" width=\"10px\" height=\"10px\" viewBox=\"0 0 24 24\" version=\"1.2\" baseProfile=\"tiny\"><path d=\"M18.2 9.3l-6.2-6.3-6.2 6.3c-.2.2-.3.4-.3.7s.1.5.3.7c.2.2.4.3.7.3h11c.3 0 .5-.1.7-.3.2-.2.3-.5.3-.7s-.1-.5-.3-.7zM5.8 14.7l6.2 6.3 6.2-6.3c.2-.2.3-.5.3-.7s-.1-.5-.3-.7c-.2-.2-.4-.3-.7-.3h-11c-.3 0-.5.1-.7.3-.2.2-.3.5-.3.7s.1.5.3.7z\"\/><\/svg><\/span><\/span><\/span><\/a><\/span><\/div>\n<nav><ul class='ez-toc-list ez-toc-list-level-1 eztoc-toggle-hide-by-default' ><li class='ez-toc-page-1 ez-toc-heading-level-2'><a class=\"ez-toc-link ez-toc-heading-1\" href=\"https:\/\/staging.casinoalto.com\/ar\/reglas\/presidente\/#Historia-del-presidente\" >Historia del presidente<\/a><\/li><li class='ez-toc-page-1 ez-toc-heading-level-2'><a class=\"ez-toc-link ez-toc-heading-2\" href=\"https:\/\/staging.casinoalto.com\/ar\/reglas\/presidente\/#Objetivo-del-juego\" >Objetivo del juego<\/a><\/li><li class='ez-toc-page-1 ez-toc-heading-level-2'><a class=\"ez-toc-link ez-toc-heading-3\" href=\"https:\/\/staging.casinoalto.com\/ar\/reglas\/presidente\/#Elementos-del-juego\" >Elementos del juego<\/a><\/li><li class='ez-toc-page-1 ez-toc-heading-level-2'><a class=\"ez-toc-link ez-toc-heading-4\" href=\"https:\/\/staging.casinoalto.com\/ar\/reglas\/presidente\/#Como-se-juega-al-presidente\" >C\u00f3mo se juega al presidente<\/a><\/li><\/ul><\/nav><\/div>\n<h2><span class=\"ez-toc-section\" id=\"Historia-del-presidente\"><\/span>Historia del presidente<span class=\"ez-toc-section-end\"><\/span><\/h2>\n<p>El origen de este juego es bastante confuso. Se supone que <strong>surgi\u00f3 en territorio espa\u00f1ol en el siglo XIX y parece que alg\u00fan grupo de universitarios pudieron ser sus creadores o descubridores<\/strong>.<\/p>\n<p>Es habitual que los alumnos de las universidades practiquen juegos de cartas en su tiempo libre, incluso se llegan a organizar torneos y timbas privadas en lugares como cafeter\u00edas y lugares de recreo.<\/p>\n<p>Casi todas las fuentes con voz y voto aseguran haber aprendido a jugar durante esta etapa de su vida, por lo que se da por hecho que este fue su verdadero origen.<\/p>\n<p>Despu\u00e9s se fue expandiendo tanto a otros pa\u00edses del continente sudamericano, como a algunos casinos espa\u00f1oles. Era un juego popular entre un sector concreto, pero no es conocido por todos. Por este motivo, no en todas las casas de juegos se lleg\u00f3 a incluir dentro de la oferta en la que el cliente pod\u00eda elegir.<\/p>\n<p>Con el avance del tiempo se deterior\u00f3 su pr\u00e1ctica y podemos decir que <strong>su paso fue m\u00e1s bien fugaz por los casinos<\/strong>. Sin embargo, tambi\u00e9n fue bastante com\u00fan que se jugara en formato de torneo en algunas salas privadas. No en todos los lugares estuvo a la vista de cualquier jugador.<\/p>\n<p><strong>Su nombre deriva del rango del ganador<\/strong>, pero tambi\u00e9n se le puede dar el nombre del perdedor. De hecho, en algunos lugares se denomina al juego como \u201cculo\u201d o tambi\u00e9n \u201ccomemierda\u201d.<\/p>\n<p>Estas designaciones son menos correctas por la agresividad de las palabras, pero entre la gente suele ser muy com\u00fan.<\/p>\n<h2><span class=\"ez-toc-section\" id=\"Objetivo-del-juego\"><\/span>Objetivo del juego<span class=\"ez-toc-section-end\"><\/span><\/h2>\n<p>El fin de este juego es el de <strong>descartarse de todas las cartas en el menor n\u00famero de bazas posibles<\/strong>.<\/p>\n<p>Puesto que hay rangos, en funci\u00f3n de la posici\u00f3n en la que se haya descartado el apostador, otro de los objetivos ser\u00e1 mantenerse en el rango m\u00e1s alto posible durante el mayor n\u00famero de partidas como sea posible. De esa manera se obtendr\u00e1n m\u00e1s fichas y m\u00e1s ganancias en el juego.<\/p>\n<h2><span class=\"ez-toc-section\" id=\"Elementos-del-juego\"><\/span>Elementos del juego<span class=\"ez-toc-section-end\"><\/span><\/h2>\n<p><img loading=\"lazy\" decoding=\"async\" class=\"alignnone size-full wp-image-146399\" src=\"\/wp-content\/uploads\/2018\/06\/Cartas-de-Presidente.webp\" alt=\"Cartas de Presidente\" width=\"800\" height=\"475\" \/><\/p>\n<ul>\n<li>Baraja espa\u00f1ola de 40 cartas (oros, copas, espadas y bastos).<\/li>\n<li>Tapete (opcional).<\/li>\n<li>Fichas de poker para apostar (opcionales).<\/li>\n<li>De 2 a 8 jugadores. A partir de 5 jugadores son necesarias dos barajas.<\/li>\n<\/ul>\n<h2><span class=\"ez-toc-section\" id=\"Como-se-juega-al-presidente\"><\/span>C\u00f3mo se juega al presidente<span class=\"ez-toc-section-end\"><\/span><\/h2>\n<p>Este juego presenta varias modalidades seg\u00fan la cantidad de jugadores que vayan a apostar. En las mesas de los casinos <strong>sol\u00eda haber en torno a unos cinco o seis puestos por cada tabla<\/strong>, pero esto pod\u00eda cambiar mucho en funci\u00f3n de la sala de juego a la que nos refiramos.<\/p>\n<p>Tambi\u00e9n de este factor va a depender el n\u00famero de barajas que utilice el crupier. Pueden ser una o dos, y normalmente suelen ser al menos dos si el n\u00famero de jugadores rebasa los cinco o seis.<\/p>\n<p>Antes de nada hay resaltar el orden de las cartas, de la m\u00e1s alta a la m\u00e1s baja. Algo que es clave para el desarrollo del juego:<\/p>\n<p><img loading=\"lazy\" decoding=\"async\" class=\"alignnone size-full wp-image-148712\" src=\"\/wp-content\/uploads\/2018\/12\/casino-alto_images_presidente.webp\" alt=\"valor cartas presidente\" width=\"800\" height=\"475\" \/><\/p>\n<ul>\n<li>Dos de oros<\/li>\n<li>Los otros tres doses<\/li>\n<li>As<\/li>\n<li>Rey<\/li>\n<li>Caballo<\/li>\n<li>Sota<\/li>\n<li>Siete<\/li>\n<li>Seis<\/li>\n<li>Cinco<\/li>\n<li>Cuatro<\/li>\n<li>Tres<\/li>\n<\/ul>\n<p><strong>Los cargos que existen en este juego reciben la denominaci\u00f3n de \u201cpresidente\u201d, \u201cvicepresidente\u201d, \u201cneutro\u201d, \u201cviceculo\u201d y \u201cculo\u201d<\/strong>. Si hay m\u00e1s jugadores que cinco, se a\u00f1adir\u00e1n m\u00e1s neutros, mientras que los puestos de los dos mejores y los dos peores se mantienen.<\/p>\n<p>Para empezar a jugar se debe establecer un orden. El crupier puede echarlo a suertes mediante cualquier proceso, aunque el m\u00e1s habitual ser\u00e1 dar una carta a cada jugador y el que tenga la del \u00edndice m\u00e1s alto ser\u00e1 el que arranque la partida.<\/p>\n<p>Una vez hecho, el repartidor baraja las cartas y pide al jugador que sale de mano que haga un corte en el mazo de naipes. Despu\u00e9s vuelve a mezclar y <strong>va entregando en el sentido contrario a las agujas del reloj<\/strong> (de izquierda a derecha) cartas a cada uno de los miembros de la mesa.<\/p>\n<p>Se reparten todas sin ninguna excepci\u00f3n y puede ocurrir que haya jugadores que se queden con m\u00e1s cartas que otros, aunque eso no tiene por qu\u00e9 ser ni beneficioso ni perjudicial. Lo importante es el valor de las cartas que se han repartido.<\/p>\n<p>Si antes ya se han jugado partidas entre los mismos miembros, entonces los cargos se mantienen con respecto a esa \u00faltima ronda. Es decir, el que quedara en \u00faltima posici\u00f3n en la ronda anterior ser\u00e1 el que se considere como \u201cculo\u201d en la nueva partida.<\/p>\n<p>Como tal, <strong>como castigo por quedar en la \u00faltima posici\u00f3n en la otra baza, el culo debe darle sus dos mejores cartas al presidente<\/strong> y este le dar\u00e1 otras dos a cambio. Esas dos cartas no tienen por qu\u00e9 ser las dos peores, pueden ser las que el presidente quiera.<\/p>\n<p><strong>De igual manera procede el viceculo con el vicepresidente, solo que en este caso el intercambio es solo de una carta<\/strong>. El primero le da la mejor al segundo y este segundo le puede entregar la que le parezca.<\/p>\n<p>Entonces ser\u00e1 el culo el que abra la primera ronda de lanzamientos y una vez que se tenga que iniciar el siguiente lanzamiento, la har\u00e1 el que haya lanzado la \u00faltima carta en el anterior. Es decir, el perdedor de la anterior partida solo abre en la primera ronda y luego ya se adjudica el criterio que acabamos de explicar.<\/p>\n<p><strong>Cabe la posibilidad de que aun no se haya jugado ninguna partida<\/strong> y por tanto no haya rangos asignados todav\u00eda a ninguno de los apostadores. En ese caso no se realiza intercambio de cartas y el primero en salir ser\u00e1 el jugador que qued\u00f3 primero en el sorteo previo a repartir las cartas.<\/p>\n<p>Si en alg\u00fan momento ocurre que uno de los jugadores ya se ha descartado de todos sus naipes, entonces el turno pasar\u00e1 al siguiente jugador de su derecha.<\/p>\n<p>Lo importante es conocer c\u00f3mo se van lanzando las cartas. <strong>El primer jugador puede lanzar entre una y cuatro cartas del mismo n\u00famero<\/strong> (por ejemplo, tres reyes).<\/p>\n<p>Entonces, el resto de jugadores tienen la opci\u00f3n de pasar o de lanzar otras tres cartas de un mismo n\u00famero. Si hay dos barajas puede que de la casualidad de que se puedan echar otros tres reyes y sino se pueden lanzar tres cincos, por ejemplo.<\/p>\n<p>Hay una excepci\u00f3n y se produce con el dos de oros. \u00c9ste se puede lanzar en cualquier momento y sin cumplir el requisito de lanzar el n\u00famero de cartas que haya en la mesa.<\/p>\n<p>Es decir, puede que un jugador lance cuatro sotas y que <strong>el siguiente lance un dos de oros sin problemas. Este cumplir\u00eda la funci\u00f3n de otras cuatro cartas<\/strong>, por lo que despu\u00e9s de ella el siguiente debe continuar con otros cuatro naipes.<\/p>\n<p>As\u00ed se har\u00e1 hasta que los cuatro jugadores pasen y en ese momento se pueda cambiar de n\u00famero de cartas a lanzar en la mesa. El jugador que haya lanzado la \u00faltima carta tendr\u00e1 la potestad de imponer un nuevo patr\u00f3n en el juego, lanzando las cartas del mismo \u00edndice que le parezcan.<\/p>\n<p>As\u00ed va funcionando el juego <strong>hasta que todos los jugadores se queden sin cartas, es decir, se descarten de todas<\/strong>. El que haya sido el primero en terminar ser\u00e1 designado como presidente, el segundo como presidente, los del medio como neutros, el pen\u00faltimo como viceculo y el \u00faltimo como culo.<\/p>\n<p>Se pueden echar tantas partidas como se quiera y el pago de las apuestas depender\u00e1n de como proceda cada uno de los casinos.<\/p>\n<p>En algunas salas se establecen una serie de partidas concretas y una vez que se han superado, el crupier hace el reparto de las apuestas.<\/p>\n<p>En otros, <strong>en cada partida cada jugador debe poner una cantidad concreta para entrar a jugar a la mesa<\/strong> y despu\u00e9s parte del bot\u00edn se reparte entre vencedores y vencidos. Normalmente, el presidente es el que m\u00e1s fichas se lleva, seguido del vicepresidente.<\/p>\n<p>Los neutros pueden mantenerse en la mesa sin volver a pagar en la siguiente ronda, mientras que el viceculo perder\u00e1 casi todas las fichas y el culo todas. Ambos deben volver a pagar en el inicio de la siguiente manga.<\/p>\n<p>Esta \u00faltima es la forma m\u00e1s habitual de jugar, pero como reiteramos en cada casino se proceder\u00e1 de una manera diferente.<\/p>\n<p>Incluso en algunos <a href=\"\/ar\/casinos-online\/\">casinos online confiables<\/a> hay un sistema de puntos que se va otorgando en funci\u00f3n de la posici\u00f3n en la que queden los jugadores. En ellos la partida termina cuando se obtienen el l\u00edmite de puntos establecido para ganar.<\/p>\n<p>Disfrut\u00e1 lo mejor de los juegos, eleg\u00ed la <a href=\"https:\/\/casinoalto.com\/ar\/metodos-de-pago\/\" target=\"_blank\" rel=\"noopener\">forma de pago en los casinos<\/a> y recib\u00ed <a href=\"https:\/\/casinoalto.com\/ar\/bonos-de-bienvenida\/\" target=\"_blank\" rel=\"noopener\">bonos de bienvenida para principiantes<\/a>.<\/p>\n","protected":false},"excerpt":{"rendered":"<p>No todos los juegos que han pasado por las salas de juego m\u00e1s importantes han sido muy reconocidos por todo el mundo. Algunos juegos solo han tenido \u00e9xito en algunos pa\u00edses e incluso en algunos sectores concretos de la sociedad. En cualquier caso se llegaron a practicar en salas de juegos (como los listados por [&hellip;]<\/p>\n","protected":false},"author":18,"featured_media":10060636,"parent":134669,"menu_order":0,"comment_status":"closed","ping_status":"closed","template":"page_author_sidebar.php","meta":{"_acf_changed":false,"footnotes":""},"class_list":["post-146402","page","type-page","status-publish","has-post-thumbnail","hentry"],"acf":[],"_links":{"self":[{"href":"https:\/\/staging.casinoalto.com\/ar\/wp-json\/wp\/v2\/pages\/146402","targetHints":{"allow":["GET"]}}],"collection":[{"href":"https:\/\/staging.casinoalto.com\/ar\/wp-json\/wp\/v2\/pages"}],"about":[{"href":"https:\/\/staging.casinoalto.com\/ar\/wp-json\/wp\/v2\/types\/page"}],"author":[{"embeddable":true,"href":"https:\/\/staging.casinoalto.com\/ar\/wp-json\/wp\/v2\/users\/18"}],"replies":[{"embeddable":true,"href":"https:\/\/staging.casinoalto.com\/ar\/wp-json\/wp\/v2\/comments?post=146402"}],"version-history":[{"count":6,"href":"https:\/\/staging.casinoalto.com\/ar\/wp-json\/wp\/v2\/pages\/146402\/revisions"}],"predecessor-version":[{"id":10061671,"href":"https:\/\/staging.casinoalto.com\/ar\/wp-json\/wp\/v2\/pages\/146402\/revisions\/10061671"}],"up":[{"embeddable":true,"href":"https:\/\/staging.casinoalto.com\/ar\/wp-json\/wp\/v2\/pages\/134669"}],"wp:featuredmedia":[{"embeddable":true,"href":"https:\/\/staging.casinoalto.com\/ar\/wp-json\/wp\/v2\/media\/10060636"}],"wp:attachment":[{"href":"https:\/\/staging.casinoalto.com\/ar\/wp-json\/wp\/v2\/media?parent=146402"}],"curies":[{"name":"wp","href":"https:\/\/api.w.org\/{rel}","templated":true}]}}