{"id":146589,"date":"2024-03-08T03:44:51","date_gmt":"2024-03-08T03:44:51","guid":{"rendered":"https:\/\/casinoalto.com\/?page_id=146589"},"modified":"2026-01-27T15:33:03","modified_gmt":"2026-01-27T15:33:03","slug":"durak","status":"publish","type":"page","link":"https:\/\/staging.casinoalto.com\/ar\/reglas\/durak\/","title":{"rendered":"Reglas Durak &#8211; C\u00f3mo se juega"},"content":{"rendered":"<p><img loading=\"lazy\" decoding=\"async\" class=\"alignnone size-full wp-image-148406\" src=\"\/ar\/wp-content\/uploads\/sites\/2\/2024\/03\/casino-alto_covers_durak.webp\" alt=\"durak juego\" width=\"800\" height=\"475\" \/><\/p>\n<p>Regresamos a los juegos que antes se practicaban en los casinos y que han ido perdiendo popularidad. Lo hacemos desplaz\u00e1ndonos a la Europa del Este. Entend\u00e9 todo sobre el juego con la ayuda de <a href=\"https:\/\/casinoalto.com\/ar\/\" target=\"_blank\" rel=\"noopener\">Casino Alto<\/a>.<\/p>\n<p>Hasta ahora pocos juegos hab\u00edamos visto que se hubieran desarrollado all\u00ed, tambi\u00e9n porque las apuestas a juegos de naipes son menos populares en estos territorios. Sin embargo, <strong>en todos los sitios gusta demostrar que se es mejor que otro y en el durak se busca eso<\/strong>.<\/p>\n<p>Este es un juego de defensa y ataque que se practica con la baraja francesa de cartas. Se origin\u00f3 en el antiguo territorio ruso y se hizo muy popular por los pueblos de alrededor.<\/p>\n<div id=\"ez-toc-container\" class=\"ez-toc-v2_0_82_2 counter-hierarchy ez-toc-counter ez-toc-custom ez-toc-container-direction\">\n<div class=\"ez-toc-title-container\">\n<p class=\"ez-toc-title\" style=\"cursor:inherit\">Tabla de contenidos<\/p>\n<span class=\"ez-toc-title-toggle\"><a href=\"#\" class=\"ez-toc-pull-right ez-toc-btn ez-toc-btn-xs ez-toc-btn-default ez-toc-toggle\" aria-label=\"Toggle Table of Content\"><span class=\"ez-toc-js-icon-con\"><span class=\"\"><span class=\"eztoc-hide\" style=\"display:none;\">Toggle<\/span><span class=\"ez-toc-icon-toggle-span\"><svg style=\"fill: #999;color:#999\" xmlns=\"http:\/\/www.w3.org\/2000\/svg\" class=\"list-377408\" width=\"20px\" height=\"20px\" viewBox=\"0 0 24 24\" fill=\"none\"><path d=\"M6 6H4v2h2V6zm14 0H8v2h12V6zM4 11h2v2H4v-2zm16 0H8v2h12v-2zM4 16h2v2H4v-2zm16 0H8v2h12v-2z\" fill=\"currentColor\"><\/path><\/svg><svg style=\"fill: #999;color:#999\" class=\"arrow-unsorted-368013\" xmlns=\"http:\/\/www.w3.org\/2000\/svg\" width=\"10px\" height=\"10px\" viewBox=\"0 0 24 24\" version=\"1.2\" baseProfile=\"tiny\"><path d=\"M18.2 9.3l-6.2-6.3-6.2 6.3c-.2.2-.3.4-.3.7s.1.5.3.7c.2.2.4.3.7.3h11c.3 0 .5-.1.7-.3.2-.2.3-.5.3-.7s-.1-.5-.3-.7zM5.8 14.7l6.2 6.3 6.2-6.3c.2-.2.3-.5.3-.7s-.1-.5-.3-.7c-.2-.2-.4-.3-.7-.3h-11c-.3 0-.5.1-.7.3-.2.2-.3.5-.3.7s.1.5.3.7z\"\/><\/svg><\/span><\/span><\/span><\/a><\/span><\/div>\n<nav><ul class='ez-toc-list ez-toc-list-level-1 eztoc-toggle-hide-by-default' ><li class='ez-toc-page-1 ez-toc-heading-level-2'><a class=\"ez-toc-link ez-toc-heading-1\" href=\"https:\/\/staging.casinoalto.com\/ar\/reglas\/durak\/#Historia-del-Durak\" >Historia del Durak<\/a><\/li><li class='ez-toc-page-1 ez-toc-heading-level-2'><a class=\"ez-toc-link ez-toc-heading-2\" href=\"https:\/\/staging.casinoalto.com\/ar\/reglas\/durak\/#Objetivo-del-juego\" >Objetivo del juego<\/a><\/li><li class='ez-toc-page-1 ez-toc-heading-level-2'><a class=\"ez-toc-link ez-toc-heading-3\" href=\"https:\/\/staging.casinoalto.com\/ar\/reglas\/durak\/#Elementos-del-juego\" >Elementos del juego<\/a><\/li><li class='ez-toc-page-1 ez-toc-heading-level-2'><a class=\"ez-toc-link ez-toc-heading-4\" href=\"https:\/\/staging.casinoalto.com\/ar\/reglas\/durak\/#Como-se-juega-al-durak\" >C\u00f3mo se juega al durak<\/a><\/li><\/ul><\/nav><\/div>\n<h2><span class=\"ez-toc-section\" id=\"Historia-del-Durak\"><\/span>Historia del Durak<span class=\"ez-toc-section-end\"><\/span><\/h2>\n<p>Este juego <strong>apareci\u00f3 en torno al siglo XIX y es originario de Rusia<\/strong>. Por aquella \u00e9poca segu\u00eda unida como la Uni\u00f3n Sovi\u00e9tica, por lo que fue exactamente en este estado en el que se desarroll\u00f3.<\/p>\n<p>Muchos analistas sit\u00faan su aparici\u00f3n como una excusa para decidir que jugador deb\u00eda beberse las sobras de vodka que quedaban en la botella. Es muchos contextos era utilizado como una pr\u00e1ctica de beber.<\/p>\n<p><img loading=\"lazy\" decoding=\"async\" class=\"alignnone size-full wp-image-146580\" src=\"\/ar\/wp-content\/uploads\/sites\/2\/2024\/03\/Cartas-para-Durak.webp\" alt=\"Cartas para durak\" width=\"800\" height=\"475\" \/><\/p>\n<p>La sociedad sovi\u00e9tica de este siglo era bastante competitiva y siempre estaba en busca de un perdedor en los juegos de cartas. De ah\u00ed que <strong>el origen del juego sea la palabra durak<\/strong> (en ruso \u0434\u0443\u0440\u0430\u043a) <strong>y que significa \u201cperdedor\u201d o \u201ctonto\u201d<\/strong>.<\/p>\n<p>En tierras rusas adquiri\u00f3 todo lo que hoy se conoce de este juego, pero despu\u00e9s se fue expandiendo al resto de estados que se separaron dando lugar a la desaparici\u00f3n de la URSS.<\/p>\n<p>Georgia, Estonia o Ucrania fueron algunos de los lugares en los que m\u00e1s repercusi\u00f3n tuvo, aunque <strong>fue en Polonia en la que el durak lleg\u00f3 con mucha fuerza<\/strong>.<\/p>\n<p>A partir del siglo XX se expandi\u00f3 a los casinos de la Uni\u00f3n Sovi\u00e9tica, ya que era muy divertido y una buena forma de pasatiempo. No solo para los civiles, sino tambi\u00e9n para las tropas militares que estaban combatiendo en los frentes.<\/p>\n<p>Este juego de ataque y defensa es de la misma familia de otros juegos muy parecidos como el <a href=\"\/ar\/reglas\/bridge\/\">bridge para jugar en l\u00ednea<\/a>, el mus o el pinochle franc\u00e9s. Adem\u00e1s dio lugar a que en pa\u00edses como Finlandia se formaran nuevas versiones adaptadas.<\/p>\n<h2><span class=\"ez-toc-section\" id=\"Objetivo-del-juego\"><\/span>Objetivo del juego<span class=\"ez-toc-section-end\"><\/span><\/h2>\n<p>El fin del durak es <strong>descartarse de todas las cartas en el menor n\u00famero de turnos posibles<\/strong>. En la cultura popular es m\u00e1s importante no perder y no tanto ganar, ya que el \u00faltimo es del que todos se burlan y al que se considera como perdedor.<\/p>\n<p>En los <a href=\"https:\/\/casinoalto.com\/ar\/casinos-online\/\" target=\"_blank\" rel=\"noopener\">casinos en l\u00ednea de Argentina<\/a> si tiene importancia puesto que el primero gana m\u00e1s fichas que el segundo.<\/p>\n<h2><span class=\"ez-toc-section\" id=\"Elementos-del-juego\"><\/span>Elementos del juego<span class=\"ez-toc-section-end\"><\/span><\/h2>\n<ul>\n<li>Baraja francesa de 52 cartas (diamantes, corazones, picas y tr\u00e9boles).<\/li>\n<li>Tapete (opcional).<\/li>\n<li>Fichas para apostar (opcional).<\/li>\n<li>De 2 a 6 jugadores (por parejas, tr\u00edos o de forma individual).<\/li>\n<\/ul>\n<h2><span class=\"ez-toc-section\" id=\"Como-se-juega-al-durak\"><\/span>C\u00f3mo se juega al durak<span class=\"ez-toc-section-end\"><\/span><\/h2>\n<p>Antes de nada hay que tener en cuenta que este juego tiene distintas variantes. <strong>Suele haber entre dos y seis jugadores, siendo este \u00faltimo el l\u00edmite de apostadores<\/strong>.<\/p>\n<p>Se puede jugar en parejas de dos o en tr\u00edos de tres, pero lo m\u00e1s normal en las salas de juego es jugar de forma individual. Tambi\u00e9n se pueden utilizar tanto la baraja francesa como la espa\u00f1ola, depende del lugar en el que se practique el juego.<\/p>\n<p>Lo m\u00e1s normal es que se practique con la francesa y esa es la variante de reglas del Durak que vamos a explicar en esta ocasi\u00f3n.<\/p>\n<p>De todos los naipes hay algunos que se deben retirar. <strong>Los comodines no se usan, al igual que los n\u00fameros que oscilan entre el dos y el cinco<\/strong>. Del seis al as se utilizan todo el resto de cartas y el orden de las mismas es el t\u00edpico de la mayor\u00eda de pr\u00e1cticas:<\/p>\n<p><img loading=\"lazy\" decoding=\"async\" class=\"alignnone size-full wp-image-148774\" src=\"\/ar\/wp-content\/uploads\/sites\/2\/2024\/03\/casino-alto_images_durak.webp\" alt=\"valor cartas durak\" width=\"800\" height=\"475\" \/><\/p>\n<ul>\n<li>As<\/li>\n<li>Rey<\/li>\n<li>Reina<\/li>\n<li>Jota<\/li>\n<li>Diez<\/li>\n<li>Nueve<\/li>\n<li>Ocho<\/li>\n<li>Siete<\/li>\n<li>Seis<\/li>\n<\/ul>\n<p>Con esto m\u00e1s que sabido el juego comienza cuando el crupier baraja las cartas y <strong>entrega seis naipes para empezar a cada jugador<\/strong>. Cada uno de ellos tiene la obligaci\u00f3n de notificar sus cartas en el caso de que todas sean rojas, todas sean negras o cinco cartas sean del mismo palo.<\/p>\n<p>En ese caso la partida no se podr\u00eda jugar y el repartidor proceder\u00eda a un nuevo barajeo m\u00e1s exhaustivo y que diera lugar a una nueva partida. Es una forma de no dar la victoria a alguien o condenar a la derrota a otro casi de forma autom\u00e1tica.<\/p>\n<p>Una vez que se ha dado la primera mano, <strong>la primera carta que haya quedado en el mazo restante se deja descubierta<\/strong>. La posici\u00f3n ser\u00e1 contraria a la del mazo y se pondr\u00e1 debajo del mismo para que los jugadores puedan ver el n\u00famero y el palo. El palo de esa carta ser\u00e1 el de triunfo y tiene una especialidad curiosa.<\/p>\n<p>El jugador que posea la carta de triunfo m\u00e1s baja, que en este caso es un seis, puede intercambiarla por la carta que hay descubierta antes de que se inicie un turno. Incluso si los jugadores roban y no quedan m\u00e1s cartas encima de la mesa nada m\u00e1s que esa, la podr\u00e1 robar e intercambiarla por la suya.<\/p>\n<p><strong>El jugador que comienza la partida es precisamente el que tenga la carta de triunfo m\u00e1s baja<\/strong>, independientemente de que decida intercambiarla por la descubierta del mazo o no. Ese ser\u00e1 el que ataque primero y por tanto el de su izquierda deber\u00e1 defender.<\/p>\n<p>Siempre ocurre as\u00ed durante el juego, incluso cuando el turno se va pasando. El que juega es el atacante y el de la izquierda el defensor. Hay alguna excepci\u00f3n, pero la vamos a ver ahora.<\/p>\n<p>El ataque en el durak consiste en lanzar una carta boca arriba. Puede ser la que el jugador prefiera, ya que en eso no existen restricciones. <strong>El jugador de la izquierda es el que se debe defender y lo har\u00e1 lanzando una carta del mismo palo que la de su contrincante y de un n\u00famero superior o con una carta del palo de triunfo<\/strong>.<\/p>\n<p>Si la carta del atacante ya es de triunfo, entonces solo se podr\u00e1 lanzar una carta de ese mismo palo pero superior. Eso s\u00ed, para continuar el ataque s\u00ed que hay condiciones.<\/p>\n<p>Pongamos el ejemplo de que el atacante lanza un seis que no es del palo de triunfo y el defensor responde con un nueve de ese mismo palo. El siguiente ataque ya solo puede ser lanzando otro seis u otro nueve.<\/p>\n<p>Si lo hace obliga al defensor a volver a echar una carta de defensa y sino el turno pasar\u00e1 al siguiente jugador que est\u00e1 a la izquierda del defensor. As\u00ed se ir\u00e1 haciendo hasta que el \u00faltimo jugador de la ronda pase o se finalice el ataque.<\/p>\n<p>En cuanto a la defensa ya se han dado algunas indicaciones de c\u00f3mo se realiza. <strong>Se espera a que el jugador de la derecha lance el ataque y luego se responde poniendo el naipe defensor encima del atacante en escalera<\/strong>, de forma que se vean los n\u00fameros de las dos cartas.<\/p>\n<p>Las formas de defensa son: lanzar una carta superior de un palo que no sea de triunfo; lanzar una carta de triunfo mayor que la del contrincante, o lanzar cualquier carta de triunfo que gane a la de otro palo.<\/p>\n<p>Lo realmente interesante de este proceso es si realmente la defensa se llega a completar con \u00e9xito o no. El m\u00e1ximo de ataques permitidos es de seis siempre que todos los jugadores tengan las seis cartas en su mano.<\/p>\n<p>Si el defensor tiene menos solo se podr\u00e1n realizar tantos ataques como naipes tenga el defensor (si el defensor tiene cinco cartas, solo se pueden hacer cinco ataques seguidos). <strong>La defensa falla cuando decide que no puede o no quiere seguir defendi\u00e9ndose de los ataques del rival<\/strong>.<\/p>\n<p>En ese caso, el castigo es quedarse con todas las cartas que haya en la mesa en ese momento, En este supuesto se dice que el ataque ha sido exitoso.<\/p>\n<p>La forma de que la defensa triunfe es que el atacante sea el que se rinda y decida no seguir atacando y pase. En ese caso <strong>se descartan todas las cartas que hay sobre la mesa y se deja limpia para un nuevo turno<\/strong>.<\/p>\n<p>La otra opci\u00f3n es que el atacante siga con la ofensiva y el defensor sea capaz de defenderse de todos sus ataques. El final llegar\u00e1 cuando el defensor se quede sin cartas y por tanto se declare como ganador de la partida. El turno de defensa pasar\u00eda al siguiente jugador de la izquierda y el atacante seguir\u00eda siendo el mismo.<\/p>\n<p>Los jugadores finalizan sus manos cuando se liberan de todas las cartas que ten\u00edan. Eso s\u00ed, <strong>tienen la obligaci\u00f3n de robar cartas hasta que el mazo llegue a su fin<\/strong>.<\/p>\n<p>Es decir, si una defensa es exitosa frente a un ataque y ambos jugadores se dejan dos cartas en la mesa, estos deben robar dos para quedarse de nuevo con seis en su mano. Solo cuando el mazo ya no de para todos se permite tener menos de seis cartas por jugador.<\/p>\n<p>Tambi\u00e9n ocurre que cuando el defensor defiende con \u00e9xito y se descarta todo lo que hab\u00eda en la mesa, \u00e9l se convierte en atacante y el siguiente jugador de su izquierda es el nuevo defensor.<\/p>\n<p>Siempre se har\u00e1 as\u00ed para que todos los jugadores puedan ejercer de ambos roles siempre que puedan. <strong>Cuando todos los jugadores se descartan de las cartas y solo queda uno, ese \u00faltimo es el perdedor y al que se le llama \u201cdurak\u201d<\/strong>. Este perder\u00e1 el total de la apuesta inicial que se haya dejado en la mesa y los ganadores se repartir\u00e1n el bot\u00edn de forma progresiva seg\u00fan su posici\u00f3n final en la partida.<\/p>\n<p>Hay que indicar que en los torneos de durak son los propios jugadores los que van indicando los cambios de turnos y hablan sobre el \u00e9xito de las defensas y los ataques.<\/p>\n<p>En los casinos ser\u00e1 siempre el crupier el que vaya dando las indicaciones. Por eso, se necesita que los repartidores est\u00e9n muy bien adoctrinados en este juego.<\/p>\n<p>\u00bfQuer\u00e9s jugar? Entonces eleg\u00ed el sitio y defin\u00ed la <a href=\"https:\/\/casinoalto.com\/ar\/metodos-de-pago\/\" target=\"_blank\" rel=\"noopener\">forma de depositar dinero<\/a>, y aprovech\u00e1 tambi\u00e9n las <a href=\"https:\/\/casinoalto.com\/ar\/bonos-de-bienvenida\/\" target=\"_blank\" rel=\"noopener\">promociones para nuevos jugadores<\/a>.<\/p>\n","protected":false},"excerpt":{"rendered":"<p>Regresamos a los juegos que antes se practicaban en los casinos y que han ido perdiendo popularidad. Lo hacemos desplaz\u00e1ndonos a la Europa del Este. Entend\u00e9 todo sobre el juego con la ayuda de Casino Alto. Hasta ahora pocos juegos hab\u00edamos visto que se hubieran desarrollado all\u00ed, tambi\u00e9n porque las apuestas a juegos de naipes [&hellip;]<\/p>\n","protected":false},"author":18,"featured_media":10060586,"parent":134669,"menu_order":0,"comment_status":"closed","ping_status":"closed","template":"page_author_sidebar.php","meta":{"_acf_changed":false,"footnotes":""},"class_list":["post-146589","page","type-page","status-publish","has-post-thumbnail","hentry"],"acf":[],"_links":{"self":[{"href":"https:\/\/staging.casinoalto.com\/ar\/wp-json\/wp\/v2\/pages\/146589","targetHints":{"allow":["GET"]}}],"collection":[{"href":"https:\/\/staging.casinoalto.com\/ar\/wp-json\/wp\/v2\/pages"}],"about":[{"href":"https:\/\/staging.casinoalto.com\/ar\/wp-json\/wp\/v2\/types\/page"}],"author":[{"embeddable":true,"href":"https:\/\/staging.casinoalto.com\/ar\/wp-json\/wp\/v2\/users\/18"}],"replies":[{"embeddable":true,"href":"https:\/\/staging.casinoalto.com\/ar\/wp-json\/wp\/v2\/comments?post=146589"}],"version-history":[{"count":6,"href":"https:\/\/staging.casinoalto.com\/ar\/wp-json\/wp\/v2\/pages\/146589\/revisions"}],"predecessor-version":[{"id":10061643,"href":"https:\/\/staging.casinoalto.com\/ar\/wp-json\/wp\/v2\/pages\/146589\/revisions\/10061643"}],"up":[{"embeddable":true,"href":"https:\/\/staging.casinoalto.com\/ar\/wp-json\/wp\/v2\/pages\/134669"}],"wp:featuredmedia":[{"embeddable":true,"href":"https:\/\/staging.casinoalto.com\/ar\/wp-json\/wp\/v2\/media\/10060586"}],"wp:attachment":[{"href":"https:\/\/staging.casinoalto.com\/ar\/wp-json\/wp\/v2\/media?parent=146589"}],"curies":[{"name":"wp","href":"https:\/\/api.w.org\/{rel}","templated":true}]}}