{"id":147316,"date":"2018-09-06T22:51:01","date_gmt":"2018-09-06T22:51:01","guid":{"rendered":"https:\/\/casinoalto.com\/?page_id=147316"},"modified":"2026-01-27T15:35:01","modified_gmt":"2026-01-27T15:35:01","slug":"ronco","status":"publish","type":"page","link":"https:\/\/staging.casinoalto.com\/ar\/reglas\/ronco\/","title":{"rendered":"Reglas Ronco &#8211; C\u00f3mo se juega"},"content":{"rendered":"<p><img loading=\"lazy\" decoding=\"async\" class=\"alignnone size-full wp-image-148420\" src=\"\/ar\/wp-content\/uploads\/sites\/2\/2024\/03\/casino-alto_covers_ronco.webp\" alt=\"ronco\" width=\"800\" height=\"475\" \/><\/p>\n<p><strong>Los juegos que provienen directamente del azar son los que m\u00e1s gustan a las casas de juego<\/strong>, como las indicadas por <a href=\"\/ar\/\">Casino Alto Argentina<\/a>. Son en los que m\u00e1s posibilidades tienen de ganar, ya que los jugadores no pueden desarrollar una estrategia para intentar vencer a la banca.<\/p>\n<p>Por ello estos juegos suelen ser fijos en las ofertas de los casinos, aunque no todos tuvieron la suerte de hacerse famosos.<\/p>\n<p>El ronco dur\u00f3 poco en las salas de juego. Empez\u00f3 a practicarse en Espa\u00f1a y se jugaba con la baraja espa\u00f1ola. Un juego de eliminaci\u00f3n que se basa en la astucia para intercambiar cartas y sobre todo en la suerte de recibir una buena mano para jugar en los <a href=\"https:\/\/casinoalto.com\/ar\/casinos-online\/\" target=\"_blank\" rel=\"noopener\">mejores sitios de casino del pa\u00eds<\/a>.<\/p>\n<div id=\"ez-toc-container\" class=\"ez-toc-v2_0_82_2 counter-hierarchy ez-toc-counter ez-toc-custom ez-toc-container-direction\">\n<div class=\"ez-toc-title-container\">\n<p class=\"ez-toc-title\" style=\"cursor:inherit\">Tabla de contenidos<\/p>\n<span class=\"ez-toc-title-toggle\"><a href=\"#\" class=\"ez-toc-pull-right ez-toc-btn ez-toc-btn-xs ez-toc-btn-default ez-toc-toggle\" aria-label=\"Toggle Table of Content\"><span class=\"ez-toc-js-icon-con\"><span class=\"\"><span class=\"eztoc-hide\" style=\"display:none;\">Toggle<\/span><span class=\"ez-toc-icon-toggle-span\"><svg style=\"fill: #999;color:#999\" xmlns=\"http:\/\/www.w3.org\/2000\/svg\" class=\"list-377408\" width=\"20px\" height=\"20px\" viewBox=\"0 0 24 24\" fill=\"none\"><path d=\"M6 6H4v2h2V6zm14 0H8v2h12V6zM4 11h2v2H4v-2zm16 0H8v2h12v-2zM4 16h2v2H4v-2zm16 0H8v2h12v-2z\" fill=\"currentColor\"><\/path><\/svg><svg style=\"fill: #999;color:#999\" class=\"arrow-unsorted-368013\" xmlns=\"http:\/\/www.w3.org\/2000\/svg\" width=\"10px\" height=\"10px\" viewBox=\"0 0 24 24\" version=\"1.2\" baseProfile=\"tiny\"><path d=\"M18.2 9.3l-6.2-6.3-6.2 6.3c-.2.2-.3.4-.3.7s.1.5.3.7c.2.2.4.3.7.3h11c.3 0 .5-.1.7-.3.2-.2.3-.5.3-.7s-.1-.5-.3-.7zM5.8 14.7l6.2 6.3 6.2-6.3c.2-.2.3-.5.3-.7s-.1-.5-.3-.7c-.2-.2-.4-.3-.7-.3h-11c-.3 0-.5.1-.7.3-.2.2-.3.5-.3.7s.1.5.3.7z\"\/><\/svg><\/span><\/span><\/span><\/a><\/span><\/div>\n<nav><ul class='ez-toc-list ez-toc-list-level-1 eztoc-toggle-hide-by-default' ><li class='ez-toc-page-1 ez-toc-heading-level-2'><a class=\"ez-toc-link ez-toc-heading-1\" href=\"https:\/\/staging.casinoalto.com\/ar\/reglas\/ronco\/#Historia-del-ronco\" >Historia del ronco<\/a><\/li><li class='ez-toc-page-1 ez-toc-heading-level-2'><a class=\"ez-toc-link ez-toc-heading-2\" href=\"https:\/\/staging.casinoalto.com\/ar\/reglas\/ronco\/#Objetivo-del-juego\" >Objetivo del juego<\/a><\/li><li class='ez-toc-page-1 ez-toc-heading-level-2'><a class=\"ez-toc-link ez-toc-heading-3\" href=\"https:\/\/staging.casinoalto.com\/ar\/reglas\/ronco\/#Elementos-del-juego\" >Elementos del juego<\/a><\/li><li class='ez-toc-page-1 ez-toc-heading-level-2'><a class=\"ez-toc-link ez-toc-heading-4\" href=\"https:\/\/staging.casinoalto.com\/ar\/reglas\/ronco\/#Como-se-juega-al-ronco\" >C\u00f3mo se juega al ronco<\/a><\/li><\/ul><\/nav><\/div>\n<h2><span class=\"ez-toc-section\" id=\"Historia-del-ronco\"><\/span>Historia del ronco<span class=\"ez-toc-section-end\"><\/span><\/h2>\n<p>El ronco es una pr\u00e1ctica con origen espa\u00f1ola. Un juego de eliminaci\u00f3n creado con la finalidad de ser r\u00e1pido y preciso. Ideal para apostadores que quieren dejar cantidades de dinero importantes y resolverlas en poco tiempo.<\/p>\n<p>Deriva su nombre de una de las mec\u00e1nicas del juego, que es hacer un ronquido si se lleva un rey, que es la carta m\u00e1s alta posible.<\/p>\n<p>Cuando se consigue este naipe es casi imposible perder y por lo tanto los jugadores de la antig\u00fcedad sol\u00edan presumir ante el resto de jugadores.<\/p>\n<p>Se hizo popular hacerlo con un ronquido, para no tener que desvelar la carta que se ten\u00eda. Finalmente se resolvi\u00f3 que esa ser\u00eda la manera de jugar y esto deriv\u00f3 en el nombre de ronco. Se practic\u00f3 en Espa\u00f1a en muchos casinos, aunque su auge fue ef\u00edmero.<\/p>\n<h2><span class=\"ez-toc-section\" id=\"Objetivo-del-juego\"><\/span>Objetivo del juego<span class=\"ez-toc-section-end\"><\/span><\/h2>\n<p>El fin de este juego es que se vayan <strong>eliminando jugadores hasta que solo quede uno<\/strong>, que ser\u00e1 el ganador.<\/p>\n<p>El que tenga la carta m\u00e1s baja en cada ronda acumular\u00e1 un punto y cuando se alcancen los puntos de l\u00edmite establecidos se abandonar\u00e1 la mesa. Si el que queda como ganador es el crupier ser\u00e1 la banca la vencedora, sino ser\u00e1 uno de los jugadores participantes.<\/p>\n<h2><span class=\"ez-toc-section\" id=\"Elementos-del-juego\"><\/span>Elementos del juego<span class=\"ez-toc-section-end\"><\/span><\/h2>\n<p><img loading=\"lazy\" decoding=\"async\" class=\"alignnone size-full wp-image-147309\" src=\"\/wp-content\/uploads\/2018\/09\/Mazo-de-cartas-de-casino.webp\" alt=\"\" width=\"800\" height=\"475\" \/><\/p>\n<ul>\n<li>Baraja espa\u00f1ola de 40 cartas (oros, copas, espadas y bastos).<\/li>\n<li>Tapete (opcional).<\/li>\n<li>Fichas de casino para apostar (opcionales).<\/li>\n<li>De 2 a 8 jugadores. A partir de 5 son necesarias dos barajas.<\/li>\n<\/ul>\n<h2><span class=\"ez-toc-section\" id=\"Como-se-juega-al-ronco\"><\/span>C\u00f3mo se juega al ronco<span class=\"ez-toc-section-end\"><\/span><\/h2>\n<p>El ronco es un juego que tiene un componente de azar muy importante. <strong>Existen algunas estrategias razonables a seguir<\/strong> y que tienen que ver con estar muy atento a lo que va ocurriendo con las cartas de los rivales en cada partida.<\/p>\n<p>Pero en l\u00edneas generales, esta pr\u00e1ctica se reduce a la fortuna y a las cartas que vayas recibiendo tanto del compa\u00f1ero de mesa como del repartidor.<\/p>\n<p>Por esta raz\u00f3n es un juego que se ha practicado con asiduidad en los casinos (aunque no en los casinos online), ya que tiene un margen de ganancia bastante alto para la banca. <strong>Es un juego que puede tomar mucha importancia en un crupier<\/strong>, ya que puede colocar las cartas antes de la partida o hacer maniobras para repartir las cartas que mejor le parezcan.<\/p>\n<p>Y lo mismo para los jugadores, aunque siempre deben tener un poco de suerte y eso ya no se basa en estad\u00edsticas ni en matem\u00e1ticas. Por todo ello las casas de juego lo han incluido en su oferta durante alg\u00fan tiempo.<\/p>\n<p>El ronco es un juego que se puede practicar en torneos, pero principalmente se juega en una mesa de casino al uso con el repartidor como participante. <strong>Pueden jugar muchos jugadores, en cuyo caso es recomendable que se reduzcan el n\u00famero de rondas para que se de agilidad al juego<\/strong>.<\/p>\n<p>Si participa poca gente se podr\u00e1 ampliar a cuantas partidas considere el casino. Las mesas suelen tener unos seis o siete puestos por mesa, por lo que se puede competir a unas siete rondas. Esto significa que el primero que pierda siete partidas debe retirarse.<\/p>\n<p>Antes de empezar ser\u00e1 el crupier el que baraje las cartas y, opcionalmente, pida a uno de los jugadores que haga un corte en la misma. Puesto que se juega con la baraja espa\u00f1ola, el orden del valor de las cartas ser\u00e1 el habitual:<\/p>\n<p><img loading=\"lazy\" decoding=\"async\" class=\"alignnone size-full wp-image-148718\" src=\"\/wp-content\/uploads\/2018\/12\/casino-alto_images_ronco.webp\" alt=\"valor cartas ronco\" width=\"800\" height=\"475\" \/><\/p>\n<ul>\n<li>Rey<\/li>\n<li>Dama<\/li>\n<li>Sota<\/li>\n<li>Siete<\/li>\n<li>Seis<\/li>\n<li>Cinco<\/li>\n<li>Cuatro<\/li>\n<li>Tres<\/li>\n<li>Dos<\/li>\n<li>As<\/li>\n<\/ul>\n<p>Una vez que el crupier ha barajeado reparte una carta a cada uno de los jugadores. <strong>En cada partida el que primero escoge qu\u00e9 hacer en la ronda ir\u00e1 variando<\/strong>. Se suele indicar con una ficha especial, que especifica que ese jugador es el que tiene la potestad de hablar primero.<\/p>\n<p>En caso de que sea la primera ronda el que arrancar\u00e1 ser\u00e1 el jugador que est\u00e1 al lado del repartidor. Adem\u00e1s, el jefe de mesa tambi\u00e9n entra en esa rotaci\u00f3n de turno, a pesar de que sea \u00e9l el que reparta los naipes.<\/p>\n<p>Todos los jugadores mirar\u00e1n sus cartas y entonces<strong> deber\u00e1n elegir entre quedarse con la carta que les ha tocado o intercambiar la carta con el jugador que tiene a la derecha<\/strong>. Nunca podr\u00e1 cambiarla con el rival que tiene a la izquierda, y adem\u00e1s, si decide hacer el cambio debe indicarlo con un \u201cpaso\u201d. En el caso de que decida quedarse con lo que tiene lo informar\u00e1 con un \u201cme quedo\u201d.<\/p>\n<p>Una vez que haya elegido una de las dos opciones, el turno pasa al siguiente jugador. Este jugar\u00e1 con la carta que ten\u00eda desde el principio o con el naipe que le haya pasado el contrincante de su izquierda, si es que este eligi\u00f3 intercambiarlo en su turno.<\/p>\n<p>Decidir\u00e1 que quiere hacer y <strong>as\u00ed se seguir\u00e1 hasta que culmine el \u00faltimo jugador. Para \u00e9l las cosas cambian<\/strong> y sus opciones de actuar son diferentes a las del resto. Es la ventaja o la desventaja, seg\u00fan se mire, por el hecho de ser el \u00faltimo en actuar.<\/p>\n<p><strong>\u00c9ste puede cambiar su carta por una de las del mazo<\/strong>, con el riesgo de que la carta que aparezca sea peor que la que ya ten\u00eda. La otra opci\u00f3n es quedarse con la carta que tenga, provenga de donde provenga, y decir \u201ccartas arriba\u201d.<\/p>\n<p>Este ser\u00e1 el indicativo de que la ronda ha terminado para todos los jugadores y es hora de levantar las cartas para decidir el perdedor. En ese caso habr\u00e1 tambi\u00e9n varios detalles a indicar, pero antes hay que mencionar una peque\u00f1a regla en todo lo dicho anteriormente.<\/p>\n<p><strong>Si uno de los jugadores recibe un rey como carta puede negar a intercambi\u00e1rsela con el jugador de su izquierda<\/strong> cuando este se lo pida. Esta carta es la m\u00e1s alta de la partida e indica que no se puede perder la ronda con ella.<\/p>\n<p>Por eso el ronco ofrece esa ventaja para el jugador que tenga la suerte de recibirlo. Para indicar que se tiene dicho naipe se puede emitir un ronquido (de ah\u00ed el nombre del juego) o simplemente notificarle al otro que no se puede hacer el cambio.<\/p>\n<p>Dicho esto volvemos al desarrollo de la partida. Todos los jugadores deben levantar su carta para elegir al perdedor, que ser\u00e1 el que sume un tanto en su casillero.<\/p>\n<p><strong>El que tenga la carta m\u00e1s baja es el que se declara como perdedor<\/strong>, a menos que haya dos rivales que empaten con la misma carta y entonces sumen cada uno un punto. La \u00faltima opci\u00f3n es que el \u00faltimo jugador en jugar, que se le considera que va \u201cde mano\u201d, decida <strong>intercambiar su carta por una de la baraja y obtenga un 10. En ese caso se le declara perdedor<\/strong> por encima del resto.<\/p>\n<p>El repartidor ser\u00e1 el que se encargue de llevar la cuenta de los puntos que va teniendo cada jugador.<\/p>\n<p>Las f\u00f3rmulas son infinitas, como escribirlo en una tabla, tener un contador electr\u00f3nico que lo vaya indicando e incluso antiguamente se utilizaban fichas rojas que se iban poniendo al lado de cada puesto del jugador, para que todos pudieran ser consciente del estado de la partida.<\/p>\n<p>Algunos casinos prefieren que sea su empleado el que lleve la cuenta de los tantos, aunque esto puede ser peligroso, ya que todo queda en manos de la \u00e9tica del crupier. Si este quiere enga\u00f1ar y sumar a alguien un punto de m\u00e1s lo har\u00e1. Por eso es mejor llevar la cuenta y que sea p\u00fablica para todos los jugadores.<\/p>\n<p><strong>El primer jugador que llegue al n\u00famero de rondas perdidas que se especific\u00f3 al principio ser\u00e1 el primero que deba marcharse de la mesa<\/strong> o esperar a que el resto termine para empezar a apostar de nuevo. Este jugador pierde todo el dinero que decidi\u00f3 apostar para entrar en la mesa, acto que se realiza antes de empezar cuando todos los participantes est\u00e9n en sus puestos.<\/p>\n<p>Como podemos ver el juego se reduce en gran parte a la fortuna. La carta que te toque puede ser buena o mala y ah\u00ed estar\u00e1 la gran baza de la partida. Aun as\u00ed, el hecho de que un jugador decida intercambiar su carta indicar\u00e1 que se lleva un naipe bastante bajo y se quiere mejorar.<\/p>\n<p>Por ello, si un jugador tiene una carta intermedia puede decidir quedarse para no perder. Y es que esto hay que remarcarlo, <strong>en cada ronda no hay ganadores sino un perdedor<\/strong>, por tanto la ambici\u00f3n de buscar la carta m\u00e1s alta no tendr\u00eda demasiado sentido si ya se lleva un buen n\u00famero.<\/p>\n<p>El que un jugador tenga un rey e impida que le intercambien la carta tambi\u00e9n da muchas opciones a esas cartas intermedias de las que antes habl\u00e1bamos. Los jugadores que las posean tendr\u00e1n muchas opciones de ganar si deciden quedarse con lo que tienen.<\/p>\n<p>En caso de ser una baza baja que est\u00e9 entre uno y tres mejor jug\u00e1rsela a cambiar en cualquier situaci\u00f3n.<\/p>\n<p>Tambi\u00e9n puede ocurrir que recibas una carta inferior a la que ya ten\u00edas, en cuyo caso no hay margen de reacci\u00f3n. El siguiente jugador decidir\u00e1 entonces quedarse con lo que tiene, ya que sabe que su rival tiene un naipe m\u00e1s bajo que el suyo.<\/p>\n<p>La tarea del resto de jugadores ser\u00e1 tambi\u00e9n darse cuenta de ello y mantenerse con lo que tienen. La ambici\u00f3n podr\u00eda hacerles perder una ronda que ten\u00edan ya salvada.<\/p>\n<p>\u00bfQuer\u00e9s jugar con seguridad? Eleg\u00ed la <a href=\"https:\/\/casinoalto.com\/ar\/metodos-de-pago\/\" target=\"_blank\" rel=\"noopener\">forma de pago en el casino online<\/a> y recib\u00ed tambi\u00e9n los <a href=\"https:\/\/casinoalto.com\/ar\/bonos-de-bienvenida\/\" target=\"_blank\" rel=\"noopener\">bonos de bienvenida y promociones para los usuarios<\/a>.<\/p>\n","protected":false},"excerpt":{"rendered":"<p>Los juegos que provienen directamente del azar son los que m\u00e1s gustan a las casas de juego, como las indicadas por Casino Alto Argentina. Son en los que m\u00e1s posibilidades tienen de ganar, ya que los jugadores no pueden desarrollar una estrategia para intentar vencer a la banca. Por ello estos juegos suelen ser fijos [&hellip;]<\/p>\n","protected":false},"author":18,"featured_media":10060643,"parent":134669,"menu_order":0,"comment_status":"closed","ping_status":"closed","template":"page_author_sidebar.php","meta":{"_acf_changed":false,"footnotes":""},"class_list":["post-147316","page","type-page","status-publish","has-post-thumbnail","hentry"],"acf":[],"_links":{"self":[{"href":"https:\/\/staging.casinoalto.com\/ar\/wp-json\/wp\/v2\/pages\/147316","targetHints":{"allow":["GET"]}}],"collection":[{"href":"https:\/\/staging.casinoalto.com\/ar\/wp-json\/wp\/v2\/pages"}],"about":[{"href":"https:\/\/staging.casinoalto.com\/ar\/wp-json\/wp\/v2\/types\/page"}],"author":[{"embeddable":true,"href":"https:\/\/staging.casinoalto.com\/ar\/wp-json\/wp\/v2\/users\/18"}],"replies":[{"embeddable":true,"href":"https:\/\/staging.casinoalto.com\/ar\/wp-json\/wp\/v2\/comments?post=147316"}],"version-history":[{"count":7,"href":"https:\/\/staging.casinoalto.com\/ar\/wp-json\/wp\/v2\/pages\/147316\/revisions"}],"predecessor-version":[{"id":10061875,"href":"https:\/\/staging.casinoalto.com\/ar\/wp-json\/wp\/v2\/pages\/147316\/revisions\/10061875"}],"up":[{"embeddable":true,"href":"https:\/\/staging.casinoalto.com\/ar\/wp-json\/wp\/v2\/pages\/134669"}],"wp:featuredmedia":[{"embeddable":true,"href":"https:\/\/staging.casinoalto.com\/ar\/wp-json\/wp\/v2\/media\/10060643"}],"wp:attachment":[{"href":"https:\/\/staging.casinoalto.com\/ar\/wp-json\/wp\/v2\/media?parent=147316"}],"curies":[{"name":"wp","href":"https:\/\/api.w.org\/{rel}","templated":true}]}}