{"id":148157,"date":"2024-03-08T03:43:45","date_gmt":"2024-03-08T03:43:45","guid":{"rendered":"https:\/\/casinoalto.com\/?page_id=148157"},"modified":"2026-01-27T15:34:00","modified_gmt":"2026-01-27T15:34:00","slug":"cuatrola","status":"publish","type":"page","link":"https:\/\/staging.casinoalto.com\/ar\/reglas\/cuatrola\/","title":{"rendered":"Reglas La cuatrola &#8211; C\u00f3mo se juega"},"content":{"rendered":"<p><img loading=\"lazy\" decoding=\"async\" class=\"alignnone size-full wp-image-148404\" src=\"\/ar\/wp-content\/uploads\/sites\/2\/2024\/03\/casino-alto_covers_cuatrola.webp\" alt=\"cuatrola\" width=\"800\" height=\"475\" \/><\/p>\n<p>Presentamos un nuevo juego que estuvo activo durante mucho tiempo en Espa\u00f1a, pero que acab\u00f3 cayendo en el olvido de los principales magnates de estos salones.<\/p>\n<p>Cuando una pr\u00e1ctica funciona no suele cambiarse e incluso se intentan buscar juegos que sean parecidos y que den diversidad a la oferta del casino (como los citados por el sitio <a href=\"https:\/\/casinoalto.com\/ar\/\" target=\"_blank\" rel=\"noopener\">Casino Alto Argentina<\/a>). Eso ocurri\u00f3 con el tute y la cuatrola. Ser\u00e1 \u00e9ste \u00faltimo en el que nos fijaremos hoy.<\/p>\n<div id=\"ez-toc-container\" class=\"ez-toc-v2_0_82_2 counter-hierarchy ez-toc-counter ez-toc-custom ez-toc-container-direction\">\n<div class=\"ez-toc-title-container\">\n<p class=\"ez-toc-title\" style=\"cursor:inherit\">Tabla de contenidos<\/p>\n<span class=\"ez-toc-title-toggle\"><a href=\"#\" class=\"ez-toc-pull-right ez-toc-btn ez-toc-btn-xs ez-toc-btn-default ez-toc-toggle\" aria-label=\"Toggle Table of Content\"><span class=\"ez-toc-js-icon-con\"><span class=\"\"><span class=\"eztoc-hide\" style=\"display:none;\">Toggle<\/span><span class=\"ez-toc-icon-toggle-span\"><svg style=\"fill: #999;color:#999\" xmlns=\"http:\/\/www.w3.org\/2000\/svg\" class=\"list-377408\" width=\"20px\" height=\"20px\" viewBox=\"0 0 24 24\" fill=\"none\"><path d=\"M6 6H4v2h2V6zm14 0H8v2h12V6zM4 11h2v2H4v-2zm16 0H8v2h12v-2zM4 16h2v2H4v-2zm16 0H8v2h12v-2z\" fill=\"currentColor\"><\/path><\/svg><svg style=\"fill: #999;color:#999\" class=\"arrow-unsorted-368013\" xmlns=\"http:\/\/www.w3.org\/2000\/svg\" width=\"10px\" height=\"10px\" viewBox=\"0 0 24 24\" version=\"1.2\" baseProfile=\"tiny\"><path d=\"M18.2 9.3l-6.2-6.3-6.2 6.3c-.2.2-.3.4-.3.7s.1.5.3.7c.2.2.4.3.7.3h11c.3 0 .5-.1.7-.3.2-.2.3-.5.3-.7s-.1-.5-.3-.7zM5.8 14.7l6.2 6.3 6.2-6.3c.2-.2.3-.5.3-.7s-.1-.5-.3-.7c-.2-.2-.4-.3-.7-.3h-11c-.3 0-.5.1-.7.3-.2.2-.3.5-.3.7s.1.5.3.7z\"\/><\/svg><\/span><\/span><\/span><\/a><\/span><\/div>\n<nav><ul class='ez-toc-list ez-toc-list-level-1 eztoc-toggle-hide-by-default' ><li class='ez-toc-page-1 ez-toc-heading-level-2'><a class=\"ez-toc-link ez-toc-heading-1\" href=\"https:\/\/staging.casinoalto.com\/ar\/reglas\/cuatrola\/#Historia-de-la-cuatrola\" >Historia de la cuatrola<\/a><\/li><li class='ez-toc-page-1 ez-toc-heading-level-2'><a class=\"ez-toc-link ez-toc-heading-2\" href=\"https:\/\/staging.casinoalto.com\/ar\/reglas\/cuatrola\/#Objetivo-del-juego\" >Objetivo del juego<\/a><\/li><li class='ez-toc-page-1 ez-toc-heading-level-2'><a class=\"ez-toc-link ez-toc-heading-3\" href=\"https:\/\/staging.casinoalto.com\/ar\/reglas\/cuatrola\/#Elementos-del-juego\" >Elementos del juego<\/a><\/li><li class='ez-toc-page-1 ez-toc-heading-level-2'><a class=\"ez-toc-link ez-toc-heading-4\" href=\"https:\/\/staging.casinoalto.com\/ar\/reglas\/cuatrola\/#Como-se-juega-a-la-cuatrola\" >C\u00f3mo se juega a la cuatrola<\/a><\/li><\/ul><\/nav><\/div>\n<h2><span class=\"ez-toc-section\" id=\"Historia-de-la-cuatrola\"><\/span>Historia de la cuatrola<span class=\"ez-toc-section-end\"><\/span><\/h2>\n<p>La cuatrola es un juego bastante parecido al <a href=\"\/ar\/reglas\/tute\/\">tute para jugar en l\u00ednea<\/a>. Tienen algunas diferencias que son importantes, pero con conocerlas se puede jugar perfectamente a esta pr\u00e1ctica.<\/p>\n<p>Como tal, el origen de este juego va unido a Espa\u00f1a. Sobre todo la zona de Castilla y Le\u00f3n, Castilla-La Mancha y Extremadura fue su mayor precursora para extenderlo al resto de la pen\u00ednsula.<\/p>\n<p>Los casinos lo adoptaron como un juego de astucia y una variante del tute con bastantes seguidores. Aunque finalmente acabar\u00eda obsoleto en los <a href=\"https:\/\/casinoalto.com\/ar\/casinos-online\/\" target=\"_blank\" rel=\"noopener\">mejores casinos del pa\u00eds<\/a>.<\/p>\n<h2><span class=\"ez-toc-section\" id=\"Objetivo-del-juego\"><\/span>Objetivo del juego<span class=\"ez-toc-section-end\"><\/span><\/h2>\n<p>El objetivo de este juego por parejas es vencer al otro equipo, ya sea mediante el recuento de puntos o mediante el recuento de bazas.<\/p>\n<p>Los equipos ir\u00e1n acumulando puntos por cada mano ganada y vencer\u00e1 el primero que logre llegar a los 21 puntos en la general. Para ganar cada baza hay que intentar lanzar la carta m\u00e1s alta y quedarse en poder de la del resto de contrincantes.<\/p>\n<h2><span class=\"ez-toc-section\" id=\"Elementos-del-juego\"><\/span>Elementos del juego<span class=\"ez-toc-section-end\"><\/span><\/h2>\n<ul>\n<li>Baraja espa\u00f1ola de 40 cartas (oros, copas, espadas y bastos).<\/li>\n<li>Tapete (opcional).<\/li>\n<li>Fichas de poker para apostar (opcionales).<\/li>\n<li>Cuatro jugadores, de forma individual o por parejas.<\/li>\n<\/ul>\n<h2><span class=\"ez-toc-section\" id=\"Como-se-juega-a-la-cuatrola\"><\/span>C\u00f3mo se juega a la cuatrola<span class=\"ez-toc-section-end\"><\/span><\/h2>\n<p>La cuatrola es <strong>uno de esos juegos que permit\u00eda hacer competiciones en los casinos<\/strong>, ya que los equipos tienen que ir acumulando puntos y se van eliminando. Por ello la figura del crupier toma una relevancia especial, al tener que sumar los puntos de ambos equipos y llevar el recuento general.<\/p>\n<p>En el sal\u00f3n principal de las salas de juego era m\u00e1s complicado, ya que jugar de forma individual es algo poco extendido en Espa\u00f1a. Aun as\u00ed, en algunos casinos lleg\u00f3 a hacerse cuando el juego estaba en auge.<\/p>\n<p>Eso s\u00ed, puesto que <strong>la versi\u00f3n por parejas es la m\u00e1s extendida<\/strong> es la que vamos a explicar. Lo primero que deben hacer los jugadores es sentarse como parejas uno en frente del otro.<\/p>\n<p>El crupier baraja las cartas y pedir\u00e1 al jugador que sale de mano que haga un corte en el mazo. En algunas mesas se suele indicar a quien le corresponde salir con una ficha especial, pero en otras simplemente se hace saber entre los jugadores.<\/p>\n<p>Una vez barajadas las cartas, reparte cinco a cada jugador. No son 5 cartas cualquiera, sino que <strong>a la cuatrola se juega solo con 20 de las 40 cartas que tiene la baraja espa\u00f1ola<\/strong>.<\/p>\n<p>Esas cartas son el as, el rey, el caballo, la sota y el tres. Algunas barajas tienen ochos y nueves, pero en este caso tampoco se tienen en cuenta. Estas cartas tienen un orden y una puntuaci\u00f3n que ser\u00e1 clave dentro del juego y de la puntuaci\u00f3n final. Es la siguiente:<\/p>\n<p><img loading=\"lazy\" decoding=\"async\" class=\"alignnone size-full wp-image-148735\" src=\"\/ar\/wp-content\/uploads\/sites\/2\/2024\/03\/casino-alto_images_cuatrola.webp\" alt=\"valor cartas cuatrola\" width=\"800\" height=\"475\" \/><\/p>\n<ul>\n<li>As: 11 puntos<\/li>\n<li>Tres: 10 puntos<\/li>\n<li>Rey: 4 puntos<\/li>\n<li>Caballo: 3 puntos<\/li>\n<li>Sota: 2 puntos<\/li>\n<\/ul>\n<p>De los cuatro palos de la baraja tambi\u00e9n habr\u00e1 uno que sea de triunfo e ir\u00e1 cambiando en cada mano. <strong>El crupier, al repartir la \u00faltima carta, la levanta para que todo el mundo pueda verla<\/strong>.<\/p>\n<p>El palo del que sea ser\u00e1 el que se indique como de triunfo y despu\u00e9s le entregar\u00e1 la carta al jugador que le correspondiera. Entonces ese palo estar\u00e1 por encima de todos los dem\u00e1s y ganar\u00e1 al resto.<\/p>\n<p>Despu\u00e9s estar\u00e1 el palo de salida, que lo marca el jugador que comience la mano. Los otros dos palos tendr\u00edan menos valor.<\/p>\n<p>En cada mano hay 5 bazas, ya que cada jugador tiene 5 cartas y deben echar una cada uno en cada turno. Pero antes de entrar en la mec\u00e1nica hay que decidir las apuestas. No mediante cartas, sino hablando los jugadores van estableciendo qu\u00e9 apuestan.<\/p>\n<p>Hay cuatro cosas que se pueden hacer en este caso: <strong>se puede apostar a ir solo<\/strong>, es decir, utilizar solo tus cartas para ganar a los dos jugadores de la otra pareja; <strong>se puede apostar a cuatrola<\/strong>, que es ganar cuatro de las cinco bazas de la partida; <strong>apostar a quintola<\/strong>, que es ganar las cinco bazas de la partida; <strong>o pasar<\/strong>, que es no apostar nada.<\/p>\n<p><strong>Una vez que un jugador ha hecho una apuesta, el siguiente que quiera apostar solo podr\u00e1 superarla<\/strong>. Es decir, si un jugador apuesta a cuatrola el siguiente ya solo podr\u00e1 pasar (no apostar) o apostar quintola. Luego esas apuestas tendr\u00e1n una repercusi\u00f3n de cara a la clasificaci\u00f3n general.<\/p>\n<p>El que apuesta a ir solo y logra ganar se lleva 2 puntos para la pareja; el que apuesta cuatrola y gana se lleva 4 puntos para la pareja y si pierde los 4 puntos son para el otro equipo; el que apuesta quintola y gana se lleva 5 puntos y si pierde los 5 cinco puntos son para el otro equipo.<\/p>\n<p>En las apuestas hay que ir con cuidado y estar muy seguro de lo que se apuesta. Adem\u00e1s, <strong>si una pareja tiene 17 o m\u00e1s puntos en la general no pueden hacer una apuesta que les lleve a superar los 21 puntos<\/strong>. Ese es el l\u00edmite de cada partida y el que los consiga habr\u00e1 ganado, pero siempre tienen que conseguir justo 21, ni m\u00e1s ni menos.<\/p>\n<p>Si tengo 17 puntos puedo apostar a cuatrola, pero no a quintola porque en caso de ganar ser\u00edan 22. En ese ejemplo, sino puedo apostar a cuatrola porque s\u00e9 que no voy a ganar, apuesto a ir solo e intento ganar en dos manos.<\/p>\n<p>Respetando esas reglas se empieza a jugar. <strong>El jugador de mano echa una carta y su palo ser\u00e1 el que se establece como palo de salida<\/strong>. Con eso, ya el siguiente jugador est\u00e1 obligado a echar una carta del mismo palo que sea mejor que la que lanz\u00f3 su adversario. Si no tiene estar\u00eda entonces obligado a lanzar una carta del palo de triunfo que la supere.<\/p>\n<p>Si da la casualidad de que tampoco tiene debe lanzar una carta del palo de salida aunque sea inferior a la que ya hay, aunque eso implique no ganar esa baza. Si tampoco tuviera, entonces puede lanzar otra carta de cualquier otro palo teniendo en cuenta que perder\u00e1 la baza.<\/p>\n<p>Una vez que todos han lanzado sus cartas, <strong>el jugador que haya echado el naipe m\u00e1s alto se lleva la baza<\/strong> y se queda con las cuatro cartas que se han lanzado.<\/p>\n<p>Las deja en su lado de la mesa y las reserva para luego realizar el recuento final. Y adem\u00e1s es el jugador que tiene que salir en la siguiente baza. Se ir\u00e1 haciendo as\u00ed durante las cinco bazas hasta que se de por terminada la mano.<\/p>\n<p>Hay que tener en cuenta tambi\u00e9n que en medio de la partida se pueden hacer los llamados c\u00e1nticos. <strong>Los c\u00e1nticos se realizan cuando un jugador tiene un rey y un caballo del mismo palo<\/strong>.<\/p>\n<p>Si son del palo de triunfo se denomina como cantar las cuarenta, y no es necesario decir en que palo se cantan ya que se entiende que es el de triunfo. Si son de otro palo se denomina cantar las 20 y en ese caso si se debe especificar en qu\u00e9 palo se hace. Esto da a la pareja 40 y 20 puntos respectivamente que cuentan para el recuento final de la mano.<\/p>\n<p>Si se tuvieran ambas cosas, no se pueden cantar las cuarenta antes que las 20. Adem\u00e1s, <strong>si hay una apuesta de cuatrola o quintola no tiene sentido cantarlas<\/strong>, ya que lo que importa es que se ganen las bazas, no los puntos finales que se hayan obtenido.<\/p>\n<p>El primer c\u00e1ntico se debe hacer despu\u00e9s de ganar la primera baza y los siguientes en las bazas posteriores siempre que se ganen.<\/p>\n<p>Una vez que se ha finalizado la partida se cuentan los puntos obtenidos. En el caso de que no haya cuatrola o quintola en juego, se contabilizan los puntos totales de las cartas con las que se ha quedado cada pareja. <strong>El equipo que gane la \u00faltima baza se suma 10 puntos m\u00e1s<\/strong> y adem\u00e1s, en caso de empate el que se haya llevado estas 10 \u00faltimas ser\u00e1 el ganador.<\/p>\n<p>De cara al recuento general, el que gane se adjudica un punto y en caso de superar los 100 puntos se llevar\u00e1 dos. En la cuatrola o quintola, si gana la pareja que apost\u00f3 se lleva 4 o 5 y si gana la pareja que no apost\u00f3 mismo procedimiento.<\/p>\n<p>Esto provoca que la jugada en la que haya muchas manos de ir solo y pocas de cuatrola o quintola, tendr\u00e1 m\u00e1s duraci\u00f3n, ya que se pueden sumar menos puntos de cara a la general. <strong>Una general que gana el equipo que antes alcance los 21 puntos<\/strong>.<\/p>\n<p>Los puntos ser\u00e1n anotados por el crupier en una tabla de puntuaci\u00f3n o simplemente llevar\u00e1 el recuento e ir\u00e1 informando de \u00e9l en cada inicio de partida.<\/p>\n<p>Por ello era m\u00e1s habitual ver este juego en salas privadas destinadas a torneos. No es demasiado din\u00e1mico para jugarlo en tablas de un sal\u00f3n principal.<\/p>\n<p>\u00bfQuer\u00e9s jugar? Entonces eleg\u00ed la <a href=\"\/ar\/metodos-de-pago\/\">forma de pago para el casino<\/a>, y alguna de las <a href=\"\/ar\/bonos-de-bienvenida\/\">promociones o bonos por registrarte<\/a>.<\/p>\n","protected":false},"excerpt":{"rendered":"<p>Presentamos un nuevo juego que estuvo activo durante mucho tiempo en Espa\u00f1a, pero que acab\u00f3 cayendo en el olvido de los principales magnates de estos salones. Cuando una pr\u00e1ctica funciona no suele cambiarse e incluso se intentan buscar juegos que sean parecidos y que den diversidad a la oferta del casino (como los citados por [&hellip;]<\/p>\n","protected":false},"author":18,"featured_media":10060615,"parent":134669,"menu_order":0,"comment_status":"closed","ping_status":"closed","template":"page_author_sidebar.php","meta":{"_acf_changed":false,"footnotes":""},"class_list":["post-148157","page","type-page","status-publish","has-post-thumbnail","hentry"],"acf":[],"_links":{"self":[{"href":"https:\/\/staging.casinoalto.com\/ar\/wp-json\/wp\/v2\/pages\/148157","targetHints":{"allow":["GET"]}}],"collection":[{"href":"https:\/\/staging.casinoalto.com\/ar\/wp-json\/wp\/v2\/pages"}],"about":[{"href":"https:\/\/staging.casinoalto.com\/ar\/wp-json\/wp\/v2\/types\/page"}],"author":[{"embeddable":true,"href":"https:\/\/staging.casinoalto.com\/ar\/wp-json\/wp\/v2\/users\/18"}],"replies":[{"embeddable":true,"href":"https:\/\/staging.casinoalto.com\/ar\/wp-json\/wp\/v2\/comments?post=148157"}],"version-history":[{"count":9,"href":"https:\/\/staging.casinoalto.com\/ar\/wp-json\/wp\/v2\/pages\/148157\/revisions"}],"predecessor-version":[{"id":10061861,"href":"https:\/\/staging.casinoalto.com\/ar\/wp-json\/wp\/v2\/pages\/148157\/revisions\/10061861"}],"up":[{"embeddable":true,"href":"https:\/\/staging.casinoalto.com\/ar\/wp-json\/wp\/v2\/pages\/134669"}],"wp:featuredmedia":[{"embeddable":true,"href":"https:\/\/staging.casinoalto.com\/ar\/wp-json\/wp\/v2\/media\/10060615"}],"wp:attachment":[{"href":"https:\/\/staging.casinoalto.com\/ar\/wp-json\/wp\/v2\/media?parent=148157"}],"curies":[{"name":"wp","href":"https:\/\/api.w.org\/{rel}","templated":true}]}}