{"id":148684,"date":"2018-12-04T16:17:13","date_gmt":"2018-12-04T16:17:13","guid":{"rendered":"https:\/\/casinoalto.com\/?page_id=148684"},"modified":"2026-01-27T15:35:26","modified_gmt":"2026-01-27T15:35:26","slug":"rummy","status":"publish","type":"page","link":"https:\/\/staging.casinoalto.com\/ar\/reglas\/rummy\/","title":{"rendered":"Reglas Rummy &#8211; C\u00f3mo se juega"},"content":{"rendered":"<p><img loading=\"lazy\" decoding=\"async\" class=\"alignnone size-full wp-image-149582\" src=\"\/ar\/wp-content\/uploads\/sites\/2\/2024\/03\/casino-alto_covers-01.webp\" alt=\"Reglas Rummy\" width=\"1667\" height=\"990\" \/><\/p>\n<p>En el repaso a los juegos que antes se practicaban en los casinos y que ahora han quedado en el olvide llegamos a uno de los puntos culmen.<\/p>\n<p>Y es que hoy vamos a ver uno de los juegos de los que derivan muchos otros que ya hemos visto anteriormente como el <a href=\"\/ar\/reglas\/chinchon\/\">juego del chinch\u00f3n<\/a> o <a href=\"\/ar\/reglas\/continental\/\">el juego Continental online<\/a>, y que comparten unas reglas muy parecidas con \u00e9l.<\/p>\n<p>Se trata del <strong>rummy<\/strong>, el germen de otras pr\u00e1cticas muy divertidas y que en alg\u00fan momento fueron tendencia en el sector del juego. Conoc\u00e9 m\u00e1s con <a href=\"https:\/\/casinoalto.com\/ar\/\" target=\"_blank\" rel=\"noopener\">Casino Alto<\/a>.<\/p>\n<div id=\"ez-toc-container\" class=\"ez-toc-v2_0_82_2 counter-hierarchy ez-toc-counter ez-toc-custom ez-toc-container-direction\">\n<div class=\"ez-toc-title-container\">\n<p class=\"ez-toc-title\" style=\"cursor:inherit\">Tabla de contenidos<\/p>\n<span class=\"ez-toc-title-toggle\"><a href=\"#\" class=\"ez-toc-pull-right ez-toc-btn ez-toc-btn-xs ez-toc-btn-default ez-toc-toggle\" aria-label=\"Toggle Table of Content\"><span class=\"ez-toc-js-icon-con\"><span class=\"\"><span class=\"eztoc-hide\" style=\"display:none;\">Toggle<\/span><span class=\"ez-toc-icon-toggle-span\"><svg style=\"fill: #999;color:#999\" xmlns=\"http:\/\/www.w3.org\/2000\/svg\" class=\"list-377408\" width=\"20px\" height=\"20px\" viewBox=\"0 0 24 24\" fill=\"none\"><path d=\"M6 6H4v2h2V6zm14 0H8v2h12V6zM4 11h2v2H4v-2zm16 0H8v2h12v-2zM4 16h2v2H4v-2zm16 0H8v2h12v-2z\" fill=\"currentColor\"><\/path><\/svg><svg style=\"fill: #999;color:#999\" class=\"arrow-unsorted-368013\" xmlns=\"http:\/\/www.w3.org\/2000\/svg\" width=\"10px\" height=\"10px\" viewBox=\"0 0 24 24\" version=\"1.2\" baseProfile=\"tiny\"><path d=\"M18.2 9.3l-6.2-6.3-6.2 6.3c-.2.2-.3.4-.3.7s.1.5.3.7c.2.2.4.3.7.3h11c.3 0 .5-.1.7-.3.2-.2.3-.5.3-.7s-.1-.5-.3-.7zM5.8 14.7l6.2 6.3 6.2-6.3c.2-.2.3-.5.3-.7s-.1-.5-.3-.7c-.2-.2-.4-.3-.7-.3h-11c-.3 0-.5.1-.7.3-.2.2-.3.5-.3.7s.1.5.3.7z\"\/><\/svg><\/span><\/span><\/span><\/a><\/span><\/div>\n<nav><ul class='ez-toc-list ez-toc-list-level-1 eztoc-toggle-hide-by-default' ><li class='ez-toc-page-1 ez-toc-heading-level-2'><a class=\"ez-toc-link ez-toc-heading-1\" href=\"https:\/\/staging.casinoalto.com\/ar\/reglas\/rummy\/#Historia-del-rummy\" >Historia del rummy<\/a><\/li><li class='ez-toc-page-1 ez-toc-heading-level-2'><a class=\"ez-toc-link ez-toc-heading-2\" href=\"https:\/\/staging.casinoalto.com\/ar\/reglas\/rummy\/#Objetivo-del-juego\" >Objetivo del juego<\/a><\/li><li class='ez-toc-page-1 ez-toc-heading-level-2'><a class=\"ez-toc-link ez-toc-heading-3\" href=\"https:\/\/staging.casinoalto.com\/ar\/reglas\/rummy\/#Elementos-del-juego\" >Elementos del juego<\/a><\/li><li class='ez-toc-page-1 ez-toc-heading-level-2'><a class=\"ez-toc-link ez-toc-heading-4\" href=\"https:\/\/staging.casinoalto.com\/ar\/reglas\/rummy\/#Como-se-juega-al-rummy\" >C\u00f3mo se juega al rummy<\/a><ul class='ez-toc-list-level-3' ><li class='ez-toc-heading-level-3'><a class=\"ez-toc-link ez-toc-heading-5\" href=\"https:\/\/staging.casinoalto.com\/ar\/reglas\/rummy\/#Mecanica-de-la-partida\" >Mec\u00e1nica de la partida<\/a><\/li><\/ul><\/li><li class='ez-toc-page-1 ez-toc-heading-level-2'><a class=\"ez-toc-link ez-toc-heading-6\" href=\"https:\/\/staging.casinoalto.com\/ar\/reglas\/rummy\/#Diferencias-entre-Rummy-y-Gin-Rummy\" >Diferencias entre Rummy y Gin Rummy<\/a><\/li><\/ul><\/nav><\/div>\n<h2><span class=\"ez-toc-section\" id=\"Historia-del-rummy\"><\/span>Historia del rummy<span class=\"ez-toc-section-end\"><\/span><\/h2>\n<p>Los or\u00edgenes de un juego como el rummy son dif\u00edciles de establecer en el tiempo y ni los m\u00e1s experimentados en este sector son capaces de llegar a un consenso sobre el asunto.<\/p>\n<p><strong>Algunas teor\u00edas afirman que esta pr\u00e1ctica ya se realizaba en a\u00f1os antes de cristo<\/strong> y que por ello se ha heredado la t\u00e9cnica de jugar con piezas de madera, emulando a las piedras que los antiguos pobladores utilizaban para su desarrollo.<\/p>\n<p>Concretamente se habla que podr\u00eda provenir de la cultura china. Juegos como el mahjong por ejemplo son muy parecidos a este y comparten muchas similitudes en cuanto a forma y reglamente.<\/p>\n<p>A su vez la conexi\u00f3n con el resto de continentes se podr\u00eda haber realizado <strong>a trav\u00e9s del conqui\u00e1n, una variante del juego asi\u00e1tico que fue muy popular en M\u00e9xico<\/strong>.<\/p>\n<p>En este territorio se empez\u00f3 a hacer muy famoso en torno al siglo XVIII y se expandi\u00f3 hasta los Estados Unidos a\u00f1os m\u00e1s tarde. Por eso se puso de moda en ciudades como Las Vegas y de ah\u00ed se expandi\u00f3 al mundo de los casinos. Eso s\u00ed, bajo la variante rummy, que tiene algunas peque\u00f1as diferencias con el conqui\u00e1n.<\/p>\n<h2><span class=\"ez-toc-section\" id=\"Objetivo-del-juego\"><\/span>Objetivo del juego<span class=\"ez-toc-section-end\"><\/span><\/h2>\n<p>El objetivo de los jugadores es <strong>deshacerse de sus cartas antes que los adversarios<\/strong> mediante combinaciones de cartas que sean v\u00e1lidas dentro de las reglas del propio juego.<\/p>\n<p>Seg\u00fan el tipo de versi\u00f3n a la que se juegue, puede haber una finalidad a\u00fan mayor que sea la de lograr el mayor n\u00famero de puntos posibles y as\u00ed llegar al l\u00edmite que se exige para considerarse como ganador.<\/p>\n<h2><span class=\"ez-toc-section\" id=\"Elementos-del-juego\"><\/span>Elementos del juego<span class=\"ez-toc-section-end\"><\/span><\/h2>\n<ul>\n<li>Dos barajas francesas de 52 cartas (104 + 2 comodines o jokers).<\/li>\n<li>Tapete (opcional).<\/li>\n<li>Fichas de poker para apostar (opcional).<\/li>\n<li>De 2 a 8 jugadores.<\/li>\n<\/ul>\n<p>Algunas cosas pueden variar seg\u00fan las reglas de los <a href=\"https:\/\/casinoalto.com\/ar\/casinos-online\/\" target=\"_blank\" rel=\"noopener\">mejores casinos argentinos para jugar online<\/a>.<\/p>\n<h2><span class=\"ez-toc-section\" id=\"Como-se-juega-al-rummy\"><\/span>C\u00f3mo se juega al rummy<span class=\"ez-toc-section-end\"><\/span><\/h2>\n<p>El rummy es un juego que en su versi\u00f3n original se juega con piezas. Una especie de fichas de madera que van numeradas del 1 al 13 y que se posan en un tablero individual para cada jugador en posici\u00f3n vertical.<\/p>\n<p>Esto en los casinos no era posible realizarlo, por ello los magnates de las salas de juego decidieron quedarse con una variante en la que se juega con cartas de la baraja francesa.<\/p>\n<p>En concreto <strong>se utilizan dos barajas completas incluyendo desde el as hasta el rey, adem\u00e1s de dos jokers que servir\u00e1n de comod\u00edn<\/strong>. En total 106 cartas a utilizar por el crupier que es el que reparte. Las fichas de este juego solo estaban en color rojo y negro, lo que significa que se ten\u00edan que utilizar al menos cuatro series de cada color. En la baraja hay cuatro palos, por lo que se ahorra el tener tantas piezas id\u00e9nticas.<\/p>\n<p>Antes de comenzar la mec\u00e1nica hay que destacar el valor de cada una de las cartas, independientemente al naipe que pertenezcan. Son los siguientes:<\/p>\n<ul>\n<li>As: cinco puntos<\/li>\n<li>Dos: cinco puntos<\/li>\n<li>Tres: cinco puntos<\/li>\n<li>Cuatro: cinco puntos<\/li>\n<li>Cinco: cinco puntos<\/li>\n<li>Seis: cinco puntos<\/li>\n<li>Siete: cinco puntos<\/li>\n<li>Ocho: diez puntos<\/li>\n<li>Nueve: diez puntos<\/li>\n<li>Diez: diez puntos<\/li>\n<li>Jota: diez puntos<\/li>\n<li>Dama: diez puntos<\/li>\n<li>Rey: diez puntos<\/li>\n<\/ul>\n<p>Estas puntuaciones tendr\u00e1n un valor al final de la partida y en el desarrollo de la misma cuando haya que realizar cuentas. Pero primero el repartidor entrega una carta a cada uno de los jugadores de la mesa.<\/p>\n<p>Estos la observan y la descubren y <strong>el que tenga la carta m\u00e1s alta es el que sale en la mano<\/strong>. Hay salas de juego en las que se repite esta operaci\u00f3n en cada ronda y otras en las que va rotando como el turno de poker.<\/p>\n<p>Una vez claro el orden de salida, <strong>se entregan 14 naipes a cada jugador y el resto del mazo se deja boca abajo en la mesa para los posibles robos<\/strong> que se tengan que efectuar.<\/p>\n<h3><span class=\"ez-toc-section\" id=\"Mecanica-de-la-partida\"><\/span>Mec\u00e1nica de la partida<span class=\"ez-toc-section-end\"><\/span><\/h3>\n<p>Aqu\u00ed es donde empieza la verdadera mec\u00e1nica del juego. El objetivo de los jugadores es hacer tr\u00edos con cartas del mismo n\u00famero o escaleras con al menos tres cartas consecutivas y que sean del mismo color.<\/p>\n<p>Pero no basta solamente con eso, sino que <strong>esas cartas deben sumar como m\u00ednimo un valor de 30 puntos para poder descartarlas<\/strong>. Es decir, entregar tres cincos no tendr\u00e1 validez porque su puntuaci\u00f3n es quince, mientras que tres reyes si ser\u00eda v\u00e1lido porque su puntuaci\u00f3n es de treinta. Parece sencillo, pero los apostadores deben tener cuidado porque el no cumplimiento de esta norma supone sanciones en forma de puntos.<\/p>\n<p>Los jugadores deben ir realizando combinaciones y dejarlas boca arriba en el centro de la mesa a la vista de todos. <strong>Una vez que un jugador deja sus cartas de forma v\u00e1lida en el tapete el resto de jugadores pueden utilizarlas<\/strong> como prefieran para combinarlas con sus cartas.<\/p>\n<p>Esto significa que si hay un rey ya sobre la mesa y un jugador dispone de otros dos puede quit\u00e1rselos de en medio y ponerlos junto al otro rey. No importa que esa carta haya pertenecido antes a un adversario.<\/p>\n<p>La \u00fanica condici\u00f3n es que al a\u00f1adir la nueva carta todas las que hab\u00eda anteriormente en la tabla est\u00e9n ligadas. No puede quedar ning\u00fan naipe fuera de un tr\u00edo o escalera porque un jugador a\u00f1ada una nueva carta de su mazo.<\/p>\n<p>Ser\u00eda parecido a una especie de puzle en la que el apostador va moviendo las cartas y deshaci\u00e9ndose de las que tiene.<\/p>\n<p>Adem\u00e1s, <strong>si un jugador no puede hacer combinaciones de treinta puntos como m\u00ednimo debe robar una carta del pozo y esperar su pr\u00f3ximo turno<\/strong>. Lo normal es que al principio la mayor\u00eda de los jugadores roben naipes y que en las manos sucesivas sea en las que comiencen las combinaciones y los descartes.<\/p>\n<p>Otra regla es que puedes sustituir un comod\u00edn que est\u00e9 ya en la mesa por la carta que estuviera representando y usarla de nuevo comod\u00edn.<\/p>\n<p>Un ejemplo de esto \u00faltimo ser\u00eda una escalera del dos al cuatro en la que se utiliza un joker como el cuatro. El jugador puede echar un cuatro que tenga en su poder, dejado ligado con el dos y el tres y luego utilizar ese comod\u00edn para realizar una nueva escalera de la jota al rey, siendo la dama el comod\u00edn.<\/p>\n<p>Como ya podemos ir comprobando es un juego de mucha astucia en el que hay que estar atento de todas las combinaciones que se puedan realizar con las cartas que cada jugador tiene en su baza.<\/p>\n<p><strong>Los jugadores pueden descartarse de cuantas cartas desee en un mismo turno<\/strong> siguiendo las reglas pertinentes, no hay l\u00edmite de combinaciones a realizar en este sentido.<\/p>\n<p>El jugador que primero se queda sin cartas se declara ganador de la partida y se adjudica las correspondientes apuestas que hubieran realizado sus contrincantes en dicha partida.<\/p>\n<p>Hay que decir que los l\u00edmites los establecer\u00e1 la sala de juegos en la que nos encontremos y que cada una de ellas impone sus correspondientes reglas.<\/p>\n<p>En algunos casinos y casinos online la partida se realiza a puntos que se van acumulando y cuando finalicen las rondas que se hayan establecido ser\u00e1 entonces cuando se dirima al ganador.<\/p>\n<p>En los torneos que se realizaban de este juego se utilizaba esta t\u00e9cnica de puntuaci\u00f3n y hay que destacar que el que ganaba cada mano se sumaba tambi\u00e9n los puntos de las cartas que hubieran quedado en las manos del resto de jugadores.<\/p>\n<p>Hay versiones tambi\u00e9n en las que se pone un l\u00edmite de puntos a alcanzar para declarar ganador del juego a uno de los apostadores. No en la propia mano, ya que gana el que se quede primero sin naipes, sino en la clasificaci\u00f3n general. Esos puntos sol\u00edas ser 101, pero pod\u00eda ir variando en funci\u00f3n del sal\u00f3n en el que estemos jugando.<\/p>\n<p>En cuanto a las apuestas, normalmente en los casinos se paga una apuesta inicial y a partir de ah\u00ed se va subiendo la apuesta por turnos.<\/p>\n<p>Se pod\u00eda jugar un uno contra uno frente a la banca en el caso de que no hubiera nadie en la mesa en ese momento, aunque lo l\u00f3gico de este juego es que haya varios puestos disponibles para disputar una mano reglamentaria.<\/p>\n<p>Tambi\u00e9n se deben tener en cuenta las sanciones a la hora de realizar combinaciones que no superan los 30 puntos como m\u00ednimo.<\/p>\n<p>En algunas versiones la sanci\u00f3n es econ\u00f3mica y se debe entregar al final de la partida en funci\u00f3n de los fallos que se hayan tenido. En otras, lo que se hace es robar tres cartas del mazo como castigo.<\/p>\n<p><strong>En algunos lugares es frecuente el uso de un minutero<\/strong>. La versi\u00f3n del juego de mesa que incluye fichas de madera para jugar si que lo incluye.<\/p>\n<p>Pero tambi\u00e9n hay casinos que lo han utilizado con el fin de agilizar la partida y que los apostadores no empleen demasiado tiempo en pensar sus movimientos. Eso har\u00eda el juego aburrido y pesado que es lo \u00faltimo que pretenden los responsables del juego.<\/p>\n<h2><span class=\"ez-toc-section\" id=\"Diferencias-entre-Rummy-y-Gin-Rummy\"><\/span>Diferencias entre Rummy y Gin Rummy<span class=\"ez-toc-section-end\"><\/span><\/h2>\n<p>La primera gran diferencia de partida es que en <a href=\"\/ar\/reglas\/gin-rummy\/\">las reglas del juego gin rummy<\/a> se reparten solamente 10 naipes a cada jugador y <strong>en el rummy se entregan un total de 14<\/strong>, eso hace que la partida dure menos porque hay menos cartas que combinar. Adem\u00e1s, en el gin se deja la primera carta descubierta y en el rummy esto no suele ocurrir.<\/p>\n<p><strong>Las cartas tambi\u00e9n tienen un valor distinto en cuanto a puntuaci\u00f3n<\/strong> y en los m\u00ednimos de cada combinaci\u00f3n tambi\u00e9n hay restricciones diferentes.<\/p>\n<p>En el gin rummy la \u00fanica regla es que las cartas sin ligar tengan un valor total inferior a diez y en el rummy la exigencia es que en cada combinaci\u00f3n que se haga se llegue a los 30 puntos entre todas las cartas ligadas.<\/p>\n<p>A la hora de que los contrarios utilicen las cartas del jugador que hace un knock tambi\u00e9n hay diferencias.<\/p>\n<p>En el gin rummy nadie puede mover las cartas del jugador que primero ha puesto sus cartas a la vista, ni hacer las combinaciones que le parezcan; los jugadores o lo pueden a\u00f1adir una de sus cartas no ligadas a un grupo en el que encajen.<\/p>\n<p>Y otra diferencia fundamental es que en el rummy la baraja que se suele utilizar es la espa\u00f1ola, mientras que en este caso se utiliza la inglesa.<\/p>\n<p>\u00bfQuer\u00e9s jugar al casino en 2025 con las recomendaciones? Entonces seleccion\u00e1 una <a href=\"\/ar\/metodos-de-pago\/\">forma para depositar dinero en los casinos<\/a> y aprovech\u00e1 los <a href=\"\/ar\/bonos-de-bienvenida\/\">bonos para nuevos usuarios<\/a>.<\/p>\n","protected":false},"excerpt":{"rendered":"<p>En el repaso a los juegos que antes se practicaban en los casinos y que ahora han quedado en el olvide llegamos a uno de los puntos culmen. Y es que hoy vamos a ver uno de los juegos de los que derivan muchos otros que ya hemos visto anteriormente como el juego del chinch\u00f3n [&hellip;]<\/p>\n","protected":false},"author":18,"featured_media":10060652,"parent":134669,"menu_order":0,"comment_status":"closed","ping_status":"closed","template":"page_author_sidebar.php","meta":{"_acf_changed":false,"footnotes":""},"class_list":["post-148684","page","type-page","status-publish","has-post-thumbnail","hentry"],"acf":[],"_links":{"self":[{"href":"https:\/\/staging.casinoalto.com\/ar\/wp-json\/wp\/v2\/pages\/148684","targetHints":{"allow":["GET"]}}],"collection":[{"href":"https:\/\/staging.casinoalto.com\/ar\/wp-json\/wp\/v2\/pages"}],"about":[{"href":"https:\/\/staging.casinoalto.com\/ar\/wp-json\/wp\/v2\/types\/page"}],"author":[{"embeddable":true,"href":"https:\/\/staging.casinoalto.com\/ar\/wp-json\/wp\/v2\/users\/18"}],"replies":[{"embeddable":true,"href":"https:\/\/staging.casinoalto.com\/ar\/wp-json\/wp\/v2\/comments?post=148684"}],"version-history":[{"count":9,"href":"https:\/\/staging.casinoalto.com\/ar\/wp-json\/wp\/v2\/pages\/148684\/revisions"}],"predecessor-version":[{"id":10061882,"href":"https:\/\/staging.casinoalto.com\/ar\/wp-json\/wp\/v2\/pages\/148684\/revisions\/10061882"}],"up":[{"embeddable":true,"href":"https:\/\/staging.casinoalto.com\/ar\/wp-json\/wp\/v2\/pages\/134669"}],"wp:featuredmedia":[{"embeddable":true,"href":"https:\/\/staging.casinoalto.com\/ar\/wp-json\/wp\/v2\/media\/10060652"}],"wp:attachment":[{"href":"https:\/\/staging.casinoalto.com\/ar\/wp-json\/wp\/v2\/media?parent=148684"}],"curies":[{"name":"wp","href":"https:\/\/api.w.org\/{rel}","templated":true}]}}