{"id":148800,"date":"2024-03-08T03:43:39","date_gmt":"2024-03-08T03:43:39","guid":{"rendered":"https:\/\/casinoalto.com\/?page_id=148800"},"modified":"2026-01-27T15:28:15","modified_gmt":"2026-01-27T15:28:15","slug":"estrategia","status":"publish","type":"page","link":"https:\/\/staging.casinoalto.com\/ar\/estrategia\/","title":{"rendered":"Estrategia"},"content":{"rendered":"<p>Conoce las mejores estrategias de juegos de casino en <em>Casino Alto\u00a0<\/em>con nuestras exclusivas gu\u00edas. Ya seas principiante o un jugador experimentado, siempre podr\u00e1s encontrar algo que aprender. Y para poner en pr\u00e1ctica lo que aprendas, no olvides consultar el amplio <a href=\"\/ar\/juegos\/\">cat\u00e1logo de juegos gratis<\/a> que te ofrecemos.<\/p>\n<p>La gu\u00eda definitiva de <a href=\"\/ar\/estrategia\/blackjack\/\">estrategia para blackjack<\/a>:<\/p>\n<p><a href=\"\/ar\/estrategia\/blackjack\/\"><img loading=\"lazy\" decoding=\"async\" class=\"alignnone wp-image-149607\" src=\"\/wp-content\/uploads\/2019\/02\/casino-alto_estrategia-04.webp\" alt=\"Estrategia Blackjack\" width=\"802\" height=\"201\" \/><\/a><\/p>\n<p>La gu\u00eda definitiva de <a href=\"\/ar\/estrategia\/ruleta\/\">estrategia para ruleta<\/a>:<\/p>\n<p><a href=\"\/ar\/estrategia\/ruleta\/\"><img loading=\"lazy\" decoding=\"async\" class=\"alignnone wp-image-149608\" src=\"\/wp-content\/uploads\/2019\/02\/casino-alto_estrategia-03.webp\" alt=\"Estrategia Ruleta\" width=\"800\" height=\"201\" \/><\/a><\/p>\n","protected":false},"excerpt":{"rendered":"<p>Conoce las mejores estrategias de juegos de casino en Casino Alto\u00a0con nuestras exclusivas gu\u00edas. Ya seas principiante o un jugador experimentado, siempre podr\u00e1s encontrar algo que aprender. Y para poner en pr\u00e1ctica lo que aprendas, no olvides consultar el amplio cat\u00e1logo de juegos gratis que te ofrecemos. La gu\u00eda definitiva de estrategia para blackjack: La [&hellip;]<\/p>\n","protected":false},"author":18,"featured_media":0,"parent":0,"menu_order":0,"comment_status":"closed","ping_status":"closed","template":"","meta":{"_acf_changed":false,"footnotes":""},"class_list":["post-148800","page","type-page","status-publish","hentry"],"acf":[],"_links":{"self":[{"href":"https:\/\/staging.casinoalto.com\/ar\/wp-json\/wp\/v2\/pages\/148800","targetHints":{"allow":["GET"]}}],"collection":[{"href":"https:\/\/staging.casinoalto.com\/ar\/wp-json\/wp\/v2\/pages"}],"about":[{"href":"https:\/\/staging.casinoalto.com\/ar\/wp-json\/wp\/v2\/types\/page"}],"author":[{"embeddable":true,"href":"https:\/\/staging.casinoalto.com\/ar\/wp-json\/wp\/v2\/users\/18"}],"replies":[{"embeddable":true,"href":"https:\/\/staging.casinoalto.com\/ar\/wp-json\/wp\/v2\/comments?post=148800"}],"version-history":[{"count":5,"href":"https:\/\/staging.casinoalto.com\/ar\/wp-json\/wp\/v2\/pages\/148800\/revisions"}],"predecessor-version":[{"id":10061896,"href":"https:\/\/staging.casinoalto.com\/ar\/wp-json\/wp\/v2\/pages\/148800\/revisions\/10061896"}],"wp:attachment":[{"href":"https:\/\/staging.casinoalto.com\/ar\/wp-json\/wp\/v2\/media?parent=148800"}],"curies":[{"name":"wp","href":"https:\/\/api.w.org\/{rel}","templated":true}]}}