{"id":148977,"date":"2024-03-08T03:44:51","date_gmt":"2024-03-08T03:44:51","guid":{"rendered":"https:\/\/casinoalto.com\/?page_id=148977"},"modified":"2026-01-27T15:32:30","modified_gmt":"2026-01-27T15:32:30","slug":"cinquillo","status":"publish","type":"page","link":"https:\/\/staging.casinoalto.com\/ar\/reglas\/cinquillo\/","title":{"rendered":"Reglas Cinquillo &#8211; C\u00f3mo se juega"},"content":{"rendered":"<p><img loading=\"lazy\" decoding=\"async\" class=\"alignnone size-full wp-image-149594\" src=\"\/ar\/wp-content\/uploads\/sites\/2\/2024\/03\/casino-alto_covers-08.webp\" alt=\"Reglas Cinquillo\" width=\"1667\" height=\"990\" \/><\/p>\n<p>Entre los juegos de casinos olvidados que estamos analizando no podemos olvidar de uno de los juegos m\u00e1s populares en Espa\u00f1a. Una pr\u00e1ctica que con el paso de los a\u00f1os sigue siendo popular tanto en los m\u00e1s j\u00f3venes como en los m\u00e1s mayores. Nos referimos al cinquillo. Conoc\u00e9 m\u00e1s sobre \u00e9l con <a href=\"https:\/\/casinoalto.com\/ar\/\" target=\"_blank\" rel=\"noopener\">Casino Alto<\/a>.<\/p>\n<div id=\"ez-toc-container\" class=\"ez-toc-v2_0_82_2 counter-hierarchy ez-toc-counter ez-toc-custom ez-toc-container-direction\">\n<div class=\"ez-toc-title-container\">\n<p class=\"ez-toc-title\" style=\"cursor:inherit\">Tabla de contenidos<\/p>\n<span class=\"ez-toc-title-toggle\"><a href=\"#\" class=\"ez-toc-pull-right ez-toc-btn ez-toc-btn-xs ez-toc-btn-default ez-toc-toggle\" aria-label=\"Toggle Table of Content\"><span class=\"ez-toc-js-icon-con\"><span class=\"\"><span class=\"eztoc-hide\" style=\"display:none;\">Toggle<\/span><span class=\"ez-toc-icon-toggle-span\"><svg style=\"fill: #999;color:#999\" xmlns=\"http:\/\/www.w3.org\/2000\/svg\" class=\"list-377408\" width=\"20px\" height=\"20px\" viewBox=\"0 0 24 24\" fill=\"none\"><path d=\"M6 6H4v2h2V6zm14 0H8v2h12V6zM4 11h2v2H4v-2zm16 0H8v2h12v-2zM4 16h2v2H4v-2zm16 0H8v2h12v-2z\" fill=\"currentColor\"><\/path><\/svg><svg style=\"fill: #999;color:#999\" class=\"arrow-unsorted-368013\" xmlns=\"http:\/\/www.w3.org\/2000\/svg\" width=\"10px\" height=\"10px\" viewBox=\"0 0 24 24\" version=\"1.2\" baseProfile=\"tiny\"><path d=\"M18.2 9.3l-6.2-6.3-6.2 6.3c-.2.2-.3.4-.3.7s.1.5.3.7c.2.2.4.3.7.3h11c.3 0 .5-.1.7-.3.2-.2.3-.5.3-.7s-.1-.5-.3-.7zM5.8 14.7l6.2 6.3 6.2-6.3c.2-.2.3-.5.3-.7s-.1-.5-.3-.7c-.2-.2-.4-.3-.7-.3h-11c-.3 0-.5.1-.7.3-.2.2-.3.5-.3.7s.1.5.3.7z\"\/><\/svg><\/span><\/span><\/span><\/a><\/span><\/div>\n<nav><ul class='ez-toc-list ez-toc-list-level-1 eztoc-toggle-hide-by-default' ><li class='ez-toc-page-1 ez-toc-heading-level-2'><a class=\"ez-toc-link ez-toc-heading-1\" href=\"https:\/\/staging.casinoalto.com\/ar\/reglas\/cinquillo\/#Historia-del-cinquillo\" >Historia del cinquillo<\/a><\/li><li class='ez-toc-page-1 ez-toc-heading-level-2'><a class=\"ez-toc-link ez-toc-heading-2\" href=\"https:\/\/staging.casinoalto.com\/ar\/reglas\/cinquillo\/#Objetivo-del-juego\" >Objetivo del juego<\/a><\/li><li class='ez-toc-page-1 ez-toc-heading-level-2'><a class=\"ez-toc-link ez-toc-heading-3\" href=\"https:\/\/staging.casinoalto.com\/ar\/reglas\/cinquillo\/#Elementos-del-juego\" >Elementos del juego<\/a><\/li><li class='ez-toc-page-1 ez-toc-heading-level-2'><a class=\"ez-toc-link ez-toc-heading-4\" href=\"https:\/\/staging.casinoalto.com\/ar\/reglas\/cinquillo\/#Como-se-juega-al-cinquillo\" >C\u00f3mo se juega al cinquillo<\/a><\/li><li class='ez-toc-page-1 ez-toc-heading-level-2'><a class=\"ez-toc-link ez-toc-heading-5\" href=\"https:\/\/staging.casinoalto.com\/ar\/reglas\/cinquillo\/#Variaciones-del-juego\" >Variaciones del juego<\/a><\/li><\/ul><\/nav><\/div>\n<h2><span class=\"ez-toc-section\" id=\"Historia-del-cinquillo\"><\/span>Historia del cinquillo<span class=\"ez-toc-section-end\"><\/span><\/h2>\n<p>El cinquillo es un juego que <strong>tiene su origen en Espa\u00f1a<\/strong>. Es una de las pr\u00e1cticas de cartas que deriva de otro juego superior denominado como zanga. Este juego naci\u00f3 en la zona comprendida entre Andaluc\u00eda y las propias Islas Canarias y despu\u00e9s se fue extendiendo a toda la pen\u00ednsula.<\/p>\n<p>Detr\u00e1s de \u00e9l llegaron las diferentes versiones entre las que se encuentra el cinquillo. Es uno de los juegos m\u00e1s populares en el territorio espa\u00f1ol por su sencillez y lo f\u00e1cil que es desarrollarlo y ense\u00f1arlo a otros interesados en los naipes.<\/p>\n<p>En los casinos dur\u00f3 en una etapa muy breve de tiempo, ya que a pesar de ser f\u00e1cil tiene algunas singularidades que dificultan que est\u00e9 en la oferta de un sal\u00f3n de juego al uso. En algunos <a href=\"\/ar\/casinos-online\/\">casinos online que aceptan pesos<\/a> sigue estando disponible.<\/p>\n<h2><span class=\"ez-toc-section\" id=\"Objetivo-del-juego\"><\/span>Objetivo del juego<span class=\"ez-toc-section-end\"><\/span><\/h2>\n<p>El fin del cinquillo es <strong>colocar las cartas de forma \u00f3ptima en las columnas de cada palo y ser el primero en quedarse sin naipes<\/strong>. Para ello es importante no tener cartas muy altas de cada uno de los palos, para no tener que esperar hasta el final para colocarlas en la tabla.<\/p>\n<h2><span class=\"ez-toc-section\" id=\"Elementos-del-juego\"><\/span>Elementos del juego<span class=\"ez-toc-section-end\"><\/span><\/h2>\n<ul>\n<li>Baraja espa\u00f1ola de 40 o 48 cartas.<\/li>\n<li>Tapete (opcional).<\/li>\n<li>Fichas de casino para apostar (opcional).<\/li>\n<li>De 2 a 8 jugadores. Se juega con una sola baraja.<\/li>\n<\/ul>\n<h2><span class=\"ez-toc-section\" id=\"Como-se-juega-al-cinquillo\"><\/span>C\u00f3mo se juega al cinquillo<span class=\"ez-toc-section-end\"><\/span><\/h2>\n<p>El cinquillo es un juego muy sencillo de practicar y pr\u00e1cticamente todos los p\u00fablicos pueden aprender sus reglas, incluidos los m\u00e1s peque\u00f1os. En l\u00edneas generales en un juego que se relaciona con la gente de mayor edad, ya que al ser m\u00e1s f\u00e1cil de practicar no hay que emplear demasiada memoria ni estrategia.<\/p>\n<p><strong>Es un juego que en los casinos tuvo poco recorrido<\/strong>. Es un juego popular entre los que se practican con la baraja espa\u00f1ola y eso era utilizado por las salas de juego para realizar torneos en salas privadas. Sobre todo en los primeros a\u00f1os tuvo bastante tir\u00f3n y despu\u00e9s se fue sustituyendo por juegos m\u00e1s interesantes para el nuevo p\u00fablico.<\/p>\n<p>En las mesas de un sal\u00f3n de apuestas al uso es complicado encontrarlo, tanto antes como ahora. Ya que una partida puede durar bastante tiempo seg\u00fan la variante a la que estemos jugando. Adem\u00e1s, no permite un cambio de asiento en los jugadores en cualquier momento como pueden ser otros juegos actuales.<\/p>\n<p><strong>Los apostadores realizaban sus apuestas al inicio de la partida y hasta que la misma no terminaba no se pod\u00edan dar relevos los jugadores<\/strong>. Por ello en algunas salas se sol\u00eda llevar un marcador en el que se anotaban las partidas ganadas o los puntos que correspondieran a cada partida.<\/p>\n<p>Esa puntuaci\u00f3n no es universal, sino que cada casino la establec\u00eda a su gusto y antojo. Pero eso tambi\u00e9n supon\u00eda que era menos probable todav\u00eda el cambio de sitios hasta que no se llegara a la puntuaci\u00f3n establecida. Pod\u00eda durar varias partidas seguidas y eso no da la frescura y la inmediatez que buscan las salas de juego a d\u00eda de hoy.<\/p>\n<p>Por eso <strong>el cinquillo es un juego de los de andar por casa<\/strong> y que suele reunir a las familias en fechas se\u00f1aladas para jugar partidas de este tipo. Como decimos, es uno de los primeros juegos que aprenden los ni\u00f1os por su sencillez, aunque hay versiones en las que puede haber m\u00e1s dificultades.<\/p>\n<p>Antes de arrancar con el mecanismo del juego es de extrema importancia conocer el orden de las cartas. Su jerarqu\u00eda de mayor a menor valor es la siguiente:<\/p>\n<ul>\n<li>Rey<\/li>\n<li>Caballo<\/li>\n<li>Sota<\/li>\n<li>Siete<\/li>\n<li>Seis<\/li>\n<li>Cinco<\/li>\n<li>Cuatro<\/li>\n<li>Tres<\/li>\n<li>Dos<\/li>\n<li>As<\/li>\n<\/ul>\n<p>Tras conocer esto hay que decir que el cinquillo <strong>es un juego en el que todas estas cartas deben quedar colocadas en este orden en el tapete, por palos<\/strong>. Hay algunos tapetes especiales que marcan la colocaci\u00f3n de las cartas y de en que columna debe ir cada palo, pero habitualmente esto es indiferente.<\/p>\n<p>Los cuatro palos deben quedar organizados <strong>en sentido vertical desde el rey hasta el as<\/strong>, ese es el objetivo de los jugadores. Para poder hacerlo primero se debe elegir qui\u00e9n va a comenzar, y a diferencia de otros juegos no se suele decidir dando una carta a cada uno de los apostadores y el que saque la m\u00e1s alta es el que inicia la partida.<\/p>\n<p><strong>El que posea el cinco de oros es el que tiene que inaugurar la partida<\/strong> coloc\u00e1ndolo en el centro del tapete. Tras \u00e9l el turno ir\u00e1 variando en el sentido contrario a las agujas del reloj, es decir, a derechas.<\/p>\n<p>Con toda la baraja repartida entre los jugadores que haya se inicia el juego. Con el cinco de oros en la mesa le tocar\u00e1 el turno al siguiente jugador y este <strong>puede colocar otra carta correlativa de oros junto al cinco, es decir, el cuatro o el seis<\/strong>. Tambi\u00e9n tiene la opci\u00f3n de colocar otro cinco si lo tiene y empezar una nueva columna de otro palo.<\/p>\n<p>Si tampoco posee ning\u00fan cinco no tiene m\u00e1s remedio que pasar el turno al siguiente jugador y as\u00ed lo ir\u00e1n haciendo el resto de jugadores hasta que se completen las columnas. En ning\u00fan caso se puede colocar otra carta que no vaya a continuaci\u00f3n de las cartas que hay en los extremos de las columnas. Es decir, si hay un cuatro de oros no podemos sacar un as, antes deben aparecer el tres y el dos de oros.<\/p>\n<p>En la versi\u00f3n normal existe la opci\u00f3n de establecer la regla de que salgan todos los cincos al principio y a partir de ah\u00ed el que tenga las cartas m\u00e1s altas o m\u00e1s bajas ser\u00e1 el que m\u00e1s opciones tenga de perder. La otra opci\u00f3n es no obligar a ponerlos, una estrategia que puede utilizar un jugador para ir libr\u00e1ndose del resto de cartas y de paso desesperar al resto de jugadores.<\/p>\n<p>Los apostadores deben tener en cuenta que siempre que puedan poner una carta deben hacerlo y si tienen varias para poner deben elegir, ya que solo se puede echar una por cada turno. Lo que no se permite es pasar si se tiene carta para echar, ya que es obligatorio para el buen desarrollo del juego.<\/p>\n<p>Sino la partida podr\u00eda retrasarse hasta que este jugador quisiera echar la carta necesaria para continuar el juego. <strong>El primer jugador que consiga quedarse sin cartas es el que logra la victoria<\/strong>. Al proclamarse ganador se queda con las apuestas que hayan hecho al inicio de la partida el resto de los jugadores, incluida una apuesta inicial que es habitual entregarse en las mesas de los casinos.<\/p>\n<h2><span class=\"ez-toc-section\" id=\"Variaciones-del-juego\"><\/span>Variaciones del juego<span class=\"ez-toc-section-end\"><\/span><\/h2>\n<p>Lo enriquecedor del cinquillo es que en cada territorio de la pen\u00ednsula se utilizan unas reglas determinadas. Las b\u00e1sicas son comunes en todos los lugares, pero despu\u00e9s hay diferencias en los que al reparto de cartas se refiere, tambi\u00e9n en los turnos y en las cartas que se pueden echar.<\/p>\n<p>En cuanto al reparto de cartas se debe tener en cuenta el n\u00famero de jugadores que hay disponibles. <strong>Cuando son dos los jugadores que inician la partida en un cara a cara, existe la opci\u00f3n de no repartir las 40 cartas<\/strong> de la baraja, sino repartir entre 10 y 15 y el resto de la baraja dejarla en el mazo.<\/p>\n<p>Conforme avance la partida se ir\u00e1n robando cartas cuando los jugadores no dispongan de la posibilidad de echar una carta v\u00e1lida. En lugar de pasar el turno se roba una carta, aunque igualmente ser\u00e1 el siguiente jugador al que le toque lanzar un naipe.<\/p>\n<p>En cuanto a los turnos, <strong>hay algunas variantes en las que se permite pasar todas las veces que se quiera<\/strong>. Cuando llega un momento en el que la carta que ese jugador se est\u00e1 guardando es crucial para el desarrollo de la partida (por ejemplo un cinco) entonces ya est\u00e1 obligado a lanzarlo.<\/p>\n<p>En algunos casos se espera a que todos los jugadores se queden sin posibilidades de jugar y pasen su turno. En ese caso ya s\u00ed que le tocar\u00eda al jugador soltar ese cinco o la carta que sea que haya decidido no tirar.<\/p>\n<p>Tambi\u00e9n est\u00e1 la posibilidad del cinquillo cabr\u00f3n. <strong>El cinquillo cabr\u00f3n es una variante en la que no es necesario que todas las cartas vayan correlativas en la partida<\/strong>. Es decir, si en la mesa hay un cinco de oros, otro jugador puede lanzar el siete aunque el seis no est\u00e9 aun en la mesa. De esa forma el jugador que tuviera el seis de oros no podr\u00e1 lanzarlo y se tendr\u00e1 que quedar con \u00e9l hasta el final.<\/p>\n<p>En este juego el que gana es el jugador que se queda con menos cartas una vez que todas las columnas est\u00e1n cerradas. Los jugadores pueden quedarse con cartas en la mano, fruto de que ya no se puedan colocar en cada columna. En ese caso tambi\u00e9n triunfar\u00e1n los apostadores que tengan las cartas m\u00e1s altas de cada palo. Esta es la clave del juego.<\/p>\n<p>\u00bfQuer\u00e9s disfrutar de este y otros juegos? Eleg\u00ed una buena <a href=\"https:\/\/casinoalto.com\/ar\/metodos-de-pago\/\" target=\"_blank\" rel=\"noopener\">opci\u00f3n para hacer el dep\u00f3sito<\/a> y aprovech\u00e1 los <a href=\"https:\/\/casinoalto.com\/ar\/bonos-de-bienvenida\/\" target=\"_blank\" rel=\"noopener\">bonos para nuevos jugadores<\/a>.<\/p>\n","protected":false},"excerpt":{"rendered":"<p>Entre los juegos de casinos olvidados que estamos analizando no podemos olvidar de uno de los juegos m\u00e1s populares en Espa\u00f1a. Una pr\u00e1ctica que con el paso de los a\u00f1os sigue siendo popular tanto en los m\u00e1s j\u00f3venes como en los m\u00e1s mayores. Nos referimos al cinquillo. Conoc\u00e9 m\u00e1s sobre \u00e9l con Casino Alto. Historia [&hellip;]<\/p>\n","protected":false},"author":18,"featured_media":10060570,"parent":134669,"menu_order":0,"comment_status":"closed","ping_status":"closed","template":"page_author_sidebar.php","meta":{"_acf_changed":false,"footnotes":""},"class_list":["post-148977","page","type-page","status-publish","has-post-thumbnail","hentry"],"acf":[],"_links":{"self":[{"href":"https:\/\/staging.casinoalto.com\/ar\/wp-json\/wp\/v2\/pages\/148977","targetHints":{"allow":["GET"]}}],"collection":[{"href":"https:\/\/staging.casinoalto.com\/ar\/wp-json\/wp\/v2\/pages"}],"about":[{"href":"https:\/\/staging.casinoalto.com\/ar\/wp-json\/wp\/v2\/types\/page"}],"author":[{"embeddable":true,"href":"https:\/\/staging.casinoalto.com\/ar\/wp-json\/wp\/v2\/users\/18"}],"replies":[{"embeddable":true,"href":"https:\/\/staging.casinoalto.com\/ar\/wp-json\/wp\/v2\/comments?post=148977"}],"version-history":[{"count":6,"href":"https:\/\/staging.casinoalto.com\/ar\/wp-json\/wp\/v2\/pages\/148977\/revisions"}],"predecessor-version":[{"id":10061634,"href":"https:\/\/staging.casinoalto.com\/ar\/wp-json\/wp\/v2\/pages\/148977\/revisions\/10061634"}],"up":[{"embeddable":true,"href":"https:\/\/staging.casinoalto.com\/ar\/wp-json\/wp\/v2\/pages\/134669"}],"wp:featuredmedia":[{"embeddable":true,"href":"https:\/\/staging.casinoalto.com\/ar\/wp-json\/wp\/v2\/media\/10060570"}],"wp:attachment":[{"href":"https:\/\/staging.casinoalto.com\/ar\/wp-json\/wp\/v2\/media?parent=148977"}],"curies":[{"name":"wp","href":"https:\/\/api.w.org\/{rel}","templated":true}]}}