{"id":149005,"date":"2018-12-29T12:02:14","date_gmt":"2018-12-29T12:02:14","guid":{"rendered":"https:\/\/casinoalto.com\/?page_id=149005"},"modified":"2026-01-27T15:36:30","modified_gmt":"2026-01-27T15:36:30","slug":"truco","status":"publish","type":"page","link":"https:\/\/staging.casinoalto.com\/ar\/reglas\/truco\/","title":{"rendered":"Reglas Truco &#8211; C\u00f3mo se juega"},"content":{"rendered":"<p><img loading=\"lazy\" decoding=\"async\" class=\"alignnone size-full wp-image-149596\" src=\"\/ar\/wp-content\/uploads\/sites\/2\/2024\/03\/casino-alto_covers-07.webp\" alt=\"Reglas Truco\" width=\"1667\" height=\"990\" \/><\/p>\n<p>Muchos juegos de casino que ya no se practican en las salas de juego tuvieron que ser modificados en su tiempo para poder incluirlos en las ofertas de los lugares de apuesta. El truco es un claro ejemplo de ello, adem\u00e1s de contar con una amplia historia que lo hace un juego muy especial.<\/p>\n<p>Mir\u00e1 una explicaci\u00f3n completa con <a href=\"https:\/\/casinoalto.com\/ar\/\" target=\"_blank\" rel=\"noopener\">Casino Alto<\/a>.<\/p>\n<div id=\"ez-toc-container\" class=\"ez-toc-v2_0_82_2 counter-hierarchy ez-toc-counter ez-toc-custom ez-toc-container-direction\">\n<div class=\"ez-toc-title-container\">\n<p class=\"ez-toc-title\" style=\"cursor:inherit\">Tabla de contenidos<\/p>\n<span class=\"ez-toc-title-toggle\"><a href=\"#\" class=\"ez-toc-pull-right ez-toc-btn ez-toc-btn-xs ez-toc-btn-default ez-toc-toggle\" aria-label=\"Toggle Table of Content\"><span class=\"ez-toc-js-icon-con\"><span class=\"\"><span class=\"eztoc-hide\" style=\"display:none;\">Toggle<\/span><span class=\"ez-toc-icon-toggle-span\"><svg style=\"fill: #999;color:#999\" xmlns=\"http:\/\/www.w3.org\/2000\/svg\" class=\"list-377408\" width=\"20px\" height=\"20px\" viewBox=\"0 0 24 24\" fill=\"none\"><path d=\"M6 6H4v2h2V6zm14 0H8v2h12V6zM4 11h2v2H4v-2zm16 0H8v2h12v-2zM4 16h2v2H4v-2zm16 0H8v2h12v-2z\" fill=\"currentColor\"><\/path><\/svg><svg style=\"fill: #999;color:#999\" class=\"arrow-unsorted-368013\" xmlns=\"http:\/\/www.w3.org\/2000\/svg\" width=\"10px\" height=\"10px\" viewBox=\"0 0 24 24\" version=\"1.2\" baseProfile=\"tiny\"><path d=\"M18.2 9.3l-6.2-6.3-6.2 6.3c-.2.2-.3.4-.3.7s.1.5.3.7c.2.2.4.3.7.3h11c.3 0 .5-.1.7-.3.2-.2.3-.5.3-.7s-.1-.5-.3-.7zM5.8 14.7l6.2 6.3 6.2-6.3c.2-.2.3-.5.3-.7s-.1-.5-.3-.7c-.2-.2-.4-.3-.7-.3h-11c-.3 0-.5.1-.7.3-.2.2-.3.5-.3.7s.1.5.3.7z\"\/><\/svg><\/span><\/span><\/span><\/a><\/span><\/div>\n<nav><ul class='ez-toc-list ez-toc-list-level-1 eztoc-toggle-hide-by-default' ><li class='ez-toc-page-1 ez-toc-heading-level-2'><a class=\"ez-toc-link ez-toc-heading-1\" href=\"https:\/\/staging.casinoalto.com\/ar\/reglas\/truco\/#Historia-del-truco\" >Historia del truco<\/a><\/li><li class='ez-toc-page-1 ez-toc-heading-level-2'><a class=\"ez-toc-link ez-toc-heading-2\" href=\"https:\/\/staging.casinoalto.com\/ar\/reglas\/truco\/#Objetivo-del-juego\" >Objetivo del juego<\/a><\/li><li class='ez-toc-page-1 ez-toc-heading-level-2'><a class=\"ez-toc-link ez-toc-heading-3\" href=\"https:\/\/staging.casinoalto.com\/ar\/reglas\/truco\/#Elementos-del-juego\" >Elementos del juego<\/a><\/li><li class='ez-toc-page-1 ez-toc-heading-level-2'><a class=\"ez-toc-link ez-toc-heading-4\" href=\"https:\/\/staging.casinoalto.com\/ar\/reglas\/truco\/#Como-se-juega-al-truco\" >C\u00f3mo se juega al truco<\/a><\/li><li class='ez-toc-page-1 ez-toc-heading-level-2'><a class=\"ez-toc-link ez-toc-heading-5\" href=\"https:\/\/staging.casinoalto.com\/ar\/reglas\/truco\/#Variantes\" >Variantes<\/a><\/li><\/ul><\/nav><\/div>\n<h2><span class=\"ez-toc-section\" id=\"Historia-del-truco\"><\/span>Historia del truco<span class=\"ez-toc-section-end\"><\/span><\/h2>\n<p>El truco es uno de esos juegos que tiene una historia muy antigua. <strong>Ya en el siglo XV esta pr\u00e1ctica aparece en los libros de lectura de la \u00e9poca<\/strong>.<\/p>\n<p>Los historiadores creen que el origen de la palabra es \u00e1rabe y que el nombre del juego es fruto de las triqui\u00f1uelas que se utilizan en el juego para intentar despistar a la pareja contraria.<\/p>\n<p>De hecho, se suele marear al adversario lo m\u00e1s que se puede, aunque siempre sin realizar se\u00f1ales falsas. Pero el origen real no verificado cuenta la historia de un grupo de apostadores que se dispon\u00edan a echar una partida. En un descuido unos chicos se hicieron con las cartas y las modificaron.<\/p>\n<p>Quer\u00edan jugar a alg\u00fan tipo de juego de guerra y recortaron todas las figuras. Cuando los jugadores se dieron cuenta ya era demasiado tarde y estos naipes eran inutilizables.<\/p>\n<p>Eso explicar\u00eda que <strong>en la versi\u00f3n original del truc valenciano no se utilicen figuras y se juegue tan solo con 22 cartas<\/strong>. Aun as\u00ed, esto es solo una teor\u00eda a d\u00eda de hoy.<\/p>\n<p>Con el paso del tiempo el juego se ha extendido a muchos pa\u00edses de Sudam\u00e9rica y a Italia, luego de que algunos gallegos llevaran este juego a pa\u00edses como Argentina, Brasil y regiones sure\u00f1as de Chile.<\/p>\n<h2><span class=\"ez-toc-section\" id=\"Objetivo-del-juego\"><\/span>Objetivo del juego<span class=\"ez-toc-section-end\"><\/span><\/h2>\n<p>El objetivo del juego es <strong>ganar un n\u00famero de bazas mayor que el del contrario en la fase de truco, y de llevarse la mayor puntuaci\u00f3n posible en la fase de envido<\/strong>.<\/p>\n<p>Consiguiendo esto se ir\u00e1 avanzando en la consecuci\u00f3n de los 30 puntos necesarios para ganar una partida. Ya el objetivo final es ganar dos partidas, ya que se suele jugar al mejor de tres.<\/p>\n<h2><span class=\"ez-toc-section\" id=\"Elementos-del-juego\"><\/span>Elementos del juego<span class=\"ez-toc-section-end\"><\/span><\/h2>\n<ul>\n<li>Baraja espa\u00f1ola de 40 cartas.<\/li>\n<li>Tapete (opcional).<\/li>\n<li>Fichas de poker para apostar (opcional).<\/li>\n<li>De 2 a 6 jugadores. Se juega por parejas y por tanto pueden jugar 2, 4 o 6 apostadores y siempre con una baraja.<\/li>\n<\/ul>\n<h2><span class=\"ez-toc-section\" id=\"Como-se-juega-al-truco\"><\/span>C\u00f3mo se juega al truco<span class=\"ez-toc-section-end\"><\/span><\/h2>\n<p>El truco es bastante parecido al truc valenciano, pero con algunas peque\u00f1as diferencias. El juego ha tomado muchas variantes seg\u00fan el lugar en el que se practique y entre ellas entran en juego los casinos y <a href=\"\/ar\/casinos-online\/\">casinos online argentinos.<\/a>\u00a0En territorio valenciano se juega con se\u00f1as, pero en las salas de juego eso solo se pod\u00eda hacer en torneos y en salas privadas.<\/p>\n<p><strong>De otra forma no se habr\u00eda podido desarrollar en tablas disponibles para parejas de jugadores<\/strong>. Es por ello que aqu\u00ed vamos a desgranar esta versi\u00f3n y despu\u00e9s explicaremos las restantes. Lo que si que est\u00e1 claro es que juegan parejas de dos jugadores y puesto que lo m\u00e1s normal es jugar una pareja contra otra lo explicaremos de esta forma.<\/p>\n<p>Antes de empezar a jugar hay que tener en cuenta el valor de las cartas en la partida. De la de m\u00e1s valor a la de menos el orden es el siguiente:<\/p>\n<ul>\n<li>As de espadas<\/li>\n<li>As de bastos<\/li>\n<li>Siete de espadas<\/li>\n<li>Siete de oros<\/li>\n<li>Treses<\/li>\n<li>Doses<\/li>\n<li>Ases falsos (de copas y de oros)<\/li>\n<li>Reyes<\/li>\n<li>Caballos<\/li>\n<li>Sotas<\/li>\n<li>Sietes falsos (de copas y de bastos)<\/li>\n<li>Seises<\/li>\n<li>Cincos<\/li>\n<li>Cuatros<\/li>\n<\/ul>\n<p>Como vemos este juego no siguen un orden que hayamos visto en otros juegos anteriores y por ello es importante conocer al detalle este orden. Una vez que lo sabemos la partida arranca con el crupier repartiendo las cartas a los jugadores, que se habr\u00e1n sentado altern\u00e1ndose los de una pareja con otra.<\/p>\n<p><strong>Cada jugador recibe tres cartas y los jugadores deben ir lanzando un naipe en cada una de las tres bazas<\/strong> que existen seg\u00fan el orden que se haya establecido. Un orden que a veces viene determinado por a qui\u00e9n se reparti\u00f3 primero, en otras tablas se va indicando con una ficha a qui\u00e9n le toca y en otras al inicio se entrega una carta a cada jugador y el que saque la m\u00e1s alta empieza.<\/p>\n<p>Cada uno de los jugadores lanza la carta que prefiera y <strong>el que lance la m\u00e1s alta se lleva la baza<\/strong>. Como tal, recoge las cartas y las aparta en su lado para indicar que ha vencido.<\/p>\n<p>Esta fase es lo que se conoce como truco. En el truco una pareja debe ganar dos de las tres bazas que se plantean y si lo consiguen se adjudican un punto para la puntuaci\u00f3n final. Si una misma pareja gana las dos primeras no se llega a jugar la tercera, ya que no hay opciones de remontada.<\/p>\n<p>Sencillo, pero con algunos elementos que pueden variar el desarrollo de la partida. <strong>Puede ocurrir que en una baza haya empate al lanzar cartas del mismo valor y en ese caso el resultado se deja en empate<\/strong>. Por tanto, si cada pareja gana una baza y la otra se empata vence la pareja que haya ganado la primera ronda.<\/p>\n<p>Tambi\u00e9n puede pasar que <strong>se den tres empates y entonces los que ganan son la pareja que va de mano<\/strong>, es decir, los que iniciaron la partida. Cada baza la empieza el jugador que gan\u00f3 la anterior, pero no solo existe la opci\u00f3n de lanzar los naipes sin m\u00e1s.<\/p>\n<p>En esta fase se puede pedir truco, lo que implica que el que gane la fase se adjudicar\u00e1 dos puntos en lugar de uno, que ser\u00eda lo normal. La pareja contraria tiene la posibilidad de rechazar la propuesta, pero entonces el equipo adversario se adjudicar\u00e1 un punto.<\/p>\n<p><strong>El mismo funcionamiento tiene pedir retruco o vale cuatro<\/strong>, lo \u00fanico que var\u00edan son las puntuaciones; en el retruco se juega a tres puntos y si la pareja que no lo pidi\u00f3 rechaza, su adversario se llevar\u00eda dos puntos; en el vale cuatro se juega a cuatro puntos y si la pareja que no lo pidi\u00f3 rechaza, su adversario se llevar\u00eda tres puntos.<\/p>\n<p>Paralelamente existe la opci\u00f3n de que esta fase de truco tenga que aplazarse para resolver antes otra dentro del propio juego. Y es que antes de empezar a lanzar carta en su primer turno, un jugador puede pedir envido, que es la segunda fase de esta pr\u00e1ctica. <strong>No se podr\u00eda volver al truco hasta que no se juegue hasta el final el envido<\/strong>.<\/p>\n<p><strong>En la fase de envido se trata de resolver que jugador tiene la mayor puntuaci\u00f3n en base a sus tres cartas<\/strong>. El jugador que tenga dos cartas del mismo palo podr\u00e1 sumar sus \u00edndices y a\u00f1adirle 20 puntos m\u00e1s; si las tres cartas son del mismo palo se seleccionan las dos de mayor valor y se suman sus \u00edndices m\u00e1s los 20 puntos a a\u00f1adir. Si no hay cartas del mismo palo solo punt\u00faa la carta m\u00e1s alta de las tres.<\/p>\n<p>Incluso si la carta m\u00e1s alta es una figura la puntuaci\u00f3n del jugador ser\u00eda de cero, por lo que siempre es importante saber cuando pedir envido y ser consciente de lo que puede llevar el compa\u00f1ero. <strong>El equipo que gane se lleva dos puntos<\/strong>, y en este caso si la pareja adversaria a la que pidi\u00f3 envido no acepta no se juega esta fase y se pasa directamente a seguir el truco.<\/p>\n<p>Tambi\u00e9n <strong>las parejas tienen la opci\u00f3n de replicar a un envido con un real envido o un falta envido<\/strong>; las reglas son las mismas para ganarlo, solo que en el real envido se juega a tres puntos y en el falta envido se juegan tantos puntos como sean necesarios para que la pareja que lo pide venza en el global a los contrarios.<\/p>\n<p>Para esto \u00faltimo hay que tener en cuenta que para ganar una partida completa una pareja debe acumular 30 puntos en total antes que los contrarios. Y adem\u00e1s, en los torneos de casino se suele jugar al mejor de tres partidas, aunque esto pueda variar.<\/p>\n<p>Si el envido se resuelve en empate gana la pareja que arranc\u00f3 la partida. Adem\u00e1s, en esta fase no se tienen por qu\u00e9 ense\u00f1ar las cartas, ya que estas har\u00e1n falta despu\u00e9s para el truco. Si se comete alguna irregularidad ser\u00e1 el crupier posteriormente el que sancione a la pareja infractora, ya que sus cartas se van a ver y a lanzar en las siguientes manos.<\/p>\n<p>Antes de jugar el truco y de empezar los jugadores tienen tambi\u00e9n la oportunidad de cantar flor. <strong>La flor se produce cuando un jugador tiene tres cartas del mismo palo<\/strong>. Esto supone sumarse tres puntos en la general e implica el que no se llegue a disputar el envido.<\/p>\n<p>Es extra\u00f1o, pero puede ocurrir que dos jugadores de parejas contrarias tengan flor, en cuyo caso puede replicarse con jugadas como con flor me achico, contra flor o flor al resto; en flor me achico se valora quien tiene la mejor flor que se calcula sumando los \u00edndices de las tres cartas m\u00e1s un valor de 20; el que gana se lleva cuatro puntos.<\/p>\n<p>En la contra flor el que venza se adjudica seis puntos y si se rechaza la flor el que la pide se adjudica cuatro. En la flor al resto el que gana se lleva directamente una partida para su pareja, y si no se acepta el que la plantea gana cuatro puntos.<\/p>\n<h2><span class=\"ez-toc-section\" id=\"Variantes\"><\/span>Variantes<span class=\"ez-toc-section-end\"><\/span><\/h2>\n<p>A la modalidad de los casinos hay que sumarle las variantes que deja el juego en su versi\u00f3n en la Comunidad Valenciana. De aqu\u00ed es originaria y por tanto es esta de la que vamos a especificar algunas cosas.<\/p>\n<p>Lo primero es que <strong>las parejas pueden hacerse gestos para indicar las cartas que se llevan<\/strong>. Hay algunas muy difundidas y que son las que vamos a indicar. Para el as de espadas se levantan las cejas; para el as de bastos se gui\u00f1a el ojo; para el siete de espadas se mueve la boca hacia la derecha; para el siete de oros se hace lo propio hacia la izquierda.<\/p>\n<p>El resto de sietes no tienen se\u00f1as, pero para los treses se muerde el labio; para los doses se lanza un beso; para los ases falsos se bosteza; para un 33 de envite se inflan los mofletes y para el 32 se sube un hombro; para malas cartas se cierran los ojos.<\/p>\n<p>El <strong>truco argentino<\/strong>\u00a0se juega entre dos jugadores o por parejas y utiliza la baraja espa\u00f1ola, con 40 cartas.<\/p>\n<p>El punto del juego es ganar un determinado punto de <strong>chicos<\/strong> (o rondas), que van de uno a tres chicos. Cada uno de estos chicos <strong>se puede jugar a 15 o 30 puntos<\/strong>, algo que tendr\u00e1 que acordarse entre los jugadores.<\/p>\n<p>La mitad de los puntos ser\u00e1n conocidos como <strong>malas<\/strong>, mientras que la segunda mitad ser\u00e1n las <strong>buenas<\/strong>.<\/p>\n<p>Dichos puntos ser\u00e1n conseguidos mediante <strong>trucos y envites<\/strong>, que son apuestas que se ir\u00e1n realizando conforme avancen las manos de cada ronda.<\/p>\n<p>\u00bfQuer\u00e9s jugar con seguridad? Seleccion\u00e1 el <a href=\"https:\/\/casinoalto.com\/ar\/metodos-de-pago\/\" target=\"_blank\" rel=\"noopener\">m\u00e9todo de pago para hacer dep\u00f3sitos<\/a> y aprovech\u00e1 los <a href=\"https:\/\/casinoalto.com\/ar\/bonos-de-bienvenida\/\" target=\"_blank\" rel=\"noopener\">bonos de bienvenida y promociones para jugar<\/a>.<\/p>\n","protected":false},"excerpt":{"rendered":"<p>Muchos juegos de casino que ya no se practican en las salas de juego tuvieron que ser modificados en su tiempo para poder incluirlos en las ofertas de los lugares de apuesta. El truco es un claro ejemplo de ello, adem\u00e1s de contar con una amplia historia que lo hace un juego muy especial. Mir\u00e1 [&hellip;]<\/p>\n","protected":false},"author":18,"featured_media":10060664,"parent":134669,"menu_order":0,"comment_status":"closed","ping_status":"closed","template":"page_author_sidebar.php","meta":{"_acf_changed":false,"footnotes":""},"class_list":["post-149005","page","type-page","status-publish","has-post-thumbnail","hentry"],"acf":[],"_links":{"self":[{"href":"https:\/\/staging.casinoalto.com\/ar\/wp-json\/wp\/v2\/pages\/149005","targetHints":{"allow":["GET"]}}],"collection":[{"href":"https:\/\/staging.casinoalto.com\/ar\/wp-json\/wp\/v2\/pages"}],"about":[{"href":"https:\/\/staging.casinoalto.com\/ar\/wp-json\/wp\/v2\/types\/page"}],"author":[{"embeddable":true,"href":"https:\/\/staging.casinoalto.com\/ar\/wp-json\/wp\/v2\/users\/18"}],"replies":[{"embeddable":true,"href":"https:\/\/staging.casinoalto.com\/ar\/wp-json\/wp\/v2\/comments?post=149005"}],"version-history":[{"count":6,"href":"https:\/\/staging.casinoalto.com\/ar\/wp-json\/wp\/v2\/pages\/149005\/revisions"}],"predecessor-version":[{"id":10061701,"href":"https:\/\/staging.casinoalto.com\/ar\/wp-json\/wp\/v2\/pages\/149005\/revisions\/10061701"}],"up":[{"embeddable":true,"href":"https:\/\/staging.casinoalto.com\/ar\/wp-json\/wp\/v2\/pages\/134669"}],"wp:featuredmedia":[{"embeddable":true,"href":"https:\/\/staging.casinoalto.com\/ar\/wp-json\/wp\/v2\/media\/10060664"}],"wp:attachment":[{"href":"https:\/\/staging.casinoalto.com\/ar\/wp-json\/wp\/v2\/media?parent=149005"}],"curies":[{"name":"wp","href":"https:\/\/api.w.org\/{rel}","templated":true}]}}