{"id":149014,"date":"2024-03-08T03:44:48","date_gmt":"2024-03-08T03:44:48","guid":{"rendered":"https:\/\/casinoalto.com\/?page_id=149014"},"modified":"2026-01-27T15:32:44","modified_gmt":"2026-01-27T15:32:44","slug":"corazones","status":"publish","type":"page","link":"https:\/\/staging.casinoalto.com\/ar\/reglas\/corazones\/","title":{"rendered":"Reglas Corazones &#8211; C\u00f3mo se juega"},"content":{"rendered":"<p><img loading=\"lazy\" decoding=\"async\" class=\"alignnone size-full wp-image-149599\" src=\"\/ar\/wp-content\/uploads\/sites\/2\/2024\/03\/casino-alto_covers-04.webp\" alt=\"Reglas Corazones\" width=\"1667\" height=\"990\" \/><\/p>\n<p>Entre los juegos de casino que ya no se practican en estas salas destacaremos en este caso el juego de los corazones. Una pr\u00e1ctica entretenida y que tiene un funcionamiento que es digno de conocer.<\/p>\n<p>Una vez que se entiende es entretenido y divertido. Un juego que mezcla todo, tambi\u00e9n estrategia.<\/p>\n<p>Conoc\u00e9 m\u00e1s sobre \u00e9l con <a href=\"https:\/\/casinoalto.com\/ar\/\" target=\"_blank\" rel=\"noopener\">Casino Alto Argentina<\/a>.<\/p>\n<div id=\"ez-toc-container\" class=\"ez-toc-v2_0_82_2 counter-hierarchy ez-toc-counter ez-toc-custom ez-toc-container-direction\">\n<div class=\"ez-toc-title-container\">\n<p class=\"ez-toc-title\" style=\"cursor:inherit\">Tabla de contenidos<\/p>\n<span class=\"ez-toc-title-toggle\"><a href=\"#\" class=\"ez-toc-pull-right ez-toc-btn ez-toc-btn-xs ez-toc-btn-default ez-toc-toggle\" aria-label=\"Toggle Table of Content\"><span class=\"ez-toc-js-icon-con\"><span class=\"\"><span class=\"eztoc-hide\" style=\"display:none;\">Toggle<\/span><span class=\"ez-toc-icon-toggle-span\"><svg style=\"fill: #999;color:#999\" xmlns=\"http:\/\/www.w3.org\/2000\/svg\" class=\"list-377408\" width=\"20px\" height=\"20px\" viewBox=\"0 0 24 24\" fill=\"none\"><path d=\"M6 6H4v2h2V6zm14 0H8v2h12V6zM4 11h2v2H4v-2zm16 0H8v2h12v-2zM4 16h2v2H4v-2zm16 0H8v2h12v-2z\" fill=\"currentColor\"><\/path><\/svg><svg style=\"fill: #999;color:#999\" class=\"arrow-unsorted-368013\" xmlns=\"http:\/\/www.w3.org\/2000\/svg\" width=\"10px\" height=\"10px\" viewBox=\"0 0 24 24\" version=\"1.2\" baseProfile=\"tiny\"><path d=\"M18.2 9.3l-6.2-6.3-6.2 6.3c-.2.2-.3.4-.3.7s.1.5.3.7c.2.2.4.3.7.3h11c.3 0 .5-.1.7-.3.2-.2.3-.5.3-.7s-.1-.5-.3-.7zM5.8 14.7l6.2 6.3 6.2-6.3c.2-.2.3-.5.3-.7s-.1-.5-.3-.7c-.2-.2-.4-.3-.7-.3h-11c-.3 0-.5.1-.7.3-.2.2-.3.5-.3.7s.1.5.3.7z\"\/><\/svg><\/span><\/span><\/span><\/a><\/span><\/div>\n<nav><ul class='ez-toc-list ez-toc-list-level-1 eztoc-toggle-hide-by-default' ><li class='ez-toc-page-1 ez-toc-heading-level-2'><a class=\"ez-toc-link ez-toc-heading-1\" href=\"https:\/\/staging.casinoalto.com\/ar\/reglas\/corazones\/#Historia-de-los-corazones\" >Historia de los corazones<\/a><\/li><li class='ez-toc-page-1 ez-toc-heading-level-2'><a class=\"ez-toc-link ez-toc-heading-2\" href=\"https:\/\/staging.casinoalto.com\/ar\/reglas\/corazones\/#Objetivo-del-juego\" >Objetivo del juego<\/a><\/li><li class='ez-toc-page-1 ez-toc-heading-level-2'><a class=\"ez-toc-link ez-toc-heading-3\" href=\"https:\/\/staging.casinoalto.com\/ar\/reglas\/corazones\/#Elementos-del-juego\" >Elementos del juego<\/a><\/li><li class='ez-toc-page-1 ez-toc-heading-level-2'><a class=\"ez-toc-link ez-toc-heading-4\" href=\"https:\/\/staging.casinoalto.com\/ar\/reglas\/corazones\/#Como-se-juega-a-los-corazones\" >C\u00f3mo se juega a los corazones<\/a><\/li><\/ul><\/nav><\/div>\n<h2><span class=\"ez-toc-section\" id=\"Historia-de-los-corazones\"><\/span>Historia de los corazones<span class=\"ez-toc-section-end\"><\/span><\/h2>\n<p>El juego de los corazones <strong>no tiene una fecha concreta de aparici\u00f3n, pero si un lugar: Francia<\/strong>. Fue en tierras galas en las que las noblezas de dicho pa\u00eds comenzaron a jugar a este juego, que se hizo muy popular en poco tiempo entre el resto de la poblaci\u00f3n.<\/p>\n<p>El juego y <strong>concretamente la dama de picas tiene un oscuro pasado<\/strong>. El compositor Piotr Tchaikovski adapt\u00f3 una novela del ruso Aleksandr Pushkin, basada en una novela en la que el protagonista var\u00f3n muere en extra\u00f1as circunstancias tras mantener una relaci\u00f3n con una dama muy parecida a la dama de picas.<\/p>\n<p>Una tragedia que se repite en varios casos y fruto de esta antigua creencia es por la que la dama de cartas suma tantos puntos en sentido negativo en este juego. Esta historia cal\u00f3 muy hondo en la poblaci\u00f3n.<\/p>\n<p>Pero por lo que <strong>de verdad se populariz\u00f3 este juego fue por la versi\u00f3n para escritorio creada por Windows<\/strong> para los ordenadores que utilizaran sus sistemas operativos.<\/p>\n<h2><span class=\"ez-toc-section\" id=\"Objetivo-del-juego\"><\/span>Objetivo del juego<span class=\"ez-toc-section-end\"><\/span><\/h2>\n<p>El fin de este juego es intentar <strong>sumar el menor n\u00famero de puntos posible en el desarrollo de las trece bazas<\/strong> de las que cuenta el juego.<\/p>\n<p>Ganar muchas bazas o cartas no tiene validez en este juego, lo importante es no llevarse en ellas cartas que sumen puntos a la puntuaci\u00f3n final del apostador. El que tenga menos unidades al final de una partida ser\u00e1 el que se la adjudique, de ah\u00ed la importancia de este aspecto.<\/p>\n<h2><span class=\"ez-toc-section\" id=\"Elementos-del-juego\"><\/span>Elementos del juego<span class=\"ez-toc-section-end\"><\/span><\/h2>\n<ul>\n<li>Baraja francesa de 52 cartas.<\/li>\n<li>Tapete (opcional).<\/li>\n<li>Fichas para apostar (opcional).<\/li>\n<li>De 2 a 4 jugadores. Casi se considera obligatorio que sean cuatro los jugadores, pero tambi\u00e9n hay versiones en las que juegan 2 o 3. Se utiliza una sola baraja<\/li>\n<\/ul>\n<h2><span class=\"ez-toc-section\" id=\"Como-se-juega-a-los-corazones\"><\/span>C\u00f3mo se juega a los corazones<span class=\"ez-toc-section-end\"><\/span><\/h2>\n<p>El juego de los corazones es sencillo cuando ya se conoce el funcionamiento, pero en un principio puede costar de entender la mec\u00e1nica. Al ser una pr\u00e1ctica en la que se necesitan cuatro jugadores, no se ha popularizado en las mesas normales de los casinos ni en los <a href=\"\/ar\/casinos-online\/\">casinos online m\u00e1s populares<\/a>, sino que se reservaba para torneos.<\/p>\n<p>Aun as\u00ed <strong>ha habido casinos que han decidido dejar solo cuatro puestos de asiento<\/strong> en mesas reservadas para este juego. Al menos al principio era as\u00ed, despu\u00e9s con el paso del tiempo en todas las salas de juego se han dado cuenta que cu\u00e1ntos m\u00e1s jugadores jueguen mejor tanto para los negocios como para los propios clientes.<\/p>\n<p>En las versiones de casino las correspondientes apuestas se hacen al principio. Al ser un juego en el que las posiciones importan hab\u00eda varios sistemas de apuestas en funci\u00f3n de la plaza en la que pensabas que ibas a terminar.<\/p>\n<p>Tambi\u00e9n estaba la opci\u00f3n de jugar varias manos hasta alcanzar el n\u00famero de puntos que indicara el sal\u00f3n de juegos.<\/p>\n<p>Como tal, <strong>al ser un juego en el que lo que importa es sumar el menor n\u00famero de puntos posibles<\/strong> para poder ganar el l\u00edmite sol\u00eda ponerse en la persona que alcanzaba m\u00e1s puntos. Cuando el que iba perdiendo llegaba a la cifra l\u00edmite se esclarec\u00edan las posiciones definitivas en la partida.<\/p>\n<p>Para ello antes ten\u00edan que desarrollar todo el juego y eso es lo que vamos a explicar. <strong>El crupier baraja y reparte 13 cartas en primera instancia a todos los jugadores<\/strong>.<\/p>\n<p>Es decir, reparte la baraja al completo, ya que hablamos de una baraja francesa de 52 naipes. A partir de ah\u00ed la funci\u00f3n del repartidor ser\u00e1 la de ir indicando en qu\u00e9 momento se realizan los intercambios de cartas.<\/p>\n<p>Y es que en este juego se realizan estos trueques entre los apostadores. <strong>Tras cada ronda jugada cada jugador elige tres de sus naipes para envi\u00e1rselos al jugador que corresponde<\/strong>.<\/p>\n<p>En cada una de las rondas se le pasan las cartas a un adversario diferente para que haya igualdad entre todos y nadie se queje de las malas cartas del jugador que tiene al lado.<\/p>\n<p>Cada jugador debe pasar las que quiera, siempre y cuando sean tres cartas. En la primera ronda cada jugador le pasas su tr\u00edo de naipes elegido al jugador de la izquierda; en la segunda se entregan al de la derecha; en la tercera al de enfrente (si los jugadores est\u00e1n situados en l\u00ednea y no en forma de cruz se enviar\u00edan al segundo empezando por la derecha); y finalmente en la cuarta ronda no se pasan cartas.<\/p>\n<p><strong>Una vez que llegue la quinta ronda se vuelve a empezar la secuencia<\/strong> y as\u00ed se har\u00e1 hasta que no haya cartas que poder pasarse porque queden solo dos en poder de cada jugador.<\/p>\n<p>Si las ubicaciones de los clientes en las mesas no son las propicias para que se den las cartas entre ellos, ser\u00e1 el crupier el que ayude a dicho transporte.<\/p>\n<p>Pero para poder realizar estos intercambios primero hay que jugar las rondas. En cada baza un jugador lanza una carta y vence el que haya lanzado la carta m\u00e1s alta. Para eso es importante conocer el orden jer\u00e1rquico de los naipes. Es el siguiente:<\/p>\n<ul>\n<li>As<\/li>\n<li>Rey<\/li>\n<li>Dama<\/li>\n<li>Jota<\/li>\n<li>Diez<\/li>\n<li>Nueve<\/li>\n<li>Ocho<\/li>\n<li>Siete<\/li>\n<li>Seis<\/li>\n<li>Cinco<\/li>\n<li>Cuatro<\/li>\n<li>Tres<\/li>\n<li>Dos<\/li>\n<\/ul>\n<p>El decir que un jugador vence una baza implica que se queda con las cuatro cartas que se han lanzado al centro del tapete y las guarda en un mont\u00f3n a su lado. Ese mont\u00f3n valdr\u00e1 despu\u00e9s para realizar el recuento pertinente de las cartas.<\/p>\n<p>Adem\u00e1s,<strong> el apostador solo puede revisar las cartas de la \u00faltima baza que se ha llevado<\/strong> con el fin de trazar su plan conforme al resto de bazas.<\/p>\n<p>En la primera baza no se pueden lanzar las cartas que uno quiera, sino que existen algunas restricciones. <strong>En la primera ronda el primero que debe salir es el que tiene el dos de tr\u00e9boles<\/strong> y a partir de ah\u00ed el turno ir\u00e1 rotando a izquierdas.<\/p>\n<p>En algunos casinos se indica que jugador tiene el turno con una ficha distintiva y en otros es el crupier el que lleva la cuenta mental de ellos, por si a alg\u00fan jugador se le olvida.<\/p>\n<p>Una vez que el primer jugador ha echado ese dos de tr\u00e9boles, <strong>el resto de adversarios tienen que continuar lanzando cartas del palo con el que sali\u00f3 el primer jugador<\/strong>. En el resto de rondas se har\u00e1 de la misma forma. La \u00fanica excepci\u00f3n es que no se tengan cartas de ese palo, en cuyo caso se puede echar otra carta cualquiera de otro palo.<\/p>\n<p>Eso s\u00ed, <strong>en la primera ronda no se pueden echar cartas de las que valen puntos<\/strong>. Estas cartas son las que deben evitarse a toda costa ya que son las que suman unidades al marcador y la intenci\u00f3n es siempre la de quedarse con la puntuaci\u00f3n m\u00e1s baja. Esos naipes de los que hablamos son las cartas de corazones y la dama de picas.<\/p>\n<p>A partir de la segunda ronda se podr\u00e1n lanzar cartas de corazones si ya no quedan cartas de otros palos y no hay m\u00e1s remedio que lanzarlos.<\/p>\n<p>Tambi\u00e9n est\u00e1 la posibilidad de que un jugador lance la \u00faltima carta de un palo concreto y ya no queden m\u00e1s naipes de este palo para seguir la partida; en ese caso se puede lanzar un coraz\u00f3n. Si aun faltara alg\u00fan naipe de ese palo no se podr\u00e1 efectuar el lanzamiento.<\/p>\n<p>Es decir, si la baza va a picas y en el turno del jugador anterior se lanza la \u00faltima pica de todas, entonces se puede echar una carta de corazones aunque se tenga otra de otro palo que se pudiera echar.<\/p>\n<p>Si alg\u00fan jugador sigue teniendo picas no se podr\u00eda hacer. Por ello es importante tener memoria y saber cuando un palo se ha terminado. Normalmente el crupier tambi\u00e9n va informando de esto a los jugadores para que sepan qu\u00e9 movimiento es correcto y cu\u00e1l no.<\/p>\n<p>Las cartas que sumen puntos que se vaya llevando cada jugador se ponen delante de \u00e9l para que todos los jugadores puedan consultarlas y se sepa a ciencia cierta como est\u00e1 la situaci\u00f3n. As\u00ed se desarrolla el juego hasta que finalicen todas las rondas, las trece que hay concretamente.<\/p>\n<p>Como ya hemos dicho, el jugador que tenga menos puntos es el ganador de la partida y el que tenga m\u00e1s es el perdedor. En algunos casinos no se pierde la partida sino se sobrepasan los 50 puntos, por lo que es posible que se tengan que jugar varias partidas en las que se vayan sumando las puntuaciones. En los torneos tambi\u00e9n ocurre de esta manera.<\/p>\n<p>En cuanto a las puntuaciones, <strong>cada carta de corazones que quede en poder de un jugador suma un punto y el que se quede con la dama de picas suma un total de trece puntos<\/strong>.<\/p>\n<p>Solo hay una excepci\u00f3n que se produce si un jugador se queda con todas las cartas de jugadores y con la dama de picas. En ese caso no suma ning\u00fan punto, se le proclama vencedor y adem\u00e1s el resto de apostadores sumar\u00edan 26 puntos cada uno.<\/p>\n<p>Por eso la estrategia en este juego es importante y en caso de que se hayan recogido casi todas las cartas de corazones ser\u00eda importante quedarse con todas para poder ganar. Esa ser\u00eda la \u00fanica opci\u00f3n de victoria de un apostador que se va llevando todas las cartas de corazones.<\/p>\n<p>\u00bfQuer\u00e9s disfrutar de este y otros juegos? Eleg\u00ed una buena <a href=\"https:\/\/casinoalto.com\/ar\/metodos-de-pago\/\" target=\"_blank\" rel=\"noopener\">opci\u00f3n para hacer el dep\u00f3sito<\/a> y aprovech\u00e1 los <a href=\"https:\/\/casinoalto.com\/ar\/bonos-de-bienvenida\/\" target=\"_blank\" rel=\"noopener\">bonos para nuevos jugadores<\/a>.<\/p>\n","protected":false},"excerpt":{"rendered":"<p>Entre los juegos de casino que ya no se practican en estas salas destacaremos en este caso el juego de los corazones. Una pr\u00e1ctica entretenida y que tiene un funcionamiento que es digno de conocer. Una vez que se entiende es entretenido y divertido. Un juego que mezcla todo, tambi\u00e9n estrategia. Conoc\u00e9 m\u00e1s sobre \u00e9l [&hellip;]<\/p>\n","protected":false},"author":18,"featured_media":10060576,"parent":134669,"menu_order":0,"comment_status":"closed","ping_status":"closed","template":"page_author_sidebar.php","meta":{"_acf_changed":false,"footnotes":""},"class_list":["post-149014","page","type-page","status-publish","has-post-thumbnail","hentry"],"acf":[],"_links":{"self":[{"href":"https:\/\/staging.casinoalto.com\/ar\/wp-json\/wp\/v2\/pages\/149014","targetHints":{"allow":["GET"]}}],"collection":[{"href":"https:\/\/staging.casinoalto.com\/ar\/wp-json\/wp\/v2\/pages"}],"about":[{"href":"https:\/\/staging.casinoalto.com\/ar\/wp-json\/wp\/v2\/types\/page"}],"author":[{"embeddable":true,"href":"https:\/\/staging.casinoalto.com\/ar\/wp-json\/wp\/v2\/users\/18"}],"replies":[{"embeddable":true,"href":"https:\/\/staging.casinoalto.com\/ar\/wp-json\/wp\/v2\/comments?post=149014"}],"version-history":[{"count":7,"href":"https:\/\/staging.casinoalto.com\/ar\/wp-json\/wp\/v2\/pages\/149014\/revisions"}],"predecessor-version":[{"id":10061848,"href":"https:\/\/staging.casinoalto.com\/ar\/wp-json\/wp\/v2\/pages\/149014\/revisions\/10061848"}],"up":[{"embeddable":true,"href":"https:\/\/staging.casinoalto.com\/ar\/wp-json\/wp\/v2\/pages\/134669"}],"wp:featuredmedia":[{"embeddable":true,"href":"https:\/\/staging.casinoalto.com\/ar\/wp-json\/wp\/v2\/media\/10060576"}],"wp:attachment":[{"href":"https:\/\/staging.casinoalto.com\/ar\/wp-json\/wp\/v2\/media?parent=149014"}],"curies":[{"name":"wp","href":"https:\/\/api.w.org\/{rel}","templated":true}]}}