{"id":149068,"date":"2019-01-08T23:16:48","date_gmt":"2019-01-08T23:16:48","guid":{"rendered":"https:\/\/casinoalto.com\/?page_id=149068"},"modified":"2026-01-27T15:36:57","modified_gmt":"2026-01-27T15:36:57","slug":"whist","status":"publish","type":"page","link":"https:\/\/staging.casinoalto.com\/ar\/reglas\/whist\/","title":{"rendered":"Reglas Whist &#8211; C\u00f3mo se juega"},"content":{"rendered":"<p><img loading=\"lazy\" decoding=\"async\" class=\"alignnone size-full wp-image-149601\" src=\"\/ar\/wp-content\/uploads\/sites\/2\/2024\/03\/casino-alto_covers-05.webp\" alt=\"Reglas Whist\" width=\"1667\" height=\"990\" \/><\/p>\n<p>En el cap\u00edtulo de juegos de casino olvidados llegamos a uno de los juegos con m\u00e1s historia de todos los tiempos. Un juego que ha marcado las bases de otros posteriores que han sido m\u00e1s populares en el mundo y en el territorio espa\u00f1ol en concreto.<\/p>\n<p>Un juego que tiene un origen muy curioso y que en los siglos siguientes se expandi\u00f3 por todo el mundo en diferentes versiones, cada una con sus particularidades. Se trata del whist. Entend\u00e9 c\u00f3mo jugarlo con los consejos de <a href=\"https:\/\/casinoalto.com\/ar\/\" target=\"_blank\" rel=\"noopener\">Casino Alto Argentina<\/a>.<\/p>\n<div id=\"ez-toc-container\" class=\"ez-toc-v2_0_82_2 counter-hierarchy ez-toc-counter ez-toc-custom ez-toc-container-direction\">\n<div class=\"ez-toc-title-container\">\n<p class=\"ez-toc-title\" style=\"cursor:inherit\">Tabla de contenidos<\/p>\n<span class=\"ez-toc-title-toggle\"><a href=\"#\" class=\"ez-toc-pull-right ez-toc-btn ez-toc-btn-xs ez-toc-btn-default ez-toc-toggle\" aria-label=\"Toggle Table of Content\"><span class=\"ez-toc-js-icon-con\"><span class=\"\"><span class=\"eztoc-hide\" style=\"display:none;\">Toggle<\/span><span class=\"ez-toc-icon-toggle-span\"><svg style=\"fill: #999;color:#999\" xmlns=\"http:\/\/www.w3.org\/2000\/svg\" class=\"list-377408\" width=\"20px\" height=\"20px\" viewBox=\"0 0 24 24\" fill=\"none\"><path d=\"M6 6H4v2h2V6zm14 0H8v2h12V6zM4 11h2v2H4v-2zm16 0H8v2h12v-2zM4 16h2v2H4v-2zm16 0H8v2h12v-2z\" fill=\"currentColor\"><\/path><\/svg><svg style=\"fill: #999;color:#999\" class=\"arrow-unsorted-368013\" xmlns=\"http:\/\/www.w3.org\/2000\/svg\" width=\"10px\" height=\"10px\" viewBox=\"0 0 24 24\" version=\"1.2\" baseProfile=\"tiny\"><path d=\"M18.2 9.3l-6.2-6.3-6.2 6.3c-.2.2-.3.4-.3.7s.1.5.3.7c.2.2.4.3.7.3h11c.3 0 .5-.1.7-.3.2-.2.3-.5.3-.7s-.1-.5-.3-.7zM5.8 14.7l6.2 6.3 6.2-6.3c.2-.2.3-.5.3-.7s-.1-.5-.3-.7c-.2-.2-.4-.3-.7-.3h-11c-.3 0-.5.1-.7.3-.2.2-.3.5-.3.7s.1.5.3.7z\"\/><\/svg><\/span><\/span><\/span><\/a><\/span><\/div>\n<nav><ul class='ez-toc-list ez-toc-list-level-1 eztoc-toggle-hide-by-default' ><li class='ez-toc-page-1 ez-toc-heading-level-2'><a class=\"ez-toc-link ez-toc-heading-1\" href=\"https:\/\/staging.casinoalto.com\/ar\/reglas\/whist\/#Historia-del-Whist\" >Historia del Whist<\/a><\/li><li class='ez-toc-page-1 ez-toc-heading-level-2'><a class=\"ez-toc-link ez-toc-heading-2\" href=\"https:\/\/staging.casinoalto.com\/ar\/reglas\/whist\/#Objetivo-del-juego\" >Objetivo del juego<\/a><\/li><li class='ez-toc-page-1 ez-toc-heading-level-2'><a class=\"ez-toc-link ez-toc-heading-3\" href=\"https:\/\/staging.casinoalto.com\/ar\/reglas\/whist\/#Elementos-del-juego\" >Elementos del juego<\/a><\/li><li class='ez-toc-page-1 ez-toc-heading-level-2'><a class=\"ez-toc-link ez-toc-heading-4\" href=\"https:\/\/staging.casinoalto.com\/ar\/reglas\/whist\/#Como-se-juega-al-Whist\" >C\u00f3mo se juega al Whist<\/a><\/li><li class='ez-toc-page-1 ez-toc-heading-level-2'><a class=\"ez-toc-link ez-toc-heading-5\" href=\"https:\/\/staging.casinoalto.com\/ar\/reglas\/whist\/#Variantes\" >Variantes<\/a><\/li><\/ul><\/nav><\/div>\n<h2><span class=\"ez-toc-section\" id=\"Historia-del-Whist\"><\/span>Historia del Whist<span class=\"ez-toc-section-end\"><\/span><\/h2>\n<p>El whist es un juego de cartas tradicional y uno de los m\u00e1s antiguos del mundo. Es una pr\u00e1ctica con mucha historia y que <strong>empez\u00f3 a surgir en Inglaterra en el siglo XVII<\/strong>. As\u00ed lo indican los libros de historia de la \u00e9poca en el que se menciona por primera vez este juego a principios del siglo ya mencionado.<\/p>\n<p>El juego podr\u00eda haber sido practicado por primera vez por un grupo de caballeros de la \u00e9poca en un reconocido caf\u00e9 del territorio ingl\u00e9s. El whist se basaba en principios cient\u00edficos, tanto que uno de los miembros de este grupo empez\u00f3 a dar clases sobre como practicarlo, ya que ten\u00eda una gran utilidad.<\/p>\n<p><strong>Edmond Hoyle, un conocido escritor, fue el responsable de estas lecciones<\/strong> y de encabezar la publicaci\u00f3n del primer tratado de juego brit\u00e1nico establecido en 1742.<\/p>\n<p>Este escrito servir\u00eda durante los siguientes siglos como texto est\u00e1ndar para la aparici\u00f3n de otros juegos. Se usaba como ejemplo y adem\u00e1s se fueron creando nuevas versiones y ampliaciones.<\/p>\n<p>Poco a poco se fueron creando varios clubes de whist y como tal diferentes variantes que ser\u00edan el germen de otros juegos futuros. El caso m\u00e1s sonado es <a href=\"\/ar\/reglas\/bridge\/\">el juego de casino bridge<\/a>, que proviene del mencionado whist.<\/p>\n<p>De hecho, casi un siglo despu\u00e9s otro gran escritor de la \u00e9poca se molest\u00f3 en escribir otro nuevo tratado, que tambi\u00e9n servir\u00eda de ejemplo durante mucho tiempo.<\/p>\n<p>El whist se empez\u00f3 a hacer muy popular entre la clientela de los caf\u00e9s y acab\u00f3 llegando a los casinos. Se extendi\u00f3 por el resto del mundo, pero en cada lugar se le dio un toque personal. La versi\u00f3n original siempre ser\u00e1 la que se juega en Inglaterra hoy en d\u00eda, tanto en salas presenciales como en <a href=\"\/ar\/casinos-online\/\">casinos online seguros en Argentina<\/a>.<\/p>\n<h2><span class=\"ez-toc-section\" id=\"Objetivo-del-juego\"><\/span>Objetivo del juego<span class=\"ez-toc-section-end\"><\/span><\/h2>\n<p>El fin de este juego es <strong>llevarse tantas bazas como sea posible y acumular el mayor n\u00famero de puntos<\/strong> que se pueda para llegar al l\u00edmite que supone la victoria en el global de la partida. Ganar m\u00e1s de la mitad es un deber para poder tener opciones de victorias sobre el otro dueto.<\/p>\n<h2><span class=\"ez-toc-section\" id=\"Elementos-del-juego\"><\/span>Elementos del juego<span class=\"ez-toc-section-end\"><\/span><\/h2>\n<ul>\n<li>Baraja francesa de 52 cartas.<\/li>\n<li>Tapete (opcional).<\/li>\n<li>Fichas de poker para apostar (opcional).<\/li>\n<li>De 2 a 4 jugadores. Se juega por parejas y lo normal es que jueguen cuatro jugadores. Para ello se utiliza una sola baraja. Hay una excepci\u00f3n en la que pueden jugar tres jugadores y en cualquier caso se utilizan todos los naipes de la baraja.<\/li>\n<\/ul>\n<h2><span class=\"ez-toc-section\" id=\"Como-se-juega-al-Whist\"><\/span>C\u00f3mo se juega al Whist<span class=\"ez-toc-section-end\"><\/span><\/h2>\n<p>El whist es un juego que sol\u00eda ser m\u00e1s propio de torneos que se realizaban en los casinos que de tener su propia tabla en el sal\u00f3n principal. Sobre todo porque lo normal es jugar en parejas que se enfrentan la una frente a la otra. Por tanto, no ten\u00eda sentido desperdiciar una mesa para que estuviera activo este juego.<\/p>\n<p>Nos centramos en el desarrollo de esos torneos en los que el crupier deb\u00eda comenzar barajando las cartas y repartiendo a cada jugador. Antes de ello, hay que decir que hab\u00eda campeonatos en el que los apostadores no se apuntaban por parejas, sino de forma individual.<\/p>\n<p>Despu\u00e9s se agrupaban a todos los participantes en cuartetos y las parejas se decid\u00edan en el momento antes de comenzar. Incluso en las siguientes rondas no se manten\u00eda la pareja, sino que iba cambiando en cada eliminatoria. En otros casinos si que se permit\u00eda el juego en el mismo equipo durante todo el torneo.<\/p>\n<p>Si las parejas no se conocen, entonces el crupier coloca la baraja extendida en el centro de la mesa. <strong>Cada jugador debe escoger una carta y los dos que saquen los naipes con mayor valor son los que formar\u00e1n dueto<\/strong>.<\/p>\n<p>Los dos que hayan extra\u00eddo los naipes m\u00e1s bajos tambi\u00e9n ir\u00e1n juntos. En caso de empate se extrae otra carta hasta que sean diferentes.<\/p>\n<p>Es importante que para ello se sepan el orden que tienen los naipes seg\u00fan su jerarqu\u00eda. Es el siguiente:<\/p>\n<ul>\n<li>Rey<\/li>\n<li>Dama<\/li>\n<li>Jota<\/li>\n<li>Diez<\/li>\n<li>Nueve<\/li>\n<li>Ocho<\/li>\n<li>Siete<\/li>\n<li>Seis<\/li>\n<li>Cinco<\/li>\n<li>Cuatro<\/li>\n<li>Tres<\/li>\n<li>Dos<\/li>\n<li>As<\/li>\n<\/ul>\n<p>Una vez que se conozcan las parejas, <strong>el repartidor entrega trece cartas a cada uno de los jugadores excepto al \u00faltimo<\/strong>. A este le entrega doce y a la \u00faltima carta le da la vuelta para que todos puedan verla.<\/p>\n<p>El palo del que sea la carta ser\u00e1 el de triunfo. Posteriormente, cuando al jugador le llegue su turno, se le dar\u00e1 la carta para que pueda jugar con ella.<\/p>\n<p>En los turnos siguientes solo se permite preguntar de que palo era dicho naipe, pero no que n\u00famero era o el valor que ten\u00eda. Antes de continuar es clave indicar el valor de las cartas para tenerlas presente, ya que difiere en algunas cosas con la jerarqu\u00eda que tienen al establecer las parejas:<\/p>\n<ul>\n<li>As<\/li>\n<li>Rey<\/li>\n<li>Dama<\/li>\n<li>Jota<\/li>\n<li>Diez<\/li>\n<li>Nueve<\/li>\n<li>Ocho<\/li>\n<li>Siete<\/li>\n<li>Seis<\/li>\n<li>Cinco<\/li>\n<li>Cuatro<\/li>\n<li>Tres<\/li>\n<li>Dos<\/li>\n<\/ul>\n<p>Al empezar la primera ronda se establecer\u00e1 un orden de turno que ir\u00e1 rotando a lo largo de cada partida. El crupier suele indicarlo con una ficha que pone al lado del jugador que va de mano o simplemente lo va indicando en cada momento. Eso depender\u00e1 del casino en el que se desarrolle el juego.<\/p>\n<p>El caso es que cada jugador debe lanzar una carta al centro de la mesa en el orden indicado. <strong>El jugador que lance la carta m\u00e1s alta se lleva dicha baza<\/strong> y coloca las cuatro cartas en un mont\u00f3n a su lado. Ese mont\u00f3n servir\u00e1 despu\u00e9s para contabilizar los puntos que corresponden a cada pareja en cada partida.<\/p>\n<p>El jugador que gana una baza es el que debe salir en la siguiente. <strong>El palo a seguir es el de salida<\/strong>, el que lance el primer jugador que juega.<\/p>\n<p>El resto de apostadores tienen la obligaci\u00f3n de lanzar cartas de ese mismo palo si tienen, pero no tienen por qu\u00e9 ir a ganar la baza. Pueden echar una carta de valor inferior y permitir que el adversario se lleve la baza.<\/p>\n<p>Una vez que se finalicen las trece bazas se realiza el conteo de los puntos. Cada cuatro cartas que tenga un jugador en su poder supondr\u00e1n una baza ganada. En este juego lo importante son las bazas. <strong>La puntuaci\u00f3n de una pareja se obtiene de restarle seis bazas al n\u00famero de bazas ganadas<\/strong>.<\/p>\n<p>Es decir, si un jugador se ha llevado cinco bazas y su compa\u00f1ero tres, se suman las bazas de los dos (ocho) y al restarle seis se obtienen dos puntos. Por consiguiente, la otra pareja se habr\u00e1 llevado cinco bazas, por lo que su puntuaci\u00f3n ser\u00e1 de -1.<\/p>\n<p><strong>Una pareja da por ganada la mano cuando obtiene cinco puntos en total<\/strong>, entonces se pasa a la siguiente eliminatoria. Puede ocurrir que en una sola manga ya se logren los cinco puntos, pero esto suele ser muy extra\u00f1o.<\/p>\n<p>En algunos torneos se juega a m\u00e1s puntos para darle m\u00e1s emoci\u00f3n y que se tengan que realizar varias partidas de forma obligatoria.<\/p>\n<p>Esta es la forma m\u00e1s sencilla de presentar este juego, aunque tambi\u00e9n existen algunas variantes fruto de lo popular que se ha ido haciendo este juego a lo largo de los a\u00f1os.<\/p>\n<h2><span class=\"ez-toc-section\" id=\"Variantes\"><\/span>Variantes<span class=\"ez-toc-section-end\"><\/span><\/h2>\n<p>La variante m\u00e1s popular de este juego es la que se conoce como <strong>\u201cmuerto\u201d<\/strong>. Toma ese nombre porque uno de los jugadores tiene las cartas boca arriba para que todo el mundo las pueda ver. Normalmente se suele sortear a conciencia quien hace pareja con el llamado como muerto, ya que ese apostador tendr\u00e1 una desventaja importante con respecto al resto.<\/p>\n<p><strong>A esta versi\u00f3n pueden jugar solamente tres jugadores<\/strong> y que el que haga pareja con el muerto tambi\u00e9n vaya manejando sus cartas y echando las que mejor le parezcan. Ya que no est\u00e1 permitido que jueguen un n\u00famero impar de jugadores, la soluci\u00f3n a una ausencia de pareja es jugara esta versi\u00f3n.<\/p>\n<p>En los torneos de casino no es habitual que se permita un n\u00famero impar de jugadores, pero a veces se permite a todo el que quiera apuntarse y si hay alguien suelto se juega esa partida a esta variante.<\/p>\n<p>As\u00ed no hay que limitar las plazas ni poner condicionantes a un campeonato antes de empezar. Algo que suele echar bastante para atr\u00e1s a algunos clientes. De esta forma este juego subsana este fallo.<\/p>\n<p>Tambi\u00e9n est\u00e1 la opci\u00f3n de que se juegue mediante apuestas. Las dos parejas hacen sus apuestas, primero los jugadores lo hacen de forma individual, y luego se contabilizan las apuestas por parejas.<\/p>\n<p><strong>La pareja que resulte ganadora se reparte a partes iguales lo que ha obtenido del otro dueto<\/strong>. Aunque como comentamos esto es menos habitual.<\/p>\n<p>\u00bfQuer\u00e9s jugar con seguridad? Seleccion\u00e1 el <a href=\"https:\/\/casinoalto.com\/ar\/metodos-de-pago\/\" target=\"_blank\" rel=\"noopener\">m\u00e9todo de pago para hacer dep\u00f3sitos<\/a> y aprovech\u00e1 los <a href=\"https:\/\/casinoalto.com\/ar\/bonos-de-bienvenida\/\" target=\"_blank\" rel=\"noopener\">bonos de bienvenida y promociones para jugar<\/a>.<\/p>\n","protected":false},"excerpt":{"rendered":"<p>En el cap\u00edtulo de juegos de casino olvidados llegamos a uno de los juegos con m\u00e1s historia de todos los tiempos. Un juego que ha marcado las bases de otros posteriores que han sido m\u00e1s populares en el mundo y en el territorio espa\u00f1ol en concreto. Un juego que tiene un origen muy curioso y [&hellip;]<\/p>\n","protected":false},"author":18,"featured_media":10060675,"parent":134669,"menu_order":0,"comment_status":"closed","ping_status":"closed","template":"page_author_sidebar.php","meta":{"_acf_changed":false,"footnotes":""},"class_list":["post-149068","page","type-page","status-publish","has-post-thumbnail","hentry"],"acf":[],"_links":{"self":[{"href":"https:\/\/staging.casinoalto.com\/ar\/wp-json\/wp\/v2\/pages\/149068","targetHints":{"allow":["GET"]}}],"collection":[{"href":"https:\/\/staging.casinoalto.com\/ar\/wp-json\/wp\/v2\/pages"}],"about":[{"href":"https:\/\/staging.casinoalto.com\/ar\/wp-json\/wp\/v2\/types\/page"}],"author":[{"embeddable":true,"href":"https:\/\/staging.casinoalto.com\/ar\/wp-json\/wp\/v2\/users\/18"}],"replies":[{"embeddable":true,"href":"https:\/\/staging.casinoalto.com\/ar\/wp-json\/wp\/v2\/comments?post=149068"}],"version-history":[{"count":7,"href":"https:\/\/staging.casinoalto.com\/ar\/wp-json\/wp\/v2\/pages\/149068\/revisions"}],"predecessor-version":[{"id":10061888,"href":"https:\/\/staging.casinoalto.com\/ar\/wp-json\/wp\/v2\/pages\/149068\/revisions\/10061888"}],"up":[{"embeddable":true,"href":"https:\/\/staging.casinoalto.com\/ar\/wp-json\/wp\/v2\/pages\/134669"}],"wp:featuredmedia":[{"embeddable":true,"href":"https:\/\/staging.casinoalto.com\/ar\/wp-json\/wp\/v2\/media\/10060675"}],"wp:attachment":[{"href":"https:\/\/staging.casinoalto.com\/ar\/wp-json\/wp\/v2\/media?parent=149068"}],"curies":[{"name":"wp","href":"https:\/\/api.w.org\/{rel}","templated":true}]}}