{"id":149579,"date":"2019-02-02T22:28:07","date_gmt":"2019-02-02T22:28:07","guid":{"rendered":"https:\/\/casinoalto.com\/?page_id=149579"},"modified":"2026-01-27T15:36:49","modified_gmt":"2026-01-27T15:36:49","slug":"vingo","status":"publish","type":"page","link":"https:\/\/staging.casinoalto.com\/ar\/reglas\/vingo\/","title":{"rendered":"Reglas Vingo &#8211; C\u00f3mo se juega"},"content":{"rendered":"<p><img loading=\"lazy\" decoding=\"async\" class=\"alignnone size-full wp-image-150193\" src=\"\/ar\/wp-content\/uploads\/sites\/2\/2021\/08\/casino-alto_covers_vingo.webp\" alt=\"\" width=\"1668\" height=\"990\" \/><\/p>\n<p>No todos los casinos son capaces de entender las virtudes que puede tener un juego rico en reglas y estrategias para usar en las casas listadas por <a href=\"https:\/\/casinoalto.com\/ar\/\" target=\"_blank\" rel=\"noopener\">Casino Alto<\/a>.<\/p>\n<p>Los tiempos que corren incitan a ofertar juegos r\u00e1pidos y muy din\u00e1micos, pero a veces hasta estos se acaban quedando atr\u00e1s. Es el caso del vingo, un juego parecido al <a href=\"\/ar\/reglas\/uno\/\">uno para jugar en la demo<\/a> y que se practica con la baraja espa\u00f1ola.<\/p>\n<div id=\"ez-toc-container\" class=\"ez-toc-v2_0_82_2 counter-hierarchy ez-toc-counter ez-toc-custom ez-toc-container-direction\">\n<div class=\"ez-toc-title-container\">\n<p class=\"ez-toc-title\" style=\"cursor:inherit\">Tabla de contenidos<\/p>\n<span class=\"ez-toc-title-toggle\"><a href=\"#\" class=\"ez-toc-pull-right ez-toc-btn ez-toc-btn-xs ez-toc-btn-default ez-toc-toggle\" aria-label=\"Toggle Table of Content\"><span class=\"ez-toc-js-icon-con\"><span class=\"\"><span class=\"eztoc-hide\" style=\"display:none;\">Toggle<\/span><span class=\"ez-toc-icon-toggle-span\"><svg style=\"fill: #999;color:#999\" xmlns=\"http:\/\/www.w3.org\/2000\/svg\" class=\"list-377408\" width=\"20px\" height=\"20px\" viewBox=\"0 0 24 24\" fill=\"none\"><path d=\"M6 6H4v2h2V6zm14 0H8v2h12V6zM4 11h2v2H4v-2zm16 0H8v2h12v-2zM4 16h2v2H4v-2zm16 0H8v2h12v-2z\" fill=\"currentColor\"><\/path><\/svg><svg style=\"fill: #999;color:#999\" class=\"arrow-unsorted-368013\" xmlns=\"http:\/\/www.w3.org\/2000\/svg\" width=\"10px\" height=\"10px\" viewBox=\"0 0 24 24\" version=\"1.2\" baseProfile=\"tiny\"><path d=\"M18.2 9.3l-6.2-6.3-6.2 6.3c-.2.2-.3.4-.3.7s.1.5.3.7c.2.2.4.3.7.3h11c.3 0 .5-.1.7-.3.2-.2.3-.5.3-.7s-.1-.5-.3-.7zM5.8 14.7l6.2 6.3 6.2-6.3c.2-.2.3-.5.3-.7s-.1-.5-.3-.7c-.2-.2-.4-.3-.7-.3h-11c-.3 0-.5.1-.7.3-.2.2-.3.5-.3.7s.1.5.3.7z\"\/><\/svg><\/span><\/span><\/span><\/a><\/span><\/div>\n<nav><ul class='ez-toc-list ez-toc-list-level-1 eztoc-toggle-hide-by-default' ><li class='ez-toc-page-1 ez-toc-heading-level-2'><a class=\"ez-toc-link ez-toc-heading-1\" href=\"https:\/\/staging.casinoalto.com\/ar\/reglas\/vingo\/#Historia-del-vingo\" >Historia del vingo<\/a><\/li><li class='ez-toc-page-1 ez-toc-heading-level-2'><a class=\"ez-toc-link ez-toc-heading-2\" href=\"https:\/\/staging.casinoalto.com\/ar\/reglas\/vingo\/#Objetivo-del-juego\" >Objetivo del juego<\/a><\/li><li class='ez-toc-page-1 ez-toc-heading-level-2'><a class=\"ez-toc-link ez-toc-heading-3\" href=\"https:\/\/staging.casinoalto.com\/ar\/reglas\/vingo\/#Elementos-del-juego\" >Elementos del juego<\/a><\/li><li class='ez-toc-page-1 ez-toc-heading-level-2'><a class=\"ez-toc-link ez-toc-heading-4\" href=\"https:\/\/staging.casinoalto.com\/ar\/reglas\/vingo\/#Como-se-juega-al-vingo\" >C\u00f3mo se juega al vingo<\/a><\/li><\/ul><\/nav><\/div>\n<h2><span class=\"ez-toc-section\" id=\"Historia-del-vingo\"><\/span>Historia del vingo<span class=\"ez-toc-section-end\"><\/span><\/h2>\n<p>No queda claro en qu\u00e9 momento de la historia se empez\u00f3 a practicar el vingo, pero lo que est\u00e1 claro es que sus ra\u00edces est\u00e1n en Sudam\u00e9rica.<\/p>\n<p>La zona en la que m\u00e1s ha calado y en la que a d\u00eda de hoy se sigue practicando es en la regi\u00f3n del r\u00edo de la plata, entre Argentina y Uruguay. Es en territorio charr\u00faa donde el vingo es m\u00e1s popualr. El habla hispana ayuda a que la baraja espa\u00f1ola sea la protagonista en este juego.<\/p>\n<h2><span class=\"ez-toc-section\" id=\"Objetivo-del-juego\"><\/span>Objetivo del juego<span class=\"ez-toc-section-end\"><\/span><\/h2>\n<p>El objetivo del vingo es <strong>deshacerse de todas las cartas de la baza lo antes posible<\/strong>. En el caso de que un jugador est\u00e9 cerca de ganar habr\u00e1 que intentar que robe cartas, ya que el ganador de la partida es el que se lleva m\u00e1s premio final.<\/p>\n<h2><span class=\"ez-toc-section\" id=\"Elementos-del-juego\"><\/span>Elementos del juego<span class=\"ez-toc-section-end\"><\/span><\/h2>\n<ul>\n<li>Baraja espa\u00f1ola de 48 o 50 cartas.<\/li>\n<li>Tapete (opcional).<\/li>\n<li>Fichas de poker para apostar (opcional).<\/li>\n<li>De 2 a 6 personas. Se suele practicar con una sola baraja, aunque si juegan m\u00e1s de seis jugadores se podr\u00eda utilizar una segunda baraja.<\/li>\n<\/ul>\n<h2><span class=\"ez-toc-section\" id=\"Como-se-juega-al-vingo\"><\/span>C\u00f3mo se juega al vingo<span class=\"ez-toc-section-end\"><\/span><\/h2>\n<p>El vingo es un juego que no ha tenido demasiado recorrido en los <a href=\"\/ar\/casinos-online\/\">casinos en l\u00ednea para jugar<\/a> a lo largo de su historia. Es una pr\u00e1ctica que suele utilizarse entre los m\u00e1s j\u00f3venes para aprender a jugar a juegos de cartas, ya que es sencillo y solo hay que recordar en que consiste cada naipe para poder emplearlo con eficiencia.<\/p>\n<p>Al contrario que pasa con otros juegos, <strong>el vingo es din\u00e1mico y es capaz de implicar a muchas personas en el mismo<\/strong>. Las mesas de los casinos suelen tener un n\u00famero limitado de jugadores, unos puestos determinados y que no se pueden sobrepasar. Sin embargo, este juego podr\u00eda incluso comprender a m\u00e1s gente en una misma partida.<\/p>\n<p>Su mecanismo implica que sea r\u00e1pido y divertido. Los jugadores deben practicarlo casi sin pensar para que se consiga el efecto deseado dentro del juego, aunque eso tambi\u00e9n depender\u00e1 de los jugadores y del crupier que reparta los naipes.<\/p>\n<p>Una partida puede ser r\u00e1pida y eso ayuda mucho a que los magnates de los salones de juego lo vieran con buenos ojos.<\/p>\n<p>A pesar de ello, normalmente, <strong>se ha utilizado para formar parte en los torneos del casino<\/strong>. Se utilizaban varias mesas con muchos jugadores y cuando los ganadores finalizaban se marchaban a una \u00faltima mesa en la que disputarse los \u00faltimos premios.<\/p>\n<p>Una especie de mec\u00e1nica parecida a la del poker y que resulta muy entretenido para todos los que lo practican.<\/p>\n<p>En cualquier caso, tambi\u00e9n se utiliz\u00f3 en la sala principal de los casinos, disponible para cualquiera que accediera al mismo. Con el tiempo fue perdiendo fuelle y al final dej\u00f3 paso a otros juegos m\u00e1s novedosos, pero en ciertos establecimientos todav\u00eda se sigue jugando ya que ofrece mucha fluidez.<\/p>\n<p>Lo primero que hay que conocer son las cartas que se pueden utilizar dentro del juego. En este caso concreto, la jerarqu\u00eda no es tan importante por la forma de desarrollo, pero aun as\u00ed es buena conocerla para posibles confusiones y para aquellos casinos que prefieren dejar el turno inicial al que saca la carta m\u00e1s alta. El orden es:<\/p>\n<ul>\n<li>Joker o comod\u00edn<\/li>\n<li>Rey<\/li>\n<li>Caballo<\/li>\n<li>Sota<\/li>\n<li>Nueve<\/li>\n<li>Ocho<\/li>\n<li>Siete<\/li>\n<li>Seis<\/li>\n<li>Cinco<\/li>\n<li>Cuatro<\/li>\n<li>Tres<\/li>\n<li>Dos<\/li>\n<li>Uno<\/li>\n<\/ul>\n<p>Hay que dejar claro que jokers o comodines solo hay dos y no cuatro, y por eso la baraja la componen cincuenta cartas y no cincuenta y dos. Como dec\u00edamos antes, <strong>esto puede ser importante a la hora de conocer qui\u00e9n ser\u00e1 el primero en lanzar carta en cada partida<\/strong>.<\/p>\n<p>En algunos casinos se da una carta a cada jugador y el que obtenga la m\u00e1s alta es el que lo hace. El comod\u00edn vale por cualquier carta y por lo tanto gana a cualquiera.<\/p>\n<p>Si se produjera un empate entre dos jugadores, se volver\u00eda a repartir solo carta a ellos dos y que se decida. Lo m\u00e1s l\u00f3gico es que el repartidor haga un primer sorteo una vez que se arranca la partida y a partir de ah\u00ed se vaya rotando el turno de saque a trav\u00e9s de una ficha identificativa que lo indique.<\/p>\n<p>Tambi\u00e9n puede pasar que se haga un sorteo cada vez que se empiece o que se haga cuando alg\u00fan jugador se marche de su sitio en la mesa y deje hueco a otro.<\/p>\n<p>Una vez que se sabe que apostador es el que empieza, <strong>el crupier reparte cinco cartas a cada uno de ellos<\/strong>. Esas son con las que se deben desempe\u00f1ar los primeros movimientos. El resto del mazo que sobra se deja en el centro de la mesa para que est\u00e9 al alcance de todos los jugadores. De esa baraja se deber\u00e1 robar cuando no se disponga de carta para tirar.<\/p>\n<p>Y adem\u00e1s, dejar\u00e1 una carta descubierta que ser\u00e1 la que marque el inicio de la partida y del primer jugador que est\u00e9 obligado a lanzar naipe. <strong>El objetivo es que los jugadores sigan la serie que marca esa carta y que solo puedan lanzar o una carta del mismo n\u00famero o una carta del mismo palo<\/strong>.<\/p>\n<p>Esas son las opciones del primer jugador y sino puede ejecutar ninguna de las dos opciones deber\u00e1 robar carta del mazo. Lo bueno de este juego es que robar no implica perder el turno como ocurre en otros juegos. Es decir, el jugador recoger\u00e1 la carta y podr\u00e1 lanzarla si coincide con los dos supuestos anteriores.<\/p>\n<p>Para entenderlo mejor ponemos un ejemplo. El crupier descubre una primera carta, que es el cinco de espadas. El primer jugador podr\u00eda lanza el cinco de cualquiera de los otros tres palos si dispone de ellos o cualquier carta del palo de espadas. Podr\u00eda lanzar un siete de espadas o un caballo de espadas.<\/p>\n<p><strong>Si la carta que se ha obtenido del mazo de robos tampoco es v\u00e1lida para lanzarse, entonces el jugador se quedar\u00e1 con ella e indicar\u00e1 que pasa<\/strong>. El turno pasar\u00e1 al siguiente jugador y este tendr\u00e1 que seguir estas mismas reglas.<\/p>\n<p>Lo divertido de este juego es que no solamente eso es v\u00e1lido, sino que despu\u00e9s cada n\u00famero tiene un significado y puede cambiar el ritmo de la partida. Los jugadores tienen que saber el poder de cada uno de los naipes para poder entender lo que implica cada uno de los lanzamientos de sus adversarios.<\/p>\n<p>Hay dos cartas que pueden saltarse la norma de lanzar una carta del mismo n\u00famero o del mismo palo. Por un lado, est\u00e1n los onces. Estos se pueden lanzar en cualquier momento de la partida, incluso si no se est\u00e1 jugando al palo del caballo que se lanza.<\/p>\n<p>Esto significa que si hay un dos de oros para jugar, se puede lanzar el caballo de bastos y ser\u00eda v\u00e1lido. <strong>La misi\u00f3n del once es cambiar el palo al que el jugador que lo ha lanzado indique<\/strong>.<\/p>\n<p>El otro que modifica esas premisas iniciales es <strong>el comod\u00edn o joker<\/strong>. Tambi\u00e9n se puede tirar en cualquier momento, como le ocurre al once, y <strong>su funci\u00f3n es la de hacer que el siguiente jugador tenga que robar obligatoriamente cinco cartas<\/strong> del mazo de robos. Despu\u00e9s de emplearlo se lanzar\u00e1 la carta que se quiera para poder seguir la cadena.<\/p>\n<p>No es la \u00fanica carta que hace que el jugador m\u00e1s pr\u00f3ximo robe cartas, sino que <strong>los doses tienen esa misma caracter\u00edstica. Lo \u00fanico diferente es que en lugar de cinco se roban dos naipes<\/strong>.<\/p>\n<p>El peligro de los doses y los comodines es que el siguiente jugador puede lanzar tambi\u00e9n otra carta del mismo n\u00famero y entonces se librar\u00e1 de tener que robar. El que tendr\u00e1 que hacerlo ser\u00e1 el siguiente jugador y sumando el total de cartas.<\/p>\n<p>Es decir, si un jugador lanza un dos y el siguiente lanza otro dos, ser\u00e1 el tercer jugador el que tenga que robar cuatro cartas, la suma correspondiente a las dos cartas de los dos doses que se han lanzado.<\/p>\n<p>Hacer este movimiento cuando se acaba de empezar la partida suele ser peligroso, ya que seguramente muchos jugadores tendr\u00e1n este tipo de cartas y la cadena podr\u00eda volverle incluso al que lanz\u00f3 el primer naipe de robo.<\/p>\n<p>Otras cartas especiales son <strong>los unos, que sirven para cambiar el sentido de la partida<\/strong>. Es decir, si la ronda va a derechas y se lanza un uno cambiar\u00e1 a izquierdas y viceversa. Las \u00faltimas son <strong>los sietes y los doces que tienen la misi\u00f3n de saltar el turno del siguiente jugador<\/strong> y dejarlo sin poder realizar lanzamiento.<\/p>\n<p>El juego finaliza cuando los jugadores se deshacen de todas sus cartas. Depende el casino ser\u00e1 importante la posici\u00f3n en la que se quede, al margen del que sea ganador, ya que se repartir\u00e1n partes de las ganancias entre los siguientes. En ese caso se sigue jugando hasta que todos se deshagan de los naipes. Si no, una vez que hay ganador se abandona la partida.<\/p>\n<p>Las apuestas se hacen al inicio del juego y despu\u00e9s los que quedan primeros son los que se llevan esas apuestas realizadas previamente.<\/p>\n<p>\u00bfQuer\u00e9s jugar con seguridad? Seleccion\u00e1 el <a href=\"https:\/\/casinoalto.com\/ar\/metodos-de-pago\/\" target=\"_blank\" rel=\"noopener\">m\u00e9todo de pago para hacer dep\u00f3sitos<\/a> y aprovech\u00e1 los <a href=\"https:\/\/casinoalto.com\/ar\/bonos-de-bienvenida\/\" target=\"_blank\" rel=\"noopener\">bonos de bienvenida y promociones para jugar<\/a>.<\/p>\n","protected":false},"excerpt":{"rendered":"<p>No todos los casinos son capaces de entender las virtudes que puede tener un juego rico en reglas y estrategias para usar en las casas listadas por Casino Alto. Los tiempos que corren incitan a ofertar juegos r\u00e1pidos y muy din\u00e1micos, pero a veces hasta estos se acaban quedando atr\u00e1s. Es el caso del vingo, [&hellip;]<\/p>\n","protected":false},"author":18,"featured_media":10059375,"parent":134669,"menu_order":0,"comment_status":"closed","ping_status":"closed","template":"page_author_sidebar.php","meta":{"_acf_changed":false,"footnotes":""},"class_list":["post-149579","page","type-page","status-publish","has-post-thumbnail","hentry"],"acf":[],"_links":{"self":[{"href":"https:\/\/staging.casinoalto.com\/ar\/wp-json\/wp\/v2\/pages\/149579","targetHints":{"allow":["GET"]}}],"collection":[{"href":"https:\/\/staging.casinoalto.com\/ar\/wp-json\/wp\/v2\/pages"}],"about":[{"href":"https:\/\/staging.casinoalto.com\/ar\/wp-json\/wp\/v2\/types\/page"}],"author":[{"embeddable":true,"href":"https:\/\/staging.casinoalto.com\/ar\/wp-json\/wp\/v2\/users\/18"}],"replies":[{"embeddable":true,"href":"https:\/\/staging.casinoalto.com\/ar\/wp-json\/wp\/v2\/comments?post=149579"}],"version-history":[{"count":6,"href":"https:\/\/staging.casinoalto.com\/ar\/wp-json\/wp\/v2\/pages\/149579\/revisions"}],"predecessor-version":[{"id":10061695,"href":"https:\/\/staging.casinoalto.com\/ar\/wp-json\/wp\/v2\/pages\/149579\/revisions\/10061695"}],"up":[{"embeddable":true,"href":"https:\/\/staging.casinoalto.com\/ar\/wp-json\/wp\/v2\/pages\/134669"}],"wp:featuredmedia":[{"embeddable":true,"href":"https:\/\/staging.casinoalto.com\/ar\/wp-json\/wp\/v2\/media\/10059375"}],"wp:attachment":[{"href":"https:\/\/staging.casinoalto.com\/ar\/wp-json\/wp\/v2\/media?parent=149579"}],"curies":[{"name":"wp","href":"https:\/\/api.w.org\/{rel}","templated":true}]}}