{"id":2,"date":"2024-03-08T03:43:38","date_gmt":"2024-03-08T03:43:38","guid":{"rendered":"http:\/\/casinoalto.com\/ar\/?page_id=2"},"modified":"2025-03-21T15:39:54","modified_gmt":"2025-03-21T15:39:54","slug":"metodos-de-pago","status":"publish","type":"page","link":"https:\/\/staging.casinoalto.com\/ar\/metodos-de-pago\/","title":{"rendered":"M\u00e9todos de pago de casinos online en Argentina"},"content":{"rendered":"<p>Depositar dinero de manera f\u00e1cil, r\u00e1pida y segura es una de las cosas m\u00e1s importantes para el jugador de casino online. A continuaci\u00f3n podr\u00e1s ver la lista de las <strong>mejores formas de depositar y retirar dinero<\/strong> en un <a href=\"\/ar\/casinos-online\/\">casino online de Argentina<\/a>.<\/p>\n","protected":false},"excerpt":{"rendered":"<p>Depositar dinero de manera f\u00e1cil, r\u00e1pida y segura es una de las cosas m\u00e1s importantes para el jugador de casino online. A continuaci\u00f3n podr\u00e1s ver la lista de las mejores formas de depositar y retirar dinero en un casino online de Argentina.<\/p>\n","protected":false},"author":1,"featured_media":0,"parent":0,"menu_order":0,"comment_status":"closed","ping_status":"open","template":"deposit-methods-style-1.php","meta":{"_acf_changed":false,"footnotes":""},"class_list":["post-2","page","type-page","status-publish","hentry"],"acf":[],"_links":{"self":[{"href":"https:\/\/staging.casinoalto.com\/ar\/wp-json\/wp\/v2\/pages\/2","targetHints":{"allow":["GET"]}}],"collection":[{"href":"https:\/\/staging.casinoalto.com\/ar\/wp-json\/wp\/v2\/pages"}],"about":[{"href":"https:\/\/staging.casinoalto.com\/ar\/wp-json\/wp\/v2\/types\/page"}],"author":[{"embeddable":true,"href":"https:\/\/staging.casinoalto.com\/ar\/wp-json\/wp\/v2\/users\/1"}],"replies":[{"embeddable":true,"href":"https:\/\/staging.casinoalto.com\/ar\/wp-json\/wp\/v2\/comments?post=2"}],"version-history":[{"count":3,"href":"https:\/\/staging.casinoalto.com\/ar\/wp-json\/wp\/v2\/pages\/2\/revisions"}],"predecessor-version":[{"id":10061434,"href":"https:\/\/staging.casinoalto.com\/ar\/wp-json\/wp\/v2\/pages\/2\/revisions\/10061434"}],"wp:attachment":[{"href":"https:\/\/staging.casinoalto.com\/ar\/wp-json\/wp\/v2\/media?parent=2"}],"curies":[{"name":"wp","href":"https:\/\/api.w.org\/{rel}","templated":true}]}}