{"id":10054081,"date":"2020-09-21T19:28:32","date_gmt":"2020-09-21T19:28:32","guid":{"rendered":"https:\/\/casinoalto.com\/br\/?page_id=10054081"},"modified":"2026-01-24T15:38:17","modified_gmt":"2026-01-24T15:38:17","slug":"codigo-promocional-1xbet","status":"publish","type":"page","link":"https:\/\/staging.casinoalto.com\/br\/codigos\/codigo-promocional-1xbet\/","title":{"rendered":"C\u00f3digo Promocional 1XBET"},"content":{"rendered":"<p>O grande cat\u00e1logo de jogos que o <a href=\"\/br\/casinos-online\/1xbet\/\">1XBET<\/a> possui \u00e9 uma das melhores op\u00e7\u00f5es do mercado para todos os amantes dos jogos de apostas. Por\u00e9m, \u00e9 mais ainda para os novos utilizadores destes sites e que pretendem aventurar-se no mundo dos jogos de azar com mais frequ\u00eancia.<\/p>\n<p>Este <a href=\"\/br\/casinos-online\/\">cassino online<\/a> tem sua sede na R\u00fassia e tem uma presen\u00e7a global gra\u00e7as \u00e0 grande capacidade de personaliza\u00e7\u00e3o: o site foi traduzido para at\u00e9 43 idiomas. A oferta 1xbet inclui apostas desportivas e cassino, al\u00e9m de possuir os m\u00e9todos de pagamento mais simples e comuns do mercado.<\/p>\n<p>1xbet tem um design simples, o que torna sua utiliza\u00e7\u00e3o f\u00e1cil para todos os que iniciam nos jogos de azar. Este site possui licen\u00e7a concedida em Cura\u00e7ao, por isso \u00e9 fato que os dados pessoais e banc\u00e1rios, assim como o seu dinheiro, estar\u00e3o seguros neste site; Outro fato a destacar \u00e9 que eles possuem um aplicativo para smartphones, os links para download para Android e iOS podem ser encontrados na p\u00e1gina.<\/p>\n<p><strong>O b\u00f4nus de boas-vindas 1xbet consiste em receber at\u00e9 1500 euros mais um total de 150 rodadas<\/strong> <strong>nos jogos selecionados pelo cassino, uma oportunidade que n\u00e3o pode perder e aqui lhe dizemos como obter.<\/strong><\/p>\n<p><em>Passos a seguir para obter o b\u00f4nus:<\/em><\/p>\n<ul>\n<li>Cadastre-se na plataforma e preencha todos os seus dados atrav\u00e9s de nossos links.<\/li>\n<li>Fa\u00e7a o seu primeiro dep\u00f3sito atrav\u00e9s do c\u00f3digo promocional 1xBet.<\/li>\n<li>Receba o b\u00f4nus de boas-vindas de at\u00e9 1500 euros para o cassino.<\/li>\n<li>Esta promo\u00e7\u00e3o ser\u00e1 automaticamente lan\u00e7ada na sua conta, assim que o dep\u00f3sito for feito.<\/li>\n<\/ul>\n<p>Para obter este <a href=\"\/br\/bonos-de-bienvenida\/\">b\u00f4nus de boas-vindas<\/a>, primeiro ter\u00e1 de criar uma conta na 1xbet e ter\u00e1 de fazer um primeiro dep\u00f3sito de pelo menos 10 euros. Depois disso, o b\u00f4nus ser\u00e1 automaticamente creditado na sua conta.<\/p>\n<p>As regras que 1xbet tem sobre o seu b\u00f4nus s\u00e3o v\u00e1rias e se voc\u00ea cumprir todas elas, n\u00e3o ter\u00e1 nenhum problema em obt\u00ea-lo.<\/p>\n<p>O b\u00f4nus s\u00f3 ser\u00e1 creditado nas contas com os perfis devidamente preenchidos, para receber as rodadas gr\u00e1tis, o n\u00famero do telefone do usu\u00e1rio deve estar ativado no momento de cumprir o requisito de aposta b\u00f4nus.<\/p>\n<p>As rodadas gr\u00e1tis s\u00f3 ser\u00e3o concedidas ap\u00f3s o b\u00f4nus de dep\u00f3sito ter sido resgatado, os jogos em que eles podem ser usados \u200b\u200bs\u00e3o:<\/p>\n<ul>\n<li>Primeiro dep\u00f3sito &#8211; Livro de Ouro: Cl\u00e1ssico<\/li>\n<li>Segundo dep\u00f3sito &#8211; Lenda de Cle\u00f3patra<\/li>\n<li>Terceiro tanque &#8211; Solar Queen<\/li>\n<li>Quarto tanque &#8211; Frutas Imperiais: 40 linhas<\/li>\n<\/ul>\n<p>Para poder optar pelos b\u00f4nus de dep\u00f3sito, <strong>dever\u00e1 ser depositado um m\u00ednimo de 10 euros<\/strong> no primeiro dep\u00f3sito e 15 euros do segundo ao quarto dep\u00f3sito.<\/p>\n<p>Os ganhos m\u00e1ximos que podem ser reclamados s\u00e3o de <strong>300 euros, 350 euros, 400 euros e 450 euros<\/strong>, respetivamente, em termos de rodadas, sendo divididos cronologicamente em <strong>30 rodadas, 35 rodadas, 40 rodadas e 45 rodadas<\/strong>.<\/p>\n<p>Todos os b\u00f4nus de dep\u00f3sito t\u00eam de ser resgatados reinvestindo o valor do b\u00f3nus <strong>x35 vezes no prazo de 7 dias<\/strong>, de notar que o valor das apostas n\u00e3o pode ser superior a 5 euros, pelo menos at\u00e9 que o b\u00f4nus seja resgatado.<\/p>\n<div id=\"gtx-trans\">\n<div class=\"gtx-trans-icon\"><\/div>\n<\/div>\n","protected":false},"excerpt":{"rendered":"<p>O grande cat\u00e1logo de jogos que o 1XBET possui \u00e9 uma das melhores op\u00e7\u00f5es do mercado para todos os amantes dos jogos de apostas. Por\u00e9m, \u00e9 mais ainda para os novos utilizadores destes sites e que pretendem aventurar-se no mundo dos jogos de azar com mais frequ\u00eancia. Este cassino online tem sua sede na R\u00fassia [&hellip;]<\/p>\n","protected":false},"author":20,"featured_media":0,"parent":154198,"menu_order":0,"comment_status":"closed","ping_status":"closed","template":"single_codigo.php","meta":{"_acf_changed":false,"footnotes":""},"class_list":["post-10054081","page","type-page","status-publish","hentry"],"acf":[],"_links":{"self":[{"href":"https:\/\/staging.casinoalto.com\/br\/wp-json\/wp\/v2\/pages\/10054081","targetHints":{"allow":["GET"]}}],"collection":[{"href":"https:\/\/staging.casinoalto.com\/br\/wp-json\/wp\/v2\/pages"}],"about":[{"href":"https:\/\/staging.casinoalto.com\/br\/wp-json\/wp\/v2\/types\/page"}],"author":[{"embeddable":true,"href":"https:\/\/staging.casinoalto.com\/br\/wp-json\/wp\/v2\/users\/20"}],"replies":[{"embeddable":true,"href":"https:\/\/staging.casinoalto.com\/br\/wp-json\/wp\/v2\/comments?post=10054081"}],"version-history":[{"count":5,"href":"https:\/\/staging.casinoalto.com\/br\/wp-json\/wp\/v2\/pages\/10054081\/revisions"}],"predecessor-version":[{"id":10063830,"href":"https:\/\/staging.casinoalto.com\/br\/wp-json\/wp\/v2\/pages\/10054081\/revisions\/10063830"}],"up":[{"embeddable":true,"href":"https:\/\/staging.casinoalto.com\/br\/wp-json\/wp\/v2\/pages\/154198"}],"wp:attachment":[{"href":"https:\/\/staging.casinoalto.com\/br\/wp-json\/wp\/v2\/media?parent=10054081"}],"curies":[{"name":"wp","href":"https:\/\/api.w.org\/{rel}","templated":true}]}}