{"id":10054844,"date":"2021-03-13T16:49:54","date_gmt":"2021-03-13T16:49:54","guid":{"rendered":"https:\/\/casinoalto.com\/br\/?page_id=10054844"},"modified":"2024-11-26T19:46:09","modified_gmt":"2024-11-26T19:46:09","slug":"codigo-promocional-bacana-play","status":"publish","type":"page","link":"https:\/\/staging.casinoalto.com\/br\/codigos\/codigo-promocional-bacana-play\/","title":{"rendered":"C\u00f3digo promocional Bacana Play"},"content":{"rendered":"<p>O <a href=\"\/br\/casinos-online\/bacana-play\/\">Bacana Play<\/a> \u00e9 um cassino online que est\u00e1 come\u00e7ando a se tornar famoso e para ganhar ainda mais seu p\u00fablico, traz algumas ofertas de b\u00f4nus e promo\u00e7\u00f5es. Vamos falar sobre eles agora!<\/p>\n<p>O cassino regulado pela Malta Gaming Authority oferece um <strong>b\u00f4nus de boas vindas de 100%<\/strong>. Ou seja, se voc\u00ea depositar 50 reais, ganhar\u00e1 mais 50 reais extras para jogar. Al\u00e9m do b\u00f4nus, o cassino oferece 25 rodadas gr\u00e1tis (free spins) no slot <strong>Book of Dead<\/strong>. E para conseguir esse benef\u00edcio \u00e9 bem f\u00e1cil. Basta seguir os passos abaixo:<\/p>\n<p>Passos a seguir para obter a promo\u00e7\u00e3o:<\/p>\n<ul>\n<li>Registre-se no Cassino Bacana Play atrav\u00e9s dos nossos links<\/li>\n<li>Fa\u00e7a um primeiro dep\u00f3sito usando o c\u00f3digo \u201cBACANA\u201d<\/li>\n<li>Verifique em sua conta o email enviado pelo Cassino Bacana Play<\/li>\n<li>O b\u00f4nus ser\u00e1 creditado em sua conta e poder\u00e1 ser usado<\/li>\n<\/ul>\n<p>Lembrando que o limite \u00e9 de 500 reais, sendo que o primeiro dep\u00f3sito deve ser no valor m\u00ednimo de 20 reais. J\u00e1 o valor do spin deve ser de 0,40 centavos.<\/p>\n<p>Al\u00e9m disso \u00e9 necess\u00e1rio estar atento aos termos gerais: o b\u00f4nus de boas vindas do <a href=\"\/br\/casinos-online\/\">cassino<\/a> s\u00f3 pode ser reivindicado uma vez no per\u00edodo de 72 horas. Caso o b\u00f4nus n\u00e3o apare\u00e7a na conta neste per\u00edodo, o cliente deve entrar em contato com a empresa imediatamente.<\/p>\n<p>\u00c9 importante tamb\u00e9m saber sobre o rollover (valor para receber os ganhos). O rollover do Bacana Play \u00e9 de <strong>30x (trinta vezes) o valor da bonifica\u00e7\u00e3o<\/strong> e deve ser utilizado em 30 dias. \u00a0Por exemplo, se voc\u00ea fizer o primeiro dep\u00f3sito de 100 reais, ter\u00e1 que apostar 3000 reais para poder libera-lo.<\/p>\n<p>Al\u00e9m do <a href=\"\/br\/bonos-de-bienvenida\/\">b\u00f4nus de boas vindas<\/a>, o Bacana Play tamb\u00e9m oferece outras promo\u00e7\u00f5es como o \u201c<strong>Convide um amigo<\/strong>\u201d. Neste, o cliente que indicar um amigo receber\u00e1 b\u00f4nus. Mas para que receba, \u00e9 necess\u00e1rio que o amigo se inscreva e fa\u00e7a seu primeiro dep\u00f3sito num prazo de 7 dias a contar do convite.<\/p>\n<p>Outras ofertas no Bacana Play incluem<strong> rodadas gr\u00e1tis, b\u00f4nus de recarga<\/strong> e outras que aparecem na aba ofertas di\u00e1rias. O cassino tamb\u00e9m oferece um clube de fidelidade, o Clube VIB (Very Important Bacana).<\/p>\n<p>Dividido em seis n\u00edveis, o <strong>Club VIB<\/strong> premia de acordo com a assiduidade do cliente. E quanto mais ele acessa o site e realiza seus jogos, mais acumula pontos e pode avan\u00e7ar do Bronze (o n\u00edvel mais baixo) at\u00e9 o Red Diamond (o n\u00edvel mais alto).<\/p>\n<p>Alguns benef\u00edcios do Club VIB incluem pr\u00eamios exclusivos, giros gr\u00e1tis, levantamentos mais r\u00e1pidos, limites maiores e um gestor de conta pessoal.<\/p>\n<p>N\u00e3o perca a oportunidade de se inscrever no Cassino Bacana Play e aproveitar seus benef\u00edcios.<\/p>\n","protected":false},"excerpt":{"rendered":"<p>O Bacana Play \u00e9 um cassino online que est\u00e1 come\u00e7ando a se tornar famoso e para ganhar ainda mais seu p\u00fablico, traz algumas ofertas de b\u00f4nus e promo\u00e7\u00f5es. Vamos falar sobre eles agora! O cassino regulado pela Malta Gaming Authority oferece um b\u00f4nus de boas vindas de 100%. Ou seja, se voc\u00ea depositar 50 reais, [&hellip;]<\/p>\n","protected":false},"author":14,"featured_media":0,"parent":154198,"menu_order":0,"comment_status":"closed","ping_status":"closed","template":"single_codigo.php","meta":{"_acf_changed":false,"footnotes":""},"class_list":["post-10054844","page","type-page","status-publish","hentry"],"acf":[],"_links":{"self":[{"href":"https:\/\/staging.casinoalto.com\/br\/wp-json\/wp\/v2\/pages\/10054844","targetHints":{"allow":["GET"]}}],"collection":[{"href":"https:\/\/staging.casinoalto.com\/br\/wp-json\/wp\/v2\/pages"}],"about":[{"href":"https:\/\/staging.casinoalto.com\/br\/wp-json\/wp\/v2\/types\/page"}],"author":[{"embeddable":true,"href":"https:\/\/staging.casinoalto.com\/br\/wp-json\/wp\/v2\/users\/14"}],"replies":[{"embeddable":true,"href":"https:\/\/staging.casinoalto.com\/br\/wp-json\/wp\/v2\/comments?post=10054844"}],"version-history":[{"count":2,"href":"https:\/\/staging.casinoalto.com\/br\/wp-json\/wp\/v2\/pages\/10054844\/revisions"}],"predecessor-version":[{"id":10063537,"href":"https:\/\/staging.casinoalto.com\/br\/wp-json\/wp\/v2\/pages\/10054844\/revisions\/10063537"}],"up":[{"embeddable":true,"href":"https:\/\/staging.casinoalto.com\/br\/wp-json\/wp\/v2\/pages\/154198"}],"wp:attachment":[{"href":"https:\/\/staging.casinoalto.com\/br\/wp-json\/wp\/v2\/media?parent=10054844"}],"curies":[{"name":"wp","href":"https:\/\/api.w.org\/{rel}","templated":true}]}}