{"id":10062597,"date":"2023-06-26T14:34:11","date_gmt":"2023-06-26T14:34:11","guid":{"rendered":"https:\/\/casinoalto.com\/br\/?page_id=10062597"},"modified":"2026-01-24T17:29:17","modified_gmt":"2026-01-24T17:29:17","slug":"codigo-promocional-playuzu","status":"publish","type":"page","link":"https:\/\/staging.casinoalto.com\/br\/codigos\/codigo-promocional-playuzu\/","title":{"rendered":"C\u00f3digo promocional PlayUZU"},"content":{"rendered":"<p>A <a href=\"\/br\/casinos-online\/playuzu\/\">PlayUZU<\/a> \u00e9 uma marca de gambling que come\u00e7ou no Reino Unido e se espalhou para outros territ\u00f3rios, sobretudo no M\u00e9xico e agora no Brasil. Com uma variedade de milhares de jogos de cassino, cartas, roletas e cassino on-line, a PlayUZU promete uma boa oferta para o p\u00fablico brasileiro.<\/p>\n<p>Um dos principais focos e a grande bandeira da Playuzu \u00e9\u00a0<strong>a proposta de ser um cassino justo,\u00a0<\/strong>aumentando a porcentagem de pagamentos e contando com uma pol\u00edtica clara e objetiva direta com o jogador.<\/p>\n<p>Nesse sentido, a Playuzu\u00a0<strong>n\u00e3o coloca grandes barreiras\u00a0<\/strong>para o cadastro e para o levantamento de dinheiro diretamente da plataforma. E tal pol\u00edtica de relacionamento com os jogadores tamb\u00e9m influencia diretamente no tipo de b\u00f4nus de boas-vindas oferecido pelo site.<\/p>\n<h2>B\u00f4nus de boas-vindas<\/h2>\n<p>O site da PlayUZU oferece um b\u00f4nus de\u00a0<strong>80 partidas gr\u00e1tis <\/strong>creditadas diretamente na nova conta de usu\u00e1rio. A plataforma da PlayUZU chama seus benef\u00edcios de\u00a0<strong>Kickers,\u00a0<\/strong>dispon\u00edveis para\u00a0<strong>todos os novos usu\u00e1rios.<\/strong><\/p>\n<p>Para ter acesso ao b\u00f4nus de boas-vindas, basta fazer o primeiro dep\u00f3sito seguindo as regras:<\/p>\n<ul>\n<li>M\u00ednimo de R$20 e\u00a0<strong>m\u00e1ximo de 80 <\/strong>partidas gr\u00e1tis;<\/li>\n<li>Rodadas v\u00e1lidas para o jogo Book of Dead.<\/li>\n<\/ul>\n<p>Os lucros das rodadas gr\u00e1tis oferecidas pela PlayUZU s\u00e3o <strong>transformados diretamente em dinheiro real.\u00a0<\/strong>Pela proposta de n\u00e3o pedir requisitos m\u00ednimos de apostas, a Playuzu n\u00e3o oferece valores em dinheiro de b\u00f4nus. Por isso, a estrat\u00e9gia da plataforma \u00e9 diferente do corriqueiro.<\/p>\n<p>Vale ressaltar que as partidas gr\u00e1tis\u00a0<strong>n\u00e3o podem ser usadas\u00a0<\/strong>em outros jogos para al\u00e9m de Book of Dead. A promo\u00e7\u00e3o fica sujeita \u00e0s condi\u00e7\u00f5es da pr\u00f3pria plataforma, trazendo mudan\u00e7as e altera\u00e7\u00f5es.<\/p>\n<h2>Outras promo\u00e7\u00f5es da Playuzu<\/h2>\n<p>As promo\u00e7\u00f5es da Playuzu s\u00e3o chamadas de\u00a0<strong>Kickers\u00a0<\/strong>pela pr\u00f3pria plataforma. Nesse sentido, a Playuzu oferece\u00a0<strong>kickers personalizados\u00a0<\/strong>de acordo com a atua\u00e7\u00e3o do usu\u00e1rio no site. Os jogadores podem acessar o menu Kickers na plataforma e conferir uma s\u00e9rie de b\u00f4nus baseados no dia da semana e na atividade dos usu\u00e1rios.<\/p>\n<p>Al\u00e9m disso, a Playuzu conta com recompensas e grupos VIP. Os torneios e os brindes tamb\u00e9m s\u00e3o ofertados para os usu\u00e1rios mais ass\u00edduos, trazendo boas op\u00e7\u00f5es de b\u00f4nus com baixo valor para a retirada.<\/p>\n<h2>Veredito<\/h2>\n<p>A Playuzu oferece uma estrat\u00e9gia diferente dos outros sites, sem ofertar b\u00f4nus em dinheiro com altas taxas de rollover. Por isso, vale a pena ficar de olho na proposta da marca, principalmente se o usu\u00e1rio tiver certo costume com o game Book of Dead.<\/p>\n","protected":false},"excerpt":{"rendered":"<p>A PlayUZU \u00e9 uma marca de gambling que come\u00e7ou no Reino Unido e se espalhou para outros territ\u00f3rios, sobretudo no M\u00e9xico e agora no Brasil. Com uma variedade de milhares de jogos de cassino, cartas, roletas e cassino on-line, a PlayUZU promete uma boa oferta para o p\u00fablico brasileiro. Um dos principais focos e a [&hellip;]<\/p>\n","protected":false},"author":20,"featured_media":0,"parent":154198,"menu_order":0,"comment_status":"closed","ping_status":"closed","template":"single_codigo.php","meta":{"_acf_changed":false,"footnotes":""},"class_list":["post-10062597","page","type-page","status-publish","hentry"],"acf":[],"_links":{"self":[{"href":"https:\/\/staging.casinoalto.com\/br\/wp-json\/wp\/v2\/pages\/10062597","targetHints":{"allow":["GET"]}}],"collection":[{"href":"https:\/\/staging.casinoalto.com\/br\/wp-json\/wp\/v2\/pages"}],"about":[{"href":"https:\/\/staging.casinoalto.com\/br\/wp-json\/wp\/v2\/types\/page"}],"author":[{"embeddable":true,"href":"https:\/\/staging.casinoalto.com\/br\/wp-json\/wp\/v2\/users\/20"}],"replies":[{"embeddable":true,"href":"https:\/\/staging.casinoalto.com\/br\/wp-json\/wp\/v2\/comments?post=10062597"}],"version-history":[{"count":3,"href":"https:\/\/staging.casinoalto.com\/br\/wp-json\/wp\/v2\/pages\/10062597\/revisions"}],"predecessor-version":[{"id":10063536,"href":"https:\/\/staging.casinoalto.com\/br\/wp-json\/wp\/v2\/pages\/10062597\/revisions\/10063536"}],"up":[{"embeddable":true,"href":"https:\/\/staging.casinoalto.com\/br\/wp-json\/wp\/v2\/pages\/154198"}],"wp:attachment":[{"href":"https:\/\/staging.casinoalto.com\/br\/wp-json\/wp\/v2\/media?parent=10062597"}],"curies":[{"name":"wp","href":"https:\/\/api.w.org\/{rel}","templated":true}]}}