{"id":135258,"date":"2017-10-16T14:36:15","date_gmt":"2017-10-16T14:36:15","guid":{"rendered":"https:\/\/casinoalto.com\/br\/?page_id=135258"},"modified":"2024-04-10T12:25:54","modified_gmt":"2024-04-10T12:25:54","slug":"contacto","status":"publish","type":"page","link":"https:\/\/staging.casinoalto.com\/br\/contacto\/","title":{"rendered":"Contato"},"content":{"rendered":"<p>Se voc\u00ea deseja entrar em contato conosco, pode enviar-nos um e-mail para <a href=\"mailto:contacto@casinoalto.com\">contacto@casinoalto.com<\/a>.<\/p>\n<p><em>Se voc\u00ea\u00a0nos enviar um email, estar\u00e1 aceitando a pol\u00edtica de privacidade, bem como a inclus\u00e3o de seus dados em um arquivo do cassinoalto.com. Voc\u00ea exercer seus direitos de informa\u00e7\u00e3o, acesso, retifica\u00e7\u00e3o e exclus\u00e3o, limite de transa\u00e7\u00e3o de dados, portabilidade e de oposi\u00e7\u00e3o dos dados pessoais fornecidos, enviando um e-mail para contacto@casinoalto.com.<\/em><\/p>\n","protected":false},"excerpt":{"rendered":"<p>Se voc\u00ea deseja entrar em contato conosco, pode enviar-nos um e-mail para contacto@casinoalto.com. Se voc\u00ea\u00a0nos enviar um email, estar\u00e1 aceitando a pol\u00edtica de privacidade, bem como a inclus\u00e3o de seus dados em um arquivo do cassinoalto.com. Voc\u00ea exercer seus direitos de informa\u00e7\u00e3o, acesso, retifica\u00e7\u00e3o e exclus\u00e3o, limite de transa\u00e7\u00e3o de dados, portabilidade e de oposi\u00e7\u00e3o [&hellip;]<\/p>\n","protected":false},"author":1,"featured_media":0,"parent":0,"menu_order":0,"comment_status":"closed","ping_status":"closed","template":"","meta":{"_acf_changed":false,"footnotes":""},"class_list":["post-135258","page","type-page","status-publish","hentry"],"acf":[],"_links":{"self":[{"href":"https:\/\/staging.casinoalto.com\/br\/wp-json\/wp\/v2\/pages\/135258","targetHints":{"allow":["GET"]}}],"collection":[{"href":"https:\/\/staging.casinoalto.com\/br\/wp-json\/wp\/v2\/pages"}],"about":[{"href":"https:\/\/staging.casinoalto.com\/br\/wp-json\/wp\/v2\/types\/page"}],"author":[{"embeddable":true,"href":"https:\/\/staging.casinoalto.com\/br\/wp-json\/wp\/v2\/users\/1"}],"replies":[{"embeddable":true,"href":"https:\/\/staging.casinoalto.com\/br\/wp-json\/wp\/v2\/comments?post=135258"}],"version-history":[{"count":1,"href":"https:\/\/staging.casinoalto.com\/br\/wp-json\/wp\/v2\/pages\/135258\/revisions"}],"predecessor-version":[{"id":10063183,"href":"https:\/\/staging.casinoalto.com\/br\/wp-json\/wp\/v2\/pages\/135258\/revisions\/10063183"}],"wp:attachment":[{"href":"https:\/\/staging.casinoalto.com\/br\/wp-json\/wp\/v2\/media?parent=135258"}],"curies":[{"name":"wp","href":"https:\/\/api.w.org\/{rel}","templated":true}]}}