{"id":135262,"date":"2017-10-16T14:36:44","date_gmt":"2017-10-16T14:36:44","guid":{"rendered":"https:\/\/casinoalto.com\/br\/?page_id=135262"},"modified":"2017-10-16T14:36:44","modified_gmt":"2017-10-16T14:36:44","slug":"privacidad","status":"publish","type":"page","link":"https:\/\/staging.casinoalto.com\/br\/privacidad\/","title":{"rendered":"Privacidad"},"content":{"rendered":"<ol>\n<li><strong>Respons\u00e1vel pelos dados<\/strong>: Leon Digital Marketing Ltd., com sede em 310 Stafford Road, Croydon, Surrey, Reino Unido, CR0 4NH, registrada com o n\u00famero da empresa 10699118 na empresa House com n\u00famero de identifica\u00e7\u00e3o comercial GB270922603 , \u00e9 o propriet\u00e1rio do site \/br\/ (de agora em diante, indistintamente, a \u201cWeb\u201d ou o \u201cSite\u201d \u201d) e a pessoa respons\u00e1vel pelo tratamento dos dados coletados nas diferentes formas organizadas na Web, enquanto \u00e9 a pessoa coletiva que determina os prop\u00f3sitos e os meios de processamento de dados.<\/li>\n<\/ol>\n<p>Voc\u00ea pode entrar em contato com a CASINOALTO para qualquer pergunta relacionada a esta pol\u00edtica de privacidade no email:\u00a0 contacto[arroba]casinoalto.com<\/p>\n<ol start=\"2\">\n<li><strong>Dados coletados<\/strong>: Os dados pessoais do usu\u00e1rio (de agora em diante o interessado ou afetado) que s\u00e3o solicitados em cada formul\u00e1rio do site, dependendo do formul\u00e1rio em quest\u00e3o, s\u00e3o coletados, sendo os dados coletados, unicamente os relativos a nome e email.<\/li>\n<li><strong>Veracidade, precis\u00e3o e atualiza\u00e7\u00e3o dos dados pessoais fornecidos<\/strong>: O usu\u00e1rio garante que os dados pessoais fornecidos s\u00e3o verdadeiros, precisos, completos e que tamb\u00e9m est\u00e3o atualizados e se compromete a notificar qualquer altera\u00e7\u00e3o ou modifica\u00e7\u00e3o dos mesmos. Caso o usu\u00e1rio forne\u00e7a dados de terceiros, o usu\u00e1rio ser\u00e1 o \u00fanico respons\u00e1vel por informar e obter o consentimento desses terceiros para serem inseridos nos formul\u00e1rios de coleta de dados do site.<\/li>\n<\/ol>\n<p>Advertimos que qualquer dano e \/ ou perda sofrida pelo CASINOALTO, ou qualquer terceiro devido ao fornecimento de informa\u00e7\u00f5es err\u00f4neas, imprecisas, incompletas ou desatualizadas ser\u00e3o de responsabilidade do usu\u00e1rio, e o CASINOALTO poder\u00e1 dirigir para o usu\u00e1rio as a\u00e7\u00f5es que possam ser direcionadas contra ele.<\/p>\n<p>O fato de n\u00e3o fornecer determinadas informa\u00e7\u00f5es indicadas como obrigat\u00f3rias pode significar que n\u00e3o \u00e9 poss\u00edvel gerenciar seu registro como usu\u00e1rio ou o uso de determinadas funcionalidades ou servi\u00e7os dispon\u00edveis atrav\u00e9s da Plataforma.<\/p>\n<ol start=\"4\">\n<li><strong> Inclus\u00e3o de dados pessoais em um arquivo<\/strong>: um arquivo \u00e9 qualquer conjunto estruturado de dados pessoais, acess\u00edvel de acordo com certos crit\u00e9rios, centralizados, descentralizados ou distribu\u00eddos funcionalmente ou geograficamente.<\/li>\n<\/ol>\n<p>Os dados coletados atrav\u00e9s dos formul\u00e1rios fornecidos no site s\u00e3o inclu\u00eddos em um arquivo de propriedade da CASINOALTO.<\/p>\n<ol start=\"5\">\n<li><strong>Finalidade dos dados coletados e consentimento para o tratamento<\/strong>: Os dados coletados atrav\u00e9s dos formul\u00e1rios na Web, inclu\u00eddos no arquivo indicado, s\u00e3o coletados com o \u00fanico objetivo de enviar comunica\u00e7\u00f5es comerciais de promo\u00e7\u00f5es e \/ ou publicidade ou boletins da CASINOALTO. e dos anunciantes do site relacionados ao setor de jogos online.<\/li>\n<\/ol>\n<p>Da mesma forma, o CASINOALTO processar\u00e1 os dados para gerenciar as consultas que o usu\u00e1rio envia atrav\u00e9s da Plataforma, atender \u00e0 sua solicita\u00e7\u00e3o ou publicar seus coment\u00e1rios.<\/p>\n<ol start=\"6\">\n<li><strong> Natureza obrigat\u00f3ria ou opcional das respostas \u00e0s perguntas dos formul\u00e1rios<\/strong>: Os formul\u00e1rios especificar\u00e3o quais campos devem ser preenchidos e sem os quais ser\u00e1 imposs\u00edvel alcan\u00e7ar o objetivo expresso em cada um desses formul\u00e1rios.<\/li>\n<li><strong>Per\u00edodo durante o qual os dados pessoais ser\u00e3o mantidos<\/strong>: A CASINOALTO processar\u00e1 os dados pessoais coletados at\u00e9 o final dos dados at\u00e9 que a finalidade para a qual eles foram originalmente coletados se esgotem ou sejam cumpridas.<\/li>\n<li><strong>Confidencialidade<\/strong>: A CASINOALTO compromete-se a manter a m\u00e1xima reserva e confidencialidade em rela\u00e7\u00e3o \u00e0s informa\u00e7\u00f5es fornecidas e a us\u00e1-las apenas para os fins declarados.<\/li>\n<li><strong>Processadores de dados<\/strong>: &#8220;Processador de dados&#8221; ou &#8220;Processador de dados&#8221; \u00e9 a pessoa singular ou coletiva, autoridade p\u00fablica, servi\u00e7o ou outro organismo que processa dados pessoais em nome do controlador de dados<\/li>\n<\/ol>\n<p>Como processadores de dados que processam dados pessoais em nome da CASINOALTO, contratados de acordo com as disposi\u00e7\u00f5es do artigo 12 da L.O. 15\/1999 sobre prote\u00e7\u00e3o de dados s\u00e3o:<\/p>\n<p>&#8211; Paragon Internet Group Ltd. (identificado com o nome comercial de EVOHOSTING), que fornece os servi\u00e7os de hospedagem, com o n\u00famero de registro 07573953 com endere\u00e7o no 5\u00ba andar, The Shipping Building Old Vinyl Factory, 252-254 Blyth Road, Hayes, Estados Unidos Reino Unido, UB3 1HA.<\/p>\n<ol start=\"10\">\n<li><strong>Destinat\u00e1rios dos dados<\/strong>: Somente o CASINOALTO e os processadores de dados designados por ele ter\u00e3o acesso aos dados fornecidos pelo usu\u00e1rio e, sob nenhuma circunst\u00e2ncia, esses dados ser\u00e3o transferidos, compartilhados, transferidos ou vendidos a terceiros.<\/li>\n<li><strong>Consentimento<\/strong>: A marca\u00e7\u00e3o da caixa de aceita\u00e7\u00e3o da pol\u00edtica de privacidade ser\u00e1 entendida para todos os fins como o fornecimento de consentimento expresso e inequ\u00edvoco ao tratamento de dados pessoais fornecidos nas diferentes formas do site e de acordo com as disposi\u00e7\u00f5es desta pol\u00edtica de privacidade.<\/li>\n<li><strong> Exerc\u00edcio dos direitos da parte interessada<\/strong>: A parte interessada pode, a qualquer momento e gratuitamente, exercer seus direitos \u00e0 informa\u00e7\u00e3o, acesso, retifica\u00e7\u00e3o e exclus\u00e3o (direito a ser esquecido), limita\u00e7\u00e3o de tratamento, portabilidade e oposi\u00e7\u00e3o dos dados pessoais fornecidos, entrando em contato com a CASINOALTO para esse fim, por meio de uma comunica\u00e7\u00e3o por escrito para o endere\u00e7o postal e e-mail indicado na se\u00e7\u00e3o \u201c1.- Identifica\u00e7\u00e3o da pessoa respons\u00e1vel pelo processamento de dados\u201d.<\/li>\n<li><strong>Medidas de seguran\u00e7a<\/strong>: A CASINOALTO implementou as medidas de seguran\u00e7a t\u00e9cnicas e organizacionais necess\u00e1rias para garantir a seguran\u00e7a dos dados pessoais coletados e impedir sua altera\u00e7\u00e3o, perda e tratamento e \/ ou acesso n\u00e3o autorizado, levando em considera\u00e7\u00e3o o estado de a tecnologia, a natureza dos dados armazenados e os riscos a que est\u00e3o expostos, sejam provenientes de a\u00e7\u00f5es humanas ou do ambiente f\u00edsico ou natural.<\/li>\n<li><strong>Links<\/strong>: A Plataforma pode incluir links (links ou hiperlinks) para outros sites fora da CASINOALTO e que, em nenhum caso, opera ou controla. Por esse motivo, a CASINOALTO n\u00e3o garante, nem \u00e9 respons\u00e1vel pela legalidade, confiabilidade, utilidade, veracidade e atualiza\u00e7\u00e3o do conte\u00fado de tais sites ou de suas pr\u00e1ticas de privacidade.<\/li>\n<li><strong> Modifica\u00e7\u00e3o da pol\u00edtica de privacidade<\/strong>: A CASINOALTO se reserva o direito de modificar esta pol\u00edtica de privacidade, de acordo com os regulamentos aplic\u00e1veis, na ocasi\u00e3o de uma altera\u00e7\u00e3o legislativa, jurisprudencial ou doutrin\u00e1ria da Ag\u00eancia brasileira de Prote\u00e7\u00e3o de Dados. Qualquer modifica\u00e7\u00e3o da Pol\u00edtica de Privacidade ser\u00e1 publicada pelo menos dez dias antes de sua aplica\u00e7\u00e3o efetiva. O uso da Web ap\u00f3s essas altera\u00e7\u00f5es implicar\u00e1 na aceita\u00e7\u00e3o das mesmas.<\/li>\n<\/ol>\n","protected":false},"excerpt":{"rendered":"<p>Respons\u00e1vel pelos dados: Leon Digital Marketing Ltd., com sede em 310 Stafford Road, Croydon, Surrey, Reino Unido, CR0 4NH, registrada com o n\u00famero da empresa 10699118 na empresa House com n\u00famero de identifica\u00e7\u00e3o comercial GB270922603 , \u00e9 o propriet\u00e1rio do site \/br\/ (de agora em diante, indistintamente, a \u201cWeb\u201d ou o \u201cSite\u201d \u201d) e a [&hellip;]<\/p>\n","protected":false},"author":1,"featured_media":0,"parent":0,"menu_order":0,"comment_status":"closed","ping_status":"closed","template":"","meta":{"_acf_changed":false,"footnotes":""},"class_list":["post-135262","page","type-page","status-publish","hentry"],"acf":[],"_links":{"self":[{"href":"https:\/\/staging.casinoalto.com\/br\/wp-json\/wp\/v2\/pages\/135262","targetHints":{"allow":["GET"]}}],"collection":[{"href":"https:\/\/staging.casinoalto.com\/br\/wp-json\/wp\/v2\/pages"}],"about":[{"href":"https:\/\/staging.casinoalto.com\/br\/wp-json\/wp\/v2\/types\/page"}],"author":[{"embeddable":true,"href":"https:\/\/staging.casinoalto.com\/br\/wp-json\/wp\/v2\/users\/1"}],"replies":[{"embeddable":true,"href":"https:\/\/staging.casinoalto.com\/br\/wp-json\/wp\/v2\/comments?post=135262"}],"version-history":[{"count":0,"href":"https:\/\/staging.casinoalto.com\/br\/wp-json\/wp\/v2\/pages\/135262\/revisions"}],"wp:attachment":[{"href":"https:\/\/staging.casinoalto.com\/br\/wp-json\/wp\/v2\/media?parent=135262"}],"curies":[{"name":"wp","href":"https:\/\/api.w.org\/{rel}","templated":true}]}}