{"id":140849,"date":"2017-10-19T11:07:00","date_gmt":"2017-10-19T11:07:00","guid":{"rendered":"https:\/\/casinoalto.com\/br\/?page_id=140849"},"modified":"2025-06-05T15:42:37","modified_gmt":"2025-06-05T15:42:37","slug":"casino-en-vivo","status":"publish","type":"page","link":"https:\/\/staging.casinoalto.com\/br\/casino-en-vivo\/","title":{"rendered":"Cassino ao vivo"},"content":{"rendered":"<p>Os <a href=\"https:\/\/casinoalto.com\/br\/casinos-online\/\" target=\"_blank\" rel=\"noopener\">maiores cassinos online do Brasil<\/a> oferecem uma boa variedade de jogos para disfrutar da experi\u00eancia de um cassino. E o que pode mais contribuir para isso? Os cassinos ao vivo s\u00e3o respons\u00e1veis por otimizar a imers\u00e3o nesse universo.<\/p>\n<div id=\"ez-toc-container\" class=\"ez-toc-v2_0_82_2 counter-hierarchy ez-toc-counter ez-toc-custom ez-toc-container-direction\">\n<div class=\"ez-toc-title-container\">\n<p class=\"ez-toc-title\" style=\"cursor:inherit\">Tabela de conte\u00fados<\/p>\n<span class=\"ez-toc-title-toggle\"><a href=\"#\" class=\"ez-toc-pull-right ez-toc-btn ez-toc-btn-xs ez-toc-btn-default ez-toc-toggle\" aria-label=\"Alternar tabela de conte\u00fado\"><span class=\"ez-toc-js-icon-con\"><span class=\"\"><span class=\"eztoc-hide\" style=\"display:none;\">Toggle<\/span><span class=\"ez-toc-icon-toggle-span\"><svg style=\"fill: #999;color:#999\" xmlns=\"http:\/\/www.w3.org\/2000\/svg\" class=\"list-377408\" width=\"20px\" height=\"20px\" viewBox=\"0 0 24 24\" fill=\"none\"><path d=\"M6 6H4v2h2V6zm14 0H8v2h12V6zM4 11h2v2H4v-2zm16 0H8v2h12v-2zM4 16h2v2H4v-2zm16 0H8v2h12v-2z\" fill=\"currentColor\"><\/path><\/svg><svg style=\"fill: #999;color:#999\" class=\"arrow-unsorted-368013\" xmlns=\"http:\/\/www.w3.org\/2000\/svg\" width=\"10px\" height=\"10px\" viewBox=\"0 0 24 24\" version=\"1.2\" baseProfile=\"tiny\"><path d=\"M18.2 9.3l-6.2-6.3-6.2 6.3c-.2.2-.3.4-.3.7s.1.5.3.7c.2.2.4.3.7.3h11c.3 0 .5-.1.7-.3.2-.2.3-.5.3-.7s-.1-.5-.3-.7zM5.8 14.7l6.2 6.3 6.2-6.3c.2-.2.3-.5.3-.7s-.1-.5-.3-.7c-.2-.2-.4-.3-.7-.3h-11c-.3 0-.5.1-.7.3-.2.2-.3.5-.3.7s.1.5.3.7z\"\/><\/svg><\/span><\/span><\/span><\/a><\/span><\/div>\n<nav><ul class='ez-toc-list ez-toc-list-level-1 eztoc-toggle-hide-by-default' ><li class='ez-toc-page-1 ez-toc-heading-level-2'><a class=\"ez-toc-link ez-toc-heading-1\" href=\"https:\/\/staging.casinoalto.com\/br\/casino-en-vivo\/#O-que-e-um-cassino-online-ao-vivo\" >O que \u00e9 um cassino online ao vivo?<\/a><\/li><li class='ez-toc-page-1 ez-toc-heading-level-2'><a class=\"ez-toc-link ez-toc-heading-2\" href=\"https:\/\/staging.casinoalto.com\/br\/casino-en-vivo\/#Vantagens-de-jogar-em-um-cassino-ao-vivo\" >Vantagens de jogar em um cassino ao vivo<\/a><ul class='ez-toc-list-level-3' ><li class='ez-toc-heading-level-3'><a class=\"ez-toc-link ez-toc-heading-3\" href=\"https:\/\/staging.casinoalto.com\/br\/casino-en-vivo\/#Mais-emocao\" >Mais emo\u00e7\u00e3o<\/a><\/li><li class='ez-toc-page-1 ez-toc-heading-level-3'><a class=\"ez-toc-link ez-toc-heading-4\" href=\"https:\/\/staging.casinoalto.com\/br\/casino-en-vivo\/#Bons-premios\" >Bons pr\u00eamios<\/a><\/li><li class='ez-toc-page-1 ez-toc-heading-level-3'><a class=\"ez-toc-link ez-toc-heading-5\" href=\"https:\/\/staging.casinoalto.com\/br\/casino-en-vivo\/#Crupie-de-carne-e-osso\" >Crupi\u00ea de carne e osso<\/a><\/li><li class='ez-toc-page-1 ez-toc-heading-level-3'><a class=\"ez-toc-link ez-toc-heading-6\" href=\"https:\/\/staging.casinoalto.com\/br\/casino-en-vivo\/#Nao-e-necessario-download\" >N\u00e3o \u00e9 necess\u00e1rio download<\/a><\/li><\/ul><\/li><li class='ez-toc-page-1 ez-toc-heading-level-2'><a class=\"ez-toc-link ez-toc-heading-7\" href=\"https:\/\/staging.casinoalto.com\/br\/casino-en-vivo\/#Secao-de-jogos-nos-cassinos-ao-vivo\" >Se\u00e7\u00e3o de jogos nos cassinos ao vivo<\/a><ul class='ez-toc-list-level-3' ><li class='ez-toc-heading-level-3'><a class=\"ez-toc-link ez-toc-heading-8\" href=\"https:\/\/staging.casinoalto.com\/br\/casino-en-vivo\/#Roleta-ao-vivo\" >Roleta ao vivo<\/a><\/li><li class='ez-toc-page-1 ez-toc-heading-level-3'><a class=\"ez-toc-link ez-toc-heading-9\" href=\"https:\/\/staging.casinoalto.com\/br\/casino-en-vivo\/#Blackjack-ao-vivo\" >Blackjack ao vivo<\/a><\/li><li class='ez-toc-page-1 ez-toc-heading-level-3'><a class=\"ez-toc-link ez-toc-heading-10\" href=\"https:\/\/staging.casinoalto.com\/br\/casino-en-vivo\/#Bacara-ao-vivo\" >Bacar\u00e1 ao vivo<\/a><\/li><\/ul><\/li><li class='ez-toc-page-1 ez-toc-heading-level-2'><a class=\"ez-toc-link ez-toc-heading-11\" href=\"https:\/\/staging.casinoalto.com\/br\/casino-en-vivo\/#E-seguro-jogar-no-cassino-ao-vivo\" >\u00c9 seguro jogar no cassino ao vivo?<\/a><\/li><\/ul><\/nav><\/div>\n<h2><span class=\"ez-toc-section\" id=\"O-que-e-um-cassino-online-ao-vivo\"><\/span><strong>O que \u00e9 um cassino online ao vivo?<\/strong><span class=\"ez-toc-section-end\"><\/span><\/h2>\n<p>Os cassinos ao vivo, ou cassinos online ao vivo, oferecem todo o conforto e vantagem de <a href=\"https:\/\/casinoalto.com\/br\/\" target=\"_blank\" rel=\"noopener\">um bom cassino online<\/a>, mas com o incentivo de jogar no ambiente de um cassino f\u00edsico.<\/p>\n<p>H\u00e1 um crupi\u00ea que ditar\u00e1 o ritmo do jogo (distribuir cartas, fazer a roleta de girar, distribuir pr\u00eamios, etc) como em um cassino f\u00edsico, mas a diferen\u00e7a \u00e9 que voc\u00ea pode jogar onde quiser.<\/p>\n<p>\u00c9 poss\u00edvel ver todas as a\u00e7\u00f5es do crupi\u00ea, escutar todos os sons do cassino ao vivo, seguir o jogo ao vivo e at\u00e9 mesmo conversar com outros jogadores. Tudo isso s\u00e3o coisas que n\u00e3o s\u00e3o poss\u00edveis em um cassino online b\u00e1sico e automatizado por software.<\/p>\n<p>Nos cassinos online ao vivo, h\u00e1 tr\u00eas tipos diferentes:<\/p>\n<ul>\n<li>Com o crupi\u00ea no est\u00fadio. \u00c9 o mais comum, com ele em um lugar configurado para uma retransmiss\u00e3o online.<\/li>\n<li>Direto de um cassino real. Voc\u00ea ter\u00e1 v\u00e1rias possibilidades de participar de partidas com pessoas que se encontram no pr\u00f3prio cassino f\u00edsico.<\/li>\n<li>Televisado ou retransmitido. Voc\u00ea poder\u00e1 participar de um jogo enquanto estiver vendo pela tela.<\/li>\n<\/ul>\n<h2><span class=\"ez-toc-section\" id=\"Vantagens-de-jogar-em-um-cassino-ao-vivo\"><\/span><strong>Vantagens de jogar em um cassino ao vivo<\/strong><span class=\"ez-toc-section-end\"><\/span><\/h2>\n<p><img decoding=\"async\" src=\"\/br\/wp-content\/uploads\/2018\/09\/ruleta-en-vivo.webp\" alt=\"ruleta en vivo\" \/><\/p>\n<p>H\u00e1 muitas vantagens em jogar em um cassino online ao vivo, o que naturalmente aumenta e melhora a experi\u00eancia de jogo. No Casino Alto, listamos algumas vantagens importantes para os jogadores.<\/p>\n<h3><span class=\"ez-toc-section\" id=\"Mais-emocao\"><\/span><strong>Mais emo\u00e7\u00e3o<\/strong><span class=\"ez-toc-section-end\"><\/span><\/h3>\n<p>Sem d\u00favida \u00e9 a grande diferen\u00e7a no aspecto positivo em rela\u00e7\u00e3o ao cassino tradicional online. O fato de se sentir em um cassino f\u00edsico com crupi\u00eas reais organizando o jogo e a possibilidade de conversar ao vivo com outros jogadores s\u00e3o caracter\u00edsticas que aderem mais emo\u00e7\u00e3o ao jogo.<\/p>\n<p>Nos jogos de cassino online<\/a>, uma certa parte da intensidade \u00e9 perdida em rela\u00e7\u00e3o ao cassino f\u00edsico.<\/p>\n<h3><span class=\"ez-toc-section\" id=\"Bons-premios\"><\/span><strong>Bons pr\u00eamios<\/strong><span class=\"ez-toc-section-end\"><\/span><\/h3>\n<p>Os bons pr\u00eamios s\u00e3o outro grande incentivo, principalmente nos cassinos ao vivo que s\u00e3o retransmitidos diretamente de um cassino f\u00edsico.<\/p>\n<p>A presen\u00e7a de outros jogadores torna o jogo mais din\u00e2mico e, consequentemente, as apostas em jogo aumentam. Portanto, aconselhamos que, se voc\u00ea quiser tentar a sua sorte no cassino ao vivo, inicie a experi\u00eancia com cautela para n\u00e3o deixar se levar pela emo\u00e7\u00e3o do jogo.<\/p>\n<p>Al\u00e9m disso, aproveite os <a href=\"https:\/\/casinoalto.com\/br\/bonos-de-bienvenida\/\" target=\"_blank\" rel=\"noopener\">b\u00f4nus e promo\u00e7\u00f5es para jogar no cassino<\/a>, contando inclusive com rodadas gr\u00e1tis, multiplica\u00e7\u00e3o de valores e cashback para otimizar os potenciais de ganhos.<\/p>\n<h3><span class=\"ez-toc-section\" id=\"Crupie-de-carne-e-osso\"><\/span><strong>Crupi\u00ea de carne e osso<\/strong><span class=\"ez-toc-section-end\"><\/span><\/h3>\n<p>Esque\u00e7a o software de um programa de computador em que o crupi\u00ea \u00e9 representado atrav\u00e9s de algoritmos e programa\u00e7\u00e3o. Uma pessoa de carne e osso ser\u00e1 a respons\u00e1vel por organizar o seu jogo.<\/p>\n<p>Geralmente as mulheres cumprem a fun\u00e7\u00e3o de crupi\u00ea dos cassinos ao vivo e elas se vestem como em qualquer cassino f\u00edsico. Esse \u00e9 um dos pontos fundamentais desse estilo de jogo, pois aumenta a confian\u00e7a do jogador e real\u00e7a a experi\u00eancia.<\/p>\n<h3><span class=\"ez-toc-section\" id=\"Nao-e-necessario-download\"><\/span><strong>N\u00e3o \u00e9 necess\u00e1rio download<\/strong><span class=\"ez-toc-section-end\"><\/span><\/h3>\n<p>Na maioria das vezes voc\u00ea pode acessar o cassino ao vivo atrav\u00e9s do site de algum cassino online ou pelo respectivo aplicativo mobile que voc\u00ea baixou.<\/p>\n<p>Portanto, voc\u00ea pode jogar exatamente da mesma maneira de joga no cassino online tradicional \u2014 ou seja, sem a necessidade de download. Inclusive, voc\u00ea pode escolher um dos <a href=\"https:\/\/casinoalto.com\/br\/metodos-de-pago\/\" target=\"_blank\" rel=\"noopener\">m\u00e9todos de pagamento para cassinos<\/a> diretamente no site.<\/p>\n<h2><span class=\"ez-toc-section\" id=\"Secao-de-jogos-nos-cassinos-ao-vivo\"><\/span><strong>Se\u00e7\u00e3o de jogos nos cassinos ao vivo<\/strong><span class=\"ez-toc-section-end\"><\/span><\/h2>\n<p><img loading=\"lazy\" decoding=\"async\" class=\"size-full wp-image-147587 aligncenter\" src=\"\/br\/wp-content\/uploads\/2018\/09\/casino-en-vivo-app.webp\" alt=\"casino en vivo app\" width=\"550\" height=\"634\" \/><\/p>\n<p>Nem todos os jogos dispon\u00edveis no cassino online tradicional podem ser jogados no ao vivo. No entanto, existem v\u00e1rios jogos e variantes dispon\u00edveis que voc\u00ea ver\u00e1 abaixo.<\/p>\n<h3><span class=\"ez-toc-section\" id=\"Roleta-ao-vivo\"><\/span><strong>Roleta ao vivo<\/strong><span class=\"ez-toc-section-end\"><\/span><\/h3>\n<p>A <a href=\"\/br\/casino-en-vivo\/ruleta\/\">roleta ao vivo<\/a> \u00e9 provavelmente o jogo mais famoso e jogado. Ao vivo, voc\u00ea ver\u00e1 o crupi\u00ea lan\u00e7ando a famosa bola na roleta. Nessa vers\u00e3o, \u00e9 poss\u00edvel fazer suas apostas e executar suas pr\u00f3prias estrat\u00e9gias como se estivesse em um cassino f\u00edsico.<\/p>\n<p>Se quiser melhorar o seu jogo na roleta ao vivo, recomendamos que consulte o nosso guia de estrat\u00e9gia da roleta.<\/p>\n<h3><span class=\"ez-toc-section\" id=\"Blackjack-ao-vivo\"><\/span><strong>Blackjack ao vivo<\/strong><span class=\"ez-toc-section-end\"><\/span><\/h3>\n<p>Se voc\u00ea quiser ir al\u00e9m da roleta, vale a pena tentar o <a href=\"\/br\/casino-en-vivo\/blackjack\/\">blackjack ao vivo<\/a>. Pe\u00e7a as cartas ao crupi\u00ea, planeje seus movimentos e analise a carta dos outros participantes para tentar somar 21. Pura emo\u00e7\u00e3o ao alcance do seu computador ou celular.<\/p>\n<p>Como na roleta, voc\u00ea tem \u00e0 sua disposi\u00e7\u00e3o o guia de estrat\u00e9gia do blackjack para se tornar um verdadeiro profissional deste jogo.<\/p>\n<h3><span class=\"ez-toc-section\" id=\"Bacara-ao-vivo\"><\/span><strong>Bacar\u00e1 ao vivo<\/strong><span class=\"ez-toc-section-end\"><\/span><\/h3>\n<p>O bacar\u00e1 ao vivo \u00e9 menos conhecido do que os outros dois jogos listados acima, mas tem uma grande legi\u00e3o de jogadores.<\/p>\n<p>Tamb\u00e9m conhecido como Punto e Banca, sua miss\u00e3o como punto \u00e9 vencer a m\u00e3o do banco com as melhores cartas, sendo a m\u00e3o de nove pontos a melhor jogada. Nem todos os cassinos ao vivo t\u00eam esse jogo, ent\u00e3o voc\u00ea precisa procurar bem.<\/p>\n<p>Se voc\u00ea quiser saber mais detalhes sobre este jogo, visite a nossa p\u00e1gina de regras do bacar\u00e1<\/a> e aprenda todos os conceitos b\u00e1sicos deste emocionante jogo.<\/p>\n<h2><span class=\"ez-toc-section\" id=\"E-seguro-jogar-no-cassino-ao-vivo\"><\/span><strong>\u00c9 seguro jogar no cassino ao vivo?<\/strong><span class=\"ez-toc-section-end\"><\/span><\/h2>\n<p>Sim, \u00e9 completamente seguro jogar no cassino ao vivo, desde que voc\u00ea o fa\u00e7a em um cassino legalizado.<\/p>\n<p>N\u00e3o \u00e9 preciso ter medo de inserir os seus dados pessoais e informa\u00e7\u00f5es banc\u00e1rias no cassino online. Al\u00e9m disso, voc\u00ea manter\u00e1 seu anonimato jogando com crupi\u00eas de carne e osso.<\/p>\n<p>Como sempre, nossa recomenda\u00e7\u00e3o \u00e9 garantir que voc\u00ea esteja em um cassino online seguro. Portanto, verifique todas as licen\u00e7as e pol\u00edticas de privacidade dos cassinos online, assim como os termos e condi\u00e7\u00f5es. Se houver algo estranho, evite esse cassino em quest\u00e3o.<\/p>\n","protected":false},"excerpt":{"rendered":"<p>Os maiores cassinos online do Brasil oferecem uma boa variedade de jogos para disfrutar da experi\u00eancia de um cassino. E o que pode mais contribuir para isso? Os cassinos ao vivo s\u00e3o respons\u00e1veis por otimizar a imers\u00e3o nesse universo. O que \u00e9 um cassino online ao vivo? Os cassinos ao vivo, ou cassinos online ao [&hellip;]<\/p>\n","protected":false},"author":20,"featured_media":0,"parent":0,"menu_order":0,"comment_status":"closed","ping_status":"closed","template":"page-casinos.php","meta":{"_acf_changed":false,"footnotes":""},"class_list":["post-140849","page","type-page","status-publish","hentry"],"acf":[],"_links":{"self":[{"href":"https:\/\/staging.casinoalto.com\/br\/wp-json\/wp\/v2\/pages\/140849","targetHints":{"allow":["GET"]}}],"collection":[{"href":"https:\/\/staging.casinoalto.com\/br\/wp-json\/wp\/v2\/pages"}],"about":[{"href":"https:\/\/staging.casinoalto.com\/br\/wp-json\/wp\/v2\/types\/page"}],"author":[{"embeddable":true,"href":"https:\/\/staging.casinoalto.com\/br\/wp-json\/wp\/v2\/users\/20"}],"replies":[{"embeddable":true,"href":"https:\/\/staging.casinoalto.com\/br\/wp-json\/wp\/v2\/comments?post=140849"}],"version-history":[{"count":3,"href":"https:\/\/staging.casinoalto.com\/br\/wp-json\/wp\/v2\/pages\/140849\/revisions"}],"predecessor-version":[{"id":10063654,"href":"https:\/\/staging.casinoalto.com\/br\/wp-json\/wp\/v2\/pages\/140849\/revisions\/10063654"}],"wp:attachment":[{"href":"https:\/\/staging.casinoalto.com\/br\/wp-json\/wp\/v2\/media?parent=140849"}],"curies":[{"name":"wp","href":"https:\/\/api.w.org\/{rel}","templated":true}]}}