{"id":140855,"date":"2017-10-19T11:42:46","date_gmt":"2017-10-19T11:42:46","guid":{"rendered":"https:\/\/casinoalto.com\/br\/?page_id=140855"},"modified":"2024-03-15T23:36:05","modified_gmt":"2024-03-15T23:36:05","slug":"blackjack","status":"publish","type":"page","link":"https:\/\/staging.casinoalto.com\/br\/casino-en-vivo\/blackjack\/","title":{"rendered":"Blackjack ao vivo"},"content":{"rendered":"<p>\u00c9 poss\u00edvel desfrutar a emo\u00e7\u00e3o do blackjack ao vivo sem precisar de casa. Viva a emo\u00e7\u00e3o deste famoso jogo com a variante do <a href=\"\/br\/casino-en-vivo\/\">cassino ao vivo<\/a> e divirta-se como se estivesse em um cassino f\u00edsico.<\/p>\n<p>No blackjack, voc\u00ea deve tentar somar 21 pontos ou conseguir o mais pr\u00f3ximo poss\u00edvel deste valor com as cartas distribu\u00eddas pelo crupi\u00ea. Com o blackjack ao vivo, voc\u00ea viver\u00e1 a sensa\u00e7\u00e3o de estar em um cassino f\u00edsico e enfrentando o seu oponente, que neste caso \u00e9 o pr\u00f3prio crupi\u00ea.<\/p>\n<div id=\"ez-toc-container\" class=\"ez-toc-v2_0_82_2 counter-hierarchy ez-toc-counter ez-toc-custom ez-toc-container-direction\">\n<div class=\"ez-toc-title-container\">\n<p class=\"ez-toc-title\" style=\"cursor:inherit\">Tabela de conte\u00fados<\/p>\n<span class=\"ez-toc-title-toggle\"><a href=\"#\" class=\"ez-toc-pull-right ez-toc-btn ez-toc-btn-xs ez-toc-btn-default ez-toc-toggle\" aria-label=\"Alternar tabela de conte\u00fado\"><span class=\"ez-toc-js-icon-con\"><span class=\"\"><span class=\"eztoc-hide\" style=\"display:none;\">Toggle<\/span><span class=\"ez-toc-icon-toggle-span\"><svg style=\"fill: #999;color:#999\" xmlns=\"http:\/\/www.w3.org\/2000\/svg\" class=\"list-377408\" width=\"20px\" height=\"20px\" viewBox=\"0 0 24 24\" fill=\"none\"><path d=\"M6 6H4v2h2V6zm14 0H8v2h12V6zM4 11h2v2H4v-2zm16 0H8v2h12v-2zM4 16h2v2H4v-2zm16 0H8v2h12v-2z\" fill=\"currentColor\"><\/path><\/svg><svg style=\"fill: #999;color:#999\" class=\"arrow-unsorted-368013\" xmlns=\"http:\/\/www.w3.org\/2000\/svg\" width=\"10px\" height=\"10px\" viewBox=\"0 0 24 24\" version=\"1.2\" baseProfile=\"tiny\"><path d=\"M18.2 9.3l-6.2-6.3-6.2 6.3c-.2.2-.3.4-.3.7s.1.5.3.7c.2.2.4.3.7.3h11c.3 0 .5-.1.7-.3.2-.2.3-.5.3-.7s-.1-.5-.3-.7zM5.8 14.7l6.2 6.3 6.2-6.3c.2-.2.3-.5.3-.7s-.1-.5-.3-.7c-.2-.2-.4-.3-.7-.3h-11c-.3 0-.5.1-.7.3-.2.2-.3.5-.3.7s.1.5.3.7z\"\/><\/svg><\/span><\/span><\/span><\/a><\/span><\/div>\n<nav><ul class='ez-toc-list ez-toc-list-level-1 eztoc-toggle-hide-by-default' ><li class='ez-toc-page-1 ez-toc-heading-level-2'><a class=\"ez-toc-link ez-toc-heading-1\" href=\"https:\/\/staging.casinoalto.com\/br\/casino-en-vivo\/blackjack\/#O-que-e-blackjack-ao-vivo\" >O que \u00e9 blackjack ao vivo<\/a><\/li><li class='ez-toc-page-1 ez-toc-heading-level-2'><a class=\"ez-toc-link ez-toc-heading-2\" href=\"https:\/\/staging.casinoalto.com\/br\/casino-en-vivo\/blackjack\/#Como-jogar-blackjack-ao-vivo\" >Como jogar blackjack ao vivo<\/a><ul class='ez-toc-list-level-3' ><li class='ez-toc-heading-level-3'><a class=\"ez-toc-link ez-toc-heading-3\" href=\"https:\/\/staging.casinoalto.com\/br\/casino-en-vivo\/blackjack\/#Regras-do-blackjack-ao-vivo\" >Regras do blackjack ao vivo<\/a><\/li><\/ul><\/li><li class='ez-toc-page-1 ez-toc-heading-level-2'><a class=\"ez-toc-link ez-toc-heading-4\" href=\"https:\/\/staging.casinoalto.com\/br\/casino-en-vivo\/blackjack\/#Existe-blackjack-ao-vivo-gratis\" >Existe blackjack ao vivo gr\u00e1tis?<\/a><\/li><\/ul><\/nav><\/div>\n<h2><span class=\"ez-toc-section\" id=\"O-que-e-blackjack-ao-vivo\"><\/span><strong>O que \u00e9 blackjack ao vivo<\/strong><span class=\"ez-toc-section-end\"><\/span><\/h2>\n<p>O blackjack ao vivo nada mais \u00e9 do que jogar um jogo de blackjack enfrentando um crupi\u00ea da vida real.<\/p>\n<p>Essa pessoa ser\u00e1 respons\u00e1vel pelo andamento do jogo ao embaralhar e distribuir as cartas. O crupi\u00ea tamb\u00e9m \u00e9 o seu oponente no jogo e faz a fun\u00e7\u00e3o da banca. Dessa maneira, voc\u00ea deve superar a m\u00e3o do crupi\u00ea para vencer.<\/p>\n<p>Com os crupi\u00eas ao vivo, voc\u00ea mergulha em um ambiente realista e isso faz com que voc\u00ea se sinta em um cassino real sem precisar sair de casa. Assim, voc\u00ea pode adicionar a emo\u00e7\u00e3o de um cassino real ao conforto da vers\u00e3o online, o que permite com que voc\u00ea aproveite os seus jogos sem hor\u00e1rios definidos.<\/p>\n<p>Gra\u00e7as \u00e0 tecnologia dispon\u00edvel nos <a href=\"\/br\/casinos-online\/\">cassinos online<\/a>, pode jogar na tela do seu computador ou pelo tablet e celular. Com um software sofisticado, voc\u00ea tem o jogo com toda a emo\u00e7\u00e3o de um cassino f\u00edsico.<\/p>\n<p>Isso \u00e9 feito atrav\u00e9s do sinal ao vivo de um cassino f\u00edsico ou de uma sala especialmente projetada para jogos de blackjack ao vivo que retransmitem cada detalhe para que voc\u00ea n\u00e3o perca nada.<\/p>\n<h2><span class=\"ez-toc-section\" id=\"Como-jogar-blackjack-ao-vivo\"><\/span><strong>Como jogar blackjack ao vivo<\/strong><span class=\"ez-toc-section-end\"><\/span><\/h2>\n<p>Os jogos de blackjack ao vivo s\u00e3o desenvolvidos da mesma forma que qualquer blackjack online, com a grande vantagem do ambiente de cassino real. Antes de come\u00e7ar a aventura, vamos mostrar as caracter\u00edsticas espec\u00edficas dessa vers\u00e3o do jogo.<\/p>\n<h3><span class=\"ez-toc-section\" id=\"Regras-do-blackjack-ao-vivo\"><\/span><strong>Regras do blackjack ao vivo<\/strong><span class=\"ez-toc-section-end\"><\/span><\/h3>\n<p>O objetivo \u00e9 somar 21 com suas cartas, ou se aproximar dessa marca sem passar o total permitido (que \u00e9, claro, 21). Seu rival \u00e9 o crupi\u00ea e, dessa maneira, voc\u00ea deve analisar cada uma de suas jogadas para realizar uma estrat\u00e9gia certeira durante o jogo.<\/p>\n<p>Ver o rosto do crupi\u00ea, assim como os seus gestos e rea\u00e7\u00f5es \u00e9 uma das grandes vantagens do blackjack ao vivo. Al\u00e9m disso, \u00e9 poss\u00edvel conversar com ele ou ela. Nos cassinos que disponibilizam essa op\u00e7\u00e3o, voc\u00ea tamb\u00e9m pode conversar com outros jogadores que est\u00e3o no jogo.<\/p>\n<p>Outra vantagem \u00e9 que voc\u00ea pode participar da a\u00e7\u00e3o sem necessariamente estar jogando, pois \u00e9 poss\u00edvel apostar na vit\u00f3ria ou derrota dos jogadores contra o crupi\u00ea.<\/p>\n<p>No jogo do blackjack, o primeiro passo \u00e9 colocar a sua aposta. Voc\u00ea ter\u00e1 que coloc\u00e1-la na mesa e marcar os poss\u00edveis ganhos futuros em caso de vit\u00f3ria. Como \u00e9 \u00f3bvio, quanto maior a aposta, maior ser\u00e1 o pr\u00eamio.<\/p>\n<p>O segundo passo \u00e9 a distribui\u00e7\u00e3o das cartas por parte do crupi\u00ea. Ele entregar\u00e1 duas cartas com a face para cima. Ele tamb\u00e9m distribuir\u00e1 duas para si, uma virada para cima e outra virada para baixo.<\/p>\n<p>O terceiro passo \u00e9 a hora de decidir. Voc\u00ea pode manter a sua posi\u00e7\u00e3o se voc\u00ea achar que a sua m\u00e3o \u00e9 boa o suficiente para derrotar o crupi\u00ea e, dessa maneira, n\u00e3o pedir nenhuma carta. Voc\u00ea tamb\u00e9m pode pedir outra carta se achar que as suas duas cartas originais ainda n\u00e3o s\u00e3o o suficiente.<\/p>\n<p>Outra op\u00e7\u00e3o \u00e9 dobrar sua aposta, recebendo uma carta extra na m\u00e3o. Por \u00faltimo, se voc\u00ea tem um par de cartas no valor de 10, voc\u00ea pode dividir a m\u00e3o em duas e receber duas cartas extras (uma para cada lado).<\/p>\n<p>Assim que voc\u00ea terminar as suas jogadas, o crupi\u00ea comparar\u00e1 as suas cartas com a dele para definir o vencedor da partida.<\/p>\n<p>\u00c9 importante saber o valor de cada uma das cartas. As cartas de 2 a 9 t\u00eam o respectivo valor num\u00e9rico real, enquanto 10 e as outras cartas J, Q e K valem 10. A carta \u00e1s vale 1 ou 11 e o seu valor \u00e9 determinado pelo jogador.<\/p>\n<h2><span class=\"ez-toc-section\" id=\"Existe-blackjack-ao-vivo-gratis\"><\/span><strong>Existe blackjack ao vivo gr\u00e1tis?<\/strong><span class=\"ez-toc-section-end\"><\/span><\/h2>\n<p>N\u00e3o h\u00e1 como jogar blackjack ao vivo de gra\u00e7a, dado o custo elevado na organiza\u00e7\u00e3o e na realiza\u00e7\u00e3o desse jogo \u2014 como crupi\u00ea real, cassino f\u00edsico, transmiss\u00e3o real e outros fatores.<\/p>\n<p>Se voc\u00ea quiser experimentar blackjack gratuito<\/a>, uma boa alternativa \u00e9 praticar com a vers\u00e3o demo do Casino Alto. Aqui voc\u00ea n\u00e3o correr\u00e1 nenhum tipo de risco e poder\u00e1 melhorar suas habilidades.<\/p>\n<p>Assim que voc\u00ea sentir que controla o jogo, aconselhamos que aproveite alguns dos <a href=\"\/br\/casinos-sin-deposito\/\">b\u00f4nus sem dep\u00f3sito do cassino<\/a>. Nesse tipo b\u00f4nus, o jogador recebe dinheiro gr\u00e1tis pelo simples fato de se registrar e eventualmente \u00e9 poss\u00edvel utiliz\u00e1-lo nos jogos blackjack ao vivo. Lembre-se de sempre ir com calma e n\u00e3o se apressar para apostar o seu pr\u00f3prio dinheiro.<\/p>\n<p>Sempre jogue de maneira respons\u00e1vel e de maneira tranquila. E, claro, que a sorte esteja ao seu lado nas mesas do blackjack.<\/p>\n","protected":false},"excerpt":{"rendered":"<p>\u00c9 poss\u00edvel desfrutar a emo\u00e7\u00e3o do blackjack ao vivo sem precisar de casa. Viva a emo\u00e7\u00e3o deste famoso jogo com a variante do cassino ao vivo e divirta-se como se estivesse em um cassino f\u00edsico. No blackjack, voc\u00ea deve tentar somar 21 pontos ou conseguir o mais pr\u00f3ximo poss\u00edvel deste valor com as cartas distribu\u00eddas [&hellip;]<\/p>\n","protected":false},"author":20,"featured_media":0,"parent":140849,"menu_order":0,"comment_status":"closed","ping_status":"closed","template":"page-casinos.php","meta":{"_acf_changed":false,"footnotes":""},"class_list":["post-140855","page","type-page","status-publish","hentry"],"acf":[],"_links":{"self":[{"href":"https:\/\/staging.casinoalto.com\/br\/wp-json\/wp\/v2\/pages\/140855","targetHints":{"allow":["GET"]}}],"collection":[{"href":"https:\/\/staging.casinoalto.com\/br\/wp-json\/wp\/v2\/pages"}],"about":[{"href":"https:\/\/staging.casinoalto.com\/br\/wp-json\/wp\/v2\/types\/page"}],"author":[{"embeddable":true,"href":"https:\/\/staging.casinoalto.com\/br\/wp-json\/wp\/v2\/users\/20"}],"replies":[{"embeddable":true,"href":"https:\/\/staging.casinoalto.com\/br\/wp-json\/wp\/v2\/comments?post=140855"}],"version-history":[{"count":1,"href":"https:\/\/staging.casinoalto.com\/br\/wp-json\/wp\/v2\/pages\/140855\/revisions"}],"predecessor-version":[{"id":10063115,"href":"https:\/\/staging.casinoalto.com\/br\/wp-json\/wp\/v2\/pages\/140855\/revisions\/10063115"}],"up":[{"embeddable":true,"href":"https:\/\/staging.casinoalto.com\/br\/wp-json\/wp\/v2\/pages\/140849"}],"wp:attachment":[{"href":"https:\/\/staging.casinoalto.com\/br\/wp-json\/wp\/v2\/media?parent=140855"}],"curies":[{"name":"wp","href":"https:\/\/api.w.org\/{rel}","templated":true}]}}