{"id":141095,"date":"2019-01-10T10:12:06","date_gmt":"2019-01-10T10:12:06","guid":{"rendered":"https:\/\/casinoalto.com\/br\/?page_id=141095"},"modified":"2026-03-23T18:06:42","modified_gmt":"2026-03-23T18:06:42","slug":"casinos-sin-deposito","status":"publish","type":"page","link":"https:\/\/staging.casinoalto.com\/br\/casinos-sin-deposito\/","title":{"rendered":"B\u00f4nus de cassino sem dep\u00f3sito"},"content":{"rendered":"<p>Os b\u00f4nus sem dep\u00f3sito s\u00e3o muito importante para os <a href=\"https:\/\/casinoalto.com\/br\/\" target=\"_blank\" rel=\"noopener\">cassinos online no Brasil<\/a>. Ao longo dos \u00faltimos meses, o panorama de promo\u00e7\u00f5es mudou bastante no pa\u00eds, sobretudo com a proibi\u00e7\u00e3o dos b\u00f4nus de boas-vindas para os novos apostadores pela nova legisla\u00e7\u00e3o.<\/p>\n<p>O Casino Alto preparou um guia com tudo o que voc\u00ea precisa saber sobre b\u00f4nus sem dep\u00f3sito antes de escolher o cassino online de sua prefer\u00eancia no Brasil \u2013 afinal, s\u00e3o diversas op\u00e7\u00f5es para os jogadores, cada uma com seus pontos fortes e fracos.<\/p>\n<p>Confira!<\/p>\n<div id=\"ez-toc-container\" class=\"ez-toc-v2_0_82_2 counter-hierarchy ez-toc-counter ez-toc-custom ez-toc-container-direction\">\n<div class=\"ez-toc-title-container\">\n<p class=\"ez-toc-title\" style=\"cursor:inherit\">Tabela de conte\u00fados<\/p>\n<span class=\"ez-toc-title-toggle\"><a href=\"#\" class=\"ez-toc-pull-right ez-toc-btn ez-toc-btn-xs ez-toc-btn-default ez-toc-toggle\" aria-label=\"Alternar tabela de conte\u00fado\"><span class=\"ez-toc-js-icon-con\"><span class=\"\"><span class=\"eztoc-hide\" style=\"display:none;\">Toggle<\/span><span class=\"ez-toc-icon-toggle-span\"><svg style=\"fill: #999;color:#999\" xmlns=\"http:\/\/www.w3.org\/2000\/svg\" class=\"list-377408\" width=\"20px\" height=\"20px\" viewBox=\"0 0 24 24\" fill=\"none\"><path d=\"M6 6H4v2h2V6zm14 0H8v2h12V6zM4 11h2v2H4v-2zm16 0H8v2h12v-2zM4 16h2v2H4v-2zm16 0H8v2h12v-2z\" fill=\"currentColor\"><\/path><\/svg><svg style=\"fill: #999;color:#999\" class=\"arrow-unsorted-368013\" xmlns=\"http:\/\/www.w3.org\/2000\/svg\" width=\"10px\" height=\"10px\" viewBox=\"0 0 24 24\" version=\"1.2\" baseProfile=\"tiny\"><path d=\"M18.2 9.3l-6.2-6.3-6.2 6.3c-.2.2-.3.4-.3.7s.1.5.3.7c.2.2.4.3.7.3h11c.3 0 .5-.1.7-.3.2-.2.3-.5.3-.7s-.1-.5-.3-.7zM5.8 14.7l6.2 6.3 6.2-6.3c.2-.2.3-.5.3-.7s-.1-.5-.3-.7c-.2-.2-.4-.3-.7-.3h-11c-.3 0-.5.1-.7.3-.2.2-.3.5-.3.7s.1.5.3.7z\"\/><\/svg><\/span><\/span><\/span><\/a><\/span><\/div>\n<nav><ul class='ez-toc-list ez-toc-list-level-1 eztoc-toggle-hide-by-default' ><li class='ez-toc-page-1 ez-toc-heading-level-2'><a class=\"ez-toc-link ez-toc-heading-1\" href=\"https:\/\/staging.casinoalto.com\/br\/casinos-sin-deposito\/#O-que-diz-a-lei-sobre-bonus-em-cassinos\" >O que diz a lei sobre b\u00f4nus em cassinos?<\/a><\/li><li class='ez-toc-page-1 ez-toc-heading-level-2'><a class=\"ez-toc-link ez-toc-heading-2\" href=\"https:\/\/staging.casinoalto.com\/br\/casinos-sin-deposito\/#O-que-e-o-bonus-sem-deposito\" >O que \u00e9 o b\u00f4nus sem dep\u00f3sito?<\/a><ul class='ez-toc-list-level-3' ><li class='ez-toc-heading-level-3'><a class=\"ez-toc-link ez-toc-heading-3\" href=\"https:\/\/staging.casinoalto.com\/br\/casinos-sin-deposito\/#Cashback\" >Cashback<\/a><\/li><li class='ez-toc-page-1 ez-toc-heading-level-3'><a class=\"ez-toc-link ez-toc-heading-4\" href=\"https:\/\/staging.casinoalto.com\/br\/casinos-sin-deposito\/#Bonus-gratis-sem-deposito-para-caca-niqueis\" >B\u00f4nus gr\u00e1tis sem dep\u00f3sito para ca\u00e7a n\u00edqueis<\/a><\/li><li class='ez-toc-page-1 ez-toc-heading-level-3'><a class=\"ez-toc-link ez-toc-heading-5\" href=\"https:\/\/staging.casinoalto.com\/br\/casinos-sin-deposito\/#Bonus-gratis-para-roleta\" >B\u00f4nus gr\u00e1tis para roleta<\/a><\/li><\/ul><\/li><li class='ez-toc-page-1 ez-toc-heading-level-2'><a class=\"ez-toc-link ez-toc-heading-6\" href=\"https:\/\/staging.casinoalto.com\/br\/casinos-sin-deposito\/#Como-receber-o-bonus-sem-deposito\" >Como receber o b\u00f4nus sem dep\u00f3sito?<\/a><\/li><li class='ez-toc-page-1 ez-toc-heading-level-2'><a class=\"ez-toc-link ez-toc-heading-7\" href=\"https:\/\/staging.casinoalto.com\/br\/casinos-sin-deposito\/#Posso-ganhar-dinheiro-real-com-meu-bonus-sem-deposito\" >Posso ganhar dinheiro real com meu b\u00f4nus sem dep\u00f3sito?<\/a><\/li><li class='ez-toc-page-1 ez-toc-heading-level-2'><a class=\"ez-toc-link ez-toc-heading-8\" href=\"https:\/\/staging.casinoalto.com\/br\/casinos-sin-deposito\/#Vantagens-e-desvantagens-do-bonus-sem-deposito\" >Vantagens e desvantagens do b\u00f4nus sem dep\u00f3sito<\/a><ul class='ez-toc-list-level-3' ><li class='ez-toc-heading-level-3'><a class=\"ez-toc-link ez-toc-heading-9\" href=\"https:\/\/staging.casinoalto.com\/br\/casinos-sin-deposito\/#Vantagens\" >Vantagens<\/a><\/li><li class='ez-toc-page-1 ez-toc-heading-level-3'><a class=\"ez-toc-link ez-toc-heading-10\" href=\"https:\/\/staging.casinoalto.com\/br\/casinos-sin-deposito\/#Desvantagens\" >Desvantagens<\/a><\/li><\/ul><\/li><li class='ez-toc-page-1 ez-toc-heading-level-2'><a class=\"ez-toc-link ez-toc-heading-11\" href=\"https:\/\/staging.casinoalto.com\/br\/casinos-sin-deposito\/#Perguntas-frequentes-FAQ\" >Perguntas frequentes (FAQ)<\/a><\/li><\/ul><\/nav><\/div>\n<h2><span class=\"ez-toc-section\" id=\"O-que-diz-a-lei-sobre-bonus-em-cassinos\"><\/span>O que diz a lei sobre b\u00f4nus em cassinos?<span class=\"ez-toc-section-end\"><\/span><\/h2>\n<p>A Lei brasileira\u00a0<strong>n\u00e3o permite mais\u00a0<\/strong>a oferta de b\u00f4nus de boas-vindas. O objetivo \u00e9 controlar a publicidade e evitar que as pessoas sejam atra\u00eddas para jogarem nos cassinos por conta de ofertas especiais.<\/p>\n<p>Com isso, os cassinos e casas de apostas s\u00f3 podem oferece <a href=\"https:\/\/casinoalto.com\/br\/bonos-de-bienvenida\/\" target=\"_blank\" rel=\"noopener\">b\u00f4nus e promo\u00e7\u00f5es especiais para os jogadores<\/a> j\u00e1 cadastrados e verificados em suas plataformas. Assim, tratam-se de ofertas especiais para fidelizar e dar promo\u00e7\u00f5es para os clientes, e n\u00e3o para atrair novos cadastros apenas.<\/p>\n<h2><span class=\"ez-toc-section\" id=\"O-que-e-o-bonus-sem-deposito\"><\/span><strong>O que \u00e9 o b\u00f4nus sem dep\u00f3sito?<\/strong><span class=\"ez-toc-section-end\"><\/span><\/h2>\n<p>Os b\u00f4nus sem dep\u00f3sito s\u00e3o creditados para os apostadores\u00a0<strong>sem a exig\u00eancia de um dep\u00f3sito m\u00ednimo.\u00a0<\/strong>Portanto, v\u00e1rios tipos de promo\u00e7\u00f5es podem ser considerados b\u00f4nus sem dep\u00f3sito. Veja alguns dos principais exemplos em 2025:<\/p>\n<h3><span class=\"ez-toc-section\" id=\"Cashback\"><\/span>Cashback<span class=\"ez-toc-section-end\"><\/span><\/h3>\n<p>O Cashback oferece o retorno de uma porcentagem dos valores perdidos na semana, e cada cassino pode oferecer um tipo de b\u00f4nus sem dep\u00f3sito para aproveitar o site. Geralmente, o cashback varia de 10 a 12%. Um <a href=\"https:\/\/casinoalto.com\/br\/casinos-online\/bacana-play\/\" target=\"_blank\" rel=\"noopener\">cassino bem confi\u00e1vel como a Bacana Play<\/a> oferece at\u00e9 12% de cashback, a depender do volume de gastos.<\/p>\n<h3><span class=\"ez-toc-section\" id=\"Bonus-gratis-sem-deposito-para-caca-niqueis\"><\/span><strong>B\u00f4nus gr\u00e1tis sem dep\u00f3sito para ca\u00e7a n\u00edqueis<\/strong><span class=\"ez-toc-section-end\"><\/span><\/h3>\n<p>Muitos dos <a href=\"https:\/\/casinoalto.com\/br\/casinos-online\/\" target=\"_blank\" rel=\"noopener\">principais sites para jogar cassino<\/a> no pa\u00eds oferecem b\u00f4nus especiais para jogar em slots, como rodadas gr\u00e1tis.<\/p>\n<p>E o formato de disponibiliza\u00e7\u00e3o dos b\u00f4nus pode variar bastante. \u00c9 comum que os sites enviem\u00a0<strong>ofertas por SMS,\u00a0<\/strong>e quando entra na plataforma, o jogador pode aproveitar rodadas gr\u00e1tis e aumentos dos ganhos.<\/p>\n<p>Assim, um <a href=\"https:\/\/casinoalto.com\/br\/casinos-online\/bet365\/\" target=\"_blank\" rel=\"noopener\">site confi\u00e1vel como a Bet365<\/a> pode disponibilizar promo\u00e7\u00f5es sazonais especiais para os jogadores cadastrados e usu\u00e1rios da plataforma.<\/p>\n<h3><span class=\"ez-toc-section\" id=\"Bonus-gratis-para-roleta\"><\/span><strong>B\u00f4nus gr\u00e1tis para roleta<\/strong><span class=\"ez-toc-section-end\"><\/span><\/h3>\n<p>O mesmo tipo de b\u00f4nus pode ser utilizado para jogos de roleta. Por mais que seja mais comum que os sites disponibilizem ofertas para slots machines, podem haver b\u00f4nus gr\u00e1tis para roletas.<\/p>\n<p>Al\u00e9m disso, em muitos casos, \u00e9 poss\u00edvel usar o dinheiro ganho em b\u00f4nus e promo\u00e7\u00f5es para os jogos de roleta.<\/p>\n<h2><span class=\"ez-toc-section\" id=\"Como-receber-o-bonus-sem-deposito\"><\/span>Como receber o b\u00f4nus sem dep\u00f3sito?<span class=\"ez-toc-section-end\"><\/span><\/h2>\n<p>Com a\u00a0<strong>proibi\u00e7\u00e3o do b\u00f4nus de boas-vindas,\u00a0<\/strong>cada cassino tem oferecido suas pr\u00f3prias maneiras de oferecer os b\u00f4nus.<\/p>\n<p>\u00c9 comum que, logo ap\u00f3s fazer o cadastro e a verifica\u00e7\u00e3o, o cassino online ofere\u00e7a um b\u00f4nus especial para come\u00e7ar a usar o site e escolher a <a href=\"https:\/\/casinoalto.com\/br\/casinos-online\/bet365\/\" target=\"_blank\" rel=\"noopener\">forma de pagamento para depositar no cassino<\/a>.<\/p>\n<p>Outros cassinos usam de pequenos games como giros e roletas diretamente no site para darem giros gr\u00e1tis para determinadas slots machines.<\/p>\n<h2><span class=\"ez-toc-section\" id=\"Posso-ganhar-dinheiro-real-com-meu-bonus-sem-deposito\"><\/span><strong>Posso ganhar dinheiro real com meu b\u00f4nus sem dep\u00f3sito?<\/strong><span class=\"ez-toc-section-end\"><\/span><\/h2>\n<p>A resposta \u00e9 sim, voc\u00ea pode ganhar dinheiro com b\u00f4nus gr\u00e1tis de cassino no Brasil. Atualmente, os cassinos t\u00eam oferecido esse tipo de promo\u00e7\u00e3o para turbinar os ganhos potenciais, ainda que n\u00e3o sejam v\u00e1lidos para atrair novos clientes<\/p>\n<p>Sempre que os b\u00f4nus vierem de cassinos online confi\u00e1veis e seguros, voc\u00ea n\u00e3o precisa se preocupar com nada e retirar os ganhos ap\u00f3s cumprir os requisitos. Por\u00e9m, fique atento a eles, sobretudo no que diz respeito ao rollover e aos prazos.<\/p>\n<p>No momento de usar os b\u00f4nus gr\u00e1tis sem dep\u00f3sitos, os cassinos s\u00e3o obrigados a explicarem o funcionamento da oferta aos jogadores, e \u00e9 justamente essa transpar\u00eancia que n\u00e3o faz com que ningu\u00e9m seja lesado de forma alguma.<\/p>\n<h2><span class=\"ez-toc-section\" id=\"Vantagens-e-desvantagens-do-bonus-sem-deposito\"><\/span><strong>Vantagens e desvantagens do b\u00f4nus sem dep\u00f3sito<\/strong><span class=\"ez-toc-section-end\"><\/span><\/h2>\n<p>Agora que voc\u00ea sabe o que s\u00e3o os b\u00f4nus sem dep\u00f3sito, como eles funcionam, quais tipos existem e outros detalhes desses b\u00f4nus sem dep\u00f3sito, \u00e9 hora de decidir qual oferta escolher antes de come\u00e7ar a apostar. Realmente \u00e9 lucrativo receber um b\u00f4nus?<\/p>\n<h3><span class=\"ez-toc-section\" id=\"Vantagens\"><\/span><strong>Vantagens<\/strong><span class=\"ez-toc-section-end\"><\/span><\/h3>\n<ul>\n<li><strong>Confiabilidade<\/strong>. No Casino Alto, oferecemos sempre as melhores ofertas de cassinos online totalmente confi\u00e1veis e seguros. Com b\u00f4nus por dep\u00f3sito ou b\u00f4nus gr\u00e1tis, voc\u00ea pode confiar em tudo que v\u00ea aqui no site sem preocupa\u00e7\u00e3o, pois estamos sempre atualizados com as melhores diretrizes do mercado em todos os aspectos<\/li>\n<li><strong>O fato de ser gr\u00e1tis<\/strong>. Todo mundo gosta de receber coisas sem ter que dar dinheiro e isso sempre \u00e9 um ponto a favor. Trata-se de um incentivo valioso, sobretudo a novos jogadores que ainda n\u00e3o conhecem muito bem o universo das apostas e, por isso, necessitam de um tempo de adapta\u00e7\u00e3o.<\/li>\n<li><strong>Experimente jogos sem risco<\/strong>. Se um determinado jogo chama sua aten\u00e7\u00e3o, voc\u00ea quer aperfei\u00e7oar sua estrat\u00e9gia ou apenas tentar test\u00e1-lo antes de jogar pra valer, os b\u00f4nus gratuitos s\u00e3o sua melhor op\u00e7\u00e3o, pois voc\u00ea fazer tudo isso sem arriscar nada.<\/li>\n<li><strong>Obtenha benef\u00edcios sem investir<\/strong>. \u00c9 verdade que, por conta da limita\u00e7\u00e3o natural, os lucros nunca ser\u00e3o estratosf\u00e9ricos. No entanto, voc\u00ea tem a oportunidade de ganhar algum dinheiro real se voc\u00ea jogar bem sem precisar depositar um real sequer.<\/li>\n<\/ul>\n<h3><span class=\"ez-toc-section\" id=\"Desvantagens\"><\/span><strong>Desvantagens<\/strong><span class=\"ez-toc-section-end\"><\/span><\/h3>\n<ul>\n<li><strong>Altas demandas para libera\u00e7\u00e3o<\/strong>. \u00c9 o grande ponto negativo dos b\u00f4nus sem dep\u00f3sito (e qualquer outro tipo de bonifica\u00e7\u00e3o que envolva dinheiro gr\u00e1tis ou giros gr\u00e1tis): o rollover. Com poucas exce\u00e7\u00f5es, os b\u00f4nus sem dep\u00f3sito geralmente carregam altas condi\u00e7\u00f5es de apostas que te fazem jogar at\u00e9 cumprir os requisitos necess\u00e1rios para poder sacar os benef\u00edcios do saldo de b\u00f4nus para o saldo real.<\/li>\n<li><strong>Data de validade<\/strong>. Al\u00e9m do rollover, h\u00e1 um prazo para cumprimento de requisitos nos cassinos online. Esta circunst\u00e2ncia n\u00e3o \u00e9 exclusiva dos b\u00f4nus sem dep\u00f3sito, no entanto, neste em particular geralmente h\u00e1 uma margem menor dispon\u00edvel \u2014 30 dias. Tenha isso em mente para n\u00e3o ultrapassar a data limite.<\/li>\n<li><strong>Benef\u00edcios limitados<\/strong>. Claro, n\u00e3o \u00e9 poss\u00edvel conseguir lucros infinitos com o b\u00f4nus sem dep\u00f3sito. Se a sorte estiver ao seu lado, os benef\u00edcios ser\u00e3o limitados a um saldo espec\u00edfico que geralmente n\u00e3o \u00e9 muito alto.<\/li>\n<\/ul>\n<h2><span class=\"ez-toc-section\" id=\"Perguntas-frequentes-FAQ\"><\/span>Perguntas frequentes (FAQ)<span class=\"ez-toc-section-end\"><\/span><\/h2>\n<p>Caso voc\u00ea ainda tenha alguma d\u00favida sobre o funcionamento das ofertas gr\u00e1tis sem dep\u00f3sito, seja ele em forma de dinheiro ou giros gr\u00e1tis, ou caso algo n\u00e3o tenha ficado claro com rela\u00e7\u00e3o ao rollover, prazos e demais condi\u00e7\u00f5es, preparamos um guia com as perguntas e repostas mais frequentes.<\/p>\n<div id=\"Acc_bpm3\"><div id=\"bpmAccordion\" class=\"firstAcc \"><div class=\"accordion\">\n                    <div class=\"accordion-header accordion_gray\"> O que \u00e9 um b\u00f4nus sem dep\u00f3sito?<\/div>\n                    <div class=\"accordion-content\"><p><p>B\u00f4nus sem dep\u00f3sito s\u00e3o aqueles oferecidos pelos cassinos sem a exig\u00eancia de um dep\u00f3sito, como diz o pr\u00f3prio nome. Com as nova leis, os sites n\u00e3o podem oferecer mais b\u00f4nus no cadastro, mas ainda \u00e9 poss\u00edvel contar com ofertas especiais e promo\u00e7\u00f5es para os jogadores j\u00e1 cadastrados.&nbsp;<\/p><p><br><\/p><\/p><\/div>\n                <\/div><div class=\"accordion\">\n                    <div class=\"accordion-header accordion_gray\"> Todos os casinos oferecem b\u00f3nus sem dep\u00f3sito?<\/div>\n                    <div class=\"accordion-content\"><p><p>N\u00e3o s\u00e3o todos, mas tenha certeza de que a grande maioria oferece esse algum de b\u00f4nus gr\u00e1tis sem dep\u00f3sito (seja no registro ou peri\u00f3dico), porque as empresas entendem que isto \u00e9 um incentivo para que os novos clientes conhe\u00e7am os jogos do cassino, sendo uma importante ferramenta de marketing. Assim, as chances de fideliza\u00e7\u00e3o s\u00e3o bem maiores.<br><\/p><\/p><\/div>\n                <\/div><div class=\"accordion\">\n                    <div class=\"accordion-header accordion_gray\"> Esse b\u00f4nus sem dep\u00f3sito \u00e9 realmente gr\u00e1tis?<\/div>\n                    <div class=\"accordion-content\"><p><p>Essa \u00e9 uma d\u00favida bastante comum \u2013 afinal, todo mundo desconfia de qualquer coisa que se diga gratuita. No caso dos cassinos listados aqui, voc\u00ea n\u00e3o precisa ter esse questionamento: os b\u00f4nus sem dep\u00f3sito, de fato, n\u00e3o t\u00eam custo algum. Assim que concluir o registro, o saldo de b\u00f4nus fica dispon\u00edvel para apostar. No entanto, \u00e9 necess\u00e1rio cumprir os requisitos antes de fazer o levantamento desse saldo. Afinal, os cassinos iriam a fal\u00eancia caso os usu\u00e1rios pudessem simplesmente sacar o b\u00f4nus recebido sem antes coloca-los em jogo.<br><\/p><\/p><\/div>\n                <\/div><div class=\"accordion\">\n                    <div class=\"accordion-header accordion_gray\"> Como proceder caso n\u00e3o receba a oferta gr\u00e1tis sem dep\u00f3sito?<\/div>\n                    <div class=\"accordion-content\"><p><p>Caso voc\u00ea tenha feito a inscri\u00e7\u00e3o no site, cumprindo com todas as exig\u00eancias do cassino, dever\u00e1 receber em sua conta o b\u00f4nus gr\u00e1tis sem dep\u00f3sito para jogar no site. Se isso n\u00e3o acontecer, entre em contato com o cassino atrav\u00e9s de um dos meios oferecidos (chat, telefone ou e-mail), explicando o ocorrido.<br><\/p><\/p><\/div>\n                <\/div><div class=\"accordion\">\n                    <div class=\"accordion-header accordion_gray\"> Quais s\u00e3o os tipos de b\u00f4nus sem dep\u00f3sito mais comuns?<\/div>\n                    <div class=\"accordion-content\"><p><p>Os b\u00f4nus sem dep\u00f3sito mais comuns nos cassinos s\u00e3o: B\u00f4nus em dinheiro, giros gr\u00e1tis em slots e giros gr\u00e1tis em roletas. Este \u00faltimo \u00e9 mais raro no Brasil, mas pode aparecer em promo\u00e7\u00f5es peri\u00f3dicas.<br><\/p><\/p><\/div>\n                <\/div><div class=\"accordion\">\n                    <div class=\"accordion-header accordion_gray\"> Posso utilizar o b\u00f4nus sem dep\u00f3sito mais de uma vez?<\/div>\n                    <div class=\"accordion-content\"><p><p>N\u00e3o. Esse tipo de bonifica\u00e7\u00e3o \u00e9 oferecido apenas para novos clientes. No entanto, os casinos costumam oferecer outros tipos de promo\u00e7\u00f5es que s\u00e3o oferecidos constantemente aos seus clientes em determinados dias da semana, ou ap\u00f3s um certo volume de apostas (como nos programas de fidelidade, por exemplo). Verifique sempre no Casino Alto que tipo de b\u00f3nus os melhores casinos est\u00e3o a oferecer.<br><\/p><\/p><\/div>\n                <\/div><div class=\"accordion\">\n                    <div class=\"accordion-header accordion_gray\"> Por que os casinos oferecem ofertas gr\u00e1tis sem dep\u00f3sito?<\/div>\n                    <div class=\"accordion-content\"><p><p>Trata-se de uma a\u00e7\u00e3o de marketing para atrair clientes e vencer a concorr\u00eancia. Afinal, qual o cliente que n\u00e3o gosta de um incentivo desse tamanho? Hoje em dia, nenhum cassino online sobrevive sem oferecer condi\u00e7\u00f5es vantajosas para fidelizar clientes, pois o mercado \u00e9 muito competitivo e o jogador tem diversas op\u00e7\u00f5es. Entre um cassino que oferece boas promo\u00e7\u00f5es e outro que n\u00e3o oferece, o cliente, via de regra, optar\u00e1 pelo primeiro.<br><\/p><\/p><\/div>\n                <\/div><div class=\"accordion\">\n                    <div class=\"accordion-header accordion_gray\"> H\u00e1 possibilidade de sacar b\u00f4nus sem dep\u00f3sitos?<\/div>\n                    <div class=\"accordion-content\"><p><p>Sim, \u00e9 poss\u00edvel. Cada cassino possui termos e condi\u00e7\u00f5es que devem ser sempre lidos antes de qualquer coisa. Por\u00e9m, as regras costumam ser a mesma em quase todas neste ponto: para sacar o valor do b\u00f4nus, \u00e9 necess\u00e1rio cumprir um rollover em determinado per\u00edodo de tempo para que o saldo fique dispon\u00edvel ao saque.<br><\/p><\/p><\/div>\n                <\/div><div class=\"accordion\">\n                    <div class=\"accordion-header accordion_gray\"> O que \u00e9 o rollover?<\/div>\n                    <div class=\"accordion-content\"><p><p>O rollover \u00e9 um valor m\u00ednimo de apostas que o jogador deve fazer antes de fazer o saque do saldo de b\u00f4nus de boas vindas para sua conta em dinheiro real. Ou seja, \u00e9 preciso apostar o valor algumas vezes, ou jogar algumas vezes em algum jogo espec\u00edfico. O valor do rollover varia de acordo com os cassinos, mas fica na m\u00e9dia entre 30 e 50 vezes.<br><\/p><\/p><\/div>\n                <\/div><div class=\"accordion\">\n                    <div class=\"accordion-header accordion_gray\"> Em quais jogos posso utilizar b\u00f4nus sem dep\u00f3sito?<\/div>\n                    <div class=\"accordion-content\"><p><p>Via de regra, eles est\u00e3o dispon\u00edveis para todos os jogos do cat\u00e1logo. Por\u00e9m, h\u00e1 alguns cassinos que limitam o uso da promo\u00e7\u00e3o para determinados slots ou jogos de mesa. Por isso, \u00e9 importante conferir os termos da promo\u00e7\u00e3o para saber exatamente em quais jogos ela poder\u00e1 ser utilizada.<br><\/p><\/p><\/div>\n                <\/div><div class=\"accordion\">\n                    <div class=\"accordion-header accordion_gray\"> Posso utilizar os b\u00f4nus sem dep\u00f3sito em apostas esportivas?<\/div>\n                    <div class=\"accordion-content\"><p><p>Grande parte dos cassinos oferecem tamb\u00e9m se\u00e7\u00f5es com apostas esportivas. Em alguns casos, as bonifica\u00e7\u00f5es valem tanto para os jogos de cassino quanto para os esportes. No entanto, o mais comum \u00e9 que as apostas esportivas contem com condi\u00e7\u00f5es promocionais espec\u00edficas, o que impede o uso do b\u00f4nus sem dep\u00f3sito de cassino.<br><\/p><\/p><\/div>\n                <\/div><\/div><\/div>\n","protected":false},"excerpt":{"rendered":"<p>Os b\u00f4nus sem dep\u00f3sito s\u00e3o muito importante para os cassinos online no Brasil. Ao longo dos \u00faltimos meses, o panorama de promo\u00e7\u00f5es mudou bastante no pa\u00eds, sobretudo com a proibi\u00e7\u00e3o dos b\u00f4nus de boas-vindas para os novos apostadores pela nova legisla\u00e7\u00e3o. O Casino Alto preparou um guia com tudo o que voc\u00ea precisa saber sobre [&hellip;]<\/p>\n","protected":false},"author":20,"featured_media":0,"parent":0,"menu_order":0,"comment_status":"closed","ping_status":"closed","template":"page-casinos.php","meta":{"_acf_changed":false,"footnotes":""},"class_list":["post-141095","page","type-page","status-publish","hentry"],"acf":[],"_links":{"self":[{"href":"https:\/\/staging.casinoalto.com\/br\/wp-json\/wp\/v2\/pages\/141095","targetHints":{"allow":["GET"]}}],"collection":[{"href":"https:\/\/staging.casinoalto.com\/br\/wp-json\/wp\/v2\/pages"}],"about":[{"href":"https:\/\/staging.casinoalto.com\/br\/wp-json\/wp\/v2\/types\/page"}],"author":[{"embeddable":true,"href":"https:\/\/staging.casinoalto.com\/br\/wp-json\/wp\/v2\/users\/20"}],"replies":[{"embeddable":true,"href":"https:\/\/staging.casinoalto.com\/br\/wp-json\/wp\/v2\/comments?post=141095"}],"version-history":[{"count":5,"href":"https:\/\/staging.casinoalto.com\/br\/wp-json\/wp\/v2\/pages\/141095\/revisions"}],"predecessor-version":[{"id":10063681,"href":"https:\/\/staging.casinoalto.com\/br\/wp-json\/wp\/v2\/pages\/141095\/revisions\/10063681"}],"wp:attachment":[{"href":"https:\/\/staging.casinoalto.com\/br\/wp-json\/wp\/v2\/media?parent=141095"}],"curies":[{"name":"wp","href":"https:\/\/api.w.org\/{rel}","templated":true}]}}