{"id":144800,"date":"2018-02-20T16:53:06","date_gmt":"2018-02-20T16:53:06","guid":{"rendered":"https:\/\/casinoalto.com\/br\/?page_id=144800"},"modified":"2025-05-21T15:20:08","modified_gmt":"2025-05-21T15:20:08","slug":"bonos-sin-deposito-ruleta","status":"publish","type":"page","link":"https:\/\/staging.casinoalto.com\/br\/bonos-de-bienvenida\/bonos-sin-deposito-ruleta\/","title":{"rendered":"B\u00f4nus sem dep\u00f3sito para Roleta"},"content":{"rendered":"<p>O mercado de <a href=\"https:\/\/casinoalto.com\/br\/\" target=\"_blank\" rel=\"noopener\">sites de cassino e de apostas no Brasil<\/a> mudou bastante ao longo dos \u00faltimos meses, sobretudo com a nova regulamenta\u00e7\u00e3o do governo federal. E os <a href=\"https:\/\/casinoalto.com\/br\/bonos-de-bienvenida\/\" target=\"_blank\" rel=\"noopener\">b\u00f4nus e promo\u00e7\u00f5es de boas-vindas<\/a> foram proibidos, mas os cassinos ainda oferecem promo\u00e7\u00f5es especiais para os jogadores cadastrados e verificados na plataforma.<\/p>\n<h2><strong>Como conseguir um b\u00f4nus sem dep\u00f3sito para roleta<\/strong><\/h2>\n<p><img loading=\"lazy\" decoding=\"async\" class=\"alignleft wp-image-147693\" style=\"padding: 0 0.5rem\" src=\"\/br\/wp-content\/uploads\/sites\/3\/2017\/08\/004-roulette.webp\" alt=\"ruleta\" width=\"50\" height=\"50\" \/>Os b\u00f4nus que os cassinos online d\u00e3o aos seus usu\u00e1rios s\u00e3o uma mistura de incentivo e recompensa. O b\u00f4nus \u00e9 como um dinheiro que faz com que o jogador iniciante comece nos jogos sem precisar de depositar dinheiro real. Al\u00e9m disso, esse b\u00f4nus \u00e9 uma forma de recompensa ao jogador devido a sua confian\u00e7a colocada no cassino online em quest\u00e3o.<\/p>\n<p>Entre os b\u00f4nus dispon\u00edveis, os <strong>sem dep\u00f3sito s\u00e3o os mais atrativos<\/strong>, pois eles s\u00e3o recebidos gratuitamente. Isso vai na contram\u00e3o dos b\u00f4nus tradicionais, que geralmente pedem uma aposta ou um dep\u00f3sito m\u00ednimo por parte do jogador.<\/p>\n<p>O b\u00f4nus sem dep\u00f3sito pode ser distribu\u00eddo para o jogador ap\u00f3s o seu registro no cassino online. Geralmente o b\u00f4nus \u00e9 pass\u00edvel de ser utilizado nos jogos mais populares dos cassinos \u2014 como a roleta online<\/a>. Com as novas regras, o cassino pode comunicar a promo\u00e7\u00e3o de outras maneiras, como envio de SMS, e-mail ou at\u00e9 no pr\u00f3prio site.<\/p>\n<p>Nos <a href=\"https:\/\/casinoalto.com\/br\/casinos-online\/\" target=\"_blank\" rel=\"noopener\">principais cassinos online do pa\u00eds<\/a>,<strong>\u00a0voc\u00ea vai encontrar diferentes tipos de roleta<\/strong>: roleta francesa<\/a>, roleta americana<\/a> e roleta europeia<\/a>. Tamb\u00e9m h\u00e1 outros que s\u00e3o bem simples e parecidos com essas cl\u00e1ssicas varia\u00e7\u00f5es da roleta.<\/p>\n<p>As diferen\u00e7as entre as variantes n\u00e3o s\u00e3o muitas. No entanto, \u00e9 fato que cada uma apresenta sua peculiaridade. A principal diferen\u00e7a est\u00e1 na roleta americana, que tem um duplo zero.<\/p>\n<p>Com a roleta, independente de seu estilo, o segredo \u00e9 escolher um n\u00famero ou um conjunto deles e apostar. Ap\u00f3s o giro da bola na roleta, o esf\u00e9rico para em um determinado n\u00famero e assim \u00e9 determinado o vencedor.<\/p>\n<p>Al\u00e9m disso, gra\u00e7as a roleta ao vivo, voc\u00ea pode viver a experi\u00eancia mais natural poss\u00edvel no cassino online, pois com uma roleta de verdade um crupi\u00ea de carne e osso a a\u00e7\u00e3o se torna muito mais emocionante. Fique atento aos <a href=\"https:\/\/casinoalto.com\/br\/metodos-de-pago\/\" target=\"_blank\" rel=\"noopener\">m\u00e9todos para dep\u00f3sito nos cassinos<\/a>, o que tamb\u00e9m mudou com a regulamenta\u00e7\u00e3o.<\/p>\n","protected":false},"excerpt":{"rendered":"<p>O mercado de sites de cassino e de apostas no Brasil mudou bastante ao longo dos \u00faltimos meses, sobretudo com a nova regulamenta\u00e7\u00e3o do governo federal. E os b\u00f4nus e promo\u00e7\u00f5es de boas-vindas foram proibidos, mas os cassinos ainda oferecem promo\u00e7\u00f5es especiais para os jogadores cadastrados e verificados na plataforma. Como conseguir um b\u00f4nus sem [&hellip;]<\/p>\n","protected":false},"author":1,"featured_media":146065,"parent":135082,"menu_order":0,"comment_status":"closed","ping_status":"closed","template":"","meta":{"_acf_changed":false,"footnotes":""},"class_list":["post-144800","page","type-page","status-publish","has-post-thumbnail","hentry"],"acf":[],"_links":{"self":[{"href":"https:\/\/staging.casinoalto.com\/br\/wp-json\/wp\/v2\/pages\/144800","targetHints":{"allow":["GET"]}}],"collection":[{"href":"https:\/\/staging.casinoalto.com\/br\/wp-json\/wp\/v2\/pages"}],"about":[{"href":"https:\/\/staging.casinoalto.com\/br\/wp-json\/wp\/v2\/types\/page"}],"author":[{"embeddable":true,"href":"https:\/\/staging.casinoalto.com\/br\/wp-json\/wp\/v2\/users\/1"}],"replies":[{"embeddable":true,"href":"https:\/\/staging.casinoalto.com\/br\/wp-json\/wp\/v2\/comments?post=144800"}],"version-history":[{"count":6,"href":"https:\/\/staging.casinoalto.com\/br\/wp-json\/wp\/v2\/pages\/144800\/revisions"}],"predecessor-version":[{"id":10063675,"href":"https:\/\/staging.casinoalto.com\/br\/wp-json\/wp\/v2\/pages\/144800\/revisions\/10063675"}],"up":[{"embeddable":true,"href":"https:\/\/staging.casinoalto.com\/br\/wp-json\/wp\/v2\/pages\/135082"}],"wp:featuredmedia":[{"embeddable":true,"href":"https:\/\/staging.casinoalto.com\/br\/wp-json\/wp\/v2\/media\/146065"}],"wp:attachment":[{"href":"https:\/\/staging.casinoalto.com\/br\/wp-json\/wp\/v2\/media?parent=144800"}],"curies":[{"name":"wp","href":"https:\/\/api.w.org\/{rel}","templated":true}]}}