{"id":154198,"date":"2020-03-11T16:06:05","date_gmt":"2020-03-11T16:06:05","guid":{"rendered":"https:\/\/casinoalto.com\/br\/?page_id=154198"},"modified":"2025-05-21T13:41:39","modified_gmt":"2025-05-21T13:41:39","slug":"codigos","status":"publish","type":"page","link":"https:\/\/staging.casinoalto.com\/br\/codigos\/","title":{"rendered":"C\u00f3digos promocionais de cassino"},"content":{"rendered":"<p>Todos os <a href=\"https:\/\/casinoalto.com\/br\/\" target=\"_blank\" rel=\"noopener\">cassinos online do mercado brasileiro<\/a> buscam atrair clientes com <a href=\"https:\/\/casinoalto.com\/br\/bonos-de-bienvenida\/\" target=\"_blank\" rel=\"noopener\">\u00f3timas ofertas e promo\u00e7\u00f5es<\/a> que oferecem um incentivo diferenciado na escolha de um ou outro cassino. Dentro dessas op\u00e7\u00f5es, um dos mais procurados pelos usu\u00e1rios s\u00e3o os c\u00f3digos promocionais de cassino.<\/p>\n<p>Com a mudan\u00e7a da legisla\u00e7\u00e3o brasileira, os cassinos online n\u00e3o oferecem mais b\u00f4nus de boas-vindas logo no registro da conta, tudo em fun\u00e7\u00e3o das exig\u00eancias de prote\u00e7\u00e3o de publicidade para os usu\u00e1rios. No entanto, os <a href=\"https:\/\/casinoalto.com\/br\/casinos-online\/\" target=\"_blank\" rel=\"noopener\">sites de cassino legalizados no Brasil<\/a> ainda est\u00e3o aptos a oferecerem b\u00f4nus e promo\u00e7\u00f5es ap\u00f3s a realiza\u00e7\u00e3o da verifica\u00e7\u00e3o de identidade do jogador.<\/p>\n<p>Isso significa que o jogador pode receber quantia extra de dinheiro na conta (n\u00e3o necessariamente dinheiro real, visto que ser\u00e1 preciso cumprir exig\u00eancias de rollover), rodadas gr\u00e1tis, cashback e ganhos turbinados. Al\u00e9m disso, \u00e9 poss\u00edvel receber benef\u00edcios especiais de acordo com a <a href=\"https:\/\/casinoalto.com\/br\/metodos-de-pago\/\" target=\"_blank\" rel=\"noopener\">forma de pagamento para dep\u00f3sito no cassino<\/a>.<\/p>\n<p>Aqui, mostraremos uma lista dos melhores sites de jogos online que oferecem um b\u00f4nus com c\u00f3digo promocional, mais do que ofertas interessantes para voc\u00ea escolher o que melhor combina com voc\u00ea, principalmente em <a href=\"https:\/\/casinoalto.com\/br\/casinos-online\/bacana-play\/\" target=\"_blank\" rel=\"noopener\">cassinos confi\u00e1veis com o Bacana Play<\/a>, que oferecem boas op\u00e7\u00f5es para os apostadores.<\/p>\n<h3>Perguntas Frequentes<\/h3>\n<div id=\"Acc_bpm1\"><div id=\"bpmAccordion\" class=\"firstAcc \"><div class=\"accordion\">\n                    <div class=\"accordion-header accordion_gray\"> O que s\u00e3o c\u00f3digos promocionais de cassino?<\/div>\n                    <div class=\"accordion-content\"><p><p>Como voc\u00ea leu antes, os c\u00f3digos promocionais n\u00e3o s\u00e3o mais do que um atrativo a mais a uma oferta de cassino. Ele consiste em inserir um c\u00f3digo durante o registro ou durante o dep\u00f3sito em dinheiro. Isso permitir\u00e1 que voc\u00ea receba alguma recompensa adicional, que pode consistir em dinheiro, um b\u00f4nus maior, rodadas gr\u00e1tis e outros tipos de pr\u00eamios.<br><\/p><\/p><\/div>\n                <\/div><div class=\"accordion\">\n                    <div class=\"accordion-header accordion_gray\"> Como devo usar os c\u00f3digos promocionais do cassino?<\/div>\n                    <div class=\"accordion-content\"><p><p>Normalmente existem duas maneiras de usar c\u00f3digos de cassino. O primeiro \u00e9 inseri-lo durante o registro. Isso pode significar que o cassino online est\u00e1 oferecendo um b\u00f4nus sem dep\u00f3sito, e o c\u00f3digo ter\u00e1 efeito sobre seu primeiro dep\u00f3sito em dinheiro. O segundo \u00e9 introduzi-lo durante o dep\u00f3sito, geralmente o inicial, e este aumenta seu valor de acordo com a quantia depositada.<br><\/p><\/p><\/div>\n                <\/div><div class=\"accordion\">\n                    <div class=\"accordion-header accordion_gray\"> Posso usar um c\u00f3digo promocional se j\u00e1 sou um usu\u00e1rio de cassino?<\/div>\n                    <div class=\"accordion-content\"><p><p>Isso depende diretamente do cassino online. Se o c\u00f3digo promocional estiver relacionado ao registro e ao primeiro dep\u00f3sito (o mais comum), voc\u00ea n\u00e3o poder\u00e1 us\u00e1-lo. Mas a casa de jogos pode oferecer uma promo\u00e7\u00e3o para usu\u00e1rios j\u00e1 registrados que inclua c\u00f3digos promocionais.<br><\/p><\/p><\/div>\n                <\/div><div class=\"accordion\">\n                    <div class=\"accordion-header accordion_gray\"> Devo escolher entre o c\u00f3digo promocional do cassino e o c\u00f3digo das apostas?<\/div>\n                    <div class=\"accordion-content\"><p><p>Embora essa decis\u00e3o esteja nas m\u00e3os do cassino e da casa de apostas, normalmente voc\u00ea n\u00e3o ter\u00e1 que escolher e poder\u00e1 usar os dois c\u00f3digos, se desejar.<br><\/p><\/p><\/div>\n                <\/div><div class=\"accordion\">\n                    <div class=\"accordion-header accordion_gray\"> Existem c\u00f3digos de slots promocionais?<\/div>\n                    <div class=\"accordion-content\"><p><p>Sim, algumas casas de jogos oferecem c\u00f3digos especificamente para slots, que recompensam o usu\u00e1rio com um b\u00f4nus v\u00e1lido apenas para esse tipo de jogo. O mais normal \u00e9 que eles sejam de gra\u00e7a ou tamb\u00e9m utilizados sem custos nos slots.<br><\/p><\/p><\/div>\n                <\/div><div class=\"accordion\">\n                    <div class=\"accordion-header accordion_gray\"> Existem c\u00f3digos promocionais para roleta?<\/div>\n                    <div class=\"accordion-content\"><p><p>Sim, como no caso anterior, os cassinos podem oferecer promo\u00e7\u00f5es especificamente para jogar roleta.<br><\/p><\/p><\/div>\n                <\/div><div class=\"accordion\">\n                    <div class=\"accordion-header accordion_gray\"> Posso usar c\u00f3digos de cassino sem depositar?<\/div>\n                    <div class=\"accordion-content\"><p><p>Sim, existem c\u00f3digos promocionais de cassino que voc\u00ea pode usar sem precisar fazer nenhum dep\u00f3sito, mas n\u00e3o em todos os casos. Voc\u00ea deve ter em mente que isso depender\u00e1 da oferta de boas-vindas que a casa de jogos disponibiliza aos usu\u00e1rios.<br><\/p><\/p><\/div>\n                <\/div><\/div><\/div>\n","protected":false},"excerpt":{"rendered":"<p>Todos os cassinos online do mercado brasileiro buscam atrair clientes com \u00f3timas ofertas e promo\u00e7\u00f5es que oferecem um incentivo diferenciado na escolha de um ou outro cassino. Dentro dessas op\u00e7\u00f5es, um dos mais procurados pelos usu\u00e1rios s\u00e3o os c\u00f3digos promocionais de cassino. Com a mudan\u00e7a da legisla\u00e7\u00e3o brasileira, os cassinos online n\u00e3o oferecem mais b\u00f4nus [&hellip;]<\/p>\n","protected":false},"author":6,"featured_media":0,"parent":0,"menu_order":0,"comment_status":"closed","ping_status":"closed","template":"template_codigos_casinos.php","meta":{"_acf_changed":false,"footnotes":""},"class_list":["post-154198","page","type-page","status-publish","hentry"],"acf":[],"_links":{"self":[{"href":"https:\/\/staging.casinoalto.com\/br\/wp-json\/wp\/v2\/pages\/154198","targetHints":{"allow":["GET"]}}],"collection":[{"href":"https:\/\/staging.casinoalto.com\/br\/wp-json\/wp\/v2\/pages"}],"about":[{"href":"https:\/\/staging.casinoalto.com\/br\/wp-json\/wp\/v2\/types\/page"}],"author":[{"embeddable":true,"href":"https:\/\/staging.casinoalto.com\/br\/wp-json\/wp\/v2\/users\/6"}],"replies":[{"embeddable":true,"href":"https:\/\/staging.casinoalto.com\/br\/wp-json\/wp\/v2\/comments?post=154198"}],"version-history":[{"count":5,"href":"https:\/\/staging.casinoalto.com\/br\/wp-json\/wp\/v2\/pages\/154198\/revisions"}],"predecessor-version":[{"id":10063658,"href":"https:\/\/staging.casinoalto.com\/br\/wp-json\/wp\/v2\/pages\/154198\/revisions\/10063658"}],"wp:attachment":[{"href":"https:\/\/staging.casinoalto.com\/br\/wp-json\/wp\/v2\/media?parent=154198"}],"curies":[{"name":"wp","href":"https:\/\/api.w.org\/{rel}","templated":true}]}}