{"id":154208,"date":"2020-03-18T13:06:29","date_gmt":"2020-03-18T13:06:29","guid":{"rendered":"https:\/\/casinoalto.com\/br\/?page_id=154208"},"modified":"2025-05-20T17:59:09","modified_gmt":"2025-05-20T17:59:09","slug":"codigo-promocional-betsson","status":"publish","type":"page","link":"https:\/\/staging.casinoalto.com\/br\/codigos\/codigo-promocional-betsson\/","title":{"rendered":"C\u00f3digo promocional Betsson"},"content":{"rendered":"<p>Dentro das amplas possibilidades ao escolher um <a href=\"\/br\/casinos-online\/\">cassino online<\/a> para come\u00e7ar a jogar, voc\u00ea deve levar em considera\u00e7\u00e3o muitos aspectos. Desde o cat\u00e1logo de jogos, procurando os que mais nos interessam, atrav\u00e9s de suas op\u00e7\u00f5es de pagamento, at\u00e9 o atendimento ao cliente ou seguran\u00e7a.<\/p>\n<p>Outro motivo para escolher cuidadosamente s\u00e3o as ofertas e promo\u00e7\u00f5es, especialmente na forma de b\u00f4nus de boas-vindas. E neste campo, trazemos a voc\u00ea o espetacular c\u00f3digo promocional da Betsson, que <strong>oferece at\u00e9 600 reais extras para fazer seu primeiro dep\u00f3sito com eles<\/strong>.<\/p>\n<p><em>Passos a seguir para obter a promo\u00e7\u00e3o:<\/em><\/p>\n<ul>\n<li>Inscreva-se na Betsson atrav\u00e9s de nossos links.<\/li>\n<li>Fa\u00e7a um dep\u00f3sito da quantia que preferir.<\/li>\n<li>O b\u00f4nus de 100% da sua renda ser\u00e1 creditado na sua conta.<\/li>\n<\/ul>\n<p>Esta promo\u00e7\u00e3o, exclusiva para novos usu\u00e1rios da <a href=\"\/br\/casinos-online\/betsson\/\">Betsson<\/a>, entrou em vigor a partir de 1 de abril de 2019 sem prazo para terminar. Nosso conselho \u00e9 que, se voc\u00ea pretende se aventurar no mundo dos jogos online, n\u00e3o perca esta boa oportunidade.<\/p>\n<p>A oferta espec\u00edfica da Betsson \u00e9 um <strong>b\u00f4nus de 100% do valor do seu primeiro dep\u00f3sito, at\u00e9 um m\u00e1ximo de R$ 600<\/strong>. Ou seja, coloque 200 reais e receba outros 200 extras apenas por ter feito essa entrada inicial com o c\u00f3digo promocional da Betsson.<\/p>\n<p>Este b\u00f4nus tem uma dura\u00e7\u00e3o de 7 dias. Ap\u00f3s essa data, se voc\u00ea n\u00e3o tiver liberado o dinheiro, os ganhos poss\u00edveis ser\u00e3o cancelados. Para realizar a retirada em dinheiro, o b\u00f4nus tem um rollover (valor m\u00ednimo da aposta) de 35 vezes o valor deste.<\/p>\n<p>Ou seja, se voc\u00ea recebeu, por exemplo, um b\u00f4nus de primeiro dep\u00f3sito de 200 reais, deve jogar um total de 7000 reais no jogo de sua prefer\u00eancia da Betsson, com algumas exce\u00e7\u00f5es. Obviamente, lembre-se de que nem todos contribuem da mesma maneira para cumprir esse requisito.<\/p>\n<p>Para jogar 35 vezes o valor do b\u00f4nus, os slots contribuem 100%, enquanto os jogos de roleta<\/a> e blackjack o fazem em 25%. As variedades Punto e Banca, Blackjack Surrender, Pontoon, Cashback Blackjack e ca\u00e7a-n\u00edqueis com jackpots progressivos est\u00e3o isentas desta promo\u00e7\u00e3o.<\/p>\n<p>Esta promo\u00e7\u00e3o n\u00e3o pode ser usada em conjunto com outras dispon\u00edveis no cassino online; portanto, voc\u00ea deve us\u00e1-la e tornar sua renda lucrativa exclusivamente com ela.<\/p>\n<p>No total, at\u00e9 600 reais. Uma excelente maneira de come\u00e7ar a jogar com o c\u00f3digo promocional da Betsson. Se voc\u00ea tiver alguma d\u00favida, consulte a se\u00e7\u00e3o de termos e condi\u00e7\u00f5es do cassino ou entre em contato com o servi\u00e7o de atendimento ao cliente. Os jogos deste cassino sueco est\u00e3o esperando por voc\u00ea, junto com fichas e pr\u00eamios maravilhosos. Que voc\u00ea est\u00e1 esperando?<\/p>\n<div id=\"gtx-trans\">\n<div class=\"gtx-trans-icon\"><\/div>\n<\/div>\n","protected":false},"excerpt":{"rendered":"<p>Dentro das amplas possibilidades ao escolher um cassino online para come\u00e7ar a jogar, voc\u00ea deve levar em considera\u00e7\u00e3o muitos aspectos. Desde o cat\u00e1logo de jogos, procurando os que mais nos interessam, atrav\u00e9s de suas op\u00e7\u00f5es de pagamento, at\u00e9 o atendimento ao cliente ou seguran\u00e7a. Outro motivo para escolher cuidadosamente s\u00e3o as ofertas e promo\u00e7\u00f5es, especialmente [&hellip;]<\/p>\n","protected":false},"author":22,"featured_media":0,"parent":154198,"menu_order":0,"comment_status":"closed","ping_status":"closed","template":"single_codigo.php","meta":{"_acf_changed":false,"footnotes":""},"class_list":["post-154208","page","type-page","status-publish","hentry"],"acf":[],"_links":{"self":[{"href":"https:\/\/staging.casinoalto.com\/br\/wp-json\/wp\/v2\/pages\/154208","targetHints":{"allow":["GET"]}}],"collection":[{"href":"https:\/\/staging.casinoalto.com\/br\/wp-json\/wp\/v2\/pages"}],"about":[{"href":"https:\/\/staging.casinoalto.com\/br\/wp-json\/wp\/v2\/types\/page"}],"author":[{"embeddable":true,"href":"https:\/\/staging.casinoalto.com\/br\/wp-json\/wp\/v2\/users\/22"}],"replies":[{"embeddable":true,"href":"https:\/\/staging.casinoalto.com\/br\/wp-json\/wp\/v2\/comments?post=154208"}],"version-history":[{"count":5,"href":"https:\/\/staging.casinoalto.com\/br\/wp-json\/wp\/v2\/pages\/154208\/revisions"}],"predecessor-version":[{"id":10063582,"href":"https:\/\/staging.casinoalto.com\/br\/wp-json\/wp\/v2\/pages\/154208\/revisions\/10063582"}],"up":[{"embeddable":true,"href":"https:\/\/staging.casinoalto.com\/br\/wp-json\/wp\/v2\/pages\/154198"}],"wp:attachment":[{"href":"https:\/\/staging.casinoalto.com\/br\/wp-json\/wp\/v2\/media?parent=154208"}],"curies":[{"name":"wp","href":"https:\/\/api.w.org\/{rel}","templated":true}]}}