{"id":154259,"date":"2020-03-24T16:09:55","date_gmt":"2020-03-24T16:09:55","guid":{"rendered":"https:\/\/casinoalto.com\/br\/?page_id=154259"},"modified":"2026-03-23T18:07:11","modified_gmt":"2026-03-23T18:07:11","slug":"esports","status":"publish","type":"page","link":"https:\/\/staging.casinoalto.com\/br\/esports\/","title":{"rendered":"eSports"},"content":{"rendered":"<p>Nesta p\u00e1gina, voc\u00ea encontrar\u00e1 as seguintes informa\u00e7\u00f5es:<\/p>\n<ul>\n<li>Uma lista de p\u00e1ginas de apostas que permitem apostas em eSports no Brasil.<\/li>\n<li>Informa\u00e7\u00f5es sobre os jogos mais populares, dentre os quais CSGO e LOL.<\/li>\n<\/ul>\n<p>Os eSports est\u00e3o cada vez mais presentes em casas de apostas e <a href=\"https:\/\/casinoalto.com\/br\/\" target=\"_blank\" rel=\"noopener\">sites de cassinos do Brasil<\/a>, marcando gera\u00e7\u00e3o e tornando-se rent\u00e1vel para os apostadores, ainda mais quando inclusos em <a href=\"https:\/\/casinoalto.com\/br\/bonos-de-bienvenida\/\" target=\"_blank\" rel=\"noopener\">b\u00f4nus e promo\u00e7\u00f5es especiais para jogadores<\/a>.<\/p>\n<div id=\"ez-toc-container\" class=\"ez-toc-v2_0_82_2 counter-hierarchy ez-toc-counter ez-toc-custom ez-toc-container-direction\">\n<div class=\"ez-toc-title-container\">\n<p class=\"ez-toc-title\" style=\"cursor:inherit\">Tabela de conte\u00fados<\/p>\n<span class=\"ez-toc-title-toggle\"><a href=\"#\" class=\"ez-toc-pull-right ez-toc-btn ez-toc-btn-xs ez-toc-btn-default ez-toc-toggle\" aria-label=\"Alternar tabela de conte\u00fado\"><span class=\"ez-toc-js-icon-con\"><span class=\"\"><span class=\"eztoc-hide\" style=\"display:none;\">Toggle<\/span><span class=\"ez-toc-icon-toggle-span\"><svg style=\"fill: #999;color:#999\" xmlns=\"http:\/\/www.w3.org\/2000\/svg\" class=\"list-377408\" width=\"20px\" height=\"20px\" viewBox=\"0 0 24 24\" fill=\"none\"><path d=\"M6 6H4v2h2V6zm14 0H8v2h12V6zM4 11h2v2H4v-2zm16 0H8v2h12v-2zM4 16h2v2H4v-2zm16 0H8v2h12v-2z\" fill=\"currentColor\"><\/path><\/svg><svg style=\"fill: #999;color:#999\" class=\"arrow-unsorted-368013\" xmlns=\"http:\/\/www.w3.org\/2000\/svg\" width=\"10px\" height=\"10px\" viewBox=\"0 0 24 24\" version=\"1.2\" baseProfile=\"tiny\"><path d=\"M18.2 9.3l-6.2-6.3-6.2 6.3c-.2.2-.3.4-.3.7s.1.5.3.7c.2.2.4.3.7.3h11c.3 0 .5-.1.7-.3.2-.2.3-.5.3-.7s-.1-.5-.3-.7zM5.8 14.7l6.2 6.3 6.2-6.3c.2-.2.3-.5.3-.7s-.1-.5-.3-.7c-.2-.2-.4-.3-.7-.3h-11c-.3 0-.5.1-.7.3-.2.2-.3.5-.3.7s.1.5.3.7z\"\/><\/svg><\/span><\/span><\/span><\/a><\/span><\/div>\n<nav><ul class='ez-toc-list ez-toc-list-level-1 eztoc-toggle-hide-by-default' ><li class='ez-toc-page-1 ez-toc-heading-level-2'><a class=\"ez-toc-link ez-toc-heading-1\" href=\"https:\/\/staging.casinoalto.com\/br\/esports\/#O-que-sao-eSports\" >O que s\u00e3o eSports?<\/a><\/li><li class='ez-toc-page-1 ez-toc-heading-level-2'><a class=\"ez-toc-link ez-toc-heading-2\" href=\"https:\/\/staging.casinoalto.com\/br\/esports\/#Apostas-LOL-%E2%80%93-League-of-Legends\" >Apostas LOL &#8211; League of Legends<\/a><\/li><li class='ez-toc-page-1 ez-toc-heading-level-2'><a class=\"ez-toc-link ez-toc-heading-3\" href=\"https:\/\/staging.casinoalto.com\/br\/esports\/#Apostas-CS-GO-%E2%80%93-Counter-Strike-Global-Offensive\" >Apostas CS:GO &#8211; Counter Strike: Global Offensive<\/a><\/li><li class='ez-toc-page-1 ez-toc-heading-level-2'><a class=\"ez-toc-link ez-toc-heading-4\" href=\"https:\/\/staging.casinoalto.com\/br\/esports\/#Apostas-Overwatch\" >Apostas Overwatch<\/a><\/li><li class='ez-toc-page-1 ez-toc-heading-level-2'><a class=\"ez-toc-link ez-toc-heading-5\" href=\"https:\/\/staging.casinoalto.com\/br\/esports\/#Apostas-Dota-2\" >Apostas Dota 2<\/a><\/li><li class='ez-toc-page-1 ez-toc-heading-level-2'><a class=\"ez-toc-link ez-toc-heading-6\" href=\"https:\/\/staging.casinoalto.com\/br\/esports\/#Apostas-Starcraft-2\" >Apostas Starcraft 2<\/a><\/li><\/ul><\/nav><\/div>\n<h2><span class=\"ez-toc-section\" id=\"O-que-sao-eSports\"><\/span>O que s\u00e3o eSports?<span class=\"ez-toc-section-end\"><\/span><\/h2>\n<p>ESports, ou esportes eletr\u00f4nicos, s\u00e3o <strong>competi\u00e7\u00f5es de videogame que ganharam enorme popularidade nos \u00faltimos anos<\/strong>, com a cria\u00e7\u00e3o de equipes profissionais e o movimento de muitos espectadores e dinheiro ao redor. Existem torneios de eSports mundialmente famosos.<\/p>\n<p><img loading=\"lazy\" decoding=\"async\" class=\"alignnone size-full wp-image-148127\" src=\"\/br\/wp-content\/uploads\/2018\/10\/Torneos-eSports.webp\" alt=\"Torneos eSports\" width=\"800\" height=\"475\" \/><\/p>\n<p>Tanto \u00e9 assim que os <a href=\"https:\/\/casinoalto.com\/br\/casinos-online\/\" target=\"_blank\" rel=\"noopener\">principais cassinos online<\/a> e casas de apostas n\u00e3o foram deixados para tr\u00e1s e inclu\u00edram se\u00e7\u00f5es dedicadas a apostas em eSports no Brasil.<\/p>\n<p>N\u00e3o \u00e9 por acaso que os melhores torneios de eSports j\u00e1 s\u00e3o transmitidos por redes privadas de televis\u00e3o, al\u00e9m do formato online, sendo a Oi a que mais aposta no formato eSports no Brasil.<\/p>\n<p>Os tipos de jogos que geram mais conte\u00fado nos eSports s\u00e3o: a\u00e7\u00e3o em primeira pessoa (atirador), como CS: GO ou Call of Duty, MOBA (arena de batalha online m\u00faltipla), como League of Legends ou Dota 2, e os de estrat\u00e9gias, como Starcraft 2.<\/p>\n<p>Novas tend\u00eancias continuam aparecendo nos \u00faltimos tempos em apostas como o Battle Royale ao estilo Fortnite ou os jogos esportivos no estilo FIFA, PES e NBA, que tamb\u00e9m movimentam grandes massas de f\u00e3s e e grandes torneios j\u00e1 est\u00e3o sendo organizados.<\/p>\n<p>Existem alguns videogames que t\u00eam maior relev\u00e2ncia ao fazer apostas em eSports, oferecendo mercados de cotas muito grandes.<\/p>\n<h2><span class=\"ez-toc-section\" id=\"Apostas-LOL-%E2%80%93-League-of-Legends\"><\/span>Apostas LOL &#8211; League of Legends<span class=\"ez-toc-section-end\"><\/span><\/h2>\n<p><img loading=\"lazy\" decoding=\"async\" class=\"alignnone size-full wp-image-148116\" src=\"\/br\/wp-content\/uploads\/2018\/10\/Apuestas-LOL.webp\" alt=\"Apuestas LOL\" width=\"800\" height=\"475\" \/><\/p>\n<p>\u00c9 provavelmente o mais famoso de todo o mundo, profissionalmente convertido em eSport por quase uma d\u00e9cada. O jogo foi lan\u00e7ado em 2009 e \u00e9 do tipo MOBA, uma arena de batalha multiplayer online.<\/p>\n<p>O jogo se desenvolve com o<strong> combate entre duas equipes inimigas de cinco jogadores cada, com o objetivo primordial destruir a estrutura principal<\/strong>, chamada nexo, na base do rival.<\/p>\n<p>Para isso, cada jogador administra seu pr\u00f3prio campe\u00e3o, cada um com suas pr\u00f3prias caracter\u00edsticas, em uma luta baseada na habilidade, mas tamb\u00e9m com um componente estrat\u00e9gico fundamental.<\/p>\n<p>Existem in\u00fameros<strong> torneios LOL eSports<\/strong>, destacando-se o Campeonato Mundial (Campeonato Mundial de League of Legends). \u00c9 organizado pela Riot Games, trazendo equipes de representantes de diferentes regi\u00f5es geogr\u00e1ficas que se enfrentam, com possibilidades de apostar LOL em todos os confrontos.<\/p>\n<p>Outro aspectos fundamentais s\u00e3o as equipes, compostas por jogadores, t\u00e9cnico e diretor. Nos \u00faltimos tempos, os grandes dominadores dos principais torneios de LOL s\u00e3o os representantes coreanos.<\/p>\n<p>Os milh\u00f5es de f\u00e3s e jogadores deste jogo fazem apostas na LOL na ordem do dia.<\/p>\n<p>Se voc\u00ea quiser apostar em League of Legends (LoL), pode faz\u00ea-lo em <a href=\"https:\/\/casinoalto.com\/br\/casinos-online\/bet365\/\" target=\"_blank\" rel=\"noopener\">bons sites como a Bet365<\/a> para ter seguran\u00e7a na opera\u00e7\u00e3o.<\/p>\n<h2><span class=\"ez-toc-section\" id=\"Apostas-CS-GO-%E2%80%93-Counter-Strike-Global-Offensive\"><\/span>Apostas CS:GO &#8211; Counter Strike: Global Offensive<span class=\"ez-toc-section-end\"><\/span><\/h2>\n<p><img loading=\"lazy\" decoding=\"async\" class=\"alignnone size-full wp-image-148118\" src=\"\/br\/wp-content\/uploads\/2018\/10\/Apuestas-CSGO.webp\" alt=\"Apuestas CSGO\" width=\"800\" height=\"475\" \/><\/p>\n<p>O outro grande jogo de eSports, de um estilo totalmente diferente, \u00e9 o Counter Strike. Lan\u00e7ado em 2012, est\u00e1 entre as primeiras posi\u00e7\u00f5es em receita, entrando firmemente no mundo das apostas.<\/p>\n<p>Este jogo, desenvolvido pela empresa americana Valve, \u00e9 um <strong>jogo de tiro em primeira pessoa realista<\/strong>. Um jogo em que voc\u00ea pode jogar sozinho ou em equipe e a principal miss\u00e3o \u00e9 conseguir mais pontos que o inimigo, geralmente eliminando-o mais vezes.<\/p>\n<p>Entre os principais torneios do CSGO est\u00e3o Eleague Major, Dreamhack, PGL Major e ESL One, todos com a possibilidade de fazer apostas no CSGO online.<\/p>\n<p>Os pr\u00eamios s\u00e3o milion\u00e1rios, e isso leva as equipes a se prepararem ao longo do ano para o evento e a fazer grandes contrata\u00e7\u00f5es de desembolso para levar os melhores jogadores do planeta.<\/p>\n<p>\u00c9 habitual ver as <strong>p\u00e1ginas de apostas do CSGO<\/strong> exclusivamente, dada a grande reputa\u00e7\u00e3o deste jogo.<\/p>\n<h2><span class=\"ez-toc-section\" id=\"Apostas-Overwatch\"><\/span>Apostas Overwatch<span class=\"ez-toc-section-end\"><\/span><\/h2>\n<p><img loading=\"lazy\" decoding=\"async\" class=\"alignnone size-full wp-image-148120\" src=\"\/br\/wp-content\/uploads\/2018\/10\/Apuestas-Overwatch.webp\" alt=\"Apuestas Overwatch\" width=\"800\" height=\"475\" \/><\/p>\n<p>Um dos mais novos a entrar no mundo dos eSports \u00e9 o Overwatch, criado pela Blizzard em 2016 e com uma grande comunidade de jogadores e seguidores.<\/p>\n<p>Como o CSGO, \u00e9 um <strong>jogo de tiro em primeira pessoa, embora desta vez com uma apar\u00eancia mais animada e menos realista<\/strong>. Equipes de seis jogadores se enfrentam em diferentes modos de jogo em um mapa fechado, cada jogador com um papel designado com caracter\u00edsticas espec\u00edficas.<\/p>\n<p>A presen\u00e7a do Overwatch eSports ainda \u00e9 um pouco limitada, com uma grande competi\u00e7\u00e3o profissional como a Copa do Mundo de Overwatch, organizada pela pr\u00f3pria desenvolvedora Blizzard. O atrativo \u00e9 que qualquer jogador de PC pode participar nas fases de qualifica\u00e7\u00e3o, abertas ao p\u00fablico.<\/p>\n<p>V\u00e1rias p\u00e1ginas j\u00e1 oferecem apostas na Overwatch, sendo o principal mercado para escolher o time campe\u00e3o da pr\u00f3xima Copa do Mundo de Overwatch.<\/p>\n<h2><span class=\"ez-toc-section\" id=\"Apostas-Dota-2\"><\/span>Apostas Dota 2<span class=\"ez-toc-section-end\"><\/span><\/h2>\n<p><img loading=\"lazy\" decoding=\"async\" class=\"alignnone size-full wp-image-148121\" src=\"\/br\/wp-content\/uploads\/2018\/10\/Apuestas-Dota-2.webp\" alt=\"Apuestas Dota 2\" width=\"800\" height=\"475\" \/><\/p>\n<p>Assim como o CSGO, o Dota 2 \u00e9 um jogo desenvolvido pela Valve que foi lan\u00e7ado em 2013, sendo do g\u00eanero MOBA.<\/p>\n<p>O desenvolvimento do jogo pode ser considerado semelhante ao LOL, com <strong>duas equipes enfrentando uma \u00e0 outra e devendo destruir a estrutura principal da base inimiga<\/strong>, desta vez chamada ancestral. No entanto, o Dota 2 eSports \u00e9 um jogo com muito mais controle e estrat\u00e9gia, talvez algo mais dif\u00edcil de jogar do que seu principal concorrente do g\u00eanero.<\/p>\n<p>Quanto aos torneios, existem os Minor, menor e maior, onde os maiores pr\u00eamios s\u00e3o distribu\u00eddos. H\u00e1 tamb\u00e9m o International, o principal torneio de Dota 2 organizado pela Valve, com 18 equipes competindo pelo primeiro lugar. As apostas de Dota 2 est\u00e3o centradas nesta competi\u00e7\u00e3o.<\/p>\n<p>As equipes europeias e asi\u00e1ticas s\u00e3o as mais importantes no Dota 2 eSports, dominando os principais torneios do mundo. \u00c9 preciso verificar os <a href=\"https:\/\/casinoalto.com\/br\/metodos-de-pago\/\" target=\"_blank\" rel=\"noopener\">melhores m\u00e9todos para dep\u00f3sito<\/a>, inclusive com chances de conseguir b\u00f4nus especiais.<\/p>\n<h2><span class=\"ez-toc-section\" id=\"Apostas-Starcraft-2\"><\/span>Apostas Starcraft 2<span class=\"ez-toc-section-end\"><\/span><\/h2>\n<p><img loading=\"lazy\" decoding=\"async\" class=\"alignnone size-full wp-image-148122\" src=\"\/br\/wp-content\/uploads\/2018\/10\/Apuestas-Starcraft-2.webp\" alt=\"Apuestas Starcraft 2\" width=\"800\" height=\"475\" \/><\/p>\n<p>Novamente com a Blizzard como criadora e desenvolvedora, agora vem Starcarft 2, um <strong>jogo de estrat\u00e9gia puro, onde duas equipes lutam para vencer o rival<\/strong>. Para fazer isso, eles devem construir uma base e criar uma t\u00e1tica para destruir a de seu rival.<\/p>\n<p>Cada jogador tem uma fun\u00e7\u00e3o marcada dentro do jogo para executar a estrat\u00e9gia vencedora, em competi\u00e7\u00f5es que exigem paci\u00eancia e uma ampla vis\u00e3o geral da situa\u00e7\u00e3o.<\/p>\n<p>Acima de tudo, os jogadores sul-coreanos se destacam no Starcraft 2 eSports, com seu pr\u00f3prio circuito competitivo diferente dos demais. Eles s\u00e3o tremendamente dominantes na Global Starcraft 2 League (GSL) e na Starcraft 2 World Championship Series, as principais competi\u00e7\u00f5es deste jogo e onde o foco das apostas no Starcraft 2 est\u00e1 concentrado.<\/p>\n","protected":false},"excerpt":{"rendered":"<p>Nesta p\u00e1gina, voc\u00ea encontrar\u00e1 as seguintes informa\u00e7\u00f5es: Uma lista de p\u00e1ginas de apostas que permitem apostas em eSports no Brasil. Informa\u00e7\u00f5es sobre os jogos mais populares, dentre os quais CSGO e LOL. Os eSports est\u00e3o cada vez mais presentes em casas de apostas e sites de cassinos do Brasil, marcando gera\u00e7\u00e3o e tornando-se rent\u00e1vel para [&hellip;]<\/p>\n","protected":false},"author":20,"featured_media":0,"parent":0,"menu_order":0,"comment_status":"closed","ping_status":"closed","template":"page-casinos.php","meta":{"_acf_changed":false,"footnotes":""},"class_list":["post-154259","page","type-page","status-publish","hentry"],"acf":[],"_links":{"self":[{"href":"https:\/\/staging.casinoalto.com\/br\/wp-json\/wp\/v2\/pages\/154259","targetHints":{"allow":["GET"]}}],"collection":[{"href":"https:\/\/staging.casinoalto.com\/br\/wp-json\/wp\/v2\/pages"}],"about":[{"href":"https:\/\/staging.casinoalto.com\/br\/wp-json\/wp\/v2\/types\/page"}],"author":[{"embeddable":true,"href":"https:\/\/staging.casinoalto.com\/br\/wp-json\/wp\/v2\/users\/20"}],"replies":[{"embeddable":true,"href":"https:\/\/staging.casinoalto.com\/br\/wp-json\/wp\/v2\/comments?post=154259"}],"version-history":[{"count":3,"href":"https:\/\/staging.casinoalto.com\/br\/wp-json\/wp\/v2\/pages\/154259\/revisions"}],"predecessor-version":[{"id":10063655,"href":"https:\/\/staging.casinoalto.com\/br\/wp-json\/wp\/v2\/pages\/154259\/revisions\/10063655"}],"wp:attachment":[{"href":"https:\/\/staging.casinoalto.com\/br\/wp-json\/wp\/v2\/media?parent=154259"}],"curies":[{"name":"wp","href":"https:\/\/api.w.org\/{rel}","templated":true}]}}