{"id":154923,"date":"2020-07-10T21:50:49","date_gmt":"2020-07-10T21:50:49","guid":{"rendered":"https:\/\/casinoalto.com\/br\/?page_id=154923"},"modified":"2025-05-20T17:33:40","modified_gmt":"2025-05-20T17:33:40","slug":"codigo-promocional-brazino777","status":"publish","type":"page","link":"https:\/\/staging.casinoalto.com\/br\/codigos\/codigo-promocional-brazino777\/","title":{"rendered":"C\u00f3digo Promocional Brazino777"},"content":{"rendered":"<p>O sistema e bonifica\u00e7\u00e3o \u00e9 um dos grandes pontos positivos do <strong><a href=\"\/br\/casinos-online\/brazino777\/\">Brazino777<\/a><\/strong>, cassino operado pela Alpha Games N.V. que promete competir com for\u00e7a com os grandes players do mercado de cassino online no Brasil. Isso porque s\u00e3o algumas condi\u00e7\u00f5es especiais para os novos clientes. O <a href=\"\/br\/bonos-de-bienvenida\/\">b\u00f4nus de boas-vindas<\/a> ap\u00f3s o primeiro dep\u00f3sito \u00e9 de<strong> 100% at\u00e9 R$ 1000<\/strong> , um dos melhores dispon\u00edveis no pa\u00eds.<\/p>\n<p><em>Para participar da promo\u00e7\u00e3o, basta seguir o passo a passo abaixo:<\/em><\/p>\n<ul>\n<li>Acessar o site do Brazino777 atrav\u00e9s dos nossos links<\/li>\n<li>No momento do cadastro, escolher o b\u00f4nus 100% no primeiro dep\u00f3sito<\/li>\n<li>Confirmar seu e-mail ou n\u00famero de celular em que voc\u00ea se cadastrou<\/li>\n<li>Fazer um dep\u00f3sito de <strong>pelo menos R$ 20<\/strong> por algum dos <a href=\"\/br\/metodos-de-pago\/\">m\u00e9todos<\/a> e aguardar a credita\u00e7\u00e3o na conta<\/li>\n<\/ul>\n<p>Funciona da seguinte forma: se voc\u00ea depositar, por exemplo, R$ 200, ter\u00e1 um total de R$ 400 para apostar nos jogos de cassino<\/a> dispon\u00edveis no Brazino777, que conta com uma ampla variedade em slot machines e jogos de mesa como blackjack<\/a> e roleta<\/a>.<\/p>\n<p>O rollover do b\u00f4nus de 100% no 1\u00ba dep\u00f3sito \u00e9 de <strong>30x em jogos de cassino<\/strong>. Isso significa que o jogador deve fazer apostas por um valor total superior a 30 vezes o valor do b\u00f4nus (o que \u00e9 um pouco elevado considerando a m\u00e9dia do mercado).<\/p>\n<p>Usando novamente o exemplo anterior (ou seja, R$ 200 de b\u00f4nus), o jogador precisaria apostar o equivalente a R$ 6.000. Depois disso, o valor do b\u00f4nus estar\u00e1 dispon\u00edvel para ser retirado pelo usu\u00e1rio para a conta real.<\/p>\n<p>As seguintes categorias de jogos n\u00e3o s\u00e3o levadas em conta ao rollover do b\u00f4nus: dealers ao vivo, esporte virtual. J\u00e1 as apostas nas seguintes categorias s\u00e3o consideradas como 5% do rollover: roleta, v\u00eddeo poker, jogos de cartas, craps, arcade, blackjack e baccarat.<\/p>\n<p>Mas essa n\u00e3o \u00e9 a \u00fanica op\u00e7\u00e3o de b\u00f4nus para os novos usu\u00e1rios. Ap\u00f3s o registro, os novos clientes podem ganhar <strong>at\u00e9 R$ 77<\/strong> sem realizar qualquer dep\u00f3sito. Funciona da seguinte maneira:<\/p>\n<ul>\n<li>Primeiro, o usu\u00e1rio realiza o cadastro no Brazino777 com n\u00famero de celular ou e-mail;<\/li>\n<li>Em seguida, dever\u00e1 confirmar o n\u00famero ou e-mail, o que j\u00e1 disponibiliza um sorteio de b\u00f4nus<\/li>\n<li>Neste sorteio, s\u00e3o tr\u00eas cartas dispon\u00edves, da qual o usu\u00e1rio dever\u00e1 escolher uma. As cartas podem ser de <strong>R$ 0, R$ 7 ou R$ 77.<\/strong><\/li>\n<li>Ap\u00f3s a escolha da carta e apresenta\u00e7\u00e3o do valor, o b\u00f4nus cai automaticamente na conta.<\/li>\n<\/ul>\n<p>Quando o jogador ganha mais de R$7.777 jogando b\u00f4nus sem dep\u00f3sito, ele ganha o direito de sacar at\u00e9 R$ 800 desse b\u00f4nus, sendo permitido apenas R$200 por semana. Para sacar os fundos durante 4 semanas, \u00e9 necess\u00e1rio cumprir duas condi\u00e7\u00f5es: fazer pelo menos um dep\u00f3sito n\u00e3o inferior a R$ 100 e fazer apostas pelo valor total de pelo menos R$100 semanalmente. No entanto, essa promo\u00e7\u00e3o n\u00e3o est\u00e1 dispon\u00edvel em todos os jogos, contando com uma lista limitada.<\/p>\n<p>Al\u00e9m disso, o Brazino777 oferece 40 rodadas gr\u00e1tis ap\u00f3s o primeiro dep\u00f3sito de R$ 20, que podem ser utilizados no jogo Fire Lightning. O rollover das rodadas gr\u00e1tis \u00e9 de 40 vezes em jogos de cassino, o que significa que o jogador deve fazer apostas em jogos de cassino por um valor total superior a 40 vezes o valor dos ganhos das rodadas gr\u00e1tis. Depois disso, o valor dos ganhos estar\u00e1 dispon\u00edvel para ser retirado. Tamb\u00e9m est\u00e3o dispon\u00edveis <strong>cashbacks semanais<\/strong> e um <strong>b\u00f4nus especial de anivers\u00e1rio<\/strong>, o que faz do Brazino777 uma \u00f3tima op\u00e7\u00e3o para quem busca b\u00f4nus e promo\u00e7\u00f5es.<\/p>\n","protected":false},"excerpt":{"rendered":"<p>O sistema e bonifica\u00e7\u00e3o \u00e9 um dos grandes pontos positivos do Brazino777, cassino operado pela Alpha Games N.V. que promete competir com for\u00e7a com os grandes players do mercado de cassino online no Brasil. Isso porque s\u00e3o algumas condi\u00e7\u00f5es especiais para os novos clientes. O b\u00f4nus de boas-vindas ap\u00f3s o primeiro dep\u00f3sito \u00e9 de 100% [&hellip;]<\/p>\n","protected":false},"author":14,"featured_media":0,"parent":154198,"menu_order":0,"comment_status":"closed","ping_status":"closed","template":"single_codigo.php","meta":{"_acf_changed":false,"footnotes":""},"class_list":["post-154923","page","type-page","status-publish","hentry"],"acf":[],"_links":{"self":[{"href":"https:\/\/staging.casinoalto.com\/br\/wp-json\/wp\/v2\/pages\/154923","targetHints":{"allow":["GET"]}}],"collection":[{"href":"https:\/\/staging.casinoalto.com\/br\/wp-json\/wp\/v2\/pages"}],"about":[{"href":"https:\/\/staging.casinoalto.com\/br\/wp-json\/wp\/v2\/types\/page"}],"author":[{"embeddable":true,"href":"https:\/\/staging.casinoalto.com\/br\/wp-json\/wp\/v2\/users\/14"}],"replies":[{"embeddable":true,"href":"https:\/\/staging.casinoalto.com\/br\/wp-json\/wp\/v2\/comments?post=154923"}],"version-history":[{"count":3,"href":"https:\/\/staging.casinoalto.com\/br\/wp-json\/wp\/v2\/pages\/154923\/revisions"}],"predecessor-version":[{"id":10063540,"href":"https:\/\/staging.casinoalto.com\/br\/wp-json\/wp\/v2\/pages\/154923\/revisions\/10063540"}],"up":[{"embeddable":true,"href":"https:\/\/staging.casinoalto.com\/br\/wp-json\/wp\/v2\/pages\/154198"}],"wp:attachment":[{"href":"https:\/\/staging.casinoalto.com\/br\/wp-json\/wp\/v2\/media?parent=154923"}],"curies":[{"name":"wp","href":"https:\/\/api.w.org\/{rel}","templated":true}]}}