{"id":154959,"date":"2020-08-04T12:07:36","date_gmt":"2020-08-04T12:07:36","guid":{"rendered":"https:\/\/casinoalto.com\/br\/?page_id=154959"},"modified":"2025-12-11T16:04:20","modified_gmt":"2025-12-11T16:04:20","slug":"codigo-promocional-bet365-cassino","status":"publish","type":"page","link":"https:\/\/staging.casinoalto.com\/br\/codigos\/codigo-promocional-bet365-cassino\/","title":{"rendered":"C\u00f3digo Promocional Bet365 Casino"},"content":{"rendered":"<p><span style=\"font-weight: 400\">O <a href=\"\/br\/casinos-online\/bet365\/\">Bet365<\/a> \u00e9 uma das casas de apostas online mais conhecidas no Brasil. E grande parte de seu sucesso vem da variedade oferecida de jogos, torneios e <\/span><a href=\"\/br\/bonos-de-bienvenida\/\"><span style=\"font-weight: 400\">cassino online<\/span><\/a><span style=\"font-weight: 400\">. A empresa <strong>Bet365 Group Ltd<\/strong> \u00e9 sediada no reino Unido e conta com mais de dezenove milh\u00f5es de clientes em 200 pa\u00edses. Criada em 2001 em Stoke-on-Trent na Inglaterra, conseguiu enorme sucesso durante a d\u00e9cada e se tornou uma das l\u00edderes no mundo.<\/span><\/p>\n<p><span style=\"font-weight: 400\">Al\u00e9m das apostas esportivas, a empresa que tem mais de tr\u00eas mil empregados em sua sede conta com <\/span><span style=\"font-weight: 400\">poker<\/span><span style=\"font-weight: 400\">, bingo e outros jogos e apostas ao vivo. Uma das implementa\u00e7\u00f5es mais recentes \u00e9 o produto In Play, que amplia as possibilidades de aposta e vem chamando a aten\u00e7\u00e3o, j\u00e1 que os clientes podem apostar enquanto os eventos est\u00e3o acontecendo.\u00a0<\/span><\/p>\n<p><span style=\"font-weight: 400\">Al\u00e9m disso, h\u00e1 milhares de torneios e eventos sendo transmitidos continuadamente, o que garante um enorme fluxo de visitantes no site. Outros recursos que chamam a aten\u00e7\u00e3o \u00e9 o <strong>\u201cCash out\u201d<\/strong> e <strong>\u201cCriar sua Aposta\u201d<\/strong>.\u00a0 Al\u00e9m do site, o Bet365 tamb\u00e9m pode ser facilmente acessado atrav\u00e9s de um smartphone ou tablet.<\/span><\/p>\n<p><span style=\"font-weight: 400\">O Bet365 tamb\u00e9m oferece um programa de afiliados que permite aos clientes ganhar comiss\u00f5es e \u00e9 reconhecido como o melhor programa do mundo. Os clientes contam com v\u00e1rios <\/span><a href=\"\/br\/metodos-de-pago\/\"><span style=\"font-weight: 400\">m\u00e9todos de pagamento<\/span><\/a><span style=\"font-weight: 400\">, que podem ser atrav\u00e9s de <a href=\"\/br\/metodos-de-pago\/boleto-bancario\/\">boleto banc\u00e1rio<\/a>, <a href=\"\/br\/metodos-de-pago\/astropay\/\">Astropay<\/a>, <a href=\"\/br\/metodos-de-pago\/transferencia-bancaria\/\">transfer\u00eancia banc\u00e1ria<\/a> e\u00a0<a href=\"\/br\/metodos-de-pago\/tarjetas\/\">Cart\u00f5es de cr\u00e9dito<\/a> (Visa ou MasterCard)\u00a0<\/span><\/p>\n<p><span style=\"font-weight: 400\">Para usufruir dos benef\u00edcios, voc\u00ea pode come\u00e7ar obtendo um <\/span><a href=\"\/br\/bonos-de-bienvenida\/\"><span style=\"font-weight: 400\">b\u00f4nus de boas-vindas<\/span><\/a><span style=\"font-weight: 400\"> no valor de <strong>100% (at\u00e9 R$ 500)<\/strong> de seu valor em cr\u00e9ditos de apostas. Para isso \u00e9 necess\u00e1rio fazer um dep\u00f3sito m\u00ednimo de R$ 50. Para deix\u00e1-lo ativo \u00e9 necess\u00e1rio selecionar a oferta de novo jogador para receber o b\u00f4nus.<\/span><\/p>\n<p><span style=\"font-weight: 400\">Esses s\u00e3o os passos necess\u00e1rios para conseguir o b\u00f4nus de boas-vindas da Bet365:<\/span><\/p>\n<ul>\n<li><span style=\"font-weight: 400\">Entre no Bet365 atrav\u00e9s do <\/span><span style=\"font-weight: 400\">nosso link<\/span><span style=\"font-weight: 400\">.<\/span><\/li>\n<li><span style=\"font-weight: 400\">Abra uma conta e inscreva-se no site.<\/span><\/li>\n<li>Deposite ou transfira R$50 ou mais e selecione o C\u00f3digo de Oferta <b>100BONUS<\/b><\/li>\n<li>Abra qualquer jogo e aceite o seu <b>B\u00f4nus de Novo Jogador.<\/b><\/li>\n<li><span style=\"font-weight: 400\">Comece a jogar em qualquer um dos servi\u00e7os oferecidos pelo Bet365.<\/span><\/li>\n<\/ul>\n<p><span style=\"font-weight: 400\">Para receber o b\u00f4nus \u00e9 necess\u00e1rio realizar um dep\u00f3sito de R$ 50 ou mais e ativar a oferta no prazo de 30 dias para receber o valor total de R$ 500. Depois de ativados os cr\u00e9ditos ser\u00e3o mantidos em sua conta, mas n\u00e3o ser\u00e1 poss\u00edvel sac\u00e1-los. E para liberar os cr\u00e9ditos, o cliente dever\u00e1 realizar apostas qualificativas com <strong>rollover de 30x<\/strong> em jogos eleg\u00edveis.<\/span><\/p>\n<p><span style=\"font-weight: 400\">Vamos dar um exemplo: se voc\u00ea depositar R$ 200, ter\u00e1 mais R$ 200 para jogar como b\u00f4nus, totalizando R$ 400. Por\u00e9m, s\u00f3 poder\u00e1 retirar os ganhos ap\u00f3s apostar o equivalente a R$ 12.000 (rollover de 30x)<\/span><\/p>\n<p><span style=\"font-weight: 400\">Essas ofertas s\u00e3o v\u00e1lidas <strong>apenas para novos clientes<\/strong>, e podem ser utilizadas somente uma vez, no prazo de <strong>30 dias<\/strong>. Isso tamb\u00e9m leva em considera\u00e7\u00e3o o mesmo endere\u00e7o de email, resid\u00eancia, fam\u00edlia e cart\u00e3o de cr\u00e9dito, al\u00e9m de ambiente com computa\u00e7\u00e3o compartilhada.\u00a0<\/span><\/p>\n<p><span style=\"font-weight: 400\">Dentre as regras, est\u00e1 o fato de que alguns jogos n\u00e3o contribuem integralmente para o cumprimento do rollover (fique atento \u00e0s condi\u00e7\u00f5es do b\u00f4nus no site da Bet365 para saber exatamente a porcentagem de contribui\u00e7\u00e3o de cada jogo). Al\u00e9m disso, o jogador deve ficar atento, pois os cr\u00e9ditos de apostas n\u00e3o poder\u00e3o ser usados em determinados produtos ou ofertas e ser\u00e3o removidos da conta se essa ficar inativa por 90 dias consecutivos.<\/span><\/p>\n<p>Se tiver d\u00favidas sobre esta oferta, consulte mais informa\u00e7\u00f5es em <em>help.bet365.com.<\/em><\/p>\n<p><span style=\"font-weight: 400\">O Bet365 mant\u00e9m um servi\u00e7o de qualidade e para isso oferece uma seguran\u00e7a nas apostas. E para isso n\u00e3o tolera atividades que venham a fraudar o sistema. Com isso, caso alguma pessoa tente burlar qualquer regra ou aja de maneira suspeita, ter\u00e1 sua conta sumariamente cancelada.<\/span><\/p>\n<p><span style=\"font-weight: 400\">N\u00e3o perca a oportunidade de se registrar e conseguir o b\u00f4nus promocional de boas vindas da Bet365 conosco. <\/span><\/p>\n<div id=\"gtx-trans\">\n<div class=\"gtx-trans-icon\"><\/div>\n<\/div>\n","protected":false},"excerpt":{"rendered":"<p>O Bet365 \u00e9 uma das casas de apostas online mais conhecidas no Brasil. E grande parte de seu sucesso vem da variedade oferecida de jogos, torneios e cassino online. A empresa Bet365 Group Ltd \u00e9 sediada no reino Unido e conta com mais de dezenove milh\u00f5es de clientes em 200 pa\u00edses. Criada em 2001 em [&hellip;]<\/p>\n","protected":false},"author":22,"featured_media":0,"parent":154198,"menu_order":0,"comment_status":"closed","ping_status":"closed","template":"single_codigo.php","meta":{"_acf_changed":false,"footnotes":""},"class_list":["post-154959","page","type-page","status-publish","hentry"],"acf":[],"_links":{"self":[{"href":"https:\/\/staging.casinoalto.com\/br\/wp-json\/wp\/v2\/pages\/154959","targetHints":{"allow":["GET"]}}],"collection":[{"href":"https:\/\/staging.casinoalto.com\/br\/wp-json\/wp\/v2\/pages"}],"about":[{"href":"https:\/\/staging.casinoalto.com\/br\/wp-json\/wp\/v2\/types\/page"}],"author":[{"embeddable":true,"href":"https:\/\/staging.casinoalto.com\/br\/wp-json\/wp\/v2\/users\/22"}],"replies":[{"embeddable":true,"href":"https:\/\/staging.casinoalto.com\/br\/wp-json\/wp\/v2\/comments?post=154959"}],"version-history":[{"count":11,"href":"https:\/\/staging.casinoalto.com\/br\/wp-json\/wp\/v2\/pages\/154959\/revisions"}],"predecessor-version":[{"id":10063853,"href":"https:\/\/staging.casinoalto.com\/br\/wp-json\/wp\/v2\/pages\/154959\/revisions\/10063853"}],"up":[{"embeddable":true,"href":"https:\/\/staging.casinoalto.com\/br\/wp-json\/wp\/v2\/pages\/154198"}],"wp:attachment":[{"href":"https:\/\/staging.casinoalto.com\/br\/wp-json\/wp\/v2\/media?parent=154959"}],"curies":[{"name":"wp","href":"https:\/\/api.w.org\/{rel}","templated":true}]}}